{"id":13384,"date":"2024-11-22T19:03:13","date_gmt":"2024-11-22T11:03:13","guid":{"rendered":"https:\/\/shop.yipinqian.com\/new-arrival-sg-local-seller-small-but-good-quality-yellow-natural-type-a-jadeite-jade-crafted-as-milo-buddha-pendant-certificate-weighs-8-52-grams-measurement-22-6-21-4-12-8-mm-pendant346\/"},"modified":"2025-02-24T00:49:48","modified_gmt":"2025-02-23T16:49:48","slug":"new-arrival-sg-local-seller-small-but-good-quality-yellow-natural-type-a-jadeite-jade-crafted-as-milo-buddha-pendant-certificate-weighs-8-52-grams-measurement-22-6-21-4-12-8-mm-pendant346","status":"publish","type":"product","link":"https:\/\/shop.yipinqian.com\/vi\/san-pham\/new-arrival-sg-local-seller-small-but-good-quality-yellow-natural-type-a-jadeite-jade-crafted-as-milo-buddha-pendant-certificate-weighs-8-52-grams-measurement-22-6-21-4-12-8-mm-pendant346\/","title":{"rendered":"H\u00e0ng m\u1edbi v\u1ec1 SG Ng\u01b0\u1eddi b\u00e1n \u0111\u1ecba ph\u01b0\u01a1ng Nh\u1ecf nh\u01b0ng ch\u1ea5t l\u01b0\u1ee3ng t\u1ed1t Ng\u1ecdc b\u00edch v\u00e0ng t\u1ef1 nhi\u00ean lo\u1ea1i A \u0111\u01b0\u1ee3c ch\u1ebf t\u00e1c th\u00e0nh m\u1eb7t d\u00e2y chuy\u1ec1n Ph\u1eadt Milo c\u00f3 tr\u1ecdng l\u01b0\u1ee3ng 8,52 gram, k\u00edch th\u01b0\u1edbc 22,6 * 21,4 * 12,8 mm (m\u1eb7t d\u00e2y chuy\u1ec1n346)"},"content":{"rendered":"<p>Gi\u1edbi thi\u1ec7u M\u1eb7t d\u00e2y chuy\u1ec1n Ph\u1eadt Ng\u1ecdc Jadeite t\u1ef1 nhi\u00ean lo\u1ea1i A m\u00e0u v\u00e0ng tinh x\u1ea3o \u0111\u01b0\u1ee3c ch\u1ebf t\u00e1c t\u1ec9 m\u1ec9 b\u1edfi m\u1ed9t ng\u01b0\u1eddi b\u00e1n \u0111\u1ecba ph\u01b0\u01a1ng t\u1ea1i Singapore.<\/p>\n<p>&nbsp;<\/p>\n<p>Nh\u1ecf nh\u01b0ng ch\u1ea5t l\u01b0\u1ee3ng t\u1ed1t \u2013 Ph\u1ea3n chi\u1ebfu h\u00ecnh \u1ea3nh \u0111\u1eb9p tr\u00ean b\u1ee5ng<\/p>\n<p>&nbsp;<\/p>\n<p>S\u1ed1 ch\u1ee9ng ch\u1ec9: GD2110H021238<\/p>\n<p><img fetchpriority=\"high\" decoding=\"async\" class=\"alignnone\" src=\"https:\/\/shop.yipinqian.com\/wp-content\/uploads\/2024\/11\/510224eba54e415ba64cadaf2a9208d6tplv-aphluv4xwc-origin-jpeg.jpeg?dr=15568&amp;nonce=85605&amp;refresh_token=084859c75504616153f9ed9192873e2f&amp;from=476444299&amp;idc=my2&amp;ps=933b5bde&amp;shcp=9b759fb9&amp;shp=1c65f68b&amp;t=555f072d\" alt=\"#Sold - New Arrival SG Local Seller Small but Good Quality Yellow Natural Type A Jadeite Jade crafted as Milo Buddha Pendant\" width=\"1080\" height=\"1080\" \/><\/p>\n<ul>\n<li><strong>Ch\u1ea5t l\u01b0\u1ee3ng cao:<\/strong> \u0110\u01b0\u1ee3c l\u00e0m t\u1eeb lo\u1ea1i ng\u1ecdc b\u00edch nh\u1ecf nh\u01b0ng ch\u1ea5t l\u01b0\u1ee3ng t\u1ed1t, m\u1eb7t d\u00e2y chuy\u1ec1n n\u00e0y to\u00e1t l\u00ean v\u1ebb thanh l\u1ecbch v\u00e0 quy\u1ebfn r\u0169.<\/li>\n<li><strong>Gi\u1ea5y ch\u1ee9ng nh\u1eadn bao g\u1ed3m:<\/strong> M\u1eb7t d\u00e2y chuy\u1ec1n n\u00e0y c\u00f3 k\u00e8m theo gi\u1ea5y ch\u1ee9ng nh\u1eadn x\u00e1c th\u1ef1c v\u00e0 \u0111\u1ea3m b\u1ea3o an to\u00e0n.<\/li>\n<li><strong>\u0110o l\u01b0\u1eddng ch\u00ednh x\u00e1c:<\/strong> V\u1edbi tr\u1ecdng l\u01b0\u1ee3ng 8,52 gram v\u00e0 k\u00edch th\u01b0\u1edbc 22,6 * 21,4 * 12,8 mm, m\u1eb7t d\u00e2y chuy\u1ec1n n\u00e0y l\u00e0 ph\u1ee5 ki\u1ec7n ho\u00e0n h\u1ea3o \u0111\u1ec3 \u0111eo h\u00e0ng ng\u00e0y.<\/li>\n<\/ul>\n<p><img decoding=\"async\" src=\"https:\/\/shop.yipinqian.com\/wp-content\/uploads\/2024\/11\/8b6244e3b0874ae8bd428f61e14b459btplv-aphluv4xwc-origin-jpeg.jpeg?dr=15568&amp;nonce=86579&amp;refresh_token=f5685d6dcaf46d79473e3eda6d42840a&amp;from=476444299&amp;idc=my2&amp;ps=933b5bde&amp;shcp=9b759fb9&amp;shp=1c65f68b&amp;t=555f072d\" width=\"1200\" height=\"1600\" \/><\/p>\n<p>C\u00f3 ngu\u1ed3n g\u1ed1c t\u1eeb Myanmar, m\u1eb7t d\u00e2y chuy\u1ec1n ng\u1ecdc b\u00edch lo\u1ea1i A n\u00e0y ph\u00f9 h\u1ee3p v\u1edbi c\u1ea3 nam v\u00e0 n\u1eef, nh\u1eefng ng\u01b0\u1eddi \u0111\u00e1nh gi\u00e1 cao s\u1ef1 kh\u00e9o l\u00e9o tinh x\u1ea3o trong c\u00e1c m\u00f3n \u0111\u1ed3 trang s\u1ee9c c\u1ee7a h\u1ecd.<\/p>\n<ul>\n<li><strong>Nh\u00e2n d\u1ecbp:<\/strong> Ho\u00e0n h\u1ea3o cho trang ph\u1ee5c h\u00e0ng ng\u00e0y ho\u1eb7c nh\u1eefng d\u1ecbp b\u00ecnh th\u01b0\u1eddng, m\u1eb7t d\u00e2y chuy\u1ec1n ki\u1ec3u v\u00f2ng c\u1ed5 n\u00e0y mang \u0111\u1ebfn n\u00e9t tinh t\u1ebf cho m\u1ecdi trang ph\u1ee5c.<\/li>\n<\/ul>","protected":false},"excerpt":{"rendered":"<p>#Sold &#8211; New Arrival SG Local Seller Small but Good Quality Yellow Natural Type A Jadeite Jade crafted as Milo Buddha Pendant &#8211; This laughing milo buddha is a Myanmar High quality yellow with reddish color jadeite jade, it might be small but it is good and will be a very lasting piece that can even pass down to next generation. It is a good buy.<\/p>","protected":false},"featured_media":13629,"comment_status":"open","ping_status":"closed","template":"","meta":[],"product_brand":[],"product_cat":[194],"product_tag":[52,65,55,56,57,58,73,60,61,68,62],"class_list":{"0":"post-13384","1":"product","2":"type-product","3":"status-publish","4":"has-post-thumbnail","6":"product_cat-value-picks","7":"product_tag-certified","8":"product_tag-high-quality","9":"product_tag-jadeite","10":"product_tag-limited-editions","11":"product_tag-milo-buddha","12":"product_tag-new-arrivals","13":"product_tag-pendant","14":"product_tag-type-a-jadeite","15":"product_tag-unisex","16":"product_tag-yellow","17":"product_tag-yi-pin-qian-exclusive","19":"first","20":"outofstock","21":"sale","22":"shipping-taxable","23":"purchasable","24":"product-type-simple"},"_links":{"self":[{"href":"https:\/\/shop.yipinqian.com\/vi\/wp-json\/wp\/v2\/product\/13384","targetHints":{"allow":["GET"]}}],"collection":[{"href":"https:\/\/shop.yipinqian.com\/vi\/wp-json\/wp\/v2\/product"}],"about":[{"href":"https:\/\/shop.yipinqian.com\/vi\/wp-json\/wp\/v2\/types\/product"}],"replies":[{"embeddable":true,"href":"https:\/\/shop.yipinqian.com\/vi\/wp-json\/wp\/v2\/comments?post=13384"}],"version-history":[{"count":0,"href":"https:\/\/shop.yipinqian.com\/vi\/wp-json\/wp\/v2\/product\/13384\/revisions"}],"wp:featuredmedia":[{"embeddable":true,"href":"https:\/\/shop.yipinqian.com\/vi\/wp-json\/wp\/v2\/media\/13629"}],"wp:attachment":[{"href":"https:\/\/shop.yipinqian.com\/vi\/wp-json\/wp\/v2\/media?parent=13384"}],"wp:term":[{"taxonomy":"product_brand","embeddable":true,"href":"https:\/\/shop.yipinqian.com\/vi\/wp-json\/wp\/v2\/product_brand?post=13384"},{"taxonomy":"product_cat","embeddable":true,"href":"https:\/\/shop.yipinqian.com\/vi\/wp-json\/wp\/v2\/product_cat?post=13384"},{"taxonomy":"product_tag","embeddable":true,"href":"https:\/\/shop.yipinqian.com\/vi\/wp-json\/wp\/v2\/product_tag?post=13384"}],"curies":[{"name":"wp","href":"https:\/\/api.w.org\/{rel}","templated":true}]}}