{"id":1338,"date":"2024-10-24T23:18:30","date_gmt":"2024-10-24T15:18:30","guid":{"rendered":"https:\/\/shop.yipinqian.com\/product\/diamond-knot-rope-hand-knotted-rope-13-8-14-2-and-14-6-14-2-jadeite-lu-lu-tong-beads-no-certificate-selling-in-a-pair-bracelet12\/"},"modified":"2025-02-17T00:01:34","modified_gmt":"2025-02-16T16:01:34","slug":"diamond-knot-rope-hand-knotted-rope-13-8-14-2-and-14-6-14-2-jadeite-lu-lu-tong-beads-no-certificate-selling-in-a-pair-bracelet12","status":"publish","type":"product","link":"https:\/\/shop.yipinqian.com\/vi\/san-pham\/diamond-knot-rope-hand-knotted-rope-13-8-14-2-and-14-6-14-2-jadeite-lu-lu-tong-beads-no-certificate-selling-in-a-pair-bracelet12\/","title":{"rendered":"D\u00e2y th\u1eaft n\u00fat kim c\u01b0\u01a1ng, d\u00e2y th\u1eaft n\u00fat th\u1ee7 c\u00f4ng, h\u1ea1t ng\u1ecdc b\u00edch Lu Lu Tong 13,8 * 14,2 v\u00e0 14,6 * 14,2 (Kh\u00f4ng c\u00f3 gi\u1ea5y ch\u1ee9ng nh\u1eadn), b\u00e1n theo c\u1eb7p (v\u00f2ng tay12)"},"content":{"rendered":"<p>C\u1eb7p v\u00f2ng tay d\u00e2y th\u1eaft n\u00fat kim c\u01b0\u01a1ng t\u1ef1 l\u00e0m n\u00e0y c\u00f3 h\u1ea1t ng\u1ecdc b\u00edch 13,8 * 14,2 v\u00e0 14,6 * 14,2 th\u1eaft n\u00fat th\u1ee7 c\u00f4ng (Kh\u00f4ng c\u00f3 gi\u1ea5y ch\u1ee9ng nh\u1eadn) l\u00e0 s\u1ef1 b\u1ed5 sung \u0111\u1ed9c \u0111\u00e1o cho b\u1ea5t k\u1ef3 b\u1ed9 s\u01b0u t\u1eadp trang s\u1ee9c n\u00e0o.<\/p>\n<ul>\n<li>\n<strong>Thi\u1ebft k\u1ebf th\u1eddi trang:<\/strong> Thi\u1ebft k\u1ebf d\u00e2y th\u1eaft n\u00fat kim c\u01b0\u01a1ng mang \u0111\u1ebfn n\u00e9t thanh l\u1ecbch cho b\u1ea5t k\u1ef3 trang ph\u1ee5c n\u00e0o, trong khi h\u1ea1t ng\u1ecdc b\u00edch mang \u0111\u1ebfn v\u1ebb \u0111\u1eb9p t\u1ef1 nhi\u00ean, g\u1ea7n g\u0169i.<\/li>\n<li>\n<strong>B\u1ec1n v\u00e0 l\u00e2u d\u00e0i:<\/strong> C\u1ea5u tr\u00fac d\u00e2y th\u1eebng th\u1eaft b\u1eb1ng tay \u0111\u1ea3m b\u1ea3o chi\u1ebfc v\u00f2ng tay c\u00f3 th\u1ec3 b\u1ec1n l\u00e2u khi \u0111eo h\u00e0ng ng\u00e0y.<\/li>\n<\/ul>\n<p>Lo\u1ea1i v\u00f2ng tay ph\u00f9 h\u1ee3p cho c\u1ea3 nam v\u00e0 n\u1eef n\u00e0y l\u00e0 m\u00f3n qu\u00e0 l\u00fd t\u01b0\u1edfng cho b\u1ea5t k\u1ef3 ai y\u00eau th\u00edch v\u1ebb \u0111\u1eb9p c\u1ee7a \u0111\u00e1 t\u1ef1 nhi\u00ean v\u00e0 \u0111\u1ed3 trang s\u1ee9c th\u1ee7 c\u00f4ng.<\/p>\n<ul>\n<li>\n<strong>Ngu\u1ed3n g\u1ed1c Myanmar ban \u0111\u1ea7u:<\/strong> S\u1ea3n ph\u1ea9m n\u00e0y c\u00f3 ngu\u1ed3n g\u1ed1c xu\u1ea5t x\u1ee9 t\u1eeb Myanmar, t\u0103ng th\u00eam gi\u00e1 tr\u1ecb cho thi\u1ebft k\u1ebf \u0111\u1ed9c \u0111\u00e1o c\u1ee7a n\u00f3.<\/li>\n<li>\n<strong>Th\u00edch h\u1ee3p \u0111\u1ec3 m\u1eb7c h\u00e0ng ng\u00e0y:<\/strong> Ho\u00e0n to\u00e0n ph\u00f9 h\u1ee3p \u0111\u1ec3 \u0111eo h\u00e0ng ng\u00e0y ho\u1eb7c th\u1eadm ch\u00ed l\u00e0 nh\u1eefng d\u1ecbp \u0111\u1eb7c bi\u1ec7t nh\u01b0 \u0111\u00e1m c\u01b0\u1edbi ho\u1eb7c ti\u1ec7c t\u00f9ng, c\u1eb7p v\u00f2ng tay d\u00e2y kim c\u01b0\u01a1ng t\u1ef1 l\u00e0m n\u00e0y c\u00f3 th\u1ec3 d\u1ec5 d\u00e0ng k\u1ebft h\u1ee3p v\u1edbi nhi\u1ec1u trang ph\u1ee5c kh\u00e1c nhau!<\/li>\n<\/ul>\n<p>Xin l\u01b0u \u00fd r\u1eb1ng s\u1ea3n ph\u1ea9m n\u00e0y kh\u00f4ng c\u00f3 gi\u1ea5y ch\u1ee9ng nh\u1eadn nh\u01b0ng ch\u1ea5t l\u01b0\u1ee3ng th\u1ee7 c\u00f4ng c\u1ee7a n\u00f3 n\u00f3i l\u00ean t\u00ednh x\u00e1c th\u1ef1c c\u1ee7a n\u00f3!<\/p>\n<ul>\n<li><em>Lo\u1ea1i b\u1ea3o h\u00e0nh c\u1ee7a s\u1ea3n ph\u1ea9m n\u00e0y l\u00e0 Kh\u00f4ng<\/em><\/li>\n<\/ul>\n<p><em>L\u01b0u \u00fd: Gi\u1ecf h\u00e0ng n\u00e0y d\u00e0nh cho m\u1ed9t c\u1eb7p v\u00f2ng tay<\/em><\/p>\n<p>.<\/p>","protected":false},"excerpt":{"rendered":"<p>C\u1eb7p v\u00f2ng tay d\u00e2y th\u1eaft n\u00fat kim c\u01b0\u01a1ng t\u1ef1 l\u00e0m n\u00e0y c\u00f3 h\u1ea1t ng\u1ecdc b\u00edch 13,8 * 14,2 v\u00e0 14,6 * 14,2 \u0111\u01b0\u1ee3c th\u1eaft b\u1eb1ng tay (Kh\u00f4ng c\u00f3 gi\u1ea5y ch\u1ee9ng nh\u1eadn) l\u00e0 m\u1ed9t s\u1ef1 b\u1ed5 sung \u0111\u1ed9c \u0111\u00e1o cho b\u1ea5t k\u1ef3 b\u1ed9 s\u01b0u t\u1eadp trang s\u1ee9c n\u00e0o. Thi\u1ebft k\u1ebf th\u1eddi trang: Thi\u1ebft k\u1ebf d\u00e2y th\u1eaft n\u00fat kim c\u01b0\u01a1ng mang \u0111\u1ebfn n\u00e9t thanh l\u1ecbch cho b\u1ea5t k\u1ef3 trang ph\u1ee5c n\u00e0o, trong khi h\u1ea1t ng\u1ecdc b\u00edch mang \u0111\u1ebfn s\u1ee9c h\u1ea5p d\u1eabn t\u1ef1 nhi\u00ean, m\u1ed9c m\u1ea1c. B\u1ec1n v\u00e0 l\u00e2u d\u00e0i: [\u2026]<\/p>","protected":false},"featured_media":3487,"comment_status":"open","ping_status":"closed","template":"","meta":[],"product_brand":[],"product_cat":[121,84],"product_tag":[],"class_list":{"0":"post-1338","1":"product","2":"type-product","3":"status-publish","4":"has-post-thumbnail","6":"product_cat-bracelets-bangles","7":"product_cat-charms-and-charm-bracelet","9":"first","10":"instock","11":"sale","12":"shipping-taxable","13":"purchasable","14":"product-type-simple"},"_links":{"self":[{"href":"https:\/\/shop.yipinqian.com\/vi\/wp-json\/wp\/v2\/product\/1338","targetHints":{"allow":["GET"]}}],"collection":[{"href":"https:\/\/shop.yipinqian.com\/vi\/wp-json\/wp\/v2\/product"}],"about":[{"href":"https:\/\/shop.yipinqian.com\/vi\/wp-json\/wp\/v2\/types\/product"}],"replies":[{"embeddable":true,"href":"https:\/\/shop.yipinqian.com\/vi\/wp-json\/wp\/v2\/comments?post=1338"}],"version-history":[{"count":0,"href":"https:\/\/shop.yipinqian.com\/vi\/wp-json\/wp\/v2\/product\/1338\/revisions"}],"wp:featuredmedia":[{"embeddable":true,"href":"https:\/\/shop.yipinqian.com\/vi\/wp-json\/wp\/v2\/media\/3487"}],"wp:attachment":[{"href":"https:\/\/shop.yipinqian.com\/vi\/wp-json\/wp\/v2\/media?parent=1338"}],"wp:term":[{"taxonomy":"product_brand","embeddable":true,"href":"https:\/\/shop.yipinqian.com\/vi\/wp-json\/wp\/v2\/product_brand?post=1338"},{"taxonomy":"product_cat","embeddable":true,"href":"https:\/\/shop.yipinqian.com\/vi\/wp-json\/wp\/v2\/product_cat?post=1338"},{"taxonomy":"product_tag","embeddable":true,"href":"https:\/\/shop.yipinqian.com\/vi\/wp-json\/wp\/v2\/product_tag?post=1338"}],"curies":[{"name":"wp","href":"https:\/\/api.w.org\/{rel}","templated":true}]}}