{"id":13379,"date":"2024-11-22T19:03:05","date_gmt":"2024-11-22T11:03:05","guid":{"rendered":"https:\/\/shop.yipinqian.com\/new-arrival-crafted-as-baby-buddha-on-natural-type-a-jadeite-jade-as-pendant-certificate-weighs3-89-grams-measurement-23-8-21-8-4-8-mm-pendant339\/"},"modified":"2025-01-09T01:16:24","modified_gmt":"2025-01-08T17:16:24","slug":"new-arrival-crafted-as-baby-buddha-on-natural-type-a-jadeite-jade-as-pendant-certificate-weighs3-89-grams-measurement-23-8-21-8-4-8-mm-pendant339","status":"publish","type":"product","link":"https:\/\/shop.yipinqian.com\/vi\/san-pham\/new-arrival-crafted-as-baby-buddha-on-natural-type-a-jadeite-jade-as-pendant-certificate-weighs3-89-grams-measurement-23-8-21-8-4-8-mm-pendant339\/","title":{"rendered":"S\u1ea3n ph\u1ea9m m\u1edbi \u0111\u01b0\u1ee3c ch\u1ebf t\u00e1c nh\u01b0 Ph\u1eadt h\u00e0i \u0111\u1ed3ng tr\u00ean \u0111\u00e1 Jadeite t\u1ef1 nhi\u00ean lo\u1ea1i A l\u00e0m m\u1eb7t d\u00e2y chuy\u1ec1n, gi\u1ea5y ch\u1ee9ng nh\u1eadn n\u1eb7ng 3,89 gram, k\u00edch th\u01b0\u1edbc 23,8 * 21,8 * 4,8 mm (m\u1eb7t d\u00e2y chuy\u1ec1n 339)"},"content":{"rendered":"<p>M\u1eb7t d\u00e2y chuy\u1ec1n m\u1edbi n\u00e0y c\u00f3 h\u00ecnh t\u01b0\u1ee3ng Ph\u1eadt H\u00e0i \u0110\u1ed3ng \u0111\u01b0\u1ee3c ch\u1ebf t\u00e1c t\u1eeb \u0111\u00e1 Jadeite Jadeite t\u1ef1 nhi\u00ean lo\u1ea1i A, t\u1ea1o n\u00ean m\u1ed9t m\u00f3n \u0111\u1ed3 trang s\u1ee9c \u0111\u1ed9c \u0111\u00e1o v\u00e0 \u00fd ngh\u0129a.<\/p>\n<p><\/p>\n<p>S\u1ed1 ch\u1ee9ng ch\u1ec9: 920350023594<\/p>\n<p><img fetchpriority=\"high\" decoding=\"async\" src=\"https:\/\/shop.yipinqian.com\/wp-content\/uploads\/2024\/11\/632f68ab0c0a4961b7a0c00964512a15tplv-aphluv4xwc-origin-jpeg.jpeg?dr=15568&#038;nonce=68643&#038;refresh_token=5fdb1a51882fc8ee1fdb56a004d2769a&#038;from=476444299&#038;idc=my2&#038;ps=933b5bde&#038;shcp=9b759fb9&#038;shp=1c65f68b&#038;t=555f072d\" width=\"1080\" height=\"1080\"><\/p>\n<ul>\n<li>\n<strong>C\u00e2n n\u1eb7ng:<\/strong> 3,89 gam<\/li>\n<li>\n<strong>C\u00e1c ph\u00e9p \u0111o:<\/strong> 23,8 * 21,8 * 4,8mm<\/li>\n<li>\n<strong>Lo\u1ea1i ng\u1ecdc b\u00edch:<\/strong> Ng\u1ecdc b\u00edch<\/li>\n<li>\n<strong>Gi\u1ea5y ch\u1ee9ng nh\u1eadn:<\/strong> \u0110\u00fang<\/li>\n<li><strong>D\u1ecbp: H\u00e0ng ng\u00e0y<\/strong><\/li>\n<li><strong>V\u00f2ng c\u1ed5 ng\u1ecdc b\u00edch Phong c\u00e1ch: Th\u01b0\u1eddng ng\u00e0y<\/strong><\/li>\n<li><strong>S\u1ea3n ph\u1ea9m n\u00e0y d\u00e0nh cho c\u1ea3 nam v\u00e0 n\u1eef.<\/strong><\/li>\n<\/ul>\n<p><img decoding=\"async\" src=\"https:\/\/shop.yipinqian.com\/wp-content\/uploads\/2024\/11\/2fe5c463c4654678bde88ec660c3f7bdtplv-aphluv4xwc-origin-jpeg.jpeg?dr=15568&#038;nonce=83455&#038;refresh_token=2e2c0f1f48d88026c2e8967ffbf6577c&#038;from=476444299&#038;idc=my2&#038;ps=933b5bde&#038;shcp=9b759fb9&#038;shp=1c65f68b&#038;t=555f072d\" width=\"1080\" height=\"1080\"><\/p>\n<p><strong>M\u1eb7t d\u00e2y chuy\u1ec1n n\u00e0y c\u00f3 ngu\u1ed3n g\u1ed1c t\u1eeb Myanmar, l\u00e0 ph\u1ee5 ki\u1ec7n ho\u00e0n h\u1ea3o \u0111\u1ec3 \u0111eo h\u00e0ng ng\u00e0y v\u00e0 t\u1ea1o \u0111i\u1ec3m nh\u1ea5n thanh l\u1ecbch cho b\u1ea5t k\u1ef3 trang ph\u1ee5c n\u00e0o. Tay ngh\u1ec1 th\u1ee7 c\u00f4ng tinh x\u1ea3o v\u00e0 ch\u1ea5t li\u1ec7u ng\u1ecdc b\u00edch t\u1ef1 nhi\u00ean l\u00e0m cho n\u00f3 tr\u1edf th\u00e0nh m\u1ed9t m\u00f3n \u0111\u1ed3 n\u1ed5i b\u1eadt trong b\u1ea5t k\u1ef3 b\u1ed9 s\u01b0u t\u1eadp trang s\u1ee9c n\u00e0o.<\/strong><\/p>\n<p><strong>.<\/strong><\/p>\n<p><strong>Jadeite t\u1ef1 nhi\u00ean kh\u00f4ng ho\u00e0n h\u1ea3o, ch\u1ec9 l\u00e0 m\u1ed9t l\u1eddi nh\u1eafc nh\u1edf nh\u1eb9 nh\u00e0ng, Jadeite t\u1ef1 nhi\u00ean c\u1ee7a ch\u00fang t\u00f4i, gi\u1ed1ng nh\u01b0 t\u1ea5t c\u1ea3 nh\u1eefng th\u1ee9 \u0111\u1eb9p \u0111\u1ebd trong t\u1ef1 nhi\u00ean, c\u00f3 nh\u1eefng \u0111\u1eb7c \u0111i\u1ec3m v\u00e0 bi\u1ebfn th\u1ec3 \u0111\u1ed9c \u0111\u00e1o. Ch\u00fang t\u00f4i m\u1eddi nh\u1eefng kh\u00e1ch h\u00e0ng c\u00f3 gi\u00e1 tr\u1ecb c\u1ee7a m\u00ecnh \u0111\u00f3n nh\u1eadn nh\u1eefng bi\u1ebfn th\u1ec3 t\u1ef1 nhi\u00ean n\u00e0y. Ch\u00fac b\u1ea1n mua s\u1eafm vui v\u1ebb!<\/strong><\/p>\n<p><\/p>\n<p><strong><u>Kh\u00f4ng c\u00f3 h\u00ecnh \u1ea3nh v\u00e0 c\u1ea3nh quay video n\u00e0o \u0111\u01b0\u1ee3c l\u1ecdc. Ch\u00fang t\u00f4i khuy\u1ebfn kh\u00edch kh\u00e1ch h\u00e0ng c\u1ee7a m\u00ecnh c\u0169ng xem c\u00e1c video \u0111i k\u00e8m \u0111\u1ec3 c\u00f3 c\u00e1i nh\u00ecn to\u00e0n di\u1ec7n h\u01a1n v\u1ec1 s\u1ea3n ph\u1ea9m c\u1ee7a ch\u00fang t\u00f4i<\/u><\/strong><\/p>\n<p><\/p>\n<ul>\n<li>C\u00e1c n\u1ec1n t\u1ea3ng kh\u00e1c nhau ch\u1ec9 c\u00f3 th\u1ec3 xem video th\u00f4ng qua m\u00e1y t\u00ednh \u0111\u1ec3 b\u00e0n<\/li>\n<\/ul>","protected":false},"excerpt":{"rendered":"<p>M\u1eb7t d\u00e2y chuy\u1ec1n m\u1edbi n\u00e0y c\u00f3 h\u00ecnh t\u01b0\u1ee3ng Ph\u1eadt H\u00e0i \u0110\u1ed3ng \u0111\u01b0\u1ee3c ch\u1ebf t\u00e1c t\u1eeb Ng\u1ecdc b\u00edch Jadeite lo\u1ea1i A t\u1ef1 nhi\u00ean, khi\u1ebfn n\u00f3 tr\u1edf th\u00e0nh m\u1ed9t m\u00f3n \u0111\u1ed3 trang s\u1ee9c \u0111\u1ed9c \u0111\u00e1o v\u00e0 \u00fd ngh\u0129a. S\u1ed1 ch\u1ee9ng nh\u1eadn: 920350023594 Tr\u1ecdng l\u01b0\u1ee3ng: 3,89 gam K\u00edch th\u01b0\u1edbc: 23,8 * 21,8 * 4,8 mm Lo\u1ea1i ng\u1ecdc: Ng\u1ecdc b\u00edch Ch\u1ee9ng nh\u1eadn: C\u00f3 D\u1ecbp s\u1eed d\u1ee5ng: H\u00e0ng ng\u00e0y Phong c\u00e1ch v\u00f2ng c\u1ed5 ng\u1ecdc b\u00edch: Th\u01b0\u1eddng ng\u00e0y D\u00e0nh cho c\u1ea3 nam v\u00e0 n\u1eef. [\u2026]<\/p>","protected":false},"featured_media":13577,"comment_status":"open","ping_status":"closed","template":"","meta":[],"product_brand":[],"product_cat":[83,126,48],"product_tag":[51,52,58,73,60,61,62],"class_list":{"0":"post-13379","1":"product","2":"type-product","3":"status-publish","4":"has-post-thumbnail","6":"product_cat-jade-necklaces-pendants","7":"product_cat-new-arrivals","8":"product_cat-pendants","9":"product_tag-buddha","10":"product_tag-certified","11":"product_tag-new-arrivals","12":"product_tag-pendant","13":"product_tag-type-a-jadeite","14":"product_tag-unisex","15":"product_tag-yi-pin-qian-exclusive","17":"first","18":"instock","19":"sale","20":"shipping-taxable","21":"purchasable","22":"product-type-simple"},"_links":{"self":[{"href":"https:\/\/shop.yipinqian.com\/vi\/wp-json\/wp\/v2\/product\/13379","targetHints":{"allow":["GET"]}}],"collection":[{"href":"https:\/\/shop.yipinqian.com\/vi\/wp-json\/wp\/v2\/product"}],"about":[{"href":"https:\/\/shop.yipinqian.com\/vi\/wp-json\/wp\/v2\/types\/product"}],"replies":[{"embeddable":true,"href":"https:\/\/shop.yipinqian.com\/vi\/wp-json\/wp\/v2\/comments?post=13379"}],"version-history":[{"count":0,"href":"https:\/\/shop.yipinqian.com\/vi\/wp-json\/wp\/v2\/product\/13379\/revisions"}],"wp:featuredmedia":[{"embeddable":true,"href":"https:\/\/shop.yipinqian.com\/vi\/wp-json\/wp\/v2\/media\/13577"}],"wp:attachment":[{"href":"https:\/\/shop.yipinqian.com\/vi\/wp-json\/wp\/v2\/media?parent=13379"}],"wp:term":[{"taxonomy":"product_brand","embeddable":true,"href":"https:\/\/shop.yipinqian.com\/vi\/wp-json\/wp\/v2\/product_brand?post=13379"},{"taxonomy":"product_cat","embeddable":true,"href":"https:\/\/shop.yipinqian.com\/vi\/wp-json\/wp\/v2\/product_cat?post=13379"},{"taxonomy":"product_tag","embeddable":true,"href":"https:\/\/shop.yipinqian.com\/vi\/wp-json\/wp\/v2\/product_tag?post=13379"}],"curies":[{"name":"wp","href":"https:\/\/api.w.org\/{rel}","templated":true}]}}