{"id":13371,"date":"2024-11-22T19:02:46","date_gmt":"2024-11-22T11:02:46","guid":{"rendered":"https:\/\/shop.yipinqian.com\/latest-arrival-sg-seller-yellow-and-green-natural-type-a-jadeite-jade-crafted-as-lotus-seedpod-pendant-qic-approved-certificate-weighs-14-61-grams-measurement-31-3-24-2-14-1-mm-pendant345\/"},"modified":"2025-02-24T00:49:48","modified_gmt":"2025-02-23T16:49:48","slug":"latest-arrival-sg-seller-yellow-and-green-natural-type-a-jadeite-jade-crafted-as-lotus-seedpod-pendant-qic-approved-certificate-weighs-14-61-grams-measurement-31-3-24-2-14-1-mm-pendant345","status":"publish","type":"product","link":"https:\/\/shop.yipinqian.com\/vi\/san-pham\/latest-arrival-sg-seller-yellow-and-green-natural-type-a-jadeite-jade-crafted-as-lotus-seedpod-pendant-qic-approved-certificate-weighs-14-61-grams-measurement-31-3-24-2-14-1-mm-pendant345\/","title":{"rendered":"H\u00e0ng m\u1edbi nh\u1ea5t SG Seller \u2013 M\u1eb7t d\u00e2y chuy\u1ec1n ng\u1ecdc b\u00edch t\u1ef1 nhi\u00ean m\u00e0u v\u00e0ng v\u00e0 xanh l\u00e1 c\u00e2y lo\u1ea1i A, \u0111\u01b0\u1ee3c ch\u1ebf t\u00e1c th\u00e0nh m\u1eb7t d\u00e2y chuy\u1ec1n h\u00ecnh qu\u1ea3 sen, ch\u1ee9ng nh\u1eadn \u0111\u01b0\u1ee3c QIC ch\u1ea5p thu\u1eadn, n\u1eb7ng 14,61 gram, k\u00edch th\u01b0\u1edbc 31,3 * 24,2 * 14,1 mm (m\u1eb7t d\u00e2y chuy\u1ec1n345)"},"content":{"rendered":"<p>M\u1eb7t d\u00e2y chuy\u1ec1n tinh x\u1ea3o n\u00e0y c\u00f3 \u0111\u00e1 Jadeite t\u1ef1 nhi\u00ean lo\u1ea1i A m\u00e0u v\u00e0ng v\u00e0 xanh l\u00e1 c\u00e2y \u0111\u01b0\u1ee3c ch\u1ebf t\u00e1c theo h\u00ecnh d\u1ea1ng qu\u1ea3 sen, t\u1ea1o n\u00ean thi\u1ebft k\u1ebf \u0111\u1ed9c \u0111\u00e1o v\u00e0 thanh l\u1ecbch.<\/p>\n<p><\/p>\n<p>S\u1ed1 ch\u1ee9ng ch\u1ec9: 5523120103434<\/p>\n<p><img fetchpriority=\"high\" decoding=\"async\" src=\"https:\/\/shop.yipinqian.com\/wp-content\/uploads\/2024\/11\/9d8e21e1ae95414da0cd925a9658aaa6tplv-aphluv4xwc-origin-jpeg.jpeg?dr=15568&#038;nonce=49490&#038;refresh_token=2e1e461e4c86fb546a03fb578d85b354&#038;from=476444299&#038;idc=my2&#038;ps=933b5bde&#038;shcp=9b759fb9&#038;shp=1c65f68b&#038;t=555f072d\" width=\"1200\" height=\"1600\"><\/p>\n<ul>\n<li><strong>C\u00e1c t\u00ednh n\u0103ng ch\u00ednh:<\/strong><\/li>\n<li>Gi\u1ea5y ch\u1ee9ng nh\u1eadn \u0111\u01b0\u1ee3c QIC ch\u1ea5p thu\u1eadn<\/li>\n<li>N\u1eb7ng 14,61 gram<\/li>\n<li>K\u00edch th\u01b0\u1edbc: 31,3 * 24,2 * 14,1 mm<\/li>\n<\/ul>\n<p><img decoding=\"async\" src=\"https:\/\/shop.yipinqian.com\/wp-content\/uploads\/2024\/11\/b7379a43edfc4fcbbb9e5f857b99a528tplv-aphluv4xwc-origin-jpeg.jpeg?dr=15568&#038;nonce=44743&#038;refresh_token=48d058c1177e54b4da46ac4ddb3b7e5e&#038;from=476444299&#038;idc=my2&#038;ps=933b5bde&#038;shcp=9b759fb9&#038;shp=1c65f68b&#038;t=555f072d\" width=\"1200\" height=\"1600\"><\/p>\n<p>C\u00f3 ngu\u1ed3n g\u1ed1c t\u1eeb Myanmar, s\u1ea3n ph\u1ea9m n\u00e0y th\u1ec3 hi\u1ec7n tay ngh\u1ec1 th\u1ee7 c\u00f4ng c\u1ee7a SG Seller v\u00e0 ho\u00e0n h\u1ea3o \u0111\u1ec3 \u0111eo h\u00e0ng ng\u00e0y.<\/p>\n<ul>\n<li><strong>Thu\u1ed9c t\u00ednh s\u1ea3n ph\u1ea9m:<\/strong><\/li>\n<li>\n<strong>Khu v\u1ef1c xu\u1ea5t x\u1ee9:<\/strong> Mi\u1ebfn \u0110i\u1ec7n<\/li>\n<li><strong>D\u1ecbp: H\u00e0ng ng\u00e0y Ki\u1ec3u d\u00e1ng v\u00f2ng c\u1ed5 gi\u1ea3n d\u1ecb, ph\u00f9 h\u1ee3p v\u1edbi m\u1ecdi trang ph\u1ee5c ho\u1eb7c d\u1ecbp. Thi\u1ebft k\u1ebf unisex ph\u00f9 h\u1ee3p v\u1edbi m\u1ecdi gi\u1edbi t\u00ednh v\u1edbi s\u1ee9c h\u1ea5p d\u1eabn \u0111a d\u1ea1ng c\u1ee7a n\u00f3. M\u1eb7t d\u00e2y chuy\u1ec1n ng\u1ecdc b\u00edch tuy\u1ec7t \u0111\u1eb9p n\u00e0y l\u00e0 v\u1eadt kh\u00f4ng th\u1ec3 thi\u1ebfu trong b\u1ea5t k\u1ef3 b\u1ed9 s\u01b0u t\u1eadp trang s\u1ee9c n\u00e0o. L\u01b0u \u00fd: Lo\u1ea1i b\u1ea3o h\u00e0nh cho s\u1ea3n ph\u1ea9m n\u00e0y kh\u00f4ng \u00e1p d\u1ee5ng.<\/strong><\/li>\n<\/ul>\n<p><\/p>\n<p><strong>Jadeite t\u1ef1 nhi\u00ean kh\u00f4ng ho\u00e0n h\u1ea3o, ch\u1ec9 l\u00e0 m\u1ed9t l\u1eddi nh\u1eafc nh\u1edf nh\u1eb9 nh\u00e0ng, Jadeite t\u1ef1 nhi\u00ean c\u1ee7a ch\u00fang t\u00f4i, gi\u1ed1ng nh\u01b0 t\u1ea5t c\u1ea3 nh\u1eefng th\u1ee9 \u0111\u1eb9p \u0111\u1ebd trong t\u1ef1 nhi\u00ean, c\u00f3 nh\u1eefng \u0111\u1eb7c \u0111i\u1ec3m v\u00e0 bi\u1ebfn th\u1ec3 \u0111\u1ed9c \u0111\u00e1o. Ch\u00fang t\u00f4i m\u1eddi nh\u1eefng kh\u00e1ch h\u00e0ng c\u00f3 gi\u00e1 tr\u1ecb c\u1ee7a m\u00ecnh \u0111\u00f3n nh\u1eadn nh\u1eefng bi\u1ebfn th\u1ec3 t\u1ef1 nhi\u00ean n\u00e0y. Ch\u00fac b\u1ea1n mua s\u1eafm vui v\u1ebb!<\/strong><\/p>\n<p><\/p>\n<p><strong><u>Kh\u00f4ng c\u00f3 h\u00ecnh \u1ea3nh v\u00e0 c\u1ea3nh quay video n\u00e0o \u0111\u01b0\u1ee3c l\u1ecdc. Ch\u00fang t\u00f4i khuy\u1ebfn kh\u00edch kh\u00e1ch h\u00e0ng c\u1ee7a m\u00ecnh c\u0169ng xem c\u00e1c video \u0111i k\u00e8m \u0111\u1ec3 c\u00f3 c\u00e1i nh\u00ecn to\u00e0n di\u1ec7n h\u01a1n v\u1ec1 s\u1ea3n ph\u1ea9m c\u1ee7a ch\u00fang t\u00f4i<\/u><\/strong><\/p>\n<p><\/p>\n<ul>\n<li>C\u00e1c n\u1ec1n t\u1ea3ng kh\u00e1c nhau ch\u1ec9 c\u00f3 th\u1ec3 xem video th\u00f4ng qua m\u00e1y t\u00ednh \u0111\u1ec3 b\u00e0n<\/li>\n<\/ul>","protected":false},"excerpt":{"rendered":"<p>M\u1eb7t d\u00e2y chuy\u1ec1n tinh x\u1ea3o n\u00e0y c\u00f3 Ng\u1ecdc b\u00edch t\u1ef1 nhi\u00ean lo\u1ea1i A m\u00e0u v\u00e0ng v\u00e0 xanh l\u00e1 c\u00e2y \u0111\u01b0\u1ee3c ch\u1ebf t\u00e1c theo h\u00ecnh d\u1ea1ng c\u1ee7a m\u1ed9t qu\u1ea3 sen, t\u1ea1o n\u00ean m\u1ed9t thi\u1ebft k\u1ebf \u0111\u1ed9c \u0111\u00e1o v\u00e0 thanh l\u1ecbch. S\u1ed1 ch\u1ee9ng nh\u1eadn: 5523120103434 C\u00e1c t\u00ednh n\u0103ng ch\u00ednh: Ch\u1ee9ng nh\u1eadn \u0111\u01b0\u1ee3c QIC ch\u1ea5p thu\u1eadn N\u1eb7ng 14,61 gam K\u00edch th\u01b0\u1edbc: 31,3 * 24,2 * 14,1 mm C\u00f3 ngu\u1ed3n g\u1ed1c t\u1eeb Myanmar, t\u00e1c ph\u1ea9m n\u00e0y th\u1ec3 hi\u1ec7n s\u1ef1 kh\u00e9o l\u00e9o c\u1ee7a SG Seller [\u2026]<\/p>","protected":false},"featured_media":13524,"comment_status":"open","ping_status":"closed","template":"","meta":[],"product_brand":[],"product_cat":[194],"product_tag":[52,70,65,55,56,58,74,60,61,68,62],"class_list":{"0":"post-13371","1":"product","2":"type-product","3":"status-publish","4":"has-post-thumbnail","6":"product_cat-value-picks","7":"product_tag-certified","8":"product_tag-green","9":"product_tag-high-quality","10":"product_tag-jadeite","11":"product_tag-limited-editions","12":"product_tag-new-arrivals","13":"product_tag-qic-approved-certificate","14":"product_tag-type-a-jadeite","15":"product_tag-unisex","16":"product_tag-yellow","17":"product_tag-yi-pin-qian-exclusive","19":"first","20":"instock","21":"sale","22":"shipping-taxable","23":"purchasable","24":"product-type-simple"},"_links":{"self":[{"href":"https:\/\/shop.yipinqian.com\/vi\/wp-json\/wp\/v2\/product\/13371","targetHints":{"allow":["GET"]}}],"collection":[{"href":"https:\/\/shop.yipinqian.com\/vi\/wp-json\/wp\/v2\/product"}],"about":[{"href":"https:\/\/shop.yipinqian.com\/vi\/wp-json\/wp\/v2\/types\/product"}],"replies":[{"embeddable":true,"href":"https:\/\/shop.yipinqian.com\/vi\/wp-json\/wp\/v2\/comments?post=13371"}],"version-history":[{"count":0,"href":"https:\/\/shop.yipinqian.com\/vi\/wp-json\/wp\/v2\/product\/13371\/revisions"}],"wp:featuredmedia":[{"embeddable":true,"href":"https:\/\/shop.yipinqian.com\/vi\/wp-json\/wp\/v2\/media\/13524"}],"wp:attachment":[{"href":"https:\/\/shop.yipinqian.com\/vi\/wp-json\/wp\/v2\/media?parent=13371"}],"wp:term":[{"taxonomy":"product_brand","embeddable":true,"href":"https:\/\/shop.yipinqian.com\/vi\/wp-json\/wp\/v2\/product_brand?post=13371"},{"taxonomy":"product_cat","embeddable":true,"href":"https:\/\/shop.yipinqian.com\/vi\/wp-json\/wp\/v2\/product_cat?post=13371"},{"taxonomy":"product_tag","embeddable":true,"href":"https:\/\/shop.yipinqian.com\/vi\/wp-json\/wp\/v2\/product_tag?post=13371"}],"curies":[{"name":"wp","href":"https:\/\/api.w.org\/{rel}","templated":true}]}}