{"id":13367,"date":"2024-11-22T19:02:40","date_gmt":"2024-11-22T11:02:40","guid":{"rendered":"https:\/\/shop.yipinqian.com\/just-arrived-sg-local-seller-yellow-with-green-patch-natural-type-a-jadeite-jade-crafted-as-three-legs-toad-pendant-certificate-weighs-5-17-grams-measurement-22-19-5-11-3-mm-pendant333\/"},"modified":"2025-01-09T01:17:30","modified_gmt":"2025-01-08T17:17:30","slug":"just-arrived-sg-local-seller-yellow-with-green-patch-natural-type-a-jadeite-jade-crafted-as-three-legs-toad-pendant-certificate-weighs-5-17-grams-measurement-22-19-5-11-3-mm-pendant333","status":"publish","type":"product","link":"https:\/\/shop.yipinqian.com\/vi\/san-pham\/just-arrived-sg-local-seller-yellow-with-green-patch-natural-type-a-jadeite-jade-crafted-as-three-legs-toad-pendant-certificate-weighs-5-17-grams-measurement-22-19-5-11-3-mm-pendant333\/","title":{"rendered":"V\u1eeba m\u1edbi \u0111\u1ebfn Ng\u01b0\u1eddi b\u00e1n \u0111\u1ecba ph\u01b0\u01a1ng SG \u2013 Ng\u1ecdc b\u00edch t\u1ef1 nhi\u00ean lo\u1ea1i A m\u00e0u v\u00e0ng c\u00f3 m\u1ea3ng xanh l\u00e1 c\u00e2y \u0111\u01b0\u1ee3c ch\u1ebf t\u00e1c th\u00e0nh M\u1eb7t d\u00e2y chuy\u1ec1n h\u00ecnh con c\u00f3c ba ch\u00e2n, ch\u1ee9ng ch\u1ec9 n\u1eb7ng 5,17 gram, k\u00edch th\u01b0\u1edbc 22 * 19,5 * 11,3 mm (m\u1eb7t d\u00e2y chuy\u1ec1n333)"},"content":{"rendered":"<p>M\u1eb7t d\u00e2y chuy\u1ec1n ng\u1ecdc b\u00edch t\u1ef1 nhi\u00ean lo\u1ea1i A m\u00e0u v\u00e0ng v\u1edbi m\u1ea3ng xanh l\u00e1 c\u00e2y n\u00e0y c\u00f3 thi\u1ebft k\u1ebf h\u00ecnh con c\u00f3c ba ch\u00e2n \u0111\u1ed9c \u0111\u00e1o, \u0111\u01b0\u1ee3c l\u00e0m th\u1ee7 c\u00f4ng v\u1edbi c\u00e1c chi ti\u1ebft tinh x\u1ea3o.<\/p>\n<p><\/p>\n<p>S\u1ed1 ch\u1ee9ng ch\u1ec9: ZSJ1220601767<\/p>\n<p><img fetchpriority=\"high\" decoding=\"async\" src=\"https:\/\/shop.yipinqian.com\/wp-content\/uploads\/2024\/11\/df5ac213dd134034a22c9964f5c35cd8tplv-aphluv4xwc-origin-jpeg.jpeg?dr=15568&#038;nonce=73264&#038;refresh_token=16ff4917964e7c137c103e201e68a57b&#038;from=476444299&#038;idc=my2&#038;ps=933b5bde&#038;shcp=9b759fb9&#038;shp=1c65f68b&#038;t=555f072d\" width=\"1080\" height=\"1080\"><\/p>\n<ul>\n<li>\n<strong>Chi ti\u1ebft s\u1ea3n ph\u1ea9m:<\/strong> N\u1eb7ng 5,17 gram K\u00edch th\u01b0\u1edbc: 22 x 19,5 x 11,3 mm C\u00f3 k\u00e8m gi\u1ea5y ch\u1ee9ng nh\u1eadn (m\u1eb7t d\u00e2y chuy\u1ec1n333) Lo\u1ea1i ng\u1ecdc: Jadeite Khu v\u1ef1c xu\u1ea5t x\u1ee9: Myanmar<\/li>\n<\/ul>\n<p><img decoding=\"async\" src=\"https:\/\/shop.yipinqian.com\/wp-content\/uploads\/2024\/11\/96ab7d35f6e842e88887a8b030a14735tplv-aphluv4xwc-origin-jpeg.jpeg?dr=15568&#038;nonce=18504&#038;refresh_token=243b69cfc3b1228c975adbc9d390156e&#038;from=476444299&#038;idc=my2&#038;ps=933b5bde&#038;shcp=9b759fb9&#038;shp=1c65f68b&#038;t=555f072d\" width=\"1080\" height=\"1080\"><\/p>\n<p>Ph\u00f9 h\u1ee3p \u0111\u1ec3 \u0111eo h\u00e0ng ng\u00e0y, m\u1eb7t d\u00e2y chuy\u1ec1n n\u00e0y l\u00e0 bi\u1ec3u t\u01b0\u1ee3ng c\u1ee7a s\u1ef1 may m\u1eafn v\u00e0 th\u1ecbnh v\u01b0\u1ee3ng, l\u00e0 ph\u1ee5 ki\u1ec7n l\u00fd t\u01b0\u1edfng cho c\u1ea3 nam v\u00e0 n\u1eef.<\/p>\n<ul>\n<li><strong>Thu\u1ed9c t\u00ednh:<\/strong><\/li>\n<li>Ki\u1ec3u v\u00f2ng c\u1ed5 l\u00e0 gi\u1ea3n d\u1ecb<\/li>\n<li>,<\/li>\n<li>D\u1ecbp \u0111eo m\u1eb7t d\u00e2y chuy\u1ec1n n\u00e0y l\u00e0 h\u00e0ng ng\u00e0y L\u00fd t\u01b0\u1edfng \u0111\u1ec3 l\u00e0m qu\u00e0 t\u1eb7ng ho\u1eb7c l\u00e0m b\u00f9a h\u1ed9 m\u1ec7nh c\u00e1 nh\u00e2n, M\u1eb7t d\u00e2y chuy\u1ec1n Con c\u00f3c b\u1eb1ng ng\u1ecdc b\u00edch t\u1ef1 nhi\u00ean lo\u1ea1i A m\u00e0u v\u00e0ng v\u1edbi m\u1ea3ng xanh l\u00e1 c\u00e2y n\u00e0y t\u1ea1o \u0111i\u1ec3m nh\u1ea5n thanh l\u1ecbch cho b\u1ea5t k\u1ef3 trang ph\u1ee5c n\u00e0o. H\u00e3y t\u1eadn h\u01b0\u1edfng v\u1ebb \u0111\u1eb9p v\u00e0 n\u0103ng l\u01b0\u1ee3ng t\u00edch c\u1ef1c m\u00e0 m\u00f3n \u0111\u1ed3 ng\u1ecdc b\u00edch \u0111\u00edch th\u1ef1c n\u00e0y mang \u0111\u1ebfn cho b\u1ed9 s\u01b0u t\u1eadp c\u1ee7a b\u1ea1n.<\/li>\n<\/ul>","protected":false},"excerpt":{"rendered":"<p>M\u1eb7t d\u00e2y chuy\u1ec1n Jadeite Jade t\u1ef1 nhi\u00ean lo\u1ea1i A m\u00e0u v\u00e0ng v\u1edbi m\u1ea3ng xanh l\u00e1 c\u00e2y n\u00e0y c\u00f3 thi\u1ebft k\u1ebf Con c\u00f3c ba ch\u00e2n \u0111\u1ed9c \u0111\u00e1o, \u0111\u01b0\u1ee3c l\u00e0m th\u1ee7 c\u00f4ng v\u1edbi c\u00e1c chi ti\u1ebft tinh x\u1ea3o. S\u1ed1 ch\u1ee9ng nh\u1eadn: ZSJ1220601767 Chi ti\u1ebft s\u1ea3n ph\u1ea9m: N\u1eb7ng 5,17 gam K\u00edch th\u01b0\u1edbc: 22 x 19,5 x 11,3 mm C\u00f3 k\u00e8m ch\u1ee9ng nh\u1eadn (pendant333) Lo\u1ea1i ng\u1ecdc: Jadeite Khu v\u1ef1c xu\u1ea5t x\u1ee9: Myanmar Ph\u00f9 h\u1ee3p \u0111\u1ec3 \u0111eo h\u00e0ng ng\u00e0y, m\u1eb7t d\u00e2y chuy\u1ec1n n\u00e0y l\u00e0 [\u2026]<\/p>","protected":false},"featured_media":13511,"comment_status":"open","ping_status":"closed","template":"","meta":[],"product_brand":[],"product_cat":[83,126,48],"product_tag":[139,52,89,96,55,56,58,73,60,61,68,62],"class_list":{"0":"post-13367","1":"product","2":"type-product","3":"status-publish","4":"has-post-thumbnail","6":"product_cat-jade-necklaces-pendants","7":"product_cat-new-arrivals","8":"product_cat-pendants","9":"product_tag-brown","10":"product_tag-certified","11":"product_tag-fengshui","12":"product_tag-green-patches","13":"product_tag-jadeite","14":"product_tag-limited-editions","15":"product_tag-new-arrivals","16":"product_tag-pendant","17":"product_tag-type-a-jadeite","18":"product_tag-unisex","19":"product_tag-yellow","20":"product_tag-yi-pin-qian-exclusive","22":"first","23":"instock","24":"sale","25":"shipping-taxable","26":"purchasable","27":"product-type-simple"},"_links":{"self":[{"href":"https:\/\/shop.yipinqian.com\/vi\/wp-json\/wp\/v2\/product\/13367","targetHints":{"allow":["GET"]}}],"collection":[{"href":"https:\/\/shop.yipinqian.com\/vi\/wp-json\/wp\/v2\/product"}],"about":[{"href":"https:\/\/shop.yipinqian.com\/vi\/wp-json\/wp\/v2\/types\/product"}],"replies":[{"embeddable":true,"href":"https:\/\/shop.yipinqian.com\/vi\/wp-json\/wp\/v2\/comments?post=13367"}],"version-history":[{"count":0,"href":"https:\/\/shop.yipinqian.com\/vi\/wp-json\/wp\/v2\/product\/13367\/revisions"}],"wp:featuredmedia":[{"embeddable":true,"href":"https:\/\/shop.yipinqian.com\/vi\/wp-json\/wp\/v2\/media\/13511"}],"wp:attachment":[{"href":"https:\/\/shop.yipinqian.com\/vi\/wp-json\/wp\/v2\/media?parent=13367"}],"wp:term":[{"taxonomy":"product_brand","embeddable":true,"href":"https:\/\/shop.yipinqian.com\/vi\/wp-json\/wp\/v2\/product_brand?post=13367"},{"taxonomy":"product_cat","embeddable":true,"href":"https:\/\/shop.yipinqian.com\/vi\/wp-json\/wp\/v2\/product_cat?post=13367"},{"taxonomy":"product_tag","embeddable":true,"href":"https:\/\/shop.yipinqian.com\/vi\/wp-json\/wp\/v2\/product_tag?post=13367"}],"curies":[{"name":"wp","href":"https:\/\/api.w.org\/{rel}","templated":true}]}}