{"id":13364,"date":"2024-11-22T19:02:33","date_gmt":"2024-11-22T11:02:33","guid":{"rendered":"https:\/\/shop.yipinqian.com\/high-translucent-quality-natural-type-a-jadeite-jade-crafted-as-milo-buddha-set-with-18k-gold-as-pendant-latest-arrival-in-sg-certificate-weighs-2-77-grams-measurement-23-19-2-8-5-mm-18kp76\/"},"modified":"2025-02-24T01:17:24","modified_gmt":"2025-02-23T17:17:24","slug":"high-translucent-quality-natural-type-a-jadeite-jade-crafted-as-milo-buddha-set-with-18k-gold-as-pendant-latest-arrival-in-sg-certificate-weighs-2-77-grams-measurement-23-19-2-8-5-mm-18kp76","status":"publish","type":"product","link":"https:\/\/shop.yipinqian.com\/vi\/san-pham\/high-translucent-quality-natural-type-a-jadeite-jade-crafted-as-milo-buddha-set-with-18k-gold-as-pendant-latest-arrival-in-sg-certificate-weighs-2-77-grams-measurement-23-19-2-8-5-mm-18kp76\/","title":{"rendered":"Ng\u1ecdc b\u00edch lo\u1ea1i A t\u1ef1 nhi\u00ean ch\u1ea5t l\u01b0\u1ee3ng trong m\u1edd cao \u0111\u01b0\u1ee3c ch\u1ebf t\u00e1c th\u00e0nh h\u00ecnh \u0110\u1ee9c Ph\u1eadt Milo \u0111\u00ednh v\u00e0ng 18k l\u00e0m m\u1eb7t d\u00e2y chuy\u1ec1n \u2013 H\u00e0ng m\u1edbi nh\u1ea5t t\u1ea1i Singapore \u2013 gi\u1ea5y ch\u1ee9ng nh\u1eadn n\u1eb7ng 2,77 gram, k\u00edch th\u01b0\u1edbc 23 * 19,2 * 8,5 mm (18kp76)"},"content":{"rendered":"<p>M\u1eb7t d\u00e2y chuy\u1ec1n ng\u1ecdc b\u00edch lo\u1ea1i A t\u1ef1 nhi\u00ean ch\u1ea5t l\u01b0\u1ee3ng trong m\u1edd cao n\u00e0y c\u00f3 thi\u1ebft k\u1ebf h\u00ecnh Ph\u1eadt Milo, \u0111\u01b0\u1ee3c ch\u1ebf t\u00e1c t\u1ec9 m\u1ec9 b\u1eb1ng v\u00e0ng 18k \u0111\u1ec3 c\u00f3 v\u1ebb ngo\u00e0i tinh t\u1ebf.<\/p>\n<p><\/p>\n<p>S\u1ed1 ch\u1ee9ng ch\u1ec9: GD2205H009889<\/p>\n<p>V\u00e0ng 18k: 1,56 gram<\/p>\n<p>7 * 0,003 vi\u00ean kim c\u01b0\u01a1ng<\/p>\n<p>1 vi\u00ean ng\u1ecdc b\u00edch Cabochon xanh<\/p>\n<p>K\u00edch th\u01b0\u1edbc v\u1edbi C\u00e0i \u0111\u1eb7t: 23 * 19.2 * 8.5 mm<\/p>\n<p>K\u00edch th\u01b0\u1edbc Jadeite: 15 * 17.2 * 5.3 mm<\/p>\n<p><img fetchpriority=\"high\" decoding=\"async\" src=\"https:\/\/shop.yipinqian.com\/wp-content\/uploads\/2024\/11\/a4fde8a5c24e4586b709e64af43b79c9tplv-aphluv4xwc-origin-jpeg.jpeg?dr=15568&#038;nonce=54987&#038;refresh_token=742edecc11907050b35a7cedc2c5508a&#038;from=476444299&#038;idc=my2&#038;ps=933b5bde&#038;shcp=9b759fb9&#038;shp=1c65f68b&#038;t=555f072d\" width=\"1536\" height=\"2048\"><\/p>\n<ul>\n<li>\n<strong>V\u1eadt li\u1ec7u:<\/strong> Ng\u1ecdc b\u00edch lo\u1ea1i A, v\u00e0ng 18k<\/li>\n<li>\n<strong>C\u00e2n n\u1eb7ng:<\/strong> 2,77 gam<\/li>\n<li>\n<strong>C\u00e1c ph\u00e9p \u0111o:<\/strong> 23 * 19,2 * 8,5mm<\/li>\n<li>\n<strong>Gi\u1ea5y ch\u1ee9ng nh\u1eadn:<\/strong> C\u00f3 (\u0110\u00e3 bao g\u1ed3m)<\/li>\n<\/ul>\n<p><img decoding=\"async\" src=\"https:\/\/shop.yipinqian.com\/wp-content\/uploads\/2024\/11\/7332b8e147fe499b85b7c487db48529dtplv-aphluv4xwc-origin-jpeg.jpeg?dr=15568&#038;nonce=1560&#038;refresh_token=1144ae13593a0d33038021507bb673e9&#038;from=476444299&#038;idc=my2&#038;ps=933b5bde&#038;shcp=9b759fb9&#038;shp=1c65f68b&#038;t=555f072d\" width=\"1536\" height=\"2048\"><\/p>\n<p>C\u00f3 ngu\u1ed3n g\u1ed1c t\u1eeb Myanmar, m\u1eb7t d\u00e2y chuy\u1ec1n n\u00e0y l\u00e0 bi\u1ec3u t\u01b0\u1ee3ng c\u1ee7a s\u1ef1 t\u1ed1t l\u00e0nh v\u00e0 ph\u00f9 h\u1ee3p cho c\u1ea3 nam v\u00e0 n\u1eef \u0111eo trong nh\u1eefng d\u1ecbp th\u01b0\u1eddng ng\u00e0y.<\/p>\n<ul>\n<li><strong>Lo\u1ea1i ng\u1ecdc: Jadeite<\/strong><\/li>\n<li><strong>M\u1edbi c\u1eadp b\u1ebfn Singapore, t\u00e1c ph\u1ea9m tinh x\u1ea3o n\u00e0y th\u1ec3 hi\u1ec7n v\u1ebb \u0111\u1eb9p v\u00e0 s\u1ef1 thanh l\u1ecbch c\u1ee7a ng\u1ecdc b\u00edch k\u1ebft h\u1ee3p v\u1edbi s\u1ef1 sang tr\u1ecdng c\u1ee7a v\u00e0ng. Duy\u1ec7t qua b\u1ed9 s\u01b0u t\u1eadp c\u1ee7a ch\u00fang t\u00f4i \u0111\u1ec3 t\u00ecm ra m\u00f3n \u0111\u1ed3 trang s\u1ee9c ho\u00e0n h\u1ea3o ho\u1eb7c m\u00f3n qu\u00e0 t\u1eb7ng cho ng\u01b0\u1eddi th\u00e2n y\u00eau.<\/strong><\/li>\n<\/ul>\n<p>Yi Pin Qian \u2013 Nh\u00e0 bu\u00f4n \u0111\u00e1 qu\u00fd v\u00e0 kim lo\u1ea1i qu\u00fd t\u1ea1i Singapore \u2013 S\u1ed1 gi\u1ea5y ph\u00e9p PS20190000031<\/p>\n<p><\/p>\n<p>*T\u1ea5t c\u1ea3 c\u00e1c lo\u1ea1i Jadeite \u0111\u01b0\u1ee3c mua t\u1eeb Yi Pin Qian t\u1ea1i Singapore, kh\u00e1ch h\u00e0ng c\u00f3 th\u1ec3 \u0111\u1eb7t l\u1ecbch \u0111\u00e1nh b\u00f3ng ho\u1eb7c s\u1eeda ch\u1eefa nh\u1ecf do x\u1eed l\u00fd sai c\u00e1ch \u2013 c\u00f3 t\u00ednh ph\u00ed v\u00e0 ch\u1ec9 d\u00e0nh cho kh\u00e1ch h\u00e0ng c\u1ee7a Yi Pin Qian t\u1ea1i Singapore*<\/p>\n<p><\/p>\n<p><strong>**C\u00e1c lo\u1ea1i ch\u1ee9ng ch\u1ec9**<\/strong><\/p>\n<p><\/p>\n<p><strong>NGI (C\u00f4ng ty \u0110\u00e1 qu\u00fd Nan Yang)<\/strong><\/p>\n<p>ho\u1eb7c <strong>Ch\u1ee9ng ch\u1ec9 n\u01b0\u1edbc ngo\u00e0i <\/strong>(Yi Pin Qian ch\u1ec9 s\u1eed d\u1ee5ng c\u00e1c ch\u1ee9ng ch\u1ec9 x\u00e1c th\u1ef1c t\u1eeb c\u00e1c ph\u00f2ng th\u00ed nghi\u1ec7m \u1edf n\u01b0\u1edbc ngo\u00e0i v\u00e0 ki\u1ec3m so\u00e1t ch\u1ea5t l\u01b0\u1ee3ng m\u1ecdi s\u1ea3n ph\u1ea9m c\u1ee7a ch\u00fang t\u00f4i tr\u01b0\u1edbc khi \u0111\u01b0a ch\u00fang ra b\u00e1n t\u1ea1i Singapore)<\/p>\n<p><\/p>\n<p>M\u1ed7i s\u1ea3n ph\u1ea9m tr\u00ean TikTok s\u1ebd c\u00f3 lo\u1ea1i ch\u1ee9ng ch\u1ec9 \u0111\u01b0\u1ee3c cung c\u1ea5p \u0111\u01b0\u1ee3c n\u00eau trong ph\u1ea7n m\u00f4 t\u1ea3. \u0110\u1ed1i v\u1edbi b\u1ea5t k\u1ef3 kh\u00e1ch h\u00e0ng n\u00e0o mu\u1ed1n g\u1eedi \u0111\u01a1n h\u00e0ng c\u1ee7a m\u00ecnh \u0111\u1ebfn NGI Singapore, s\u1ebd c\u00f3 th\u1eddi gian ch\u1edd giao h\u00e0ng \u01b0\u1edbc t\u00ednh kho\u1ea3ng 4 tu\u1ea7n \u0111\u1ec3 nh\u1eadn \u0111\u01b0\u1ee3c \u0111\u01a1n h\u00e0ng c\u1ee7a b\u1ea1n. <strong>B\u1ea1n c\u1ea7n g\u1eedi y\u00eau c\u1ea7u b\u00e1o c\u00e1o v\u1ec1 NGI Gemstone b\u1eb1ng c\u00e1ch nh\u1eafn tin cho ch\u00fang t\u00f4i.<\/strong> C\u1ea3m \u01a1n, <strong><u>\u00e1p d\u1ee5ng th\u00eam ph\u00ed<\/u><\/strong>.<\/p>\n<p><\/p>\n<p><strong>Jadeite t\u1ef1 nhi\u00ean kh\u00f4ng ho\u00e0n h\u1ea3o, ch\u1ec9 l\u00e0 m\u1ed9t l\u1eddi nh\u1eafc nh\u1edf nh\u1eb9 nh\u00e0ng, Jadeite t\u1ef1 nhi\u00ean c\u1ee7a ch\u00fang t\u00f4i, gi\u1ed1ng nh\u01b0 t\u1ea5t c\u1ea3 nh\u1eefng th\u1ee9 \u0111\u1eb9p \u0111\u1ebd trong t\u1ef1 nhi\u00ean, c\u00f3 nh\u1eefng \u0111\u1eb7c \u0111i\u1ec3m v\u00e0 bi\u1ebfn th\u1ec3 \u0111\u1ed9c \u0111\u00e1o. Ch\u00fang t\u00f4i m\u1eddi nh\u1eefng kh\u00e1ch h\u00e0ng c\u00f3 gi\u00e1 tr\u1ecb c\u1ee7a m\u00ecnh \u0111\u00f3n nh\u1eadn nh\u1eefng bi\u1ebfn th\u1ec3 t\u1ef1 nhi\u00ean n\u00e0y. Ch\u00fac b\u1ea1n mua s\u1eafm vui v\u1ebb!<\/strong><\/p>\n<p><\/p>\n<p><strong><u>Kh\u00f4ng c\u00f3 h\u00ecnh \u1ea3nh v\u00e0 c\u1ea3nh quay video n\u00e0o \u0111\u01b0\u1ee3c l\u1ecdc. Ch\u00fang t\u00f4i khuy\u1ebfn kh\u00edch kh\u00e1ch h\u00e0ng c\u1ee7a m\u00ecnh c\u0169ng xem c\u00e1c video \u0111i k\u00e8m \u0111\u1ec3 c\u00f3 c\u00e1i nh\u00ecn to\u00e0n di\u1ec7n h\u01a1n v\u1ec1 s\u1ea3n ph\u1ea9m c\u1ee7a ch\u00fang t\u00f4i<\/u><\/strong><\/p>\n<p><\/p>\n<ul>\n<li>C\u00e1c n\u1ec1n t\u1ea3ng kh\u00e1c nhau ch\u1ec9 c\u00f3 th\u1ec3 xem video th\u00f4ng qua m\u00e1y t\u00ednh \u0111\u1ec3 b\u00e0n<\/li>\n<\/ul>","protected":false},"excerpt":{"rendered":"<p>M\u1eb7t d\u00e2y chuy\u1ec1n Jadeite Jadeite t\u1ef1 nhi\u00ean lo\u1ea1i A ch\u1ea5t l\u01b0\u1ee3ng trong m\u1edd cao n\u00e0y c\u00f3 thi\u1ebft k\u1ebf Ph\u1eadt Milo, \u0111\u01b0\u1ee3c ch\u1ebf t\u00e1c t\u1ec9 m\u1ec9 b\u1eb1ng v\u00e0ng 18k \u0111\u1ec3 c\u00f3 v\u1ebb ngo\u00e0i tinh t\u1ebf. S\u1ed1 ch\u1ee9ng ch\u1ec9: GD2205H009889 V\u00e0ng 18k: 1,56 gram 7 * 0,003 vi\u00ean kim c\u01b0\u01a1ng 1 vi\u00ean ng\u1ecdc b\u00edch Cabochon xanh K\u00edch th\u01b0\u1edbc Jadeite c\u00f3 \u0111\u00ednh: 23 * 19,2 * 8,5 mm K\u00edch th\u01b0\u1edbc Jadeite: 15 * 17,2 * 5,3 [\u2026]<\/p>","protected":false},"featured_media":13498,"comment_status":"open","ping_status":"closed","template":"","meta":[],"product_brand":[],"product_cat":[195],"product_tag":[50,51,52,88,53,55,56,57,58,73,75,59,60,61,62],"class_list":{"0":"post-13364","1":"product","2":"type-product","3":"status-publish","4":"has-post-thumbnail","6":"product_cat-heirloom-grade","7":"product_tag-18k-gold","8":"product_tag-buddha","9":"product_tag-certified","10":"product_tag-diamonds","11":"product_tag-fine-quality","12":"product_tag-jadeite","13":"product_tag-limited-editions","14":"product_tag-milo-buddha","15":"product_tag-new-arrivals","16":"product_tag-pendant","17":"product_tag-traditional","18":"product_tag-translucent","19":"product_tag-type-a-jadeite","20":"product_tag-unisex","21":"product_tag-yi-pin-qian-exclusive","23":"first","24":"instock","25":"sale","26":"shipping-taxable","27":"purchasable","28":"product-type-simple"},"_links":{"self":[{"href":"https:\/\/shop.yipinqian.com\/vi\/wp-json\/wp\/v2\/product\/13364","targetHints":{"allow":["GET"]}}],"collection":[{"href":"https:\/\/shop.yipinqian.com\/vi\/wp-json\/wp\/v2\/product"}],"about":[{"href":"https:\/\/shop.yipinqian.com\/vi\/wp-json\/wp\/v2\/types\/product"}],"replies":[{"embeddable":true,"href":"https:\/\/shop.yipinqian.com\/vi\/wp-json\/wp\/v2\/comments?post=13364"}],"version-history":[{"count":0,"href":"https:\/\/shop.yipinqian.com\/vi\/wp-json\/wp\/v2\/product\/13364\/revisions"}],"wp:featuredmedia":[{"embeddable":true,"href":"https:\/\/shop.yipinqian.com\/vi\/wp-json\/wp\/v2\/media\/13498"}],"wp:attachment":[{"href":"https:\/\/shop.yipinqian.com\/vi\/wp-json\/wp\/v2\/media?parent=13364"}],"wp:term":[{"taxonomy":"product_brand","embeddable":true,"href":"https:\/\/shop.yipinqian.com\/vi\/wp-json\/wp\/v2\/product_brand?post=13364"},{"taxonomy":"product_cat","embeddable":true,"href":"https:\/\/shop.yipinqian.com\/vi\/wp-json\/wp\/v2\/product_cat?post=13364"},{"taxonomy":"product_tag","embeddable":true,"href":"https:\/\/shop.yipinqian.com\/vi\/wp-json\/wp\/v2\/product_tag?post=13364"}],"curies":[{"name":"wp","href":"https:\/\/api.w.org\/{rel}","templated":true}]}}