{"id":13363,"date":"2024-11-22T19:02:32","date_gmt":"2024-11-22T11:02:32","guid":{"rendered":"https:\/\/shop.yipinqian.com\/high-quality-sg-new-arrival-crafted-as-small-gourd-on-natural-type-a-jadeite-jade-set-with-18k-gold-as-pendant-certificate-weighs-1-01-grams-measurement-18-9-8-3-4-3-mm-18kp75\/"},"modified":"2025-02-24T00:49:48","modified_gmt":"2025-02-23T16:49:48","slug":"high-quality-sg-new-arrival-crafted-as-small-gourd-on-natural-type-a-jadeite-jade-set-with-18k-gold-as-pendant-certificate-weighs-1-01-grams-measurement-18-9-8-3-4-3-mm-18kp75","status":"publish","type":"product","link":"https:\/\/shop.yipinqian.com\/vi\/san-pham\/high-quality-sg-new-arrival-crafted-as-small-gourd-on-natural-type-a-jadeite-jade-set-with-18k-gold-as-pendant-certificate-weighs-1-01-grams-measurement-18-9-8-3-4-3-mm-18kp75\/","title":{"rendered":"SG ch\u1ea5t l\u01b0\u1ee3ng cao m\u1edbi v\u1ec1 \u0111\u01b0\u1ee3c ch\u1ebf t\u00e1c th\u00e0nh qu\u1ea3 b\u1ea7u nh\u1ecf tr\u00ean ng\u1ecdc b\u00edch lo\u1ea1i A t\u1ef1 nhi\u00ean \u0111\u01b0\u1ee3c g\u1eafn v\u1edbi v\u00e0ng 18k l\u00e0m m\u1eb7t d\u00e2y chuy\u1ec1n, ch\u1ee9ng ch\u1ec9 n\u1eb7ng 1,01 gram, k\u00edch th\u01b0\u1edbc 18,9 * 8,3 * 4,3 mm (18kp75)"},"content":{"rendered":"<p>M\u1eb7t d\u00e2y chuy\u1ec1n SG m\u1edbi ch\u1ea5t l\u01b0\u1ee3ng cao n\u00e0y c\u00f3 thi\u1ebft k\u1ebf h\u00ecnh qu\u1ea3 b\u1ea7u nh\u1ecf \u0111\u01b0\u1ee3c ch\u1ebf t\u00e1c t\u1eeb ng\u1ecdc b\u00edch Jadeite t\u1ef1 nhi\u00ean lo\u1ea1i A, n\u1ea1m v\u00e0ng 18k t\u1ea1o n\u00ean n\u00e9t thanh l\u1ecbch.<\/p>\n<p><\/p>\n<p>S\u1ed1 ch\u1ee9ng ch\u1ec9: GD2112H015297<\/p>\n<p>V\u00e0ng 18k: 0,25 gram<\/p>\n<p><img fetchpriority=\"high\" decoding=\"async\" src=\"https:\/\/shop.yipinqian.com\/wp-content\/uploads\/2024\/11\/b80e6c74268240f486917efc130d1eebtplv-aphluv4xwc-origin-jpeg.jpeg?dr=15568&#038;nonce=62317&#038;refresh_token=f6aaf895eadcb9de49148523e868b82e&#038;from=476444299&#038;idc=my2&#038;ps=933b5bde&#038;shcp=9b759fb9&#038;shp=1c65f68b&#038;t=555f072d\" width=\"1080\" height=\"1080\"><\/p>\n<ul>\n<li>\n<strong>V\u1eadt li\u1ec7u:<\/strong> V\u00e0ng PT\/Carat<\/li>\n<li>\n<strong>Lo\u1ea1i ng\u1ecdc b\u00edch:<\/strong> Ng\u1ecdc b\u00edch<\/li>\n<li>\n<strong>Khu v\u1ef1c xu\u1ea5t x\u1ee9:<\/strong> Mi\u1ebfn \u0110i\u1ec7n<\/li>\n<li>\n<strong>Nh\u00e2n d\u1ecbp:<\/strong> M\u1eb7c h\u00e0ng ng\u00e0y<\/li>\n<li>M\u1eb7t d\u00e2y chuy\u1ec1n \u0111i k\u00e8m v\u1edbi m\u1ed9t gi\u1ea5y ch\u1ee9ng nh\u1eadn,<\/li>\n<\/ul>\n<p><img decoding=\"async\" src=\"https:\/\/shop.yipinqian.com\/wp-content\/uploads\/2024\/11\/3b22efdae458474e978566e4b8835fbbtplv-aphluv4xwc-origin-jpeg.jpeg?dr=15568&#038;nonce=56618&#038;refresh_token=de9f562871fb58002426d97c90a51c0e&#038;from=476444299&#038;idc=my2&#038;ps=933b5bde&#038;shcp=9b759fb9&#038;shp=1c65f68b&#038;t=555f072d\" width=\"1080\" height=\"1080\"><\/p>\n<p>V\u1edbi tr\u1ecdng l\u01b0\u1ee3ng 1,01 gam v\u00e0 k\u00edch th\u01b0\u1edbc 18,9 * 8,3 * 4,3 mm, s\u1ea3n ph\u1ea9m tinh t\u1ebf n\u00e0y c\u00f3 thi\u1ebft k\u1ebf ph\u00f9 h\u1ee3p cho c\u1ea3 nam v\u00e0 n\u1eef.<\/p>\n<ul>\n<li>Ki\u1ec3u d\u00e1ng v\u00f2ng c\u1ed5 \u0111\u01b0\u1ee3c thi\u1ebft k\u1ebf \u0111\u1ec3 ph\u00f9 h\u1ee3p v\u1edbi trang ph\u1ee5c th\u01b0\u1eddng ng\u00e0y m\u00e0 kh\u00f4ng \u1ea3nh h\u01b0\u1edfng \u0111\u1ebfn phong c\u00e1ch v\u00e0 s\u1ef1 tinh t\u1ebf.<\/li>\n<\/ul>\n<p>.<strong>Jadeite t\u1ef1 nhi\u00ean kh\u00f4ng ho\u00e0n h\u1ea3o, ch\u1ec9 l\u00e0 m\u1ed9t l\u1eddi nh\u1eafc nh\u1edf nh\u1eb9 nh\u00e0ng, Jadeite t\u1ef1 nhi\u00ean c\u1ee7a ch\u00fang t\u00f4i, gi\u1ed1ng nh\u01b0 t\u1ea5t c\u1ea3 nh\u1eefng th\u1ee9 \u0111\u1eb9p \u0111\u1ebd trong t\u1ef1 nhi\u00ean, c\u00f3 nh\u1eefng \u0111\u1eb7c \u0111i\u1ec3m v\u00e0 bi\u1ebfn th\u1ec3 \u0111\u1ed9c \u0111\u00e1o. Ch\u00fang t\u00f4i m\u1eddi nh\u1eefng kh\u00e1ch h\u00e0ng c\u00f3 gi\u00e1 tr\u1ecb c\u1ee7a m\u00ecnh \u0111\u00f3n nh\u1eadn nh\u1eefng bi\u1ebfn th\u1ec3 t\u1ef1 nhi\u00ean n\u00e0y. Ch\u00fac b\u1ea1n mua s\u1eafm vui v\u1ebb!<\/strong><\/p>\n<p><\/p>\n<p><strong><u>Kh\u00f4ng c\u00f3 h\u00ecnh \u1ea3nh v\u00e0 c\u1ea3nh quay video n\u00e0o \u0111\u01b0\u1ee3c l\u1ecdc. Ch\u00fang t\u00f4i khuy\u1ebfn kh\u00edch kh\u00e1ch h\u00e0ng c\u1ee7a m\u00ecnh c\u0169ng xem c\u00e1c video \u0111i k\u00e8m \u0111\u1ec3 c\u00f3 c\u00e1i nh\u00ecn to\u00e0n di\u1ec7n h\u01a1n v\u1ec1 s\u1ea3n ph\u1ea9m c\u1ee7a ch\u00fang t\u00f4i<\/u><\/strong><\/p>\n<p><\/p>\n<ul>\n<li>C\u00e1c n\u1ec1n t\u1ea3ng kh\u00e1c nhau ch\u1ec9 c\u00f3 th\u1ec3 xem video th\u00f4ng qua m\u00e1y t\u00ednh \u0111\u1ec3 b\u00e0n<\/li>\n<\/ul>","protected":false},"excerpt":{"rendered":"<p>M\u1eb7t d\u00e2y chuy\u1ec1n SG New Arrival ch\u1ea5t l\u01b0\u1ee3ng cao n\u00e0y c\u00f3 thi\u1ebft k\u1ebf h\u00ecnh qu\u1ea3 b\u1ea7u nh\u1ecf \u0111\u01b0\u1ee3c ch\u1ebf t\u00e1c tr\u00ean \u0111\u00e1 Jadeite Jadeite t\u1ef1 nhi\u00ean lo\u1ea1i A, \u0111\u01b0\u1ee3c n\u1ea1m v\u00e0ng 18k \u0111\u1ec3 t\u1ea1o n\u00e9t thanh l\u1ecbch. S\u1ed1 ch\u1ee9ng ch\u1ec9: GD2112H015297 V\u00e0ng 18k: 0,25 gam Ch\u1ea5t li\u1ec7u: V\u00e0ng PT\/Carat Lo\u1ea1i ng\u1ecdc b\u00edch: Jadeite Khu v\u1ef1c xu\u1ea5t x\u1ee9: Myanmar D\u1ecbp s\u1eed d\u1ee5ng: \u0110eo h\u00e0ng ng\u00e0y M\u1eb7t d\u00e2y chuy\u1ec1n \u0111i k\u00e8m v\u1edbi m\u1ed9t ch\u1ee9ng ch\u1ec9, C\u00e2n n\u1eb7ng [\u2026]<\/p>","protected":false},"featured_media":13485,"comment_status":"open","ping_status":"closed","template":"","meta":[],"product_brand":[],"product_cat":[194],"product_tag":[50,52,53,65,54,56,58,73,59,60,61,62],"class_list":{"0":"post-13363","1":"product","2":"type-product","3":"status-publish","4":"has-post-thumbnail","6":"product_cat-value-picks","7":"product_tag-18k-gold","8":"product_tag-certified","9":"product_tag-fine-quality","10":"product_tag-high-quality","11":"product_tag-icy","12":"product_tag-limited-editions","13":"product_tag-new-arrivals","14":"product_tag-pendant","15":"product_tag-translucent","16":"product_tag-type-a-jadeite","17":"product_tag-unisex","18":"product_tag-yi-pin-qian-exclusive","20":"first","21":"instock","22":"sale","23":"shipping-taxable","24":"purchasable","25":"product-type-simple"},"_links":{"self":[{"href":"https:\/\/shop.yipinqian.com\/vi\/wp-json\/wp\/v2\/product\/13363","targetHints":{"allow":["GET"]}}],"collection":[{"href":"https:\/\/shop.yipinqian.com\/vi\/wp-json\/wp\/v2\/product"}],"about":[{"href":"https:\/\/shop.yipinqian.com\/vi\/wp-json\/wp\/v2\/types\/product"}],"replies":[{"embeddable":true,"href":"https:\/\/shop.yipinqian.com\/vi\/wp-json\/wp\/v2\/comments?post=13363"}],"version-history":[{"count":0,"href":"https:\/\/shop.yipinqian.com\/vi\/wp-json\/wp\/v2\/product\/13363\/revisions"}],"wp:featuredmedia":[{"embeddable":true,"href":"https:\/\/shop.yipinqian.com\/vi\/wp-json\/wp\/v2\/media\/13485"}],"wp:attachment":[{"href":"https:\/\/shop.yipinqian.com\/vi\/wp-json\/wp\/v2\/media?parent=13363"}],"wp:term":[{"taxonomy":"product_brand","embeddable":true,"href":"https:\/\/shop.yipinqian.com\/vi\/wp-json\/wp\/v2\/product_brand?post=13363"},{"taxonomy":"product_cat","embeddable":true,"href":"https:\/\/shop.yipinqian.com\/vi\/wp-json\/wp\/v2\/product_cat?post=13363"},{"taxonomy":"product_tag","embeddable":true,"href":"https:\/\/shop.yipinqian.com\/vi\/wp-json\/wp\/v2\/product_tag?post=13363"}],"curies":[{"name":"wp","href":"https:\/\/api.w.org\/{rel}","templated":true}]}}