{"id":13361,"date":"2024-11-22T19:02:29","date_gmt":"2024-11-22T11:02:29","guid":{"rendered":"https:\/\/shop.yipinqian.com\/high-quality-light-green-with-green-patches-crafted-as-one-pair-of-gourd-on-natural-type-a-jadeite-jade-as-stud-earrings-certificate-weighs-2-38-grams-18k01\/"},"modified":"2025-02-24T01:17:24","modified_gmt":"2025-02-23T17:17:24","slug":"high-quality-light-green-with-green-patches-crafted-as-one-pair-of-gourd-on-natural-type-a-jadeite-jade-as-stud-earrings-certificate-weighs-2-38-grams-18k01","status":"publish","type":"product","link":"https:\/\/shop.yipinqian.com\/vi\/san-pham\/high-quality-light-green-with-green-patches-crafted-as-one-pair-of-gourd-on-natural-type-a-jadeite-jade-as-stud-earrings-certificate-weighs-2-38-grams-18k01\/","title":{"rendered":"M\u00e0u xanh l\u00e1 c\u00e2y nh\u1ea1t ch\u1ea5t l\u01b0\u1ee3ng cao v\u1edbi c\u00e1c m\u1ea3ng m\u00e0u xanh l\u00e1 c\u00e2y \u0111\u01b0\u1ee3c ch\u1ebf t\u00e1c th\u00e0nh m\u1ed9t c\u1eb7p B\u1ea7u tr\u00ean Ng\u1ecdc b\u00edch lo\u1ea1i A t\u1ef1 nhi\u00ean l\u00e0m Hoa tai \u0111inh t\u00e1n Gi\u1ea5y ch\u1ee9ng nh\u1eadn n\u1eb7ng 2,38 gram (18k01)"},"content":{"rendered":"<p>L\u00e0m phong ph\u00fa th\u00eam b\u1ed9 s\u01b0u t\u1eadp trang s\u1ee9c c\u1ee7a b\u1ea1n v\u1edbi \u0111\u00f4i hoa tai h\u00ecnh qu\u1ea3 b\u1ea7u m\u00e0u xanh l\u00e1 c\u00e2y nh\u1ea1t ch\u1ea5t l\u01b0\u1ee3ng cao tinh x\u1ea3o \u0111\u01b0\u1ee3c ch\u1ebf t\u00e1c t\u1eeb ng\u1ecdc b\u00edch Jadeite t\u1ef1 nhi\u00ean lo\u1ea1i A.<\/p>\n<p><\/p>\n<p>S\u1ed1 ch\u1ee9ng ch\u1ec9: GD2111H018867<\/p>\n<p><\/p>\n<p>K\u00edch th\u01b0\u1edbc Jadeite: 10,1 * 7,7 * 2,7 \/ 10,5 * 7,8 * 3 mm<\/p>\n<p>K\u00edch th\u01b0\u1edbc v\u1edbi C\u00e0i \u0111\u1eb7t: 13,4 * 7,8 * 3,7 mm<\/p>\n<p>V\u00e0ng 18k: 1,46 gram<\/p>\n<p>Kim c\u01b0\u01a1ng: 24 * 0,003 = 0,072 Carat<\/p>\n<p>H\u1ed3ng ng\u1ecdc: 2 * 0,005<\/p>\n<p><img fetchpriority=\"high\" decoding=\"async\" src=\"https:\/\/shop.yipinqian.com\/wp-content\/uploads\/2024\/11\/91ea309a364948418beced37da570b6btplv-aphluv4xwc-origin-jpeg.jpeg?dr=15568&#038;nonce=98324&#038;refresh_token=35384128e8213137219d9bc0a050a7d3&#038;from=476444299&#038;idc=my2&#038;ps=933b5bde&#038;shcp=9b759fb9&#038;shp=1c65f68b&#038;t=555f072d\" width=\"1536\" height=\"2048\"><\/p>\n<ul>\n<li>\n<strong>V\u1eadt li\u1ec7u:<\/strong> Ng\u1ecdc b\u00edch lo\u1ea1i A t\u1ef1 nhi\u00ean<\/li>\n<li>\n<strong>Thi\u1ebft k\u1ebf:<\/strong> H\u00ecnh qu\u1ea3 b\u1ea7u v\u1edbi c\u00e1c chi ti\u1ebft ph\u1ee9c t\u1ea1p<\/li>\n<li>\n<strong>Gi\u1ea5y ch\u1ee9ng nh\u1eadn:<\/strong> C\u00f3, bao g\u1ed3m ch\u1ee9ng ch\u1ec9<\/li>\n<li>\n<strong>C\u00e2n n\u1eb7ng:<\/strong> 2,38 gam<\/li>\n<li>Th\u00eam n\u00e9t thanh l\u1ecbch cho trang ph\u1ee5c h\u00e0ng ng\u00e0y c\u1ee7a b\u1ea1n v\u1edbi \u0111\u00f4i hoa tai \u0111\u00ednh \u0111\u00e1 tuy\u1ec7t \u0111\u1eb9p n\u00e0y. M\u00e0u xanh l\u00e1 c\u00e2y nh\u1ea1t v\u1edbi c\u00e1c m\u1ea3ng xanh l\u00e1 c\u00e2y l\u00e0m cho ch\u00fang tr\u1edf th\u00e0nh m\u1ed9t ph\u1ee5 ki\u1ec7n \u0111\u1ed9c \u0111\u00e1o v\u00e0 b\u1eaft m\u1eaft.<\/li>\n<li>C\u00e1c t\u00ednh n\u0103ng ch\u00ednh:<\/li>\n<li>Ki\u1ec3u d\u00e1ng hoa tai thanh l\u1ecbch ho\u00e0n h\u1ea3o cho ph\u00e1i n\u1eefKhai th\u00e1c t\u1eeb Myanmar, th\u1ec3 hi\u1ec7n s\u1ef1 ch\u00e2n th\u1ef1c v\u00e0 tay ngh\u1ec1 th\u1ee7 c\u00f4ng ch\u1ea5t l\u01b0\u1ee3ng li&gt;\u0110i\u1ec3m nh\u1ea5n kim c\u01b0\u01a1ng t\u1ea1o th\u00eam n\u00e9t tinh t\u1ebf li&gt;\u0110\u01b0\u1ee3c l\u00e0m b\u1eb1ng v\u1eadt li\u1ec7u \u0111\u00ednh v\u00e0ng PT\/Carat qu\u00fd gi\u00e1 mang l\u1ea1i \u0111\u1ed9 b\u1ec1n<\/li>\n<li>.<\/li>\n<\/ul>\n<p><img decoding=\"async\" src=\"https:\/\/shop.yipinqian.com\/wp-content\/uploads\/2024\/11\/df1afc008b3f4094a149be6cac83824dtplv-aphluv4xwc-origin-jpeg.jpeg?dr=15568&#038;nonce=21730&#038;refresh_token=5a42dedc1d5932d0bcf25b9db5eefd01&#038;from=476444299&#038;idc=my2&#038;ps=933b5bde&#038;shcp=9b759fb9&#038;shp=1c65f68b&#038;t=555f072d\" width=\"1536\" height=\"2048\"><\/p>\n<p>Yi Pin Qian \u2013 Nh\u00e0 bu\u00f4n \u0111\u00e1 qu\u00fd v\u00e0 kim lo\u1ea1i qu\u00fd t\u1ea1i Singapore \u2013 S\u1ed1 gi\u1ea5y ph\u00e9p PS20190000031<\/p>\n<p><\/p>\n<p>*T\u1ea5t c\u1ea3 c\u00e1c lo\u1ea1i Jadeite \u0111\u01b0\u1ee3c mua t\u1eeb Yi Pin Qian t\u1ea1i Singapore, kh\u00e1ch h\u00e0ng c\u00f3 th\u1ec3 \u0111\u1eb7t l\u1ecbch \u0111\u00e1nh b\u00f3ng ho\u1eb7c s\u1eeda ch\u1eefa nh\u1ecf do x\u1eed l\u00fd sai c\u00e1ch \u2013 c\u00f3 t\u00ednh ph\u00ed v\u00e0 ch\u1ec9 d\u00e0nh cho kh\u00e1ch h\u00e0ng c\u1ee7a Yi Pin Qian t\u1ea1i Singapore*<\/p>\n<p><\/p>\n<p><strong>**C\u00e1c lo\u1ea1i ch\u1ee9ng ch\u1ec9**<\/strong><\/p>\n<p><\/p>\n<p><strong>NGI (C\u00f4ng ty \u0110\u00e1 qu\u00fd Nan Yang)<\/strong><\/p>\n<p>ho\u1eb7c <strong>Ch\u1ee9ng ch\u1ec9 n\u01b0\u1edbc ngo\u00e0i <\/strong>(Yi Pin Qian ch\u1ec9 s\u1eed d\u1ee5ng c\u00e1c ch\u1ee9ng ch\u1ec9 x\u00e1c th\u1ef1c t\u1eeb c\u00e1c ph\u00f2ng th\u00ed nghi\u1ec7m \u1edf n\u01b0\u1edbc ngo\u00e0i v\u00e0 ki\u1ec3m so\u00e1t ch\u1ea5t l\u01b0\u1ee3ng m\u1ecdi s\u1ea3n ph\u1ea9m c\u1ee7a ch\u00fang t\u00f4i tr\u01b0\u1edbc khi \u0111\u01b0a ch\u00fang ra b\u00e1n t\u1ea1i Singapore)<\/p>\n<p><\/p>\n<p>M\u1ed7i s\u1ea3n ph\u1ea9m tr\u00ean TikTok s\u1ebd c\u00f3 lo\u1ea1i ch\u1ee9ng ch\u1ec9 \u0111\u01b0\u1ee3c cung c\u1ea5p \u0111\u01b0\u1ee3c n\u00eau trong ph\u1ea7n m\u00f4 t\u1ea3. \u0110\u1ed1i v\u1edbi b\u1ea5t k\u1ef3 kh\u00e1ch h\u00e0ng n\u00e0o mu\u1ed1n g\u1eedi \u0111\u01a1n h\u00e0ng c\u1ee7a m\u00ecnh \u0111\u1ebfn NGI Singapore, s\u1ebd c\u00f3 th\u1eddi gian ch\u1edd giao h\u00e0ng \u01b0\u1edbc t\u00ednh kho\u1ea3ng 4 tu\u1ea7n \u0111\u1ec3 nh\u1eadn \u0111\u01b0\u1ee3c \u0111\u01a1n h\u00e0ng c\u1ee7a b\u1ea1n. <strong>B\u1ea1n c\u1ea7n g\u1eedi y\u00eau c\u1ea7u b\u00e1o c\u00e1o v\u1ec1 NGI Gemstone b\u1eb1ng c\u00e1ch nh\u1eafn tin cho ch\u00fang t\u00f4i.<\/strong> C\u1ea3m \u01a1n, <strong><u>\u00e1p d\u1ee5ng th\u00eam ph\u00ed<\/u><\/strong>.<\/p>\n<p><\/p>\n<p><strong>Jadeite t\u1ef1 nhi\u00ean kh\u00f4ng ho\u00e0n h\u1ea3o, ch\u1ec9 l\u00e0 m\u1ed9t l\u1eddi nh\u1eafc nh\u1edf nh\u1eb9 nh\u00e0ng, Jadeite t\u1ef1 nhi\u00ean c\u1ee7a ch\u00fang t\u00f4i, gi\u1ed1ng nh\u01b0 t\u1ea5t c\u1ea3 nh\u1eefng th\u1ee9 \u0111\u1eb9p \u0111\u1ebd trong t\u1ef1 nhi\u00ean, c\u00f3 nh\u1eefng \u0111\u1eb7c \u0111i\u1ec3m v\u00e0 bi\u1ebfn th\u1ec3 \u0111\u1ed9c \u0111\u00e1o. Ch\u00fang t\u00f4i m\u1eddi nh\u1eefng kh\u00e1ch h\u00e0ng c\u00f3 gi\u00e1 tr\u1ecb c\u1ee7a m\u00ecnh \u0111\u00f3n nh\u1eadn nh\u1eefng bi\u1ebfn th\u1ec3 t\u1ef1 nhi\u00ean n\u00e0y. Ch\u00fac b\u1ea1n mua s\u1eafm vui v\u1ebb!<\/strong><\/p>\n<p><\/p>\n<p><strong><u>Kh\u00f4ng c\u00f3 h\u00ecnh \u1ea3nh v\u00e0 c\u1ea3nh quay video n\u00e0o \u0111\u01b0\u1ee3c l\u1ecdc. Ch\u00fang t\u00f4i khuy\u1ebfn kh\u00edch kh\u00e1ch h\u00e0ng c\u1ee7a m\u00ecnh c\u0169ng xem c\u00e1c video \u0111i k\u00e8m \u0111\u1ec3 c\u00f3 c\u00e1i nh\u00ecn to\u00e0n di\u1ec7n h\u01a1n v\u1ec1 s\u1ea3n ph\u1ea9m c\u1ee7a ch\u00fang t\u00f4i<\/u><\/strong><\/p>\n<p><\/p>\n<ul>\n<li>C\u00e1c n\u1ec1n t\u1ea3ng kh\u00e1c nhau ch\u1ec9 c\u00f3 th\u1ec3 xem video th\u00f4ng qua m\u00e1y t\u00ednh \u0111\u1ec3 b\u00e0n<\/li>\n<\/ul>","protected":false},"excerpt":{"rendered":"<p>L\u00e0m phong ph\u00fa th\u00eam b\u1ed9 s\u01b0u t\u1eadp trang s\u1ee9c c\u1ee7a b\u1ea1n v\u1edbi \u0111\u00f4i Hoa tai \u0111\u00ednh \u0111\u00e1 qu\u1ea3 b\u1ea7u xanh nh\u1ea1t ch\u1ea5t l\u01b0\u1ee3ng cao tuy\u1ec7t \u0111\u1eb9p n\u00e0y \u0111\u01b0\u1ee3c ch\u1ebf t\u00e1c t\u1eeb \u0111\u00e1 Jadeite t\u1ef1 nhi\u00ean lo\u1ea1i A. S\u1ed1 ch\u1ee9ng ch\u1ec9: GD2111H018867 K\u00edch th\u01b0\u1edbc \u0111\u00e1 Jadeite: 10,1 * 7,7 * 2,7 \/ 10,5 * 7,8 * 3 mm K\u00edch th\u01b0\u1edbc c\u00f3 \u0111\u00ednh: 13,4 * 7,8 * 3,7 mm V\u00e0ng 18k: 1,46 gam Kim c\u01b0\u01a1ng: [\u2026]<\/p>","protected":false},"featured_media":13472,"comment_status":"open","ping_status":"closed","template":"","meta":[],"product_brand":[],"product_cat":[195],"product_tag":[50,52,88,171,53,70,96,55,82,56,58,60,62],"class_list":{"0":"post-13361","1":"product","2":"type-product","3":"status-publish","4":"has-post-thumbnail","6":"product_cat-heirloom-grade","7":"product_tag-18k-gold","8":"product_tag-certified","9":"product_tag-diamonds","10":"product_tag-earrings","11":"product_tag-fine-quality","12":"product_tag-green","13":"product_tag-green-patches","14":"product_tag-jadeite","15":"product_tag-light-green","16":"product_tag-limited-editions","17":"product_tag-new-arrivals","18":"product_tag-type-a-jadeite","19":"product_tag-yi-pin-qian-exclusive","21":"first","22":"instock","23":"sale","24":"shipping-taxable","25":"purchasable","26":"product-type-simple"},"_links":{"self":[{"href":"https:\/\/shop.yipinqian.com\/vi\/wp-json\/wp\/v2\/product\/13361","targetHints":{"allow":["GET"]}}],"collection":[{"href":"https:\/\/shop.yipinqian.com\/vi\/wp-json\/wp\/v2\/product"}],"about":[{"href":"https:\/\/shop.yipinqian.com\/vi\/wp-json\/wp\/v2\/types\/product"}],"replies":[{"embeddable":true,"href":"https:\/\/shop.yipinqian.com\/vi\/wp-json\/wp\/v2\/comments?post=13361"}],"version-history":[{"count":0,"href":"https:\/\/shop.yipinqian.com\/vi\/wp-json\/wp\/v2\/product\/13361\/revisions"}],"wp:featuredmedia":[{"embeddable":true,"href":"https:\/\/shop.yipinqian.com\/vi\/wp-json\/wp\/v2\/media\/13472"}],"wp:attachment":[{"href":"https:\/\/shop.yipinqian.com\/vi\/wp-json\/wp\/v2\/media?parent=13361"}],"wp:term":[{"taxonomy":"product_brand","embeddable":true,"href":"https:\/\/shop.yipinqian.com\/vi\/wp-json\/wp\/v2\/product_brand?post=13361"},{"taxonomy":"product_cat","embeddable":true,"href":"https:\/\/shop.yipinqian.com\/vi\/wp-json\/wp\/v2\/product_cat?post=13361"},{"taxonomy":"product_tag","embeddable":true,"href":"https:\/\/shop.yipinqian.com\/vi\/wp-json\/wp\/v2\/product_tag?post=13361"}],"curies":[{"name":"wp","href":"https:\/\/api.w.org\/{rel}","templated":true}]}}