{"id":1336,"date":"2024-10-24T23:18:29","date_gmt":"2024-10-24T15:18:29","guid":{"rendered":"https:\/\/shop.yipinqian.com\/product\/deep-green-translucent-natural-type-a-jadeite-pendant-carved-as-ruyi-with-ngi-gemstone-report-weight-15-42-grams-27-52-13-75-4-25-mm-very-suitable-for-daily-wear-only-1-word-to-describe-elegant-pendan\/"},"modified":"2025-07-17T11:34:56","modified_gmt":"2025-07-17T03:34:56","slug":"deep-green-translucent-natural-type-a-jadeite-pendant-carved-as-ruyi-with-ngi-gemstone-report-weight-15-42-grams-27-52-13-75-4-25-mm-very-suitable-for-daily-wear-only-1-word-to-describe-elegant-pendan","status":"publish","type":"product","link":"https:\/\/shop.yipinqian.com\/vi\/san-pham\/deep-green-translucent-natural-type-a-jadeite-pendant-carved-as-ruyi-with-ngi-gemstone-report-weight-15-42-grams-27-52-13-75-4-25-mm-very-suitable-for-daily-wear-only-1-word-to-describe-elegant-pendan\/","title":{"rendered":"M\u1eb7t d\u00e2y chuy\u1ec1n ng\u1ecdc b\u00edch t\u1ef1 nhi\u00ean lo\u1ea1i A trong m\u1edd m\u00e0u xanh l\u00e1 c\u00e2y \u0111\u1eadm \u0111\u01b0\u1ee3c ch\u1ea1m kh\u1eafc nh\u01b0 \u00fd v\u1edbi b\u00e1o c\u00e1o \u0111\u00e1 qu\u00fd NGI tr\u1ecdng l\u01b0\u1ee3ng 15,42 gram, 27,52 * 13,75 * 4,25 mm - r\u1ea5t th\u00edch h\u1ee3p \u0111\u1ec3 \u0111eo h\u00e0ng ng\u00e0y, ch\u1ec9 c\u00f3 1 t\u1eeb \u0111\u1ec3 m\u00f4 t\u1ea3 - thanh l\u1ecbch (pendant129)"},"content":{"rendered":"<h2>M\u1eb7t d\u00e2y chuy\u1ec1n ng\u1ecdc b\u00edch t\u1ef1 nhi\u00ean lo\u1ea1i A trong m\u1edd m\u00e0u xanh l\u00e1 c\u00e2y \u0111\u1eadm<\/h2>\n<p><iframe title=\"M\u1eb7t d\u00e2y chuy\u1ec1n ng\u1ecdc b\u00edch t\u1ef1 nhi\u00ean lo\u1ea1i A trong m\u1edd m\u00e0u xanh l\u00e1 c\u00e2y \u0111\u1eadm\" src=\"https:\/\/youtube.com\/embed\/WNlNFhgHBZw\/\" width=\"330\" height=\"300\"><\/iframe><br \/>\nM\u1eb7t d\u00e2y chuy\u1ec1n ng\u1ecdc b\u00edch t\u1ef1 nhi\u00ean lo\u1ea1i A m\u00e0u xanh l\u00e1 c\u00e2y \u0111\u1eadm n\u00e0y l\u00e0 m\u1ed9t s\u1ef1 b\u1ed5 sung thanh l\u1ecbch cho b\u1ea5t k\u1ef3 b\u1ed9 s\u01b0u t\u1eadp trang s\u1ee9c n\u00e0o. \u0110\u01b0\u1ee3c ch\u1ea1m kh\u1eafc nh\u01b0 ruyi v\u00e0 \u0111i k\u00e8m v\u1edbi b\u00e1o c\u00e1o \u0111\u00e1 qu\u00fd NGI, m\u1eb7t d\u00e2y chuy\u1ec1n n\u00e0y c\u00f3 tr\u1ecdng l\u01b0\u1ee3ng 15,42 gram v\u00e0 k\u00edch th\u01b0\u1edbc 27,52 * 13,75 * 4,25 mm.<\/p>\n<p>S\u1ed1 b\u00e1o c\u00e1o NGI: 63837045<\/p>\n<p><img fetchpriority=\"high\" decoding=\"async\" class=\"alignnone\" src=\"https:\/\/shop.yipinqian.com\/wp-content\/uploads\/2024\/10\/5c6d43920b68b25802e1c36422e78f76.jpg?from=476444299\" alt=\"M\u1eb7t d\u00e2y chuy\u1ec1n ng\u1ecdc b\u00edch t\u1ef1 nhi\u00ean lo\u1ea1i A trong m\u1edd m\u00e0u xanh l\u00e1 c\u00e2y \u0111\u1eadm\" width=\"1080\" height=\"1080\" \/><\/p>\n<ul>\n<li><strong>\u0110\u01b0\u1ee3c thi\u1ebft k\u1ebf \u0111\u1eb9p m\u1eaft:<\/strong> \u0110\u01b0\u1ee3c ch\u1ea1m kh\u1eafc theo phong c\u00e1ch Nh\u01b0 \u00dd, m\u1eb7t d\u00e2y chuy\u1ec1n n\u00e0y c\u00f3 thi\u1ebft k\u1ebf tuy\u1ec7t \u0111\u1eb9p gi\u00fap n\u00f3 tr\u1edf n\u00ean kh\u00e1c bi\u1ec7t so v\u1edbi nh\u1eefng chi\u1ebfc v\u00f2ng c\u1ed5 kh\u00e1c.<\/li>\n<li><strong>Ng\u1ecdc b\u00edch t\u1ef1 nhi\u00ean:<\/strong> \u0110\u01b0\u1ee3c l\u00e0m t\u1eeb \u0111\u00e1 ng\u1ecdc b\u00edch lo\u1ea1i A t\u1ef1 nhi\u00ean, m\u1eb7t d\u00e2y chuy\u1ec1n n\u00e0y v\u1eeba \u0111\u1eb9p v\u1eeba \u0111\u1ed9c \u0111\u00e1o.<\/li>\n<li><strong>Th\u00edch h\u1ee3p \u0111\u1ec3 m\u1eb7c h\u00e0ng ng\u00e0y:<\/strong> V\u1edbi thi\u1ebft k\u1ebf thanh l\u1ecbch, chi\u1ebfc v\u00f2ng c\u1ed5 n\u00e0y ho\u00e0n h\u1ea3o \u0111\u1ec3 th\u00eam n\u00e9t tinh t\u1ebf cho b\u1ea5t k\u1ef3 trang ph\u1ee5c n\u00e0o m\u1eb7c h\u00e0ng ng\u00e0y.<\/li>\n<\/ul>\n<p>Chi\u1ebfc v\u00f2ng c\u1ed5 n\u00e0y \u0111i k\u00e8m v\u1edbi s\u1ef1 \u0111\u1ea3m b\u1ea3o c\u1ee7a b\u00e1o c\u00e1o \u0110\u00e1 qu\u00fd NGI \u0111\u1ea3m b\u1ea3o r\u1eb1ng t\u00ednh x\u00e1c th\u1ef1c c\u1ee7a s\u1ea3n ph\u1ea9m c\u00f3 th\u1ec3 \u0111\u01b0\u1ee3c tin c\u1eady m\u00e0 kh\u00f4ng c\u00f3 nghi ng\u1edd g\u00ec v\u1ec1 ch\u1ea5t l\u01b0\u1ee3ng c\u1ee7a n\u00f3. Gi\u1ea5y ch\u1ee9ng nh\u1eadn x\u00e1c nh\u1eadn r\u1eb1ng Qu\u1ed1c gia xu\u1ea5t x\u1ee9 c\u1ee7a n\u00f3 l\u00e0 Myanmar khi\u1ebfn n\u00f3 tr\u1edf n\u00ean \u0111\u1ed9c nh\u1ea5t v\u00f4 nh\u1ecb v\u1ec1 m\u1eb7t xu\u1ea5t x\u1ee9. Ki\u1ec3u d\u00e1ng v\u00f2ng c\u1ed5 c\u00f3 th\u1ec3 \u0111\u01b0\u1ee3c m\u00f4 t\u1ea3 l\u00e0 Thanh l\u1ecbch, ph\u00f9 h\u1ee3p v\u1edbi c\u1ea3 nam v\u00e0 n\u1eef, \u0111\u1ed3ng th\u1eddi c\u0169ng l\u00e0 l\u1ef1a ch\u1ecdn l\u00fd t\u01b0\u1edfng \u0111\u1ec3 l\u00e0m qu\u00e0 t\u1eb7ng trong nhi\u1ec1u d\u1ecbp h\u00e0ng ng\u00e0y.<\/p>\n<p>Yi Pin Qian \u2013 Nh\u00e0 bu\u00f4n \u0111\u00e1 qu\u00fd v\u00e0 kim lo\u1ea1i qu\u00fd t\u1ea1i Singapore \u2013 S\u1ed1 gi\u1ea5y ph\u00e9p PS20190000031<\/p>\n<p>*T\u1ea5t c\u1ea3 c\u00e1c lo\u1ea1i Jadeite \u0111\u01b0\u1ee3c mua t\u1eeb Yi Pin Qian t\u1ea1i Singapore, kh\u00e1ch h\u00e0ng c\u00f3 th\u1ec3 \u0111\u1eb7t l\u1ecbch \u0111\u00e1nh b\u00f3ng ho\u1eb7c s\u1eeda ch\u1eefa nh\u1ecf do x\u1eed l\u00fd sai c\u00e1ch \u2013 c\u00f3 t\u00ednh ph\u00ed v\u00e0 ch\u1ec9 d\u00e0nh cho kh\u00e1ch h\u00e0ng c\u1ee7a Yi Pin Qian t\u1ea1i Singapore*<\/p>\n<p><strong>**C\u00e1c lo\u1ea1i ch\u1ee9ng ch\u1ec9**<\/strong><\/p>\n<p>NGI (C\u00f4ng ty \u0110\u00e1 qu\u00fd Nan Yang)<\/p>\n<p>ho\u1eb7c ch\u1ee9ng ch\u1ec9 n\u01b0\u1edbc ngo\u00e0i (Yi Pin Qian ch\u1ec9 s\u1eed d\u1ee5ng ch\u1ee9ng ch\u1ec9 x\u00e1c th\u1ef1c t\u1eeb c\u00e1c ph\u00f2ng th\u00ed nghi\u1ec7m \u1edf n\u01b0\u1edbc ngo\u00e0i v\u00e0 c\u0169ng ki\u1ec3m so\u00e1t ch\u1ea5t l\u01b0\u1ee3ng m\u1ecdi s\u1ea3n ph\u1ea9m c\u1ee7a ch\u00fang t\u00f4i tr\u01b0\u1edbc khi \u0111\u01b0a ch\u00fang ra b\u00e1n t\u1ea1i Singapore)<\/p>\n<p>M\u1ed7i s\u1ea3n ph\u1ea9m tr\u00ean TikTok s\u1ebd c\u00f3 lo\u1ea1i ch\u1ee9ng ch\u1ec9 \u0111\u01b0\u1ee3c cung c\u1ea5p \u0111\u01b0\u1ee3c n\u00eau trong ph\u1ea7n m\u00f4 t\u1ea3. \u0110\u1ed1i v\u1edbi b\u1ea5t k\u1ef3 kh\u00e1ch h\u00e0ng n\u00e0o mu\u1ed1n g\u1eedi \u0111\u01a1n h\u00e0ng c\u1ee7a m\u00ecnh \u0111\u1ebfn NGI Singapore, s\u1ebd c\u00f3 th\u1eddi gian ch\u1edd giao h\u00e0ng \u01b0\u1edbc t\u00ednh kho\u1ea3ng 4 tu\u1ea7n \u0111\u1ec3 nh\u1eadn \u0111\u01b0\u1ee3c \u0111\u01a1n h\u00e0ng c\u1ee7a b\u1ea1n. <strong>Y\u00eau c\u1ea7u b\u00e1o c\u00e1o v\u1ec1 NGI Gemstone c\u1ea7n \u0111\u01b0\u1ee3c th\u1ef1c hi\u1ec7n b\u1eb1ng c\u00e1ch nh\u1eafn tin \u0111\u1ebfn c\u1eeda h\u00e0ng TikTok Yi Pin Qian.<\/strong> C\u1ea3m \u01a1n b\u1ea1n, ch\u00fang t\u00f4i s\u1ebd \u00e1p d\u1ee5ng th\u00eam ph\u1ee5 ph\u00ed.<\/p>","protected":false},"excerpt":{"rendered":"<h2>M\u1eb7t d\u00e2y chuy\u1ec1n ng\u1ecdc b\u00edch t\u1ef1 nhi\u00ean lo\u1ea1i A trong m\u1edd m\u00e0u xanh l\u00e1 c\u00e2y \u0111\u1eadm<\/h2>\n<p><img decoding=\"async\" class=\"aligncenter size-medium wp-image-22235\" src=\"https:\/\/shop.yipinqian.com\/wp-content\/uploads\/2024\/10\/WhatsApp-Image-2024-05-21-at-15.35.49_4af13adf-300x300.jpg\" alt=\"M\u1eb7t d\u00e2y chuy\u1ec1n ng\u1ecdc b\u00edch t\u1ef1 nhi\u00ean lo\u1ea1i A trong m\u1edd m\u00e0u xanh l\u00e1 c\u00e2y \u0111\u1eadm\" width=\"300\" height=\"300\" srcset=\"https:\/\/shop.yipinqian.com\/wp-content\/uploads\/2024\/10\/WhatsApp-Image-2024-05-21-at-15.35.49_4af13adf-300x300.jpg 300w, https:\/\/shop.yipinqian.com\/wp-content\/uploads\/2024\/10\/WhatsApp-Image-2024-05-21-at-15.35.49_4af13adf-1024x1024.jpg 1024w, https:\/\/shop.yipinqian.com\/wp-content\/uploads\/2024\/10\/WhatsApp-Image-2024-05-21-at-15.35.49_4af13adf-150x150.jpg 150w, https:\/\/shop.yipinqian.com\/wp-content\/uploads\/2024\/10\/WhatsApp-Image-2024-05-21-at-15.35.49_4af13adf-768x768.jpg 768w, https:\/\/shop.yipinqian.com\/wp-content\/uploads\/2024\/10\/WhatsApp-Image-2024-05-21-at-15.35.49_4af13adf-12x12.jpg 12w, https:\/\/shop.yipinqian.com\/wp-content\/uploads\/2024\/10\/WhatsApp-Image-2024-05-21-at-15.35.49_4af13adf-500x500.jpg 500w, https:\/\/shop.yipinqian.com\/wp-content\/uploads\/2024\/10\/WhatsApp-Image-2024-05-21-at-15.35.49_4af13adf-100x100.jpg 100w, https:\/\/shop.yipinqian.com\/wp-content\/uploads\/2024\/10\/WhatsApp-Image-2024-05-21-at-15.35.49_4af13adf.jpg 1080w\" sizes=\"(max-width: 300px) 100vw, 300px\" \/><\/p>","protected":false},"featured_media":3479,"comment_status":"open","ping_status":"closed","template":"","meta":[],"product_brand":[],"product_cat":[196],"product_tag":[],"class_list":{"0":"post-1336","1":"product","2":"type-product","3":"status-publish","4":"has-post-thumbnail","6":"product_cat-vault-collection","8":"first","9":"instock","10":"sale","11":"shipping-taxable","12":"purchasable","13":"product-type-simple"},"_links":{"self":[{"href":"https:\/\/shop.yipinqian.com\/vi\/wp-json\/wp\/v2\/product\/1336","targetHints":{"allow":["GET"]}}],"collection":[{"href":"https:\/\/shop.yipinqian.com\/vi\/wp-json\/wp\/v2\/product"}],"about":[{"href":"https:\/\/shop.yipinqian.com\/vi\/wp-json\/wp\/v2\/types\/product"}],"replies":[{"embeddable":true,"href":"https:\/\/shop.yipinqian.com\/vi\/wp-json\/wp\/v2\/comments?post=1336"}],"version-history":[{"count":0,"href":"https:\/\/shop.yipinqian.com\/vi\/wp-json\/wp\/v2\/product\/1336\/revisions"}],"wp:featuredmedia":[{"embeddable":true,"href":"https:\/\/shop.yipinqian.com\/vi\/wp-json\/wp\/v2\/media\/3479"}],"wp:attachment":[{"href":"https:\/\/shop.yipinqian.com\/vi\/wp-json\/wp\/v2\/media?parent=1336"}],"wp:term":[{"taxonomy":"product_brand","embeddable":true,"href":"https:\/\/shop.yipinqian.com\/vi\/wp-json\/wp\/v2\/product_brand?post=1336"},{"taxonomy":"product_cat","embeddable":true,"href":"https:\/\/shop.yipinqian.com\/vi\/wp-json\/wp\/v2\/product_cat?post=1336"},{"taxonomy":"product_tag","embeddable":true,"href":"https:\/\/shop.yipinqian.com\/vi\/wp-json\/wp\/v2\/product_tag?post=1336"}],"curies":[{"name":"wp","href":"https:\/\/api.w.org\/{rel}","templated":true}]}}