{"id":13359,"date":"2024-11-22T19:02:24","date_gmt":"2024-11-22T11:02:24","guid":{"rendered":"https:\/\/shop.yipinqian.com\/green-with-yellow-natural-type-a-jadeite-jade-crafted-with-ruyi-and-pixiu-as-pendant-certificate-weighs-16-67-grams-measurement-47-2-19-8-13-3-mm-pendant344\/"},"modified":"2025-02-24T00:49:48","modified_gmt":"2025-02-23T16:49:48","slug":"green-with-yellow-natural-type-a-jadeite-jade-crafted-with-ruyi-and-pixiu-as-pendant-certificate-weighs-16-67-grams-measurement-47-2-19-8-13-3-mm-pendant344","status":"publish","type":"product","link":"https:\/\/shop.yipinqian.com\/vi\/san-pham\/green-with-yellow-natural-type-a-jadeite-jade-crafted-with-ruyi-and-pixiu-as-pendant-certificate-weighs-16-67-grams-measurement-47-2-19-8-13-3-mm-pendant344\/","title":{"rendered":"Ng\u1ecdc b\u00edch t\u1ef1 nhi\u00ean lo\u1ea1i A m\u00e0u xanh l\u00e1 c\u00e2y v\u1edbi m\u00e0u v\u00e0ng \u0111\u01b0\u1ee3c ch\u1ebf t\u00e1c v\u1edbi m\u1eb7t d\u00e2y chuy\u1ec1n l\u00e0 Ruyi v\u00e0 Pixiu, gi\u1ea5y ch\u1ee9ng nh\u1eadn n\u1eb7ng 16,67 gram, k\u00edch th\u01b0\u1edbc 47,2 * 19,8 * 13,3 mm (m\u1eb7t d\u00e2y chuy\u1ec1n344)"},"content":{"rendered":"<p>M\u1eb7t d\u00e2y chuy\u1ec1n ng\u1ecdc b\u00edch t\u1ef1 nhi\u00ean lo\u1ea1i A m\u00e0u xanh l\u00e1 c\u00e2y v\u00e0 v\u00e0ng n\u00e0y l\u00e0 m\u1ed9t m\u00f3n \u0111\u1ed3 trang s\u1ee9c tuy\u1ec7t \u0111\u1eb9p c\u00f3 thi\u1ebft k\u1ebf Ruyi v\u00e0 Pixiu, l\u00e0 m\u1ed9t ph\u1ee5 ki\u1ec7n \u0111\u1ed9c \u0111\u00e1o v\u00e0 mang l\u1ea1i may m\u1eafn.<\/p>\n<p><\/p>\n<p>S\u1ed1 ch\u1ee9ng ch\u1ec9: SJ2312021880<\/p>\n<p><img fetchpriority=\"high\" decoding=\"async\" src=\"https:\/\/shop.yipinqian.com\/wp-content\/uploads\/2024\/11\/00aee81026fb4e40a2dd034cce6ed9c9tplv-aphluv4xwc-origin-jpeg.jpeg?dr=15568&#038;nonce=19842&#038;refresh_token=66ef920dbbe1ed20d890e057c4cc7a85&#038;from=476444299&#038;idc=my2&#038;ps=933b5bde&#038;shcp=9b759fb9&#038;shp=1c65f68b&#038;t=555f072d\" width=\"1536\" height=\"2048\"><\/p>\n<ul>\n<li>Ch\u1ea5t li\u1ec7u: Ng\u1ecdc b\u00edch t\u1ef1 nhi\u00ean lo\u1ea1i A m\u00e0u xanh l\u00e1 c\u00e2y pha v\u00e0ng<\/li>\n<li>Thi\u1ebft k\u1ebf: Ruyi v\u00e0 Pixiu<\/li>\n<li>Tr\u1ecdng l\u01b0\u1ee3ng: 16,67 gram<\/li>\n<li>K\u00edch th\u01b0\u1edbc: 47,2 * 19,8 * 13,3 mm (m\u1eb7t d\u00e2y chuy\u1ec1n344)<\/li>\n<\/ul>\n<p><img decoding=\"async\" src=\"https:\/\/shop.yipinqian.com\/wp-content\/uploads\/2024\/11\/a79b7aff35aa40c897b48cbea7a1c9a7tplv-aphluv4xwc-origin-jpeg.jpeg?dr=15568&#038;nonce=15501&#038;refresh_token=2501ee6785cb869693d76e7d507d4f08&#038;from=476444299&#038;idc=my2&#038;ps=933b5bde&#038;shcp=9b759fb9&#038;shp=1c65f68b&#038;t=555f072d\" width=\"1536\" height=\"2048\"><\/p>\n<p>\u0110\u01b0\u1ee3c ch\u1ebf t\u00e1c t\u1ec9 m\u1ec9 \u0111\u1ebfn t\u1eebng chi ti\u1ebft, m\u1eb7t d\u00e2y chuy\u1ec1n n\u00e0y to\u00e1t l\u00ean v\u1ebb thanh l\u1ecbch v\u00e0 quy\u1ebfn r\u0169, ho\u00e0n h\u1ea3o cho c\u1ea3 nam v\u00e0 n\u1eef y\u00eau th\u00edch \u0111\u1ed3 trang s\u1ee9c ng\u1ecdc b\u00edch cao c\u1ea5p.<\/p>\n<ul>\n<li>C\u00f3 k\u00e8m ch\u1ee9ng ch\u1ec9: C\u00f3<\/li>\n<li>Khu v\u1ef1c xu\u1ea5t x\u1ee9: Myanmar<\/li>\n<li>Nh\u00e2n d\u1ecbp: S\u1ef1 ki\u1ec7n may m\u1eafn ho\u1eb7c trang ph\u1ee5c th\u01b0\u1eddng ng\u00e0y<\/li>\n<li>Lo\u1ea1i ng\u1ecdc b\u00edch: Jadeite<\/li>\n<\/ul>\n<p>Th\u00eam n\u00e9t tinh t\u1ebf cho trang ph\u1ee5c c\u1ee7a b\u1ea1n v\u1edbi M\u1eb7t d\u00e2y chuy\u1ec1n ng\u1ecdc b\u00edch t\u1ef1 nhi\u00ean lo\u1ea1i A m\u00e0u xanh l\u00e1 c\u00e2y v\u00e0 v\u00e0ng tuy\u1ec7t \u0111\u1eb9p n\u00e0y c\u00f3 thi\u1ebft k\u1ebf t\u01b0\u1ee3ng tr\u01b0ng cho Ruyi v\u00e0 Pixiu.<\/p>\n<p><\/p>\n<p><strong>Jadeite t\u1ef1 nhi\u00ean kh\u00f4ng ho\u00e0n h\u1ea3o, ch\u1ec9 l\u00e0 m\u1ed9t l\u1eddi nh\u1eafc nh\u1edf nh\u1eb9 nh\u00e0ng, Jadeite t\u1ef1 nhi\u00ean c\u1ee7a ch\u00fang t\u00f4i, gi\u1ed1ng nh\u01b0 t\u1ea5t c\u1ea3 nh\u1eefng th\u1ee9 \u0111\u1eb9p \u0111\u1ebd trong t\u1ef1 nhi\u00ean, c\u00f3 nh\u1eefng \u0111\u1eb7c \u0111i\u1ec3m v\u00e0 bi\u1ebfn th\u1ec3 \u0111\u1ed9c \u0111\u00e1o. Ch\u00fang t\u00f4i m\u1eddi nh\u1eefng kh\u00e1ch h\u00e0ng c\u00f3 gi\u00e1 tr\u1ecb c\u1ee7a m\u00ecnh \u0111\u00f3n nh\u1eadn nh\u1eefng bi\u1ebfn th\u1ec3 t\u1ef1 nhi\u00ean n\u00e0y. Ch\u00fac b\u1ea1n mua s\u1eafm vui v\u1ebb!<\/strong><\/p>\n<p><\/p>\n<p><strong><u>Kh\u00f4ng c\u00f3 h\u00ecnh \u1ea3nh v\u00e0 c\u1ea3nh quay video n\u00e0o \u0111\u01b0\u1ee3c l\u1ecdc. Ch\u00fang t\u00f4i khuy\u1ebfn kh\u00edch kh\u00e1ch h\u00e0ng c\u1ee7a m\u00ecnh c\u0169ng xem c\u00e1c video \u0111i k\u00e8m \u0111\u1ec3 c\u00f3 c\u00e1i nh\u00ecn to\u00e0n di\u1ec7n h\u01a1n v\u1ec1 s\u1ea3n ph\u1ea9m c\u1ee7a ch\u00fang t\u00f4i<\/u><\/strong><\/p>\n<p><\/p>\n<ul>\n<li>C\u00e1c n\u1ec1n t\u1ea3ng kh\u00e1c nhau ch\u1ec9 c\u00f3 th\u1ec3 xem video th\u00f4ng qua m\u00e1y t\u00ednh \u0111\u1ec3 b\u00e0n<\/li>\n<\/ul>\n<p>.<\/p>","protected":false},"excerpt":{"rendered":"<p>M\u1eb7t d\u00e2y chuy\u1ec1n Jadeite Jadeite t\u1ef1 nhi\u00ean m\u00e0u xanh l\u00e1 c\u00e2y v\u1edbi m\u00e0u v\u00e0ng n\u00e0y l\u00e0 m\u1ed9t m\u00f3n \u0111\u1ed3 trang s\u1ee9c tuy\u1ec7t \u0111\u1eb9p c\u00f3 thi\u1ebft k\u1ebf Ruyi v\u00e0 Pixiu, khi\u1ebfn n\u00f3 tr\u1edf th\u00e0nh m\u1ed9t ph\u1ee5 ki\u1ec7n \u0111\u1ed9c \u0111\u00e1o v\u00e0 may m\u1eafn. S\u1ed1 ch\u1ee9ng nh\u1eadn: SJ2312021880 Ch\u1ea5t li\u1ec7u: Jadeite Jadeite t\u1ef1 nhi\u00ean m\u00e0u xanh l\u00e1 c\u00e2y v\u1edbi m\u00e0u v\u00e0ng Thi\u1ebft k\u1ebf: Ruyi v\u00e0 Pixiu Tr\u1ecdng l\u01b0\u1ee3ng: 16,67 gram K\u00edch th\u01b0\u1edbc: 47,2 * 19,8 * 13,3 mm (m\u1eb7t d\u00e2y chuy\u1ec1n344) [\u2026]<\/p>","protected":false},"featured_media":13461,"comment_status":"open","ping_status":"closed","template":"","meta":[],"product_brand":[],"product_cat":[194],"product_tag":[65,55,58,85,75,60,61,62],"class_list":{"0":"post-13359","1":"product","2":"type-product","3":"status-publish","4":"has-post-thumbnail","6":"product_cat-value-picks","7":"product_tag-high-quality","8":"product_tag-jadeite","9":"product_tag-new-arrivals","10":"product_tag-pixiu","11":"product_tag-traditional","12":"product_tag-type-a-jadeite","13":"product_tag-unisex","14":"product_tag-yi-pin-qian-exclusive","16":"first","17":"instock","18":"sale","19":"shipping-taxable","20":"purchasable","21":"product-type-simple"},"_links":{"self":[{"href":"https:\/\/shop.yipinqian.com\/vi\/wp-json\/wp\/v2\/product\/13359","targetHints":{"allow":["GET"]}}],"collection":[{"href":"https:\/\/shop.yipinqian.com\/vi\/wp-json\/wp\/v2\/product"}],"about":[{"href":"https:\/\/shop.yipinqian.com\/vi\/wp-json\/wp\/v2\/types\/product"}],"replies":[{"embeddable":true,"href":"https:\/\/shop.yipinqian.com\/vi\/wp-json\/wp\/v2\/comments?post=13359"}],"version-history":[{"count":0,"href":"https:\/\/shop.yipinqian.com\/vi\/wp-json\/wp\/v2\/product\/13359\/revisions"}],"wp:featuredmedia":[{"embeddable":true,"href":"https:\/\/shop.yipinqian.com\/vi\/wp-json\/wp\/v2\/media\/13461"}],"wp:attachment":[{"href":"https:\/\/shop.yipinqian.com\/vi\/wp-json\/wp\/v2\/media?parent=13359"}],"wp:term":[{"taxonomy":"product_brand","embeddable":true,"href":"https:\/\/shop.yipinqian.com\/vi\/wp-json\/wp\/v2\/product_brand?post=13359"},{"taxonomy":"product_cat","embeddable":true,"href":"https:\/\/shop.yipinqian.com\/vi\/wp-json\/wp\/v2\/product_cat?post=13359"},{"taxonomy":"product_tag","embeddable":true,"href":"https:\/\/shop.yipinqian.com\/vi\/wp-json\/wp\/v2\/product_tag?post=13359"}],"curies":[{"name":"wp","href":"https:\/\/api.w.org\/{rel}","templated":true}]}}