{"id":13355,"date":"2024-11-22T19:02:18","date_gmt":"2024-11-22T11:02:18","guid":{"rendered":"https:\/\/shop.yipinqian.com\/good-translucent-cabochon-size-11-9-10-5-5-3-mm-light-lavender-natural-type-a-jadeite-jade-on-s925-as-adjustable-ring-weighs-3-13-grams-s925ring23\/"},"modified":"2025-01-09T01:18:56","modified_gmt":"2025-01-08T17:18:56","slug":"good-translucent-cabochon-size-11-9-10-5-5-3-mm-light-lavender-natural-type-a-jadeite-jade-on-s925-as-adjustable-ring-weighs-3-13-grams-s925ring23","status":"publish","type":"product","link":"https:\/\/shop.yipinqian.com\/vi\/san-pham\/good-translucent-cabochon-size-11-9-10-5-5-3-mm-light-lavender-natural-type-a-jadeite-jade-on-s925-as-adjustable-ring-weighs-3-13-grams-s925ring23\/","title":{"rendered":"Cabochon trong m\u1edd t\u1ed1t K\u00edch th\u01b0\u1edbc 11,9 * 10,5 * 5,3 mm Ng\u1ecdc b\u00edch t\u1ef1 nhi\u00ean m\u00e0u hoa o\u1ea3i h\u01b0\u01a1ng nh\u1ea1t lo\u1ea1i A tr\u00ean S925 l\u00e0m nh\u1eabn c\u00f3 th\u1ec3 \u0111i\u1ec1u ch\u1ec9nh, n\u1eb7ng 3,13 gram (s925ring23)"},"content":{"rendered":"<p>Tr\u1ea3i nghi\u1ec7m s\u1ef1 thanh l\u1ecbch v\u01b0\u1ee3t th\u1eddi gian v\u1edbi Nh\u1eabn ng\u1ecdc b\u00edch Good Translucent Cabochon Natural Type A. \u0110\u01b0\u1ee3c ch\u1ebf t\u00e1c b\u1eb1ng \u0111\u00e1 ng\u1ecdc b\u00edch m\u00e0u hoa o\u1ea3i h\u01b0\u01a1ng nh\u1ea1t tuy\u1ec7t \u0111\u1eb9p, chi\u1ebfc nh\u1eabn c\u00f3 th\u1ec3 \u0111i\u1ec1u ch\u1ec9nh n\u00e0y \u0111\u01b0\u1ee3c g\u1eafn tr\u00ean v\u1eadt li\u1ec7u S925, \u0111\u1ea3m b\u1ea3o c\u1ea3 ch\u1ea5t l\u01b0\u1ee3ng v\u00e0 ki\u1ec3u d\u00e1ng.<\/p>\n<p><\/p>\n<p>S\u1ed1 ch\u1ee9ng ch\u1ec9: GD2203H005241<\/p>\n<p><img fetchpriority=\"high\" decoding=\"async\" src=\"https:\/\/shop.yipinqian.com\/wp-content\/uploads\/2024\/11\/98588dff4b46419d9830ee6fcea4c32etplv-aphluv4xwc-origin-jpeg.jpeg?dr=15568&#038;nonce=14423&#038;refresh_token=ca643d85514a128f72fc3ef80970b312&#038;from=476444299&#038;idc=my2&#038;ps=933b5bde&#038;shcp=9b759fb9&#038;shp=1c65f68b&#038;t=555f072d\" width=\"1080\" height=\"1080\"><\/p>\n<ul>\n<li>C\u00e1c t\u00ednh n\u0103ng ch\u00ednh:<\/li>\n<li>Ng\u1ecdc b\u00edch lo\u1ea1i A t\u1ef1 nhi\u00ean<\/li>\n<li>K\u00edch th\u01b0\u1edbc nh\u1eabn c\u00f3 th\u1ec3 \u0111i\u1ec1u ch\u1ec9nh \u0111\u1ec3 v\u1eeba v\u1eb7n tho\u1ea3i m\u00e1i<\/li>\n<li>N\u1eb7ng 3,13 gram cho c\u1ea3m gi\u00e1c \u0111eo nh\u1eb9 nh\u00e0ng<\/li>\n<li>M\u00e0u hoa o\u1ea3i h\u01b0\u01a1ng nh\u1eb9 nh\u00e0ng thanh l\u1ecbch t\u1ea1o th\u00eam n\u00e9t tinh t\u1ebf<\/li>\n<\/ul>\n<p><img decoding=\"async\" src=\"https:\/\/shop.yipinqian.com\/wp-content\/uploads\/2024\/11\/779d78d8b792493db651e43a35581ec1tplv-aphluv4xwc-origin-jpeg.jpeg?dr=15568&#038;nonce=35664&#038;refresh_token=cbfbfbccd8b07819bb3524cd87ce386c&#038;from=476444299&#038;idc=my2&#038;ps=933b5bde&#038;shcp=9b759fb9&#038;shp=1c65f68b&#038;t=555f072d\" width=\"1080\" height=\"1080\"><\/p>\n<p>M\u00f3n \u0111\u1ed3 tinh x\u1ea3o n\u00e0y c\u00f3 k\u00edch th\u01b0\u1edbc 11,9 * 10,5 * 5,3 mm v\u00e0 c\u00f3 \u0111\u1ed9 trong m\u1edd t\u1ed1t, l\u00e0 s\u1ef1 b\u1ed5 sung tuy\u1ec7t \u0111\u1eb9p cho b\u1ea5t k\u1ef3 b\u1ed9 s\u01b0u t\u1eadp trang s\u1ee9c n\u00e0o.<\/p>\n<ul>\n<li>Chi ti\u1ebft s\u1ea3n ph\u1ea9m:<\/li>\n<\/ul>\n<ul>\n<li>Gi\u1ea5y ch\u1ee9ng nh\u1eadn c\u00f3 k\u00e8m theo: C\u00f3 Ch\u1ea5t li\u1ec7u \u0111\u00ednh: S925 Khu v\u1ef1c xu\u1ea5t x\u1ee9: Myanmar D\u1ecbp s\u1eed d\u1ee5ng: \u0110eo h\u00e0ng ng\u00e0y Lo\u1ea1i b\u1ea3o h\u00e0nh: Kh\u00f4ng cung c\u1ea5p b\u1ea3o h\u00e0nh D\u00e0nh cho: Thi\u1ebft k\u1ebf d\u00e0nh cho n\u1eef Lo\u1ea1i ng\u1ecdc: Ng\u1ecdc Jadeite ch\u1ea5t l\u01b0\u1ee3ng cao<\/li>\n<\/ul>","protected":false},"excerpt":{"rendered":"<p>Tr\u1ea3i nghi\u1ec7m s\u1ef1 thanh l\u1ecbch v\u01b0\u1ee3t th\u1eddi gian v\u1edbi Nh\u1eabn Ng\u1ecdc b\u00edch T\u1ef1 nhi\u00ean Lo\u1ea1i A Cabochon Trong su\u1ed1t T\u1ed1t. \u0110\u01b0\u1ee3c ch\u1ebf t\u00e1c b\u1eb1ng \u0111\u00e1 ng\u1ecdc b\u00edch m\u00e0u hoa o\u1ea3i h\u01b0\u01a1ng nh\u1ea1t tuy\u1ec7t \u0111\u1eb9p, chi\u1ebfc nh\u1eabn c\u00f3 th\u1ec3 \u0111i\u1ec1u ch\u1ec9nh n\u00e0y \u0111\u01b0\u1ee3c g\u1eafn tr\u00ean v\u1eadt li\u1ec7u S925, \u0111\u1ea3m b\u1ea3o c\u1ea3 ch\u1ea5t l\u01b0\u1ee3ng v\u00e0 ki\u1ec3u d\u00e1ng. S\u1ed1 ch\u1ee9ng nh\u1eadn: GD2203H005241 C\u00e1c t\u00ednh n\u0103ng ch\u00ednh: Ng\u1ecdc b\u00edch T\u1ef1 nhi\u00ean Lo\u1ea1i A Jadeite K\u00edch th\u01b0\u1edbc nh\u1eabn c\u00f3 th\u1ec3 \u0111i\u1ec1u ch\u1ec9nh \u0111\u1ec3 v\u1eeba v\u1eb7n tho\u1ea3i m\u00e1i N\u1eb7ng 3,13 gram [\u2026]<\/p>","protected":false},"featured_media":13435,"comment_status":"open","ping_status":"closed","template":"","meta":[],"product_brand":[],"product_cat":[80,126,125],"product_tag":[64,52,92,65,66,108,58,67,60,62],"class_list":{"0":"post-13355","1":"product","2":"type-product","3":"status-publish","4":"has-post-thumbnail","6":"product_cat-jade-rings","7":"product_cat-new-arrivals","8":"product_cat-s925-settings-jadeites","9":"product_tag-cabochon","10":"product_tag-certified","11":"product_tag-free-size","12":"product_tag-high-quality","13":"product_tag-jade-ring","14":"product_tag-light-lavender","15":"product_tag-new-arrivals","16":"product_tag-s925","17":"product_tag-type-a-jadeite","18":"product_tag-yi-pin-qian-exclusive","20":"first","21":"instock","22":"sale","23":"shipping-taxable","24":"purchasable","25":"product-type-simple"},"_links":{"self":[{"href":"https:\/\/shop.yipinqian.com\/vi\/wp-json\/wp\/v2\/product\/13355","targetHints":{"allow":["GET"]}}],"collection":[{"href":"https:\/\/shop.yipinqian.com\/vi\/wp-json\/wp\/v2\/product"}],"about":[{"href":"https:\/\/shop.yipinqian.com\/vi\/wp-json\/wp\/v2\/types\/product"}],"replies":[{"embeddable":true,"href":"https:\/\/shop.yipinqian.com\/vi\/wp-json\/wp\/v2\/comments?post=13355"}],"version-history":[{"count":0,"href":"https:\/\/shop.yipinqian.com\/vi\/wp-json\/wp\/v2\/product\/13355\/revisions"}],"wp:featuredmedia":[{"embeddable":true,"href":"https:\/\/shop.yipinqian.com\/vi\/wp-json\/wp\/v2\/media\/13435"}],"wp:attachment":[{"href":"https:\/\/shop.yipinqian.com\/vi\/wp-json\/wp\/v2\/media?parent=13355"}],"wp:term":[{"taxonomy":"product_brand","embeddable":true,"href":"https:\/\/shop.yipinqian.com\/vi\/wp-json\/wp\/v2\/product_brand?post=13355"},{"taxonomy":"product_cat","embeddable":true,"href":"https:\/\/shop.yipinqian.com\/vi\/wp-json\/wp\/v2\/product_cat?post=13355"},{"taxonomy":"product_tag","embeddable":true,"href":"https:\/\/shop.yipinqian.com\/vi\/wp-json\/wp\/v2\/product_tag?post=13355"}],"curies":[{"name":"wp","href":"https:\/\/api.w.org\/{rel}","templated":true}]}}