{"id":13353,"date":"2024-11-22T19:02:15","date_gmt":"2024-11-22T11:02:15","guid":{"rendered":"https:\/\/shop.yipinqian.com\/drop-shape-crafting-on-natural-type-a-jadeite-jade-as-pendant-in-singapore-with-certificate-weighs-5-93-grams-measurement-24-5-14-6-6-1-mm-pendant-334\/"},"modified":"2025-01-09T01:19:07","modified_gmt":"2025-01-08T17:19:07","slug":"drop-shape-crafting-on-natural-type-a-jadeite-jade-as-pendant-in-singapore-with-certificate-weighs-5-93-grams-measurement-24-5-14-6-6-1-mm-pendant-334","status":"publish","type":"product","link":"https:\/\/shop.yipinqian.com\/vi\/san-pham\/drop-shape-crafting-on-natural-type-a-jadeite-jade-as-pendant-in-singapore-with-certificate-weighs-5-93-grams-measurement-24-5-14-6-6-1-mm-pendant-334\/","title":{"rendered":"M\u1eb7t d\u00e2y chuy\u1ec1n ch\u1ebf t\u00e1c h\u00ecnh gi\u1ecdt n\u01b0\u1edbc t\u1eeb ng\u1ecdc b\u00edch lo\u1ea1i A t\u1ef1 nhi\u00ean t\u1ea1i Singapore c\u00f3 gi\u1ea5y ch\u1ee9ng nh\u1eadn n\u1eb7ng 5,93 gram, k\u00edch th\u01b0\u1edbc 24,5 * 14,6 * 6,1 mm (m\u1eb7t d\u00e2y chuy\u1ec1n 334)"},"content":{"rendered":"<p>M\u1eb7t d\u00e2y chuy\u1ec1n tinh x\u1ea3o n\u00e0y c\u00f3 h\u00ecnh gi\u1ecdt n\u01b0\u1edbc \u0111\u01b0\u1ee3c ch\u1ebf t\u00e1c t\u1eeb Ng\u1ecdc b\u00edch Jadeite lo\u1ea1i A t\u1ef1 nhi\u00ean \u1edf Singapore, k\u00e8m theo gi\u1ea5y ch\u1ee9ng nh\u1eadn x\u00e1c th\u1ef1c.<\/p>\n<p><\/p>\n<p>S\u1ed1 ch\u1ee9ng ch\u1ec9: GD2110H017367<\/p>\n<p><img fetchpriority=\"high\" decoding=\"async\" src=\"https:\/\/shop.yipinqian.com\/wp-content\/uploads\/2024\/11\/a451a2a204db487f8624339d487f47a8tplv-aphluv4xwc-origin-jpeg.jpeg?dr=15568&#038;nonce=19642&#038;refresh_token=891fd827279d2465694e6124889dbe75&#038;from=476444299&#038;idc=my2&#038;ps=933b5bde&#038;shcp=9b759fb9&#038;shp=1c65f68b&#038;t=555f072d\" width=\"1080\" height=\"1080\"><\/p>\n<ul>\n<li>\n<strong>C\u00e2n n\u1eb7ng:<\/strong> 5,93 gam<\/li>\n<li>\n<strong>\u0110o l\u01b0\u1eddng:<\/strong> 24,5 * 14,6 * 6,1mm<\/li>\n<li>\n<strong>S\u1ed1 m\u1eb7t d\u00e2y chuy\u1ec1n:<\/strong> 334<\/li>\n<li>\n<strong>Lo\u1ea1i ng\u1ecdc b\u00edch:<\/strong> Ng\u1ecdc b\u00edch<\/li>\n<li><strong>M\u1eb7t d\u00e2y chuy\u1ec1n ng\u1ecdc b\u00edch Jadeite t\u1ef1 nhi\u00ean lo\u1ea1i A t\u1ea1i Singapore c\u00f3 k\u00e8m gi\u1ea5y ch\u1ee9ng nh\u1eadn.<\/strong><\/li>\n<\/ul>\n<p><img decoding=\"async\" src=\"https:\/\/shop.yipinqian.com\/wp-content\/uploads\/2024\/11\/e85b58ea92314dd0b1f3bd1376af54c8tplv-aphluv4xwc-origin-jpeg.jpeg?dr=15568&#038;nonce=61432&#038;refresh_token=c95984cbb7e00b33747081d6b16236a8&#038;from=476444299&#038;idc=my2&#038;ps=933b5bde&#038;shcp=9b759fb9&#038;shp=1c65f68b&#038;t=555f072d\" width=\"1080\" height=\"1080\"><\/p>\n<p>M\u1eabu trang s\u1ee9c unisex n\u00e0y ho\u00e0n h\u1ea3o \u0111\u1ec3 \u0111eo h\u00e0ng ng\u00e0y, t\u1ea1o \u0111i\u1ec3m nh\u1ea5n thanh l\u1ecbch cho m\u1ecdi trang ph\u1ee5c v\u1edbi ki\u1ec3u v\u00f2ng c\u1ed5 gi\u1ea3n d\u1ecb.<\/p>\n<ul>\n<li>\n<strong>Gi\u1ea5y ch\u1ee9ng nh\u1eadn bao g\u1ed3m:<\/strong> \u0110\u00fang<\/li>\n<\/ul>\n<ul><\/ul>\n<p>Ngu\u1ed3n g\u1ed1c c\u1ee7a m\u1eb7t d\u00e2y chuy\u1ec1n tuy\u1ec7t \u0111\u1eb9p n\u00e0y l\u00e0 t\u1eeb Myanmar, th\u1ec3 hi\u1ec7n v\u1ebb \u0111\u1eb9p v\u00e0 tay ngh\u1ec1 th\u1ee7 c\u00f4ng c\u1ee7a ng\u1ecdc b\u00edch t\u1eeb khu v\u1ef1c n\u00e0y.<\/p>\n<p>Xin l\u01b0u \u00fd r\u1eb1ng s\u1ea3n ph\u1ea9m n\u00e0y kh\u00f4ng \u0111i k\u00e8m b\u1ea3o h\u00e0nh nh\u01b0ng v\u1eabn mang \u0111\u1ebfn v\u1ebb \u0111\u1eb9p v\u00e0 phong c\u00e1ch v\u01b0\u1ee3t th\u1eddi gian cho m\u1ecdi d\u1ecbp.<\/p>\n<p><\/p>\n<p><strong>Jadeite t\u1ef1 nhi\u00ean kh\u00f4ng ho\u00e0n h\u1ea3o, ch\u1ec9 l\u00e0 m\u1ed9t l\u1eddi nh\u1eafc nh\u1edf nh\u1eb9 nh\u00e0ng, Jadeite t\u1ef1 nhi\u00ean c\u1ee7a ch\u00fang t\u00f4i, gi\u1ed1ng nh\u01b0 t\u1ea5t c\u1ea3 nh\u1eefng th\u1ee9 \u0111\u1eb9p \u0111\u1ebd trong t\u1ef1 nhi\u00ean, c\u00f3 nh\u1eefng \u0111\u1eb7c \u0111i\u1ec3m v\u00e0 bi\u1ebfn th\u1ec3 \u0111\u1ed9c \u0111\u00e1o. Ch\u00fang t\u00f4i m\u1eddi nh\u1eefng kh\u00e1ch h\u00e0ng c\u00f3 gi\u00e1 tr\u1ecb c\u1ee7a m\u00ecnh \u0111\u00f3n nh\u1eadn nh\u1eefng bi\u1ebfn th\u1ec3 t\u1ef1 nhi\u00ean n\u00e0y. Ch\u00fac b\u1ea1n mua s\u1eafm vui v\u1ebb!<\/strong><\/p>\n<p><\/p>\n<p><strong><u>Kh\u00f4ng c\u00f3 h\u00ecnh \u1ea3nh v\u00e0 c\u1ea3nh quay video n\u00e0o \u0111\u01b0\u1ee3c l\u1ecdc. Ch\u00fang t\u00f4i khuy\u1ebfn kh\u00edch kh\u00e1ch h\u00e0ng c\u1ee7a m\u00ecnh c\u0169ng xem c\u00e1c video \u0111i k\u00e8m \u0111\u1ec3 c\u00f3 c\u00e1i nh\u00ecn to\u00e0n di\u1ec7n h\u01a1n v\u1ec1 s\u1ea3n ph\u1ea9m c\u1ee7a ch\u00fang t\u00f4i<\/u><\/strong><\/p>\n<p><\/p>\n<ul>\n<li>C\u00e1c n\u1ec1n t\u1ea3ng kh\u00e1c nhau ch\u1ec9 c\u00f3 th\u1ec3 xem video th\u00f4ng qua m\u00e1y t\u00ednh \u0111\u1ec3 b\u00e0n<\/li>\n<\/ul>\n<p>.<\/p>","protected":false},"excerpt":{"rendered":"<p>M\u1eb7t d\u00e2y chuy\u1ec1n tinh x\u1ea3o n\u00e0y c\u00f3 h\u00ecnh gi\u1ecdt n\u01b0\u1edbc \u0111\u01b0\u1ee3c ch\u1ebf t\u00e1c t\u1eeb Ng\u1ecdc b\u00edch Jadeite lo\u1ea1i A t\u1ef1 nhi\u00ean t\u1ea1i Singapore, k\u00e8m theo gi\u1ea5y ch\u1ee9ng nh\u1eadn x\u00e1c th\u1ef1c. S\u1ed1 ch\u1ee9ng nh\u1eadn: GD2110H017367 Tr\u1ecdng l\u01b0\u1ee3ng: 5,93 gam K\u00edch th\u01b0\u1edbc: 24,5 * 14,6 * 6,1 mm S\u1ed1 m\u1eb7t d\u00e2y chuy\u1ec1n: 334 Lo\u1ea1i ng\u1ecdc: Jadeite M\u1eb7t d\u00e2y chuy\u1ec1n Ng\u1ecdc b\u00edch Jadeite lo\u1ea1i A t\u1ef1 nhi\u00ean t\u1ea1i Singapore k\u00e8m theo gi\u1ea5y ch\u1ee9ng nh\u1eadn. M\u00f3n \u0111\u1ed3 unisex n\u00e0y l\u00e0 [\u2026]<\/p>","protected":false},"featured_media":13422,"comment_status":"open","ping_status":"closed","template":"","meta":[],"product_brand":[],"product_cat":[83,126,48],"product_tag":[52,65,55,56,58,73,59,60,61,62],"class_list":{"0":"post-13353","1":"product","2":"type-product","3":"status-publish","4":"has-post-thumbnail","6":"product_cat-jade-necklaces-pendants","7":"product_cat-new-arrivals","8":"product_cat-pendants","9":"product_tag-certified","10":"product_tag-high-quality","11":"product_tag-jadeite","12":"product_tag-limited-editions","13":"product_tag-new-arrivals","14":"product_tag-pendant","15":"product_tag-translucent","16":"product_tag-type-a-jadeite","17":"product_tag-unisex","18":"product_tag-yi-pin-qian-exclusive","20":"first","21":"instock","22":"sale","23":"shipping-taxable","24":"purchasable","25":"product-type-simple"},"_links":{"self":[{"href":"https:\/\/shop.yipinqian.com\/vi\/wp-json\/wp\/v2\/product\/13353","targetHints":{"allow":["GET"]}}],"collection":[{"href":"https:\/\/shop.yipinqian.com\/vi\/wp-json\/wp\/v2\/product"}],"about":[{"href":"https:\/\/shop.yipinqian.com\/vi\/wp-json\/wp\/v2\/types\/product"}],"replies":[{"embeddable":true,"href":"https:\/\/shop.yipinqian.com\/vi\/wp-json\/wp\/v2\/comments?post=13353"}],"version-history":[{"count":0,"href":"https:\/\/shop.yipinqian.com\/vi\/wp-json\/wp\/v2\/product\/13353\/revisions"}],"wp:featuredmedia":[{"embeddable":true,"href":"https:\/\/shop.yipinqian.com\/vi\/wp-json\/wp\/v2\/media\/13422"}],"wp:attachment":[{"href":"https:\/\/shop.yipinqian.com\/vi\/wp-json\/wp\/v2\/media?parent=13353"}],"wp:term":[{"taxonomy":"product_brand","embeddable":true,"href":"https:\/\/shop.yipinqian.com\/vi\/wp-json\/wp\/v2\/product_brand?post=13353"},{"taxonomy":"product_cat","embeddable":true,"href":"https:\/\/shop.yipinqian.com\/vi\/wp-json\/wp\/v2\/product_cat?post=13353"},{"taxonomy":"product_tag","embeddable":true,"href":"https:\/\/shop.yipinqian.com\/vi\/wp-json\/wp\/v2\/product_tag?post=13353"}],"curies":[{"name":"wp","href":"https:\/\/api.w.org\/{rel}","templated":true}]}}