{"id":13343,"date":"2024-11-22T19:02:01","date_gmt":"2024-11-22T11:02:01","guid":{"rendered":"https:\/\/shop.yipinqian.com\/57-8mm-width-13-7-thickness-7-8-mm-peace-bangle-light-green-hue-with-brownish-yellow-natural-type-a-jadeite-jade-certificate-weighs-59-44-grams-bangle20\/"},"modified":"2025-02-24T00:49:48","modified_gmt":"2025-02-23T16:49:48","slug":"57-8mm-width-13-7-thickness-7-8-mm-peace-bangle-light-green-hue-with-brownish-yellow-natural-type-a-jadeite-jade-certificate-weighs-59-44-grams-bangle20","status":"publish","type":"product","link":"https:\/\/shop.yipinqian.com\/vi\/san-pham\/57-8mm-width-13-7-thickness-7-8-mm-peace-bangle-light-green-hue-with-brownish-yellow-natural-type-a-jadeite-jade-certificate-weighs-59-44-grams-bangle20\/","title":{"rendered":"57,8mm, R\u1ed9ng 13,7 * D\u00e0y 7,8mm V\u00f2ng tay Peace M\u00e0u xanh l\u00e1 c\u00e2y nh\u1ea1t v\u1edbi \u0110\u00e1 Jadeite t\u1ef1 nhi\u00ean lo\u1ea1i A m\u00e0u v\u00e0ng n\u00e2u Gi\u1ea5y ch\u1ee9ng nh\u1eadn ng\u1ecdc b\u00edch n\u1eb7ng 59,44 gram (bangle20)"},"content":{"rendered":"<p>Chi\u1ebfc v\u00f2ng tay Peace Bangle n\u00e0y c\u00f3 m\u00e0u xanh l\u00e1 c\u00e2y nh\u1ea1t tuy\u1ec7t \u0111\u1eb9p v\u1edbi ch\u1ee9ng nh\u1eadn Jadeite Jade t\u1ef1 nhi\u00ean lo\u1ea1i A m\u00e0u v\u00e0ng n\u00e2u, c\u00f3 ngu\u1ed3n g\u1ed1c t\u1eeb Myanmar. M\u1ed9t ph\u1ee5 ki\u1ec7n ho\u00e0n h\u1ea3o \u0111\u1ec3 \u0111eo h\u00e0ng ng\u00e0y, chi\u1ebfc v\u00f2ng tay n\u00e0y \u0111\u01b0\u1ee3c thi\u1ebft k\u1ebf cho c\u1ea3 nam v\u00e0 n\u1eef.<\/p>\n<p><\/p>\n<p>S\u1ed1 ch\u1ee9ng ch\u1ec9: GD2110H002980<\/p>\n<p><img fetchpriority=\"high\" decoding=\"async\" src=\"https:\/\/shop.yipinqian.com\/wp-content\/uploads\/2024\/11\/c77bbcfe1bc041e4848a5091cf6e67a2tplv-aphluv4xwc-origin-jpeg.jpeg?dr=15568&#038;nonce=2800&#038;refresh_token=9c8bdd06c56be537a0e57e0a60470944&#038;from=476444299&#038;idc=my&#038;ps=933b5bde&#038;shcp=9b759fb9&#038;shp=1c65f68b&#038;t=555f072d\" width=\"1080\" height=\"1080\"><\/p>\n<ul>\n<li>\n<strong>K\u00edch th\u01b0\u1edbc:<\/strong> \u0110\u01b0\u1eddng k\u00ednh 57,8mm, r\u1ed9ng 13,7mm v\u00e0 d\u00e0y 7,8mm<\/li>\n<li>\n<strong>C\u00e2n n\u1eb7ng:<\/strong> N\u1eb7ng 59,44 gram<\/li>\n<li>\n<strong>Lo\u1ea1i ng\u1ecdc b\u00edch:<\/strong> Jadeite ch\u1ea5t l\u01b0\u1ee3ng cao<\/li>\n<li>\n<strong>Gi\u1ea5y ch\u1ee9ng nh\u1eadn:<\/strong> \u0110i k\u00e8m v\u1edbi gi\u1ea5y ch\u1ee9ng nh\u1eadn x\u00e1c th\u1ef1c<\/li>\n<\/ul>\n<p><img decoding=\"async\" src=\"https:\/\/shop.yipinqian.com\/wp-content\/uploads\/2024\/11\/61122923b31643b6aa1237f00c2d5519tplv-aphluv4xwc-origin-jpeg.jpeg?dr=15568&#038;nonce=93800&#038;refresh_token=59f0c3a293bca5ea8174474d84601124&#038;from=476444299&#038;idc=my&#038;ps=933b5bde&#038;shcp=9b759fb9&#038;shp=1c65f68b&#038;t=555f072d\" width=\"1536\" height=\"2048\"><\/p>\n<p>\u0110\u01b0\u1ee3c ch\u1ebf t\u00e1c tinh x\u1ea3o v\u00e0 to\u00e1t l\u00ean v\u1ebb \u0111\u1eb9p t\u1ef1 nhi\u00ean, chi\u1ebfc v\u00f2ng tay n\u00e0y l\u00e0 m\u1ed9t m\u00f3n \u0111\u1ed3 v\u01b0\u1ee3t th\u1eddi gian, mang \u0111\u1ebfn n\u00e9t tinh t\u1ebf cho b\u1ea5t k\u1ef3 trang ph\u1ee5c n\u00e0o.<\/p>\n<p><\/p>\n<p><strong>Jadeite t\u1ef1 nhi\u00ean kh\u00f4ng ho\u00e0n h\u1ea3o, ch\u1ec9 l\u00e0 m\u1ed9t l\u1eddi nh\u1eafc nh\u1edf nh\u1eb9 nh\u00e0ng, Jadeite t\u1ef1 nhi\u00ean c\u1ee7a ch\u00fang t\u00f4i, gi\u1ed1ng nh\u01b0 t\u1ea5t c\u1ea3 nh\u1eefng th\u1ee9 \u0111\u1eb9p \u0111\u1ebd trong t\u1ef1 nhi\u00ean, c\u00f3 nh\u1eefng \u0111\u1eb7c \u0111i\u1ec3m v\u00e0 bi\u1ebfn th\u1ec3 \u0111\u1ed9c \u0111\u00e1o. Ch\u00fang t\u00f4i m\u1eddi nh\u1eefng kh\u00e1ch h\u00e0ng c\u00f3 gi\u00e1 tr\u1ecb c\u1ee7a m\u00ecnh \u0111\u00f3n nh\u1eadn nh\u1eefng bi\u1ebfn th\u1ec3 t\u1ef1 nhi\u00ean n\u00e0y. Ch\u00fac b\u1ea1n mua s\u1eafm vui v\u1ebb!<\/strong><\/p>\n<p><\/p>\n<p><strong><u>Kh\u00f4ng c\u00f3 h\u00ecnh \u1ea3nh v\u00e0 c\u1ea3nh quay video n\u00e0o \u0111\u01b0\u1ee3c l\u1ecdc. Ch\u00fang t\u00f4i khuy\u1ebfn kh\u00edch kh\u00e1ch h\u00e0ng c\u1ee7a m\u00ecnh c\u0169ng xem c\u00e1c video \u0111i k\u00e8m \u0111\u1ec3 c\u00f3 c\u00e1i nh\u00ecn to\u00e0n di\u1ec7n h\u01a1n v\u1ec1 s\u1ea3n ph\u1ea9m c\u1ee7a ch\u00fang t\u00f4i<\/u><\/strong><\/p>\n<p><\/p>\n<ul>\n<li>C\u00e1c n\u1ec1n t\u1ea3ng kh\u00e1c nhau ch\u1ec9 c\u00f3 th\u1ec3 xem video th\u00f4ng qua m\u00e1y t\u00ednh \u0111\u1ec3 b\u00e0n<\/li>\n<\/ul>","protected":false},"excerpt":{"rendered":"<p>Chi\u1ebfc v\u00f2ng tay Peace Bangle n\u00e0y c\u00f3 m\u00e0u xanh l\u00e1 c\u00e2y nh\u1ea1t tuy\u1ec7t \u0111\u1eb9p v\u1edbi ch\u1ee9ng nh\u1eadn Jadeite Jade t\u1ef1 nhi\u00ean lo\u1ea1i A m\u00e0u v\u00e0ng n\u00e2u, c\u00f3 ngu\u1ed3n g\u1ed1c t\u1eeb Myanmar. M\u1ed9t ph\u1ee5 ki\u1ec7n ho\u00e0n h\u1ea3o \u0111\u1ec3 \u0111eo h\u00e0ng ng\u00e0y, chi\u1ebfc v\u00f2ng tay n\u00e0y \u0111\u01b0\u1ee3c thi\u1ebft k\u1ebf cho c\u1ea3 nam v\u00e0 n\u1eef. S\u1ed1 ch\u1ee9ng nh\u1eadn: GD2110H002980 K\u00edch th\u01b0\u1edbc: \u0111\u01b0\u1eddng k\u00ednh 57,8mm, r\u1ed9ng 13,7mm v\u00e0 d\u00e0y 7,8mm Tr\u1ecdng l\u01b0\u1ee3ng: N\u1eb7ng 59,44 gram Jade [\u2026]<\/p>","protected":false},"featured_media":13350,"comment_status":"open","ping_status":"closed","template":"","meta":[],"product_brand":[],"product_cat":[194],"product_tag":[86,102,52,55,82,113,75,60,61,68,62],"class_list":{"0":"post-13343","1":"product","2":"type-product","3":"status-publish","4":"has-post-thumbnail","6":"product_cat-value-picks","7":"product_tag-bangle","8":"product_tag-bracelet","9":"product_tag-certified","10":"product_tag-jadeite","11":"product_tag-light-green","12":"product_tag-peace-bangle","13":"product_tag-traditional","14":"product_tag-type-a-jadeite","15":"product_tag-unisex","16":"product_tag-yellow","17":"product_tag-yi-pin-qian-exclusive","19":"first","20":"instock","21":"sale","22":"shipping-taxable","23":"purchasable","24":"product-type-simple"},"_links":{"self":[{"href":"https:\/\/shop.yipinqian.com\/vi\/wp-json\/wp\/v2\/product\/13343","targetHints":{"allow":["GET"]}}],"collection":[{"href":"https:\/\/shop.yipinqian.com\/vi\/wp-json\/wp\/v2\/product"}],"about":[{"href":"https:\/\/shop.yipinqian.com\/vi\/wp-json\/wp\/v2\/types\/product"}],"replies":[{"embeddable":true,"href":"https:\/\/shop.yipinqian.com\/vi\/wp-json\/wp\/v2\/comments?post=13343"}],"version-history":[{"count":0,"href":"https:\/\/shop.yipinqian.com\/vi\/wp-json\/wp\/v2\/product\/13343\/revisions"}],"wp:featuredmedia":[{"embeddable":true,"href":"https:\/\/shop.yipinqian.com\/vi\/wp-json\/wp\/v2\/media\/13350"}],"wp:attachment":[{"href":"https:\/\/shop.yipinqian.com\/vi\/wp-json\/wp\/v2\/media?parent=13343"}],"wp:term":[{"taxonomy":"product_brand","embeddable":true,"href":"https:\/\/shop.yipinqian.com\/vi\/wp-json\/wp\/v2\/product_brand?post=13343"},{"taxonomy":"product_cat","embeddable":true,"href":"https:\/\/shop.yipinqian.com\/vi\/wp-json\/wp\/v2\/product_cat?post=13343"},{"taxonomy":"product_tag","embeddable":true,"href":"https:\/\/shop.yipinqian.com\/vi\/wp-json\/wp\/v2\/product_tag?post=13343"}],"curies":[{"name":"wp","href":"https:\/\/api.w.org\/{rel}","templated":true}]}}