{"id":1334,"date":"2024-10-24T23:18:28","date_gmt":"2024-10-24T15:18:28","guid":{"rendered":"https:\/\/shop.yipinqian.com\/product\/dark-green-natural-type-a-jadeite-jade-crafted-with-three-legs-toad-on-money-pouch-as-pendant-with-certificate-weigh-26-67-grams-measurement-42-18-5-14-mm-pendant230\/"},"modified":"2025-02-24T00:49:58","modified_gmt":"2025-02-23T16:49:58","slug":"dark-green-natural-type-a-jadeite-jade-crafted-with-three-legs-toad-on-money-pouch-as-pendant-with-certificate-weigh-26-67-grams-measurement-42-18-5-14-mm-pendant230","status":"publish","type":"product","link":"https:\/\/shop.yipinqian.com\/vi\/san-pham\/dark-green-natural-type-a-jadeite-jade-crafted-with-three-legs-toad-on-money-pouch-as-pendant-with-certificate-weigh-26-67-grams-measurement-42-18-5-14-mm-pendant230\/","title":{"rendered":"Ng\u1ecdc b\u00edch t\u1ef1 nhi\u00ean m\u00e0u xanh l\u00e1 c\u00e2y \u0111\u1eadm lo\u1ea1i A \u0111\u01b0\u1ee3c ch\u1ebf t\u00e1c v\u1edbi h\u00ecnh con c\u00f3c ba ch\u00e2n tr\u00ean T\u00fai \u0111\u1ef1ng ti\u1ec1n l\u00e0m m\u1eb7t d\u00e2y chuy\u1ec1n k\u00e8m theo gi\u1ea5y ch\u1ee9ng nh\u1eadn n\u1eb7ng 26,67 gram, k\u00edch th\u01b0\u1edbc 42 * 18,5 * 14 mm (m\u1eb7t d\u00e2y chuy\u1ec1n230)"},"content":{"rendered":"<p>N\u00e2ng t\u1ea7m phong c\u00e1ch c\u1ee7a b\u1ea1n v\u1edbi m\u1eb7t d\u00e2y chuy\u1ec1n Ng\u1ecdc b\u00edch t\u1ef1 nhi\u00ean lo\u1ea1i A tinh x\u1ea3o n\u00e0y, c\u00f3 thi\u1ebft k\u1ebf h\u00ecnh con c\u00f3c ba ch\u00e2n tr\u00ean t\u00fai \u0111\u1ef1ng ti\u1ec1n.<\/p>\n<p><\/p>\n<p>S\u1ed1 ch\u1ee9ng ch\u1ec9: 920460023040<\/p>\n<ul>\n<li>\n<strong>Ng\u1ecdc b\u00edch t\u1ef1 nhi\u00ean lo\u1ea1i A:<\/strong> \u0110\u01b0\u1ee3c ch\u1ebf t\u00e1c b\u1eb1ng ng\u1ecdc b\u00edch xanh \u0111\u1eadm ch\u1ea5t l\u01b0\u1ee3ng cao, m\u1eb7t d\u00e2y chuy\u1ec1n n\u00e0y l\u00e0 m\u1ed9t m\u00f3n \u0111\u1ed3 trang s\u1ee9c qu\u00fd hi\u1ebfm v\u00e0 c\u00f3 gi\u00e1 tr\u1ecb b\u1ed5 sung v\u00e0o b\u1ea5t k\u1ef3 b\u1ed9 s\u01b0u t\u1eadp trang s\u1ee9c n\u00e0o.<\/li>\n<li>\n<strong>Gi\u1ea5y ch\u1ee9ng nh\u1eadn bao g\u1ed3m:<\/strong> M\u1eb7t d\u00e2y chuy\u1ec1n n\u00e0y c\u00f3 k\u00e8m theo gi\u1ea5y ch\u1ee9ng nh\u1eadn h\u00e0ng th\u1eadt, \u0111\u1ea3m b\u1ea3o b\u1ea1n s\u1ebd nh\u1eadn \u0111\u01b0\u1ee3c ng\u1ecdc b\u00edch nguy\u00ean ch\u1ea5t v\u00e0 ch\u01b0a qua x\u1eed l\u00fd.<\/li>\n<li>\n<strong>Ki\u1ec3u v\u00f2ng c\u1ed5 th\u01b0\u1eddng ng\u00e0y:<\/strong> Ki\u1ec3u d\u00e1ng gi\u1ea3n d\u1ecb c\u1ee7a chi\u1ebfc v\u00f2ng c\u1ed5 n\u00e0y r\u1ea5t ph\u00f9 h\u1ee3p \u0111\u1ec3 \u0111eo h\u00e0ng ng\u00e0y ho\u1eb7c l\u00e0m ph\u1ee5 ki\u1ec7n thanh l\u1ecbch cho b\u1ea5t k\u1ef3 d\u1ecbp n\u00e0o.<\/li>\n<\/ul>\n<p>N\u1eb7ng 26,67 gram v\u00e0 c\u00f3 k\u00edch th\u01b0\u1edbc 42 * 18,5 * 14 mm (m\u1eb7t d\u00e2y chuy\u1ec1n 230), chi\u1ebfc v\u00f2ng c\u1ed5 unisex n\u00e0y ph\u00f9 h\u1ee3p v\u1edbi b\u1ea5t k\u1ef3 ai mu\u1ed1n th\u00eam ch\u00fat tinh t\u1ebf v\u00e0o phong c\u00e1ch th\u1eddi trang c\u1ee7a m\u00ecnh. \u0110\u01b0\u1ee3c s\u1ea3n xu\u1ea5t t\u1ea1i Myanmar, t\u00ednh x\u00e1c th\u1ef1c c\u1ee7a \u0111\u00e1 t\u1ef1 nhi\u00ean \u0111\u01b0\u1ee3c \u0111\u1ea3m b\u1ea3o b\u1eb1ng gi\u1ea5y ch\u1ee9ng nh\u1eadn c\u00f3 trong g\u00f3i h\u00e0ng. Kh\u00f4ng c\u00f3 lo\u1ea1i b\u1ea3o h\u00e0nh n\u00e0o \u0111\u01b0\u1ee3c ch\u1ec9 \u0111\u1ecbnh, b\u1ea1n c\u00f3 th\u1ec3 tin t\u01b0\u1edfng r\u1eb1ng s\u1ea3n ph\u1ea9m b\u1ea1n mua s\u1ebd gi\u1eef \u0111\u01b0\u1ee3c v\u1ebb \u0111\u1eb9p m\u00e0 kh\u00f4ng c\u1ea7n ph\u1ea3i s\u1eeda ch\u1eefa ho\u1eb7c thay th\u1ebf.<\/p>\n<p><\/p>\n<p><strong>Jadeite t\u1ef1 nhi\u00ean kh\u00f4ng ho\u00e0n h\u1ea3o, ch\u1ec9 l\u00e0 m\u1ed9t l\u1eddi nh\u1eafc nh\u1edf nh\u1eb9 nh\u00e0ng, Jadeite t\u1ef1 nhi\u00ean c\u1ee7a ch\u00fang t\u00f4i, gi\u1ed1ng nh\u01b0 t\u1ea5t c\u1ea3 nh\u1eefng th\u1ee9 \u0111\u1eb9p \u0111\u1ebd trong t\u1ef1 nhi\u00ean, c\u00f3 nh\u1eefng \u0111\u1eb7c \u0111i\u1ec3m v\u00e0 bi\u1ebfn th\u1ec3 \u0111\u1ed9c \u0111\u00e1o. Ch\u00fang t\u00f4i m\u1eddi nh\u1eefng kh\u00e1ch h\u00e0ng c\u00f3 gi\u00e1 tr\u1ecb c\u1ee7a m\u00ecnh \u0111\u00f3n nh\u1eadn nh\u1eefng bi\u1ebfn th\u1ec3 t\u1ef1 nhi\u00ean n\u00e0y. Ch\u00fac b\u1ea1n mua s\u1eafm vui v\u1ebb!<\/strong><\/p>\n<p><\/p>\n<p><strong><u>Kh\u00f4ng c\u00f3 h\u00ecnh \u1ea3nh v\u00e0 c\u1ea3nh quay video n\u00e0o \u0111\u01b0\u1ee3c l\u1ecdc. Ch\u00fang t\u00f4i khuy\u1ebfn kh\u00edch kh\u00e1ch h\u00e0ng c\u1ee7a m\u00ecnh c\u0169ng xem c\u00e1c video \u0111i k\u00e8m \u0111\u1ec3 c\u00f3 c\u00e1i nh\u00ecn to\u00e0n di\u1ec7n h\u01a1n v\u1ec1 s\u1ea3n ph\u1ea9m c\u1ee7a ch\u00fang t\u00f4i<\/u><\/strong><\/p>","protected":false},"excerpt":{"rendered":"<p>Elevate your style with this exquisite Natural Type A Jadeite Jade pendant, featuring a Three-legged Toad on a Money Pouch design. Certificate numbers: 920460023040 Natural Type A Jadeite Jade: Crafted with high-quality dark green jade, this pendant is a rare and valuable addition to any jewelry collection. Certificate Included: This pendant comes with a certificate [&hellip;]<\/p>","protected":false},"featured_media":3451,"comment_status":"open","ping_status":"closed","template":"","meta":[],"product_brand":[],"product_cat":[194],"product_tag":[],"class_list":{"0":"post-1334","1":"product","2":"type-product","3":"status-publish","4":"has-post-thumbnail","6":"product_cat-value-picks","8":"first","9":"instock","10":"sale","11":"shipping-taxable","12":"purchasable","13":"product-type-simple"},"_links":{"self":[{"href":"https:\/\/shop.yipinqian.com\/vi\/wp-json\/wp\/v2\/product\/1334","targetHints":{"allow":["GET"]}}],"collection":[{"href":"https:\/\/shop.yipinqian.com\/vi\/wp-json\/wp\/v2\/product"}],"about":[{"href":"https:\/\/shop.yipinqian.com\/vi\/wp-json\/wp\/v2\/types\/product"}],"replies":[{"embeddable":true,"href":"https:\/\/shop.yipinqian.com\/vi\/wp-json\/wp\/v2\/comments?post=1334"}],"version-history":[{"count":0,"href":"https:\/\/shop.yipinqian.com\/vi\/wp-json\/wp\/v2\/product\/1334\/revisions"}],"wp:featuredmedia":[{"embeddable":true,"href":"https:\/\/shop.yipinqian.com\/vi\/wp-json\/wp\/v2\/media\/3451"}],"wp:attachment":[{"href":"https:\/\/shop.yipinqian.com\/vi\/wp-json\/wp\/v2\/media?parent=1334"}],"wp:term":[{"taxonomy":"product_brand","embeddable":true,"href":"https:\/\/shop.yipinqian.com\/vi\/wp-json\/wp\/v2\/product_brand?post=1334"},{"taxonomy":"product_cat","embeddable":true,"href":"https:\/\/shop.yipinqian.com\/vi\/wp-json\/wp\/v2\/product_cat?post=1334"},{"taxonomy":"product_tag","embeddable":true,"href":"https:\/\/shop.yipinqian.com\/vi\/wp-json\/wp\/v2\/product_tag?post=1334"}],"curies":[{"name":"wp","href":"https:\/\/api.w.org\/{rel}","templated":true}]}}