{"id":1331,"date":"2024-10-24T23:18:26","date_gmt":"2024-10-24T15:18:26","guid":{"rendered":"https:\/\/shop.yipinqian.com\/product\/dark-bluish-green-natural-type-a-jadeite-jade-crafter-with-a-shape-of-cylinder-set-with-18k-gold-clasp-as-pendant-certificate-included-weigh-6-49-grams-measurement-37-6-9-6-6-3-mm-18kp28\/"},"modified":"2025-02-24T00:49:58","modified_gmt":"2025-02-23T16:49:58","slug":"dark-bluish-green-natural-type-a-jadeite-jade-crafter-with-a-shape-of-cylinder-set-with-18k-gold-clasp-as-pendant-certificate-included-weigh-6-49-grams-measurement-37-6-9-6-6-3-mm-18kp28","status":"publish","type":"product","link":"https:\/\/shop.yipinqian.com\/vi\/san-pham\/dark-bluish-green-natural-type-a-jadeite-jade-crafter-with-a-shape-of-cylinder-set-with-18k-gold-clasp-as-pendant-certificate-included-weigh-6-49-grams-measurement-37-6-9-6-6-3-mm-18kp28\/","title":{"rendered":"\u0110\u00e1 Jadeite t\u1ef1 nhi\u00ean lo\u1ea1i A m\u00e0u xanh l\u1ee5c h\u01a1i xanh \u0111\u1eadm \u0111\u01b0\u1ee3c ch\u1ebf t\u00e1c th\u1ee7 c\u00f4ng theo h\u00ecnh tr\u1ee5 \u0111\u00ednh k\u00e8m m\u00f3c kh\u00f3a b\u1eb1ng v\u00e0ng 18k l\u00e0m m\u1eb7t d\u00e2y chuy\u1ec1n, c\u00f3 k\u00e8m gi\u1ea5y ch\u1ee9ng nh\u1eadn, n\u1eb7ng 6,49 gram, k\u00edch th\u01b0\u1edbc 37,6 * 9,6 * 6,3 mm (18kp28)"},"content":{"rendered":"<p>L\u00e0m n\u1ed5i b\u1eadt v\u1ebb ngo\u00e0i c\u1ee7a b\u1ea1n v\u1edbi M\u1eb7t d\u00e2y chuy\u1ec1n h\u00ecnh tr\u1ee5 b\u1eb1ng ng\u1ecdc b\u00edch t\u1ef1 nhi\u00ean m\u00e0u xanh l\u1ee5c s\u1eabm lo\u1ea1i A tuy\u1ec7t \u0111\u1eb9p n\u00e0y. M\u1eb7t d\u00e2y chuy\u1ec1n \u0111i k\u00e8m v\u1edbi m\u00f3c c\u00e0i b\u1eb1ng v\u00e0ng 18k v\u00e0 n\u1eb7ng 6,49 gram, k\u00edch th\u01b0\u1edbc 37,6 * 9,6 * 6,3 mm.<\/p>\n<p><\/p>\n<p>S\u1ed1 ch\u1ee9ng ch\u1ec9: GD2112H009374<\/p>\n<ul>\n<li>\n<strong>\u0110\u1ea3m b\u1ea3o t\u00ednh x\u00e1c th\u1ef1c:<\/strong> \u0110i k\u00e8m v\u1edbi gi\u1ea5y ch\u1ee9ng nh\u1eadn h\u00e0ng th\u1eadt, \u0111\u1ea3m b\u1ea3o r\u1eb1ng b\u1ea1n \u0111ang \u0111\u1ea7u t\u01b0 v\u00e0o m\u1ed9t s\u1ea3n ph\u1ea9m ch\u00ednh h\u00e3ng.<\/li>\n<li>\n<strong>Ch\u1ea5t li\u1ec7u cao c\u1ea5p:<\/strong> \u0110\u01b0\u1ee3c ch\u1ebf t\u00e1c b\u1eb1ng v\u1eadt li\u1ec7u v\u00e0ng PT\/Carat ch\u1ea5t l\u01b0\u1ee3ng cao \u0111\u1ec3 \u0111\u1ea3m b\u1ea3o \u0111\u1ed9 b\u1ec1n v\u00e0 tu\u1ed5i th\u1ecd cao.<\/li>\n<li>\n<strong>C\u00e1c lo\u1ea1i Jadeite:<\/strong> \u0110\u01b0\u1ee3c l\u00e0m t\u1eeb ng\u1ecdc Jadeite lo\u1ea1i A qu\u00fd hi\u1ebfm v\u00e0 tinh x\u1ea3o t\u1eeb Myanmar, \u0111\u1ea3m b\u1ea3o ch\u1ea5t l\u01b0\u1ee3ng h\u00e0ng \u0111\u1ea7u.<\/li>\n<\/ul>\n<p>M\u1eb7t d\u00e2y chuy\u1ec1n ng\u1ecdc b\u00edch n\u00e0y ho\u00e0n h\u1ea3o \u0111\u1ec3 \u0111eo h\u00e0ng ng\u00e0y v\u00ec ki\u1ec3u d\u00e1ng v\u00f2ng c\u1ed5 gi\u1ea3n d\u1ecb c\u1ee7a n\u00f3 ph\u00f9 h\u1ee3p v\u1edbi m\u1ecdi trang ph\u1ee5c b\u1ea5t k\u1ec3 d\u1ecbp n\u00e0o! Th\u00eam v\u00e0o \u0111\u00f3, thi\u1ebft k\u1ebf unisex c\u1ee7a n\u00f3 khi\u1ebfn n\u00f3 tr\u1edf th\u00e0nh l\u1ef1a ch\u1ecdn qu\u00e0 t\u1eb7ng l\u00fd t\u01b0\u1edfng cho ch\u00ednh b\u1ea1n ho\u1eb7c nh\u1eefng ng\u01b0\u1eddi th\u00e2n y\u00eau c\u1ee7a b\u1ea1n!<\/p>\n<p>Xin l\u01b0u \u00fd r\u1eb1ng s\u1ea3n ph\u1ea9m n\u00e0y kh\u00f4ng \u0111i k\u00e8m v\u1edbi b\u1ea5t k\u1ef3 lo\u1ea1i b\u1ea3o h\u00e0nh n\u00e0o do nh\u00e0 s\u1ea3n xu\u1ea5t ho\u1eb7c ng\u01b0\u1eddi b\u00e1n ch\u1ec9 \u0111\u1ecbnh.\u201d<\/p>\n<p><\/p>\n<p>Yi Pin Qian \u2013 Nh\u00e0 bu\u00f4n \u0111\u00e1 qu\u00fd v\u00e0 kim lo\u1ea1i qu\u00fd t\u1ea1i Singapore \u2013 S\u1ed1 gi\u1ea5y ph\u00e9p PS20190000031<\/p>\n<p><\/p>\n<p>*T\u1ea5t c\u1ea3 c\u00e1c lo\u1ea1i Jadeite \u0111\u01b0\u1ee3c mua t\u1eeb Yi Pin Qian t\u1ea1i Singapore, kh\u00e1ch h\u00e0ng c\u00f3 th\u1ec3 \u0111\u1eb7t l\u1ecbch \u0111\u00e1nh b\u00f3ng ho\u1eb7c s\u1eeda ch\u1eefa nh\u1ecf do x\u1eed l\u00fd sai c\u00e1ch \u2013 c\u00f3 t\u00ednh ph\u00ed v\u00e0 ch\u1ec9 d\u00e0nh cho kh\u00e1ch h\u00e0ng c\u1ee7a Yi Pin Qian t\u1ea1i Singapore*<\/p>\n<p><\/p>\n<p><strong>**C\u00e1c lo\u1ea1i ch\u1ee9ng ch\u1ec9**<\/strong><\/p>\n<p><\/p>\n<p><strong>NGI (C\u00f4ng ty \u0110\u00e1 qu\u00fd Nan Yang)<\/strong><\/p>\n<p>ho\u1eb7c <strong>Ch\u1ee9ng ch\u1ec9 n\u01b0\u1edbc ngo\u00e0i <\/strong>(Yi Pin Qian ch\u1ec9 s\u1eed d\u1ee5ng c\u00e1c ch\u1ee9ng ch\u1ec9 x\u00e1c th\u1ef1c t\u1eeb c\u00e1c ph\u00f2ng th\u00ed nghi\u1ec7m \u1edf n\u01b0\u1edbc ngo\u00e0i v\u00e0 ki\u1ec3m so\u00e1t ch\u1ea5t l\u01b0\u1ee3ng m\u1ecdi s\u1ea3n ph\u1ea9m c\u1ee7a ch\u00fang t\u00f4i tr\u01b0\u1edbc khi \u0111\u01b0a ch\u00fang ra b\u00e1n t\u1ea1i Singapore)<\/p>\n<p><\/p>\n<p>M\u1ed7i s\u1ea3n ph\u1ea9m tr\u00ean TikTok s\u1ebd c\u00f3 lo\u1ea1i ch\u1ee9ng ch\u1ec9 \u0111\u01b0\u1ee3c cung c\u1ea5p \u0111\u01b0\u1ee3c n\u00eau trong ph\u1ea7n m\u00f4 t\u1ea3. \u0110\u1ed1i v\u1edbi b\u1ea5t k\u1ef3 kh\u00e1ch h\u00e0ng n\u00e0o mu\u1ed1n g\u1eedi \u0111\u01a1n h\u00e0ng c\u1ee7a m\u00ecnh \u0111\u1ebfn NGI Singapore, s\u1ebd c\u00f3 th\u1eddi gian ch\u1edd giao h\u00e0ng \u01b0\u1edbc t\u00ednh kho\u1ea3ng 4 tu\u1ea7n \u0111\u1ec3 nh\u1eadn \u0111\u01b0\u1ee3c \u0111\u01a1n h\u00e0ng c\u1ee7a b\u1ea1n. <strong>Y\u00eau c\u1ea7u b\u00e1o c\u00e1o v\u1ec1 NGI Gemstone c\u1ea7n \u0111\u01b0\u1ee3c th\u1ef1c hi\u1ec7n b\u1eb1ng c\u00e1ch nh\u1eafn tin \u0111\u1ebfn c\u1eeda h\u00e0ng TikTok Yi Pin Qian.<\/strong> C\u1ea3m \u01a1n, <strong><u>\u00e1p d\u1ee5ng th\u00eam ph\u00ed<\/u><\/strong>.<\/p>\n<p><\/p>\n<p><strong>Jadeite t\u1ef1 nhi\u00ean kh\u00f4ng ho\u00e0n h\u1ea3o, ch\u1ec9 l\u00e0 m\u1ed9t l\u1eddi nh\u1eafc nh\u1edf nh\u1eb9 nh\u00e0ng, Jadeite t\u1ef1 nhi\u00ean c\u1ee7a ch\u00fang t\u00f4i, gi\u1ed1ng nh\u01b0 t\u1ea5t c\u1ea3 nh\u1eefng th\u1ee9 \u0111\u1eb9p \u0111\u1ebd trong t\u1ef1 nhi\u00ean, c\u00f3 nh\u1eefng \u0111\u1eb7c \u0111i\u1ec3m v\u00e0 bi\u1ebfn th\u1ec3 \u0111\u1ed9c \u0111\u00e1o. Ch\u00fang t\u00f4i m\u1eddi nh\u1eefng kh\u00e1ch h\u00e0ng c\u00f3 gi\u00e1 tr\u1ecb c\u1ee7a m\u00ecnh \u0111\u00f3n nh\u1eadn nh\u1eefng bi\u1ebfn th\u1ec3 t\u1ef1 nhi\u00ean n\u00e0y. Ch\u00fac b\u1ea1n mua s\u1eafm vui v\u1ebb!<\/strong><\/p>\n<p><\/p>\n<p><strong><u>Kh\u00f4ng c\u00f3 h\u00ecnh \u1ea3nh v\u00e0 c\u1ea3nh quay video n\u00e0o \u0111\u01b0\u1ee3c l\u1ecdc. Ch\u00fang t\u00f4i khuy\u1ebfn kh\u00edch kh\u00e1ch h\u00e0ng c\u1ee7a m\u00ecnh c\u0169ng xem c\u00e1c video \u0111i k\u00e8m \u0111\u1ec3 c\u00f3 c\u00e1i nh\u00ecn to\u00e0n di\u1ec7n h\u01a1n v\u1ec1 s\u1ea3n ph\u1ea9m c\u1ee7a ch\u00fang t\u00f4i<\/u><\/strong><\/p>","protected":false},"excerpt":{"rendered":"<p>L\u00e0m n\u1ed5i b\u1eadt v\u1ebb ngo\u00e0i c\u1ee7a b\u1ea1n v\u1edbi M\u1eb7t d\u00e2y chuy\u1ec1n h\u00ecnh tr\u1ee5 b\u1eb1ng ng\u1ecdc b\u00edch t\u1ef1 nhi\u00ean m\u00e0u xanh l\u1ee5c s\u1eabm lo\u1ea1i A tuy\u1ec7t \u0111\u1eb9p n\u00e0y. M\u1eb7t d\u00e2y chuy\u1ec1n \u0111i k\u00e8m v\u1edbi m\u00f3c c\u00e0i b\u1eb1ng v\u00e0ng 18k v\u00e0 n\u1eb7ng 6,49 gram, k\u00edch th\u01b0\u1edbc 37,6 * 9,6 * 6,3 mm. S\u1ed1 ch\u1ee9ng nh\u1eadn: GD2112H009374 \u0110\u1ea3m b\u1ea3o t\u00ednh x\u00e1c th\u1ef1c: \u0110i k\u00e8m v\u1edbi ch\u1ee9ng nh\u1eadn t\u00ednh x\u00e1c th\u1ef1c, \u0111\u1ea3m b\u1ea3o r\u1eb1ng b\u1ea1n \u0111ang \u0111\u1ea7u t\u01b0 v\u00e0o m\u1ed9t t\u00e1c ph\u1ea9m ch\u00ednh h\u00e3ng. [\u2026]<\/p>","protected":false},"featured_media":3411,"comment_status":"open","ping_status":"closed","template":"","meta":[],"product_brand":[],"product_cat":[194],"product_tag":[50,69,65,55,56,73,75,62],"class_list":{"0":"post-1331","1":"product","2":"type-product","3":"status-publish","4":"has-post-thumbnail","6":"product_cat-value-picks","7":"product_tag-18k-gold","8":"product_tag-clasp","9":"product_tag-high-quality","10":"product_tag-jadeite","11":"product_tag-limited-editions","12":"product_tag-pendant","13":"product_tag-traditional","14":"product_tag-yi-pin-qian-exclusive","16":"first","17":"instock","18":"sale","19":"shipping-taxable","20":"purchasable","21":"product-type-simple"},"_links":{"self":[{"href":"https:\/\/shop.yipinqian.com\/vi\/wp-json\/wp\/v2\/product\/1331","targetHints":{"allow":["GET"]}}],"collection":[{"href":"https:\/\/shop.yipinqian.com\/vi\/wp-json\/wp\/v2\/product"}],"about":[{"href":"https:\/\/shop.yipinqian.com\/vi\/wp-json\/wp\/v2\/types\/product"}],"replies":[{"embeddable":true,"href":"https:\/\/shop.yipinqian.com\/vi\/wp-json\/wp\/v2\/comments?post=1331"}],"version-history":[{"count":0,"href":"https:\/\/shop.yipinqian.com\/vi\/wp-json\/wp\/v2\/product\/1331\/revisions"}],"wp:featuredmedia":[{"embeddable":true,"href":"https:\/\/shop.yipinqian.com\/vi\/wp-json\/wp\/v2\/media\/3411"}],"wp:attachment":[{"href":"https:\/\/shop.yipinqian.com\/vi\/wp-json\/wp\/v2\/media?parent=1331"}],"wp:term":[{"taxonomy":"product_brand","embeddable":true,"href":"https:\/\/shop.yipinqian.com\/vi\/wp-json\/wp\/v2\/product_brand?post=1331"},{"taxonomy":"product_cat","embeddable":true,"href":"https:\/\/shop.yipinqian.com\/vi\/wp-json\/wp\/v2\/product_cat?post=1331"},{"taxonomy":"product_tag","embeddable":true,"href":"https:\/\/shop.yipinqian.com\/vi\/wp-json\/wp\/v2\/product_tag?post=1331"}],"curies":[{"name":"wp","href":"https:\/\/api.w.org\/{rel}","templated":true}]}}