{"id":1328,"date":"2024-10-24T23:18:25","date_gmt":"2024-10-24T15:18:25","guid":{"rendered":"https:\/\/shop.yipinqian.com\/product\/crafted-with-budai-laughing-buddha-elephant-and-ruyi-premium-semi-icy-natural-type-a-jadeite-with-green-patches-pendant-necklace-with-certificate-weigh-45-38-grams-50-5-44-12-3-mm-pendant160\/"},"modified":"2025-02-24T01:17:33","modified_gmt":"2025-02-23T17:17:33","slug":"crafted-with-budai-laughing-buddha-elephant-and-ruyi-premium-semi-icy-natural-type-a-jadeite-with-green-patches-pendant-necklace-with-certificate-weigh-45-38-grams-50-5-44-12-3-mm-pendant160","status":"publish","type":"product","link":"https:\/\/shop.yipinqian.com\/vi\/san-pham\/crafted-with-budai-laughing-buddha-elephant-and-ruyi-premium-semi-icy-natural-type-a-jadeite-with-green-patches-pendant-necklace-with-certificate-weigh-45-38-grams-50-5-44-12-3-mm-pendant160\/","title":{"rendered":"\u0110\u01b0\u1ee3c ch\u1ebf t\u00e1c t\u1eeb Ph\u1eadt Di L\u1eb7c Budai, Voi v\u00e0 Ng\u1ecdc B\u00edch T\u1ef1 Nhi\u00ean B\u00e1n B\u0103ng Lo\u1ea1i A Ruyi Cao C\u1ea5p v\u1edbi M\u1eb7t D\u00e2y Chuy\u1ec1n c\u00f3 c\u00e1c m\u1ea3ng m\u00e0u xanh l\u00e1 c\u00e2y k\u00e8m gi\u1ea5y ch\u1ee9ng nh\u1eadn n\u1eb7ng 45,38 gram, 50,5 * 44 * 12,3 mm (m\u1eb7t d\u00e2y chuy\u1ec1n160)"},"content":{"rendered":"<p>L\u00e0m phong ph\u00fa th\u00eam b\u1ed9 s\u01b0u t\u1eadp trang s\u1ee9c c\u1ee7a b\u1ea1n v\u1edbi M\u1eb7t d\u00e2y chuy\u1ec1n b\u1eb1ng ng\u1ecdc b\u00edch t\u1ef1 nhi\u00ean b\u00e1n b\u0103ng lo\u1ea1i A, \u0111\u01b0\u1ee3c ch\u1ebf t\u00e1c tinh x\u1ea3o v\u1edbi h\u00ecnh Ph\u1eadt Di L\u1eb7c, Voi v\u00e0 Ruyi cao c\u1ea5p n\u00e0y. M\u1eb7t d\u00e2y chuy\u1ec1n c\u00f3 c\u00e1c m\u1ea3ng m\u00e0u xanh l\u00e1 c\u00e2y tr\u00ean k\u00edch th\u01b0\u1edbc m\u1eb7t d\u00e2y chuy\u1ec1n 50,5 * 44 * 12,3 mm, n\u1eb7ng 45,38 gram.<\/p>\n<p>\u00a0<\/p>\n<p><strong>S\u1ed1 ch\u1ee9ng ch\u1ec9: GD2112H004537<\/strong><\/p>\n<ul>\n<li>\n<strong>Thi\u1ebft k\u1ebf \u0111\u1ed9c \u0111\u00e1o:<\/strong> M\u1eb7t d\u00e2y chuy\u1ec1n c\u00f3 thi\u1ebft k\u1ebf \u0111\u1ed9c \u0111\u00e1o v\u1edbi h\u00ecnh \u1ea3nh Ph\u1eadt Di L\u1eb7c, Voi v\u00e0 Nh\u01b0 \u00dd \u0111\u01b0\u1ee3c cho l\u00e0 mang l\u1ea1i may m\u1eafn v\u00e0 th\u1ecbnh v\u01b0\u1ee3ng.<\/li>\n<li>\n<strong>Ch\u1ea5t l\u01b0\u1ee3ng cao c\u1ea5p:<\/strong> \u0110\u01b0\u1ee3c l\u00e0m t\u1eeb ng\u1ecdc Jadeite b\u00e1n b\u0103ng t\u1ef1 nhi\u00ean lo\u1ea1i A cao c\u1ea5p, n\u1ed5i ti\u1ebfng v\u1ec1 \u0111\u1ed9 b\u1ec1n v\u00e0 v\u1ebb \u0111\u1eb9p.<\/li>\n<li>\n<strong>Gi\u1ea5y ch\u1ee9ng nh\u1eadn bao g\u1ed3m:<\/strong> Chi\u1ebfc v\u00f2ng c\u1ed5 ng\u1ecdc b\u00edch tinh x\u1ea3o n\u00e0y c\u00f3 k\u00e8m theo gi\u1ea5y ch\u1ee9ng nh\u1eadn \u0111\u1ea3m b\u1ea3o t\u00ednh x\u00e1c th\u1ef1c.<\/li>\n<\/ul>\n<p>Chi\u1ebfc v\u00f2ng c\u1ed5 ng\u1ecdc b\u00edch n\u00e0y ho\u00e0n h\u1ea3o \u0111\u1ec3 \u0111eo h\u00e0ng ng\u00e0y v\u00e0 ph\u00f9 h\u1ee3p v\u1edbi c\u1ea3 nam v\u00e0 n\u1eef, l\u00e0 m\u00f3n qu\u00e0 l\u00fd t\u01b0\u1edfng trong nh\u1eefng d\u1ecbp quan tr\u1ecdng nh\u01b0 sinh nh\u1eadt ho\u1eb7c \u0111\u00e1m c\u01b0\u1edbi.<\/p>\n<ul>\n<li>\n<strong>Lo\u1ea1i ng\u1ecdc b\u00edch: <\/strong>Ng\u1ecdc b\u00edch<\/li>\n<li>\n<strong>Gi\u1ea5y ch\u1ee9ng nh\u1eadn: <\/strong>\u0110\u00fang<\/li>\n<li>\n<strong>N\u01b0\u1edbc xu\u1ea5t x\u1ee9: <\/strong>Mynmar<\/li>\n<li>\n<strong>Nh\u00e2n d\u1ecbp: <\/strong>\u0111i\u1ec1m l\u00e0nh<\/li>\n<li>\n<strong>Gi\u1edbi t\u00ednh: <\/strong>Kh\u00f4ng ph\u00e2n bi\u1ec7t gi\u1edbi t\u00ednh<\/li>\n<li>\n<strong>Ki\u1ec3u v\u00f2ng c\u1ed5:<\/strong> B\u00ecnh th\u01b0\u1eddng<\/li>\n<\/ul>\n<p>Yi Pin Qian \u2013 Nh\u00e0 bu\u00f4n \u0111\u00e1 qu\u00fd v\u00e0 kim lo\u1ea1i qu\u00fd t\u1ea1i Singapore \u2013 S\u1ed1 gi\u1ea5y ph\u00e9p PS20190000031<\/p>\n<p>\u00a0<\/p>\n<p>*T\u1ea5t c\u1ea3 c\u00e1c lo\u1ea1i Jadeite \u0111\u01b0\u1ee3c mua t\u1eeb Yi Pin Qian t\u1ea1i Singapore, kh\u00e1ch h\u00e0ng c\u00f3 th\u1ec3 \u0111\u1eb7t l\u1ecbch \u0111\u00e1nh b\u00f3ng ho\u1eb7c s\u1eeda ch\u1eefa nh\u1ecf do x\u1eed l\u00fd sai c\u00e1ch \u2013 c\u00f3 t\u00ednh ph\u00ed v\u00e0 ch\u1ec9 d\u00e0nh cho kh\u00e1ch h\u00e0ng c\u1ee7a Yi Pin Qian t\u1ea1i Singapore*<\/p>\n<p>\u00a0<\/p>\n<p><strong>**C\u00e1c lo\u1ea1i ch\u1ee9ng ch\u1ec9**<\/strong><\/p>\n<p>\u00a0<\/p>\n<p><strong>NGI (C\u00f4ng ty \u0110\u00e1 qu\u00fd Nan Yang)<\/strong><\/p>\n<p>ho\u1eb7c <strong>Ch\u1ee9ng ch\u1ec9 n\u01b0\u1edbc ngo\u00e0i <\/strong>(Yi Pin Qian ch\u1ec9 s\u1eed d\u1ee5ng c\u00e1c ch\u1ee9ng ch\u1ec9 x\u00e1c th\u1ef1c t\u1eeb c\u00e1c ph\u00f2ng th\u00ed nghi\u1ec7m \u1edf n\u01b0\u1edbc ngo\u00e0i v\u00e0 ki\u1ec3m so\u00e1t ch\u1ea5t l\u01b0\u1ee3ng m\u1ecdi s\u1ea3n ph\u1ea9m c\u1ee7a ch\u00fang t\u00f4i tr\u01b0\u1edbc khi \u0111\u01b0a ch\u00fang ra b\u00e1n t\u1ea1i Singapore)<\/p>\n<p>\u00a0<\/p>\n<p>M\u1ed7i s\u1ea3n ph\u1ea9m tr\u00ean TikTok s\u1ebd c\u00f3 lo\u1ea1i ch\u1ee9ng ch\u1ec9 \u0111\u01b0\u1ee3c cung c\u1ea5p \u0111\u01b0\u1ee3c n\u00eau trong ph\u1ea7n m\u00f4 t\u1ea3. \u0110\u1ed1i v\u1edbi b\u1ea5t k\u1ef3 kh\u00e1ch h\u00e0ng n\u00e0o mu\u1ed1n g\u1eedi \u0111\u01a1n h\u00e0ng c\u1ee7a m\u00ecnh \u0111\u1ebfn NGI Singapore, s\u1ebd c\u00f3 th\u1eddi gian ch\u1edd giao h\u00e0ng \u01b0\u1edbc t\u00ednh kho\u1ea3ng 4 tu\u1ea7n \u0111\u1ec3 nh\u1eadn \u0111\u01b0\u1ee3c \u0111\u01a1n h\u00e0ng c\u1ee7a b\u1ea1n. <strong>Y\u00eau c\u1ea7u b\u00e1o c\u00e1o v\u1ec1 NGI Gemstone c\u1ea7n \u0111\u01b0\u1ee3c th\u1ef1c hi\u1ec7n b\u1eb1ng c\u00e1ch nh\u1eafn tin \u0111\u1ebfn c\u1eeda h\u00e0ng TikTok Yi Pin Qian.<\/strong> C\u1ea3m \u01a1n, <strong><u>\u00e1p d\u1ee5ng th\u00eam ph\u00ed<\/u><\/strong>.<\/p>\n<p>\u00a0<\/p>\n<p><strong>Jadeite t\u1ef1 nhi\u00ean kh\u00f4ng ho\u00e0n h\u1ea3o, ch\u1ec9 l\u00e0 m\u1ed9t l\u1eddi nh\u1eafc nh\u1edf nh\u1eb9 nh\u00e0ng, Jadeite t\u1ef1 nhi\u00ean c\u1ee7a ch\u00fang t\u00f4i, gi\u1ed1ng nh\u01b0 t\u1ea5t c\u1ea3 nh\u1eefng th\u1ee9 \u0111\u1eb9p \u0111\u1ebd trong t\u1ef1 nhi\u00ean, c\u00f3 nh\u1eefng \u0111\u1eb7c \u0111i\u1ec3m v\u00e0 bi\u1ebfn th\u1ec3 \u0111\u1ed9c \u0111\u00e1o. Ch\u00fang t\u00f4i m\u1eddi nh\u1eefng kh\u00e1ch h\u00e0ng c\u00f3 gi\u00e1 tr\u1ecb c\u1ee7a m\u00ecnh \u0111\u00f3n nh\u1eadn nh\u1eefng bi\u1ebfn th\u1ec3 t\u1ef1 nhi\u00ean n\u00e0y. Ch\u00fac b\u1ea1n mua s\u1eafm vui v\u1ebb!<\/strong><\/p>\n<p>\u00a0<\/p>\n<p><strong><u>Kh\u00f4ng c\u00f3 h\u00ecnh \u1ea3nh v\u00e0 c\u1ea3nh quay video n\u00e0o \u0111\u01b0\u1ee3c l\u1ecdc. Ch\u00fang t\u00f4i khuy\u1ebfn kh\u00edch kh\u00e1ch h\u00e0ng c\u1ee7a m\u00ecnh c\u0169ng xem c\u00e1c video \u0111i k\u00e8m \u0111\u1ec3 c\u00f3 c\u00e1i nh\u00ecn to\u00e0n di\u1ec7n h\u01a1n v\u1ec1 s\u1ea3n ph\u1ea9m c\u1ee7a ch\u00fang t\u00f4i<\/u><\/strong><\/p>\n<p>\u00a0<\/p>\n<ul>\n<li>\u00a0<\/li>\n<\/ul>","protected":false},"excerpt":{"rendered":"<p>L\u00e0m phong ph\u00fa th\u00eam b\u1ed9 s\u01b0u t\u1eadp trang s\u1ee9c c\u1ee7a b\u1ea1n v\u1edbi chi\u1ebfc v\u00f2ng c\u1ed5 m\u1eb7t d\u00e2y chuy\u1ec1n b\u1eb1ng ng\u1ecdc b\u00edch t\u1ef1 nhi\u00ean b\u00e1n b\u0103ng gi\u00e1 lo\u1ea1i A tuy\u1ec7t \u0111\u1eb9p n\u00e0y \u0111\u01b0\u1ee3c ch\u1ebf t\u00e1c v\u1edbi Ph\u1eadt Di L\u1eb7c, Voi v\u00e0 Ruyi. M\u1eb7t d\u00e2y chuy\u1ec1n c\u00f3 c\u00e1c m\u1ea3ng m\u00e0u xanh l\u00e1 c\u00e2y tr\u00ean k\u00edch th\u01b0\u1edbc m\u1eb7t d\u00e2y chuy\u1ec1n 50,5 * 44 * 12,3 mm n\u1eb7ng 45,38 gram. S\u1ed1 ch\u1ee9ng nh\u1eadn: GD2112H004537 Thi\u1ebft k\u1ebf \u0111\u1ed9c \u0111\u00e1o: M\u1eb7t d\u00e2y chuy\u1ec1n c\u00f3 thi\u1ebft k\u1ebf \u0111\u1ed9c \u0111\u00e1o [\u2026]<\/p>","protected":false},"featured_media":3300,"comment_status":"open","ping_status":"closed","template":"","meta":[],"product_brand":[],"product_cat":[195],"product_tag":[],"class_list":{"0":"post-1328","1":"product","2":"type-product","3":"status-publish","4":"has-post-thumbnail","6":"product_cat-heirloom-grade","8":"first","9":"instock","10":"sale","11":"shipping-taxable","12":"purchasable","13":"product-type-simple"},"_links":{"self":[{"href":"https:\/\/shop.yipinqian.com\/vi\/wp-json\/wp\/v2\/product\/1328","targetHints":{"allow":["GET"]}}],"collection":[{"href":"https:\/\/shop.yipinqian.com\/vi\/wp-json\/wp\/v2\/product"}],"about":[{"href":"https:\/\/shop.yipinqian.com\/vi\/wp-json\/wp\/v2\/types\/product"}],"replies":[{"embeddable":true,"href":"https:\/\/shop.yipinqian.com\/vi\/wp-json\/wp\/v2\/comments?post=1328"}],"version-history":[{"count":0,"href":"https:\/\/shop.yipinqian.com\/vi\/wp-json\/wp\/v2\/product\/1328\/revisions"}],"wp:featuredmedia":[{"embeddable":true,"href":"https:\/\/shop.yipinqian.com\/vi\/wp-json\/wp\/v2\/media\/3300"}],"wp:attachment":[{"href":"https:\/\/shop.yipinqian.com\/vi\/wp-json\/wp\/v2\/media?parent=1328"}],"wp:term":[{"taxonomy":"product_brand","embeddable":true,"href":"https:\/\/shop.yipinqian.com\/vi\/wp-json\/wp\/v2\/product_brand?post=1328"},{"taxonomy":"product_cat","embeddable":true,"href":"https:\/\/shop.yipinqian.com\/vi\/wp-json\/wp\/v2\/product_cat?post=1328"},{"taxonomy":"product_tag","embeddable":true,"href":"https:\/\/shop.yipinqian.com\/vi\/wp-json\/wp\/v2\/product_tag?post=1328"}],"curies":[{"name":"wp","href":"https:\/\/api.w.org\/{rel}","templated":true}]}}