{"id":1320,"date":"2024-10-24T23:18:22","date_gmt":"2024-10-24T15:18:22","guid":{"rendered":"https:\/\/shop.yipinqian.com\/product\/crafted-as-lizard-type-a-natural-jadeite-jade-with-yellow-and-light-green-for-display-or-hand-piece-certificate-weighs-32-52-grams-measurement-58-1-24-5-13-2-mm-hand9\/"},"modified":"2025-02-24T00:49:58","modified_gmt":"2025-02-23T16:49:58","slug":"crafted-as-lizard-type-a-natural-jadeite-jade-with-yellow-and-light-green-for-display-or-hand-piece-certificate-weighs-32-52-grams-measurement-58-1-24-5-13-2-mm-hand9","status":"publish","type":"product","link":"https:\/\/shop.yipinqian.com\/vi\/san-pham\/crafted-as-lizard-type-a-natural-jadeite-jade-with-yellow-and-light-green-for-display-or-hand-piece-certificate-weighs-32-52-grams-measurement-58-1-24-5-13-2-mm-hand9\/","title":{"rendered":"\u0110\u01b0\u1ee3c ch\u1ebf t\u00e1c nh\u01b0 Ng\u1ecdc b\u00edch t\u1ef1 nhi\u00ean lo\u1ea1i A Lizard v\u1edbi m\u00e0u v\u00e0ng v\u00e0 xanh l\u1ee5c nh\u1ea1t \u0111\u1ec3 tr\u01b0ng b\u00e0y ho\u1eb7c c\u1ea7m tay, ch\u1ee9ng ch\u1ec9 n\u1eb7ng 32,52 gram, k\u00edch th\u01b0\u1edbc 58,1 * 24,5 * 13,2 mm (hand9)"},"content":{"rendered":"<p>\u0110\u1ed3 trang tr\u00ed b\u1eb1ng ng\u1ecdc b\u00edch tinh x\u1ea3o n\u00e0y c\u00f3 thi\u1ebft k\u1ebf h\u00ecnh th\u1eb1n l\u1eb1n \u0111\u01b0\u1ee3c ch\u1ebf t\u00e1c t\u1ec9 m\u1ec9, t\u00f4n l\u00ean v\u1ebb \u0111\u1eb9p t\u1ef1 nhi\u00ean c\u1ee7a ng\u1ecdc b\u00edch Jadeite t\u1ef1 nhi\u00ean lo\u1ea1i A v\u1edbi t\u00f4ng m\u00e0u v\u00e0ng v\u00e0 xanh l\u00e1 c\u00e2y nh\u1ea1t.<\/p>\n<p><\/p>\n<p>S\u1ed1 ch\u1ee9ng nh\u1eadn: GZ903107866<\/p>\n<p><img fetchpriority=\"high\" decoding=\"async\" src=\"https:\/\/shop.yipinqian.com\/wp-content\/uploads\/2024\/10\/d86db24481ea485cb02f232503854660tplv-aphluv4xwc-origin-jpeg.jpeg?from=476444299\" width=\"1080\" height=\"1080\"><\/p>\n<ul>\n<li>\n<strong>C\u00e2n n\u1eb7ng v\u00e0 k\u00edch th\u01b0\u1edbc:<\/strong> V\u1edbi tr\u1ecdng l\u01b0\u1ee3ng 32,52 gram, s\u1ea3n ph\u1ea9m n\u00e0y c\u00f3 k\u00edch th\u01b0\u1edbc 58,1 * 24,5 * 13,2 mm, ph\u00f9 h\u1ee3p \u0111\u1ec3 tr\u01b0ng b\u00e0y ho\u1eb7c c\u1ea7m tay.<\/li>\n<li>\n<strong>Gi\u1ea5y ch\u1ee9ng nh\u1eadn:<\/strong> C\u00f3 k\u00e8m ch\u1ee9ng ch\u1ec9 x\u00e1c th\u1ef1c v\u00e0 \u0111\u1ea3m b\u1ea3o ch\u1ea5t l\u01b0\u1ee3ng.<\/li>\n<li>\n<strong>N\u01b0\u1edbc xu\u1ea5t x\u1ee9:<\/strong> C\u00f3 ngu\u1ed3n g\u1ed1c t\u1eeb Myanmar, n\u1ed5i ti\u1ebfng v\u1edbi tr\u1eef l\u01b0\u1ee3ng ng\u1ecdc b\u00edch phong ph\u00fa.<\/li>\n<li>\n<strong>Lo\u1ea1i trang tr\u00ed:<\/strong> Ho\u00e0n h\u1ea3o \u0111\u1ec3 l\u00e0m v\u1eadt trang tr\u00ed nh\u00e0 c\u1eeda, t\u1ea1o n\u00e9t thanh l\u1ecbch cho b\u1ea5t k\u1ef3 kh\u00f4ng gian n\u00e0o.<\/li>\n<\/ul>\n<p>N\u00e2ng t\u1ea7m kh\u00f4ng gian c\u1ee7a b\u1ea1n v\u1edbi \u0111\u1ed3 trang tr\u00ed b\u1eb1ng Ng\u1ecdc b\u00edch \u0111\u1ed9c \u0111\u00e1o n\u00e0y, to\u00e1t l\u00ean v\u1ebb quy\u1ebfn r\u0169 v\u00e0 tinh t\u1ebf, \u0111\u1ed3ng th\u1eddi mang l\u1ea1i n\u0103ng l\u01b0\u1ee3ng t\u00edch c\u1ef1c cho ng\u00f4i nh\u00e0 ho\u1eb7c m\u00f4i tr\u01b0\u1eddng v\u0103n ph\u00f2ng c\u1ee7a b\u1ea1n.<\/p>\n<p><\/p>\n<p><strong>Jadeite t\u1ef1 nhi\u00ean kh\u00f4ng ho\u00e0n h\u1ea3o, ch\u1ec9 l\u00e0 m\u1ed9t l\u1eddi nh\u1eafc nh\u1edf nh\u1eb9 nh\u00e0ng, Jadeite t\u1ef1 nhi\u00ean c\u1ee7a ch\u00fang t\u00f4i, gi\u1ed1ng nh\u01b0 t\u1ea5t c\u1ea3 nh\u1eefng th\u1ee9 \u0111\u1eb9p \u0111\u1ebd trong t\u1ef1 nhi\u00ean, c\u00f3 nh\u1eefng \u0111\u1eb7c \u0111i\u1ec3m v\u00e0 bi\u1ebfn th\u1ec3 \u0111\u1ed9c \u0111\u00e1o. Ch\u00fang t\u00f4i m\u1eddi nh\u1eefng kh\u00e1ch h\u00e0ng c\u00f3 gi\u00e1 tr\u1ecb c\u1ee7a m\u00ecnh \u0111\u00f3n nh\u1eadn nh\u1eefng bi\u1ebfn th\u1ec3 t\u1ef1 nhi\u00ean n\u00e0y. Ch\u00fac b\u1ea1n mua s\u1eafm vui v\u1ebb!<\/strong><\/p>\n<p><\/p>\n<p><strong><u>Kh\u00f4ng c\u00f3 h\u00ecnh \u1ea3nh v\u00e0 c\u1ea3nh quay video n\u00e0o \u0111\u01b0\u1ee3c l\u1ecdc. Ch\u00fang t\u00f4i khuy\u1ebfn kh\u00edch kh\u00e1ch h\u00e0ng c\u1ee7a m\u00ecnh c\u0169ng xem c\u00e1c video \u0111i k\u00e8m \u0111\u1ec3 c\u00f3 c\u00e1i nh\u00ecn to\u00e0n di\u1ec7n h\u01a1n v\u1ec1 s\u1ea3n ph\u1ea9m c\u1ee7a ch\u00fang t\u00f4i<\/u><\/strong><\/p>","protected":false},"excerpt":{"rendered":"<p>\u0110\u1ed3 trang tr\u00ed b\u1eb1ng ng\u1ecdc b\u00edch tinh x\u1ea3o n\u00e0y c\u00f3 thi\u1ebft k\u1ebf h\u00ecnh con th\u1eb1n l\u1eb1n \u0111\u01b0\u1ee3c ch\u1ebf t\u00e1c t\u1ec9 m\u1ec9, th\u1ec3 hi\u1ec7n v\u1ebb \u0111\u1eb9p t\u1ef1 nhi\u00ean c\u1ee7a Ng\u1ecdc b\u00edch t\u1ef1 nhi\u00ean lo\u1ea1i A v\u1edbi t\u00f4ng m\u00e0u v\u00e0ng v\u00e0 xanh l\u00e1 c\u00e2y nh\u1ea1t. S\u1ed1 ch\u1ee9ng nh\u1eadn: GZ903107866 Tr\u1ecdng l\u01b0\u1ee3ng v\u00e0 k\u00edch th\u01b0\u1edbc: N\u1eb7ng 32,52 gam, s\u1ea3n ph\u1ea9m n\u00e0y c\u00f3 k\u00edch th\u01b0\u1edbc 58,1 * 24,5 * 13,2 mm, ph\u00f9 h\u1ee3p \u0111\u1ec3 tr\u01b0ng b\u00e0y ho\u1eb7c l\u00e0m \u0111\u1ed3 c\u1ea7m tay. Ch\u1ee9ng nh\u1eadn: [\u2026]<\/p>","protected":false},"featured_media":3072,"comment_status":"open","ping_status":"closed","template":"","meta":[],"product_brand":[],"product_cat":[194],"product_tag":[52,93,94,82,58,75,60,68,62],"class_list":{"0":"post-1320","1":"product","2":"type-product","3":"status-publish","4":"has-post-thumbnail","6":"product_cat-value-picks","7":"product_tag-certified","8":"product_tag-display","9":"product_tag-hand-piece","10":"product_tag-light-green","11":"product_tag-new-arrivals","12":"product_tag-traditional","13":"product_tag-type-a-jadeite","14":"product_tag-yellow","15":"product_tag-yi-pin-qian-exclusive","17":"first","18":"instock","19":"sale","20":"shipping-taxable","21":"purchasable","22":"product-type-simple"},"_links":{"self":[{"href":"https:\/\/shop.yipinqian.com\/vi\/wp-json\/wp\/v2\/product\/1320","targetHints":{"allow":["GET"]}}],"collection":[{"href":"https:\/\/shop.yipinqian.com\/vi\/wp-json\/wp\/v2\/product"}],"about":[{"href":"https:\/\/shop.yipinqian.com\/vi\/wp-json\/wp\/v2\/types\/product"}],"replies":[{"embeddable":true,"href":"https:\/\/shop.yipinqian.com\/vi\/wp-json\/wp\/v2\/comments?post=1320"}],"version-history":[{"count":0,"href":"https:\/\/shop.yipinqian.com\/vi\/wp-json\/wp\/v2\/product\/1320\/revisions"}],"wp:featuredmedia":[{"embeddable":true,"href":"https:\/\/shop.yipinqian.com\/vi\/wp-json\/wp\/v2\/media\/3072"}],"wp:attachment":[{"href":"https:\/\/shop.yipinqian.com\/vi\/wp-json\/wp\/v2\/media?parent=1320"}],"wp:term":[{"taxonomy":"product_brand","embeddable":true,"href":"https:\/\/shop.yipinqian.com\/vi\/wp-json\/wp\/v2\/product_brand?post=1320"},{"taxonomy":"product_cat","embeddable":true,"href":"https:\/\/shop.yipinqian.com\/vi\/wp-json\/wp\/v2\/product_cat?post=1320"},{"taxonomy":"product_tag","embeddable":true,"href":"https:\/\/shop.yipinqian.com\/vi\/wp-json\/wp\/v2\/product_tag?post=1320"}],"curies":[{"name":"wp","href":"https:\/\/api.w.org\/{rel}","templated":true}]}}