{"id":1319,"date":"2024-10-24T23:18:22","date_gmt":"2024-10-24T15:18:22","guid":{"rendered":"https:\/\/shop.yipinqian.com\/product\/crafted-as-cicada-using-natural-type-a-jadeite-jade-as-a-pendant-necklace-with-certificate-weigh-9-25-grams-measurement-40-3-23-2-9-5-mm-pendant185\/"},"modified":"2025-02-24T00:49:58","modified_gmt":"2025-02-23T16:49:58","slug":"crafted-as-cicada-using-natural-type-a-jadeite-jade-as-a-pendant-necklace-with-certificate-weigh-9-25-grams-measurement-40-3-23-2-9-5-mm-pendant185","status":"publish","type":"product","link":"https:\/\/shop.yipinqian.com\/vi\/san-pham\/crafted-as-cicada-using-natural-type-a-jadeite-jade-as-a-pendant-necklace-with-certificate-weigh-9-25-grams-measurement-40-3-23-2-9-5-mm-pendant185\/","title":{"rendered":"\u0110\u01b0\u1ee3c ch\u1ebf t\u00e1c nh\u01b0 m\u1ed9t con ve s\u1ea7u s\u1eed d\u1ee5ng Ng\u1ecdc b\u00edch lo\u1ea1i A t\u1ef1 nhi\u00ean l\u00e0m M\u1eb7t d\u00e2y chuy\u1ec1n c\u00f3 gi\u1ea5y ch\u1ee9ng nh\u1eadn n\u1eb7ng 9,25 gram, k\u00edch th\u01b0\u1edbc 40,3 * 23,2 * 9,5 mm (m\u1eb7t d\u00e2y chuy\u1ec1n185)"},"content":{"rendered":"<p>N\u00e2ng t\u1ea7m phong c\u00e1ch c\u1ee7a b\u1ea1n v\u1edbi chi\u1ebfc v\u00f2ng c\u1ed5 m\u1eb7t d\u00e2y chuy\u1ec1n h\u00ecnh ve s\u1ea7u tinh t\u1ebf n\u00e0y, \u0111\u01b0\u1ee3c ch\u1ebf t\u00e1c t\u1eeb ng\u1ecdc b\u00edch Jadeite t\u1ef1 nhi\u00ean lo\u1ea1i A 100%.<\/p>\n<p><\/p>\n<p><strong>S\u1ed1 ch\u1ee9ng ch\u1ec9: SZ21244538<\/strong><\/p>\n<ul>\n<li>V\u1edbi tr\u1ecdng l\u01b0\u1ee3ng 9,25 gram, m\u1eb7t d\u00e2y chuy\u1ec1n n\u00e0y r\u1ea5t nh\u1eb9 v\u00e0 tho\u1ea3i m\u00e1i khi \u0111eo.<\/li>\n<li>V\u1edbi k\u00edch th\u01b0\u1edbc 40,3 * 23,2 * 9,5 mm (m\u1eb7t d\u00e2y chuy\u1ec1n 185), \u0111\u00e2y l\u00e0 k\u00edch th\u01b0\u1edbc ho\u00e0n h\u1ea3o \u0111\u1ec3 t\u1ea1o \u0111i\u1ec3m nh\u1ea5n m\u00e0 kh\u00f4ng qu\u00e1 ph\u00f4 tr\u01b0\u01a1ng.<\/li>\n<li>M\u1ed7i chi\u1ebfc v\u00f2ng c\u1ed5 \u0111\u1ec1u \u0111i k\u00e8m v\u1edbi m\u1ed9t gi\u1ea5y ch\u1ee9ng nh\u1eadn x\u00e1c th\u1ef1c \u0111\u1ea3m b\u1ea3o ch\u1ea5t l\u01b0\u1ee3ng v\u00e0 t\u00ednh x\u00e1c th\u1ef1c c\u1ee7a ng\u1ecdc b\u00edch \u0111\u01b0\u1ee3c s\u1eed d\u1ee5ng \u0111\u1ec3 ch\u1ebf t\u00e1c m\u1eb7t d\u00e2y chuy\u1ec1n ve s\u1ea7u<\/li>\n<\/ul>\n<p>Nh\u1eefng chi ti\u1ebft ph\u1ee9c t\u1ea1p tr\u00ean thi\u1ebft k\u1ebf ve s\u1ea7u l\u00e0m cho n\u00f3 tr\u1edf th\u00e0nh m\u1ed9t m\u00f3n \u0111\u1ed3 \u0111\u1ed9c \u0111\u00e1o ch\u1eafc ch\u1eafn s\u1ebd n\u1ed5i b\u1eadt trong b\u1ed9 s\u01b0u t\u1eadp trang s\u1ee9c c\u1ee7a b\u1ea1n. Ng\u01b0\u1eddi ta c\u0169ng tin r\u1eb1ng \u0111eo ng\u1ecdc b\u00edch mang l\u1ea1i may m\u1eafn v\u00e0 th\u1ecbnh v\u01b0\u1ee3ng, khi\u1ebfn chi\u1ebfc v\u00f2ng c\u1ed5 n\u00e0y kh\u00f4ng ch\u1ec9 th\u1eddi trang m\u00e0 c\u00f2n c\u00f3 \u00fd ngh\u0129a. K\u1ebft h\u1ee3p n\u00f3 v\u1edbi trang ph\u1ee5c y\u00eau th\u00edch c\u1ee7a b\u1ea1n \u0111\u1ec3 c\u00f3 v\u1ebb ngo\u00e0i sang tr\u1ecdng m\u1ed9t c\u00e1ch d\u1ec5 d\u00e0ng ho\u1eb7c t\u1eb7ng n\u00f3 nh\u01b0 m\u1ed9t m\u00f3n qu\u00e0 cho m\u1ed9t ng\u01b0\u1eddi \u0111\u1eb7c bi\u1ec7t n\u00e0o \u0111\u00f3 \u0111\u00e1nh gi\u00e1 cao s\u1ef1 kh\u00e9o l\u00e9o v\u00e0 t\u00ednh bi\u1ec3u t\u01b0\u1ee3ng \u0111\u1eb9p m\u1eaft.<\/p>\n<p><\/p>\n<p>Yi Pin Qian \u2013 Nh\u00e0 bu\u00f4n \u0111\u00e1 qu\u00fd v\u00e0 kim lo\u1ea1i qu\u00fd t\u1ea1i Singapore \u2013 S\u1ed1 gi\u1ea5y ph\u00e9p PS20190000031<\/p>\n<p><\/p>\n<p>*T\u1ea5t c\u1ea3 c\u00e1c lo\u1ea1i Jadeite \u0111\u01b0\u1ee3c mua t\u1eeb Yi Pin Qian t\u1ea1i Singapore, kh\u00e1ch h\u00e0ng c\u00f3 th\u1ec3 \u0111\u1eb7t l\u1ecbch \u0111\u00e1nh b\u00f3ng ho\u1eb7c s\u1eeda ch\u1eefa nh\u1ecf do x\u1eed l\u00fd sai c\u00e1ch \u2013 c\u00f3 t\u00ednh ph\u00ed v\u00e0 ch\u1ec9 d\u00e0nh cho kh\u00e1ch h\u00e0ng c\u1ee7a Yi Pin Qian t\u1ea1i Singapore*<\/p>\n<p><\/p>\n<p><strong>**C\u00e1c lo\u1ea1i ch\u1ee9ng ch\u1ec9**<\/strong><\/p>\n<p><\/p>\n<p><strong>NGI (C\u00f4ng ty \u0110\u00e1 qu\u00fd Nan Yang)<\/strong><\/p>\n<p>ho\u1eb7c <strong>Ch\u1ee9ng ch\u1ec9 n\u01b0\u1edbc ngo\u00e0i <\/strong>(Yi Pin Qian ch\u1ec9 s\u1eed d\u1ee5ng c\u00e1c ch\u1ee9ng ch\u1ec9 x\u00e1c th\u1ef1c t\u1eeb c\u00e1c ph\u00f2ng th\u00ed nghi\u1ec7m \u1edf n\u01b0\u1edbc ngo\u00e0i v\u00e0 ki\u1ec3m so\u00e1t ch\u1ea5t l\u01b0\u1ee3ng m\u1ecdi s\u1ea3n ph\u1ea9m c\u1ee7a ch\u00fang t\u00f4i tr\u01b0\u1edbc khi \u0111\u01b0a ch\u00fang ra b\u00e1n t\u1ea1i Singapore)<\/p>\n<p><\/p>\n<p>M\u1ed7i s\u1ea3n ph\u1ea9m tr\u00ean TikTok s\u1ebd c\u00f3 lo\u1ea1i ch\u1ee9ng ch\u1ec9 \u0111\u01b0\u1ee3c cung c\u1ea5p \u0111\u01b0\u1ee3c n\u00eau trong ph\u1ea7n m\u00f4 t\u1ea3. \u0110\u1ed1i v\u1edbi b\u1ea5t k\u1ef3 kh\u00e1ch h\u00e0ng n\u00e0o mu\u1ed1n g\u1eedi \u0111\u01a1n h\u00e0ng c\u1ee7a m\u00ecnh \u0111\u1ebfn NGI Singapore, s\u1ebd c\u00f3 th\u1eddi gian ch\u1edd giao h\u00e0ng \u01b0\u1edbc t\u00ednh kho\u1ea3ng 4 tu\u1ea7n \u0111\u1ec3 nh\u1eadn \u0111\u01b0\u1ee3c \u0111\u01a1n h\u00e0ng c\u1ee7a b\u1ea1n. <strong>Y\u00eau c\u1ea7u b\u00e1o c\u00e1o v\u1ec1 NGI Gemstone c\u1ea7n \u0111\u01b0\u1ee3c th\u1ef1c hi\u1ec7n b\u1eb1ng c\u00e1ch nh\u1eafn tin \u0111\u1ebfn c\u1eeda h\u00e0ng TikTok Yi Pin Qian.<\/strong> C\u1ea3m \u01a1n, <strong><u>\u00e1p d\u1ee5ng th\u00eam ph\u00ed<\/u><\/strong>.<\/p>\n<p><\/p>\n<p><strong>Jadeite t\u1ef1 nhi\u00ean kh\u00f4ng ho\u00e0n h\u1ea3o, ch\u1ec9 l\u00e0 m\u1ed9t l\u1eddi nh\u1eafc nh\u1edf nh\u1eb9 nh\u00e0ng, Jadeite t\u1ef1 nhi\u00ean c\u1ee7a ch\u00fang t\u00f4i, gi\u1ed1ng nh\u01b0 t\u1ea5t c\u1ea3 nh\u1eefng th\u1ee9 \u0111\u1eb9p \u0111\u1ebd trong t\u1ef1 nhi\u00ean, c\u00f3 nh\u1eefng \u0111\u1eb7c \u0111i\u1ec3m v\u00e0 bi\u1ebfn th\u1ec3 \u0111\u1ed9c \u0111\u00e1o. Ch\u00fang t\u00f4i m\u1eddi nh\u1eefng kh\u00e1ch h\u00e0ng c\u00f3 gi\u00e1 tr\u1ecb c\u1ee7a m\u00ecnh \u0111\u00f3n nh\u1eadn nh\u1eefng bi\u1ebfn th\u1ec3 t\u1ef1 nhi\u00ean n\u00e0y. Ch\u00fac b\u1ea1n mua s\u1eafm vui v\u1ebb!<\/strong><\/p>\n<p><\/p>\n<p><strong><u>Kh\u00f4ng c\u00f3 h\u00ecnh \u1ea3nh v\u00e0 c\u1ea3nh quay video n\u00e0o \u0111\u01b0\u1ee3c l\u1ecdc. Ch\u00fang t\u00f4i khuy\u1ebfn kh\u00edch kh\u00e1ch h\u00e0ng c\u1ee7a m\u00ecnh c\u0169ng xem c\u00e1c video \u0111i k\u00e8m \u0111\u1ec3 c\u00f3 c\u00e1i nh\u00ecn to\u00e0n di\u1ec7n h\u01a1n v\u1ec1 s\u1ea3n ph\u1ea9m c\u1ee7a ch\u00fang t\u00f4i<\/u><\/strong><\/p>","protected":false},"excerpt":{"rendered":"<p>N\u00e2ng t\u1ea7m phong c\u00e1ch c\u1ee7a b\u1ea1n v\u1edbi chi\u1ebfc v\u00f2ng c\u1ed5 m\u1eb7t d\u00e2y chuy\u1ec1n h\u00ecnh ve s\u1ea7u tinh x\u1ea3o n\u00e0y, \u0111\u01b0\u1ee3c ch\u1ebf t\u00e1c t\u1eeb Ng\u1ecdc b\u00edch t\u1ef1 nhi\u00ean lo\u1ea1i A 100%. S\u1ed1 ch\u1ee9ng nh\u1eadn: SZ21244538 V\u1edbi tr\u1ecdng l\u01b0\u1ee3ng 9,25 gam, chi\u1ebfc v\u00f2ng c\u1ed5 m\u1eb7t d\u00e2y chuy\u1ec1n n\u00e0y nh\u1eb9 v\u00e0 tho\u1ea3i m\u00e1i khi \u0111eo. V\u1edbi k\u00edch th\u01b0\u1edbc 40,3 * 23,2 * 9,5 mm (m\u1eb7t d\u00e2y chuy\u1ec1n 185), \u0111\u00e2y l\u00e0 k\u00edch th\u01b0\u1edbc ho\u00e0n h\u1ea3o \u0111\u1ec3 t\u1ea1o n\u00ean s\u1ef1 kh\u00e1c bi\u1ec7t m\u00e0 kh\u00f4ng qu\u00e1 ph\u00f4 tr\u01b0\u01a1ng. [\u2026]<\/p>","protected":false},"featured_media":3042,"comment_status":"open","ping_status":"closed","template":"","meta":[],"product_brand":[],"product_cat":[194],"product_tag":[],"class_list":{"0":"post-1319","1":"product","2":"type-product","3":"status-publish","4":"has-post-thumbnail","6":"product_cat-value-picks","8":"first","9":"instock","10":"sale","11":"shipping-taxable","12":"purchasable","13":"product-type-simple"},"_links":{"self":[{"href":"https:\/\/shop.yipinqian.com\/vi\/wp-json\/wp\/v2\/product\/1319","targetHints":{"allow":["GET"]}}],"collection":[{"href":"https:\/\/shop.yipinqian.com\/vi\/wp-json\/wp\/v2\/product"}],"about":[{"href":"https:\/\/shop.yipinqian.com\/vi\/wp-json\/wp\/v2\/types\/product"}],"replies":[{"embeddable":true,"href":"https:\/\/shop.yipinqian.com\/vi\/wp-json\/wp\/v2\/comments?post=1319"}],"version-history":[{"count":0,"href":"https:\/\/shop.yipinqian.com\/vi\/wp-json\/wp\/v2\/product\/1319\/revisions"}],"wp:featuredmedia":[{"embeddable":true,"href":"https:\/\/shop.yipinqian.com\/vi\/wp-json\/wp\/v2\/media\/3042"}],"wp:attachment":[{"href":"https:\/\/shop.yipinqian.com\/vi\/wp-json\/wp\/v2\/media?parent=1319"}],"wp:term":[{"taxonomy":"product_brand","embeddable":true,"href":"https:\/\/shop.yipinqian.com\/vi\/wp-json\/wp\/v2\/product_brand?post=1319"},{"taxonomy":"product_cat","embeddable":true,"href":"https:\/\/shop.yipinqian.com\/vi\/wp-json\/wp\/v2\/product_cat?post=1319"},{"taxonomy":"product_tag","embeddable":true,"href":"https:\/\/shop.yipinqian.com\/vi\/wp-json\/wp\/v2\/product_tag?post=1319"}],"curies":[{"name":"wp","href":"https:\/\/api.w.org\/{rel}","templated":true}]}}