{"id":1316,"date":"2024-10-24T23:18:21","date_gmt":"2024-10-24T15:18:21","guid":{"rendered":"https:\/\/shop.yipinqian.com\/product\/crafted-as-cabochon-size-10-7-8-3mm-on-light-green-natural-type-a-jadeite-jade-set-with-s925-adjustable-as-ring-qic-approved-certificate-weighs-2-25-grams-s925ring18\/"},"modified":"2025-01-10T06:29:38","modified_gmt":"2025-01-09T22:29:38","slug":"crafted-as-cabochon-size-10-7-8-3mm-on-light-green-natural-type-a-jadeite-jade-set-with-s925-adjustable-as-ring-qic-approved-certificate-weighs-2-25-grams-s925ring18","status":"publish","type":"product","link":"https:\/\/shop.yipinqian.com\/vi\/san-pham\/crafted-as-cabochon-size-10-7-8-3mm-on-light-green-natural-type-a-jadeite-jade-set-with-s925-adjustable-as-ring-qic-approved-certificate-weighs-2-25-grams-s925ring18\/","title":{"rendered":"\u0110\u01b0\u1ee3c ch\u1ebf t\u00e1c d\u01b0\u1edbi d\u1ea1ng Cabochon k\u00edch th\u01b0\u1edbc 10,7 * 8 * 3mm tr\u00ean \u0111\u00e1 Jadeite-Jade t\u1ef1 nhi\u00ean m\u00e0u xanh l\u00e1 c\u00e2y nh\u1ea1t lo\u1ea1i A \u0111\u01b0\u1ee3c g\u1eafn v\u1edbi S925 c\u00f3 th\u1ec3 \u0111i\u1ec1u ch\u1ec9nh l\u00e0m nh\u1eabn, Gi\u1ea5y ch\u1ee9ng nh\u1eadn \u0111\u01b0\u1ee3c QIC ch\u1ea5p thu\u1eadn n\u1eb7ng 2,25 gram (s925ring18)"},"content":{"rendered":"<p>Chi\u1ebfc nh\u1eabn ng\u1ecdc b\u00edch tinh x\u1ea3o n\u00e0y c\u00f3 m\u1ed9t vi\u00ean ng\u1ecdc b\u00edch t\u1ef1 nhi\u00ean m\u00e0u xanh l\u1ee5c nh\u1ea1t lo\u1ea1i A \u0111\u01b0\u1ee3c c\u1eaft theo ki\u1ec3u Cabochon, k\u00edch th\u01b0\u1edbc 10,7 * 8 * 3mm.<\/p>\n<p><\/p>\n<p>S\u1ed1 ch\u1ee9ng ch\u1ec9: YJC2309183269<\/p>\n<p><img fetchpriority=\"high\" decoding=\"async\" src=\"https:\/\/shop.yipinqian.com\/wp-content\/uploads\/2024\/10\/38139dc5b5e745d8ae00dd7ea795069btplv-aphluv4xwc-origin-jpeg.jpeg?from=476444299\" width=\"1080\" height=\"1080\"><\/p>\n<ul>\n<li>Thi\u1ebft k\u1ebf \u0111\u1eb9p m\u1eaft: \u0110\u01b0\u1ee3c ch\u1ebf t\u00e1c t\u1ec9 m\u1ec9 v\u00e0 c\u1ea9n th\u1eadn, chi\u1ebfc nh\u1eabn n\u00e0y t\u00f4n l\u00ean v\u1ebb \u0111\u1eb9p t\u1ef1 nhi\u00ean c\u1ee7a ng\u1ecdc b\u00edch.<\/li>\n<li>C\u00f3 th\u1ec3 \u0111i\u1ec1u ch\u1ec9nh \u0111\u1ed9 v\u1eeba v\u1eb7n: \u0110\u01b0\u1ee3c l\u00e0m b\u1eb1ng b\u1ea1c S925, chi\u1ebfc nh\u1eabn c\u00f3 th\u1ec3 \u0111i\u1ec1u ch\u1ec9nh \u0111\u1ec3 \u0111\u1ea3m b\u1ea3o v\u1eeba v\u1eb7n v\u00e0 tho\u1ea3i m\u00e1i.<\/li>\n<li>Gi\u1ea5y ch\u1ee9ng nh\u1eadn \u0111\u01b0\u1ee3c QIC ch\u1ea5p thu\u1eadn: \u0110i k\u00e8m v\u1edbi gi\u1ea5y ch\u1ee9ng nh\u1eadn \u0111\u01b0\u1ee3c QIC ch\u1ea5p thu\u1eadn v\u1ec1 t\u00ednh x\u00e1c th\u1ef1c v\u00e0 \u0111\u1ea3m b\u1ea3o ch\u1ea5t l\u01b0\u1ee3ng.<\/li>\n<li>Tr\u1ecdng l\u01b0\u1ee3ng nh\u1eb9: Ch\u1ec9 n\u1eb7ng 2,25 gram, chi\u1ebfc nh\u1eabn n\u00e0y r\u1ea5t tho\u1ea3i m\u00e1i khi \u0111eo h\u00e0ng ng\u00e0y.<\/li>\n<\/ul>\n<p><img decoding=\"async\" src=\"https:\/\/shop.yipinqian.com\/wp-content\/uploads\/2024\/10\/d782de3258194258b1787aeb224a9016tplv-aphluv4xwc-origin-jpeg.jpeg?from=476444299\" width=\"1080\" height=\"1080\"><\/p>\n<p>M\u00f3n \u0111\u1ed3 tuy\u1ec7t \u0111\u1eb9p n\u00e0y ho\u00e0n h\u1ea3o \u0111\u1ec3 \u0111eo h\u00e0ng ng\u00e0y v\u00e0 l\u00e0 m\u00f3n qu\u00e0 \u0111\u00e1ng y\u00eau cho b\u1ea5t k\u1ef3 ng\u01b0\u1eddi \u0111am m\u00ea trang s\u1ee9c n\u1eef n\u00e0o. C\u00f3 ngu\u1ed3n g\u1ed1c t\u1eeb Myanmar, n\u00f3 k\u1ebft h\u1ee3p s\u1ef1 thanh l\u1ecbch v\u1edbi v\u1ebb \u0111\u1eb9p t\u1ef1 nhi\u00ean trong m\u1ed9t thi\u1ebft k\u1ebf v\u01b0\u1ee3t th\u1eddi gian ch\u1eafc ch\u1eafn s\u1ebd \u0111\u01b0\u1ee3c tr\u00e2n tr\u1ecdng.<\/p>\n<p><\/p>\n<p><strong>Jadeite t\u1ef1 nhi\u00ean kh\u00f4ng ho\u00e0n h\u1ea3o, ch\u1ec9 l\u00e0 m\u1ed9t l\u1eddi nh\u1eafc nh\u1edf nh\u1eb9 nh\u00e0ng, Jadeite t\u1ef1 nhi\u00ean c\u1ee7a ch\u00fang t\u00f4i, gi\u1ed1ng nh\u01b0 t\u1ea5t c\u1ea3 nh\u1eefng th\u1ee9 \u0111\u1eb9p \u0111\u1ebd trong t\u1ef1 nhi\u00ean, c\u00f3 nh\u1eefng \u0111\u1eb7c \u0111i\u1ec3m v\u00e0 bi\u1ebfn th\u1ec3 \u0111\u1ed9c \u0111\u00e1o. Ch\u00fang t\u00f4i m\u1eddi nh\u1eefng kh\u00e1ch h\u00e0ng c\u00f3 gi\u00e1 tr\u1ecb c\u1ee7a m\u00ecnh \u0111\u00f3n nh\u1eadn nh\u1eefng bi\u1ebfn th\u1ec3 t\u1ef1 nhi\u00ean n\u00e0y. Ch\u00fac b\u1ea1n mua s\u1eafm vui v\u1ebb!<\/strong><\/p>\n<p><\/p>\n<p><strong><u>Kh\u00f4ng c\u00f3 h\u00ecnh \u1ea3nh v\u00e0 c\u1ea3nh quay video n\u00e0o \u0111\u01b0\u1ee3c l\u1ecdc. Ch\u00fang t\u00f4i khuy\u1ebfn kh\u00edch kh\u00e1ch h\u00e0ng c\u1ee7a m\u00ecnh c\u0169ng xem c\u00e1c video \u0111i k\u00e8m \u0111\u1ec3 c\u00f3 c\u00e1i nh\u00ecn to\u00e0n di\u1ec7n h\u01a1n v\u1ec1 s\u1ea3n ph\u1ea9m c\u1ee7a ch\u00fang t\u00f4i<\/u><\/strong><\/p>\n<p><\/p>\n<ul>\n<li>C\u00e1c n\u1ec1n t\u1ea3ng kh\u00e1c nhau ch\u1ec9 c\u00f3 th\u1ec3 xem video th\u00f4ng qua m\u00e1y t\u00ednh \u0111\u1ec3 b\u00e0n<\/li>\n<\/ul>","protected":false},"excerpt":{"rendered":"<p>Chi\u1ebfc nh\u1eabn ng\u1ecdc b\u00edch tinh x\u1ea3o n\u00e0y c\u00f3 m\u1ed9t m\u1ea3nh c\u1eaft Cabochon c\u1ee7a Ng\u1ecdc b\u00edch t\u1ef1 nhi\u00ean lo\u1ea1i A m\u00e0u xanh l\u00e1 c\u00e2y nh\u1ea1t, k\u00edch th\u01b0\u1edbc 10,7 * 8 * 3mm. S\u1ed1 ch\u1ee9ng nh\u1eadn: YJC2309183269 Thi\u1ebft k\u1ebf \u0111\u1eb9p: \u0110\u01b0\u1ee3c ch\u1ebf t\u00e1c v\u1edbi \u0111\u1ed9 ch\u00ednh x\u00e1c v\u00e0 c\u1ea9n th\u1eadn, chi\u1ebfc nh\u1eabn n\u00e0y th\u1ec3 hi\u1ec7n v\u1ebb \u0111\u1eb9p t\u1ef1 nhi\u00ean c\u1ee7a ng\u1ecdc b\u00edch. V\u1eeba v\u1eb7n c\u00f3 th\u1ec3 \u0111i\u1ec1u ch\u1ec9nh: \u0110\u01b0\u1ee3c ch\u1ebf t\u00e1c b\u1eb1ng b\u1ea1c S925, chi\u1ebfc nh\u1eabn c\u00f3 th\u1ec3 \u0111i\u1ec1u ch\u1ec9nh \u0111\u1ec3 \u0111\u1ea3m b\u1ea3o tho\u1ea3i m\u00e1i v\u00e0 ho\u00e0n h\u1ea3o [\u2026]<\/p>","protected":false},"featured_media":3003,"comment_status":"open","ping_status":"closed","template":"","meta":[],"product_brand":[],"product_cat":[80,126,149,125],"product_tag":[64,52,72,92,66,82,58,67,59,60,62],"class_list":{"0":"post-1316","1":"product","2":"type-product","3":"status-publish","4":"has-post-thumbnail","6":"product_cat-jade-rings","7":"product_cat-new-arrivals","8":"product_cat-s925-rings","9":"product_cat-s925-settings-jadeites","10":"product_tag-cabochon","11":"product_tag-certified","12":"product_tag-female","13":"product_tag-free-size","14":"product_tag-jade-ring","15":"product_tag-light-green","16":"product_tag-new-arrivals","17":"product_tag-s925","18":"product_tag-translucent","19":"product_tag-type-a-jadeite","20":"product_tag-yi-pin-qian-exclusive","22":"first","23":"instock","24":"sale","25":"shipping-taxable","26":"purchasable","27":"product-type-simple"},"_links":{"self":[{"href":"https:\/\/shop.yipinqian.com\/vi\/wp-json\/wp\/v2\/product\/1316","targetHints":{"allow":["GET"]}}],"collection":[{"href":"https:\/\/shop.yipinqian.com\/vi\/wp-json\/wp\/v2\/product"}],"about":[{"href":"https:\/\/shop.yipinqian.com\/vi\/wp-json\/wp\/v2\/types\/product"}],"replies":[{"embeddable":true,"href":"https:\/\/shop.yipinqian.com\/vi\/wp-json\/wp\/v2\/comments?post=1316"}],"version-history":[{"count":0,"href":"https:\/\/shop.yipinqian.com\/vi\/wp-json\/wp\/v2\/product\/1316\/revisions"}],"wp:featuredmedia":[{"embeddable":true,"href":"https:\/\/shop.yipinqian.com\/vi\/wp-json\/wp\/v2\/media\/3003"}],"wp:attachment":[{"href":"https:\/\/shop.yipinqian.com\/vi\/wp-json\/wp\/v2\/media?parent=1316"}],"wp:term":[{"taxonomy":"product_brand","embeddable":true,"href":"https:\/\/shop.yipinqian.com\/vi\/wp-json\/wp\/v2\/product_brand?post=1316"},{"taxonomy":"product_cat","embeddable":true,"href":"https:\/\/shop.yipinqian.com\/vi\/wp-json\/wp\/v2\/product_cat?post=1316"},{"taxonomy":"product_tag","embeddable":true,"href":"https:\/\/shop.yipinqian.com\/vi\/wp-json\/wp\/v2\/product_tag?post=1316"}],"curies":[{"name":"wp","href":"https:\/\/api.w.org\/{rel}","templated":true}]}}