{"id":1315,"date":"2024-10-24T23:18:21","date_gmt":"2024-10-24T15:18:21","guid":{"rendered":"https:\/\/shop.yipinqian.com\/product\/crafted-as-bamboo-with-pixiu-on-it-light-green-patches-natural-type-a-jadeite-jade-pendant-necklace-with-certificate-weigh-24-54-grams-measurement-41-3-24-6-11-7-mm-pendant177\/"},"modified":"2025-02-24T00:49:58","modified_gmt":"2025-02-23T16:49:58","slug":"crafted-as-bamboo-with-pixiu-on-it-light-green-patches-natural-type-a-jadeite-jade-pendant-necklace-with-certificate-weigh-24-54-grams-measurement-41-3-24-6-11-7-mm-pendant177","status":"publish","type":"product","link":"https:\/\/shop.yipinqian.com\/vi\/san-pham\/crafted-as-bamboo-with-pixiu-on-it-light-green-patches-natural-type-a-jadeite-jade-pendant-necklace-with-certificate-weigh-24-54-grams-measurement-41-3-24-6-11-7-mm-pendant177\/","title":{"rendered":"\u0110\u01b0\u1ee3c ch\u1ebf t\u00e1c nh\u01b0 Tre v\u1edbi Pixiu tr\u00ean \u0111\u00f3, D\u00e2y chuy\u1ec1n m\u1eb7t d\u00e2y chuy\u1ec1n b\u1eb1ng ng\u1ecdc b\u00edch t\u1ef1 nhi\u00ean lo\u1ea1i A m\u00e0u xanh l\u00e1 c\u00e2y nh\u1ea1t c\u00f3 ch\u1ee9ng nh\u1eadn n\u1eb7ng 24,54 gram, k\u00edch th\u01b0\u1edbc 41,3 * 24,6 * 11,7 mm (m\u1eb7t d\u00e2y chuy\u1ec1n177)"},"content":{"rendered":"<article class=\"lzd-article\" style=\"white-space:break-spaces\">\n<p style=\"line-height:1.7;text-align:left;text-indent:0;margin-left:0;margin-top:0;margin-bottom:0\"><span>D\u00e2y chuy\u1ec1n m\u1eb7t d\u00e2y chuy\u1ec1n ng\u1ecdc b\u00edch t\u1ef1 nhi\u00ean lo\u1ea1i A n\u00e0y \u0111\u01b0\u1ee3c ch\u1ebf t\u00e1c t\u1eeb tre v\u1edbi Pixiu tr\u00ean \u0111\u00f3 v\u00e0 c\u00f3 c\u00e1c m\u1ea3ng m\u00e0u xanh l\u00e1 c\u00e2y nh\u1ea1t. N\u00f3 n\u1eb7ng 24,54 gram v\u00e0 c\u00f3 k\u00edch th\u01b0\u1edbc 41,3 * 24,6 * 11,7 mm (m\u1eb7t d\u00e2y chuy\u1ec1n177).<\/span><\/p>\n<p style=\"line-height:1.7;text-align:left;text-indent:0;margin-left:0;margin-top:0;margin-bottom:0\"><span> <\/span><\/p>\n<p style=\"line-height:1.7;text-align:left;text-indent:0;margin-left:0;margin-top:0;margin-bottom:0\"><span style=\"font-weight:bold\">S\u1ed1 ch\u1ee9ng ch\u1ec9: <\/span><span>ZS221121059<\/span><\/p>\n<ul>\n<li>\n<div style=\"line-height:1.7;text-align:left;text-indent:0\">\n<span style=\"font-weight:bold\">T\u00ednh x\u00e1c th\u1ef1c:<\/span><span> M\u1eb7t d\u00e2y chuy\u1ec1n n\u00e0y c\u00f3 k\u00e8m theo gi\u1ea5y ch\u1ee9ng nh\u1eadn x\u00e1c th\u1ef1c.<\/span>\n<\/div>\n<\/li>\n<li>\n<div style=\"line-height:1.7;text-align:left;text-indent:0\">\n<span style=\"font-weight:bold\">S\u1ea3n xu\u1ea5t t\u1ea1i Myanmar:<\/span><span> M\u1eb7t d\u00e2y chuy\u1ec1n n\u00e0y \u0111\u01b0\u1ee3c s\u1ea3n xu\u1ea5t t\u1ea1i Myanmar, n\u01a1i ng\u1ecdc b\u00edch jadeite \u0111\u01b0\u1ee3c \u0111\u00e1nh gi\u00e1 r\u1ea5t cao.<\/span>\n<\/div>\n<\/li>\n<\/ul>\n<p style=\"line-height:1.7;text-align:left;text-indent:0;margin-left:0;margin-top:0;margin-bottom:0\"><span>Chi\u1ebfc v\u00f2ng c\u1ed5 n\u00e0y l\u00e0 ph\u1ee5 ki\u1ec7n tuy\u1ec7t v\u1eddi cho c\u1ea3 nam v\u00e0 n\u1eef s\u1eed d\u1ee5ng h\u00e0ng ng\u00e0y v\u1edbi phong c\u00e1ch gi\u1ea3n d\u1ecb.<\/span><\/p>\n<ul>\n<li>\n<div style=\"line-height:1.7;text-align:left;text-indent:0\">\n<span style=\"font-weight:bold\">Lo\u1ea1i ng\u1ecdc b\u00edch:<\/span><span> \u0110\u01b0\u1ee3c l\u00e0m t\u1eeb lo\u1ea1i ng\u1ecdc b\u00edch qu\u00fd hi\u1ebfm, n\u1ed5i ti\u1ebfng v\u1edbi m\u00e0u s\u1eafc s\u1ed1ng \u0111\u1ed9ng v\u00e0 \u0111\u1ed9 b\u1ec1n.<\/span>\n<\/div>\n<\/li>\n<\/ul>\n<p style=\"line-height:1.7;text-align:left;text-indent:0;margin-left:0;margin-top:0;margin-bottom:0\"><span>\u0110\u01b0\u1ee3c ch\u1ebf t\u00e1c gi\u1ed1ng nh\u01b0 m\u0103ng tre v\u1edbi sinh v\u1eadt huy\u1ec1n tho\u1ea1i Pixiu tr\u00ean \u0111\u00f3, m\u1eb7t d\u00e2y chuy\u1ec1n n\u00e0y th\u1ec3 hi\u1ec7n s\u1ef1 kh\u00e9o l\u00e9o tinh x\u1ea3o. Th\u1eadt kh\u00f4ng may, s\u1ea3n ph\u1ea9m n\u00e0y kh\u00f4ng \u0111i k\u00e8m v\u1edbi lo\u1ea1i b\u1ea3o h\u00e0nh \u0111\u01b0\u1ee3c ch\u1ec9 \u0111\u1ecbnh. Th\u00eam m\u1ed9t ch\u00fat thanh l\u1ecbch v\u00e0o b\u1ed9 s\u01b0u t\u1eadp trang s\u1ee9c c\u1ee7a b\u1ea1n ho\u1eb7c t\u1eb7ng m\u00f3n \u0111\u1ed3 tinh t\u1ebf n\u00e0y cho m\u1ed9t ng\u01b0\u1eddi \u0111\u1eb7c bi\u1ec7t!<\/span><\/p>\n<\/article>","protected":false},"excerpt":{"rendered":"<p>D\u00e2y chuy\u1ec1n m\u1eb7t d\u00e2y chuy\u1ec1n b\u1eb1ng ng\u1ecdc b\u00edch Jadeite lo\u1ea1i A t\u1ef1 nhi\u00ean n\u00e0y \u0111\u01b0\u1ee3c ch\u1ebf t\u00e1c nh\u01b0 Tre v\u1edbi Pixiu tr\u00ean \u0111\u00f3 v\u00e0 c\u00f3 c\u00e1c m\u1ea3ng m\u00e0u xanh l\u00e1 c\u00e2y nh\u1ea1t. N\u00f3 n\u1eb7ng 24,54 gram v\u00e0 c\u00f3 k\u00edch th\u01b0\u1edbc 41,3 * 24,6 * 11,7 mm (m\u1eb7t d\u00e2y chuy\u1ec1n177). S\u1ed1 ch\u1ee9ng nh\u1eadn: ZS221121059 T\u00ednh x\u00e1c th\u1ef1c: M\u1eb7t d\u00e2y chuy\u1ec1n n\u00e0y \u0111i k\u00e8m v\u1edbi ch\u1ee9ng nh\u1eadn x\u00e1c th\u1ef1c. S\u1ea3n xu\u1ea5t t\u1ea1i Myanmar: M\u1eb7t d\u00e2y chuy\u1ec1n n\u00e0y \u0111\u01b0\u1ee3c s\u1ea3n xu\u1ea5t t\u1ea1i Myanmar, [\u2026]<\/p>","protected":false},"featured_media":2971,"comment_status":"open","ping_status":"closed","template":"","meta":[],"product_brand":[],"product_cat":[194],"product_tag":[],"class_list":{"0":"post-1315","1":"product","2":"type-product","3":"status-publish","4":"has-post-thumbnail","6":"product_cat-value-picks","8":"first","9":"instock","10":"sale","11":"shipping-taxable","12":"purchasable","13":"product-type-simple"},"_links":{"self":[{"href":"https:\/\/shop.yipinqian.com\/vi\/wp-json\/wp\/v2\/product\/1315","targetHints":{"allow":["GET"]}}],"collection":[{"href":"https:\/\/shop.yipinqian.com\/vi\/wp-json\/wp\/v2\/product"}],"about":[{"href":"https:\/\/shop.yipinqian.com\/vi\/wp-json\/wp\/v2\/types\/product"}],"replies":[{"embeddable":true,"href":"https:\/\/shop.yipinqian.com\/vi\/wp-json\/wp\/v2\/comments?post=1315"}],"version-history":[{"count":0,"href":"https:\/\/shop.yipinqian.com\/vi\/wp-json\/wp\/v2\/product\/1315\/revisions"}],"wp:featuredmedia":[{"embeddable":true,"href":"https:\/\/shop.yipinqian.com\/vi\/wp-json\/wp\/v2\/media\/2971"}],"wp:attachment":[{"href":"https:\/\/shop.yipinqian.com\/vi\/wp-json\/wp\/v2\/media?parent=1315"}],"wp:term":[{"taxonomy":"product_brand","embeddable":true,"href":"https:\/\/shop.yipinqian.com\/vi\/wp-json\/wp\/v2\/product_brand?post=1315"},{"taxonomy":"product_cat","embeddable":true,"href":"https:\/\/shop.yipinqian.com\/vi\/wp-json\/wp\/v2\/product_cat?post=1315"},{"taxonomy":"product_tag","embeddable":true,"href":"https:\/\/shop.yipinqian.com\/vi\/wp-json\/wp\/v2\/product_tag?post=1315"}],"curies":[{"name":"wp","href":"https:\/\/api.w.org\/{rel}","templated":true}]}}