{"id":1314,"date":"2024-10-24T23:18:20","date_gmt":"2024-10-24T15:18:20","guid":{"rendered":"https:\/\/shop.yipinqian.com\/product\/crafted-as-5-3-4-2-2-4-mm-icy-translucent-cabochon-with-high-quality-natural-type-a-jadeite-jade-set-with-s925-as-ring-certificate-weighs-1-76-grams-s925ring17\/"},"modified":"2025-01-10T06:30:03","modified_gmt":"2025-01-09T22:30:03","slug":"crafted-as-5-3-4-2-2-4-mm-icy-translucent-cabochon-with-high-quality-natural-type-a-jadeite-jade-set-with-s925-as-ring-certificate-weighs-1-76-grams-s925ring17","status":"publish","type":"product","link":"https:\/\/shop.yipinqian.com\/vi\/san-pham\/crafted-as-5-3-4-2-2-4-mm-icy-translucent-cabochon-with-high-quality-natural-type-a-jadeite-jade-set-with-s925-as-ring-certificate-weighs-1-76-grams-s925ring17\/","title":{"rendered":"\u0110\u01b0\u1ee3c ch\u1ebf t\u00e1c d\u01b0\u1edbi d\u1ea1ng Cabochon trong m\u1edd b\u0103ng gi\u00e1 5,3 * 4,2 * 2,4 mm v\u1edbi ng\u1ecdc b\u00edch t\u1ef1 nhi\u00ean lo\u1ea1i A ch\u1ea5t l\u01b0\u1ee3ng cao \u0111\u01b0\u1ee3c g\u1eafn v\u1edbi S925 l\u00e0m nh\u1eabn, ch\u1ee9ng ch\u1ec9 n\u1eb7ng 1,76 gram (s925ring17)"},"content":{"rendered":"<p>L\u00e0m phong ph\u00fa th\u00eam b\u1ed9 s\u01b0u t\u1eadp trang s\u1ee9c c\u1ee7a b\u1ea1n v\u1edbi chi\u1ebfc nh\u1eabn ng\u1ecdc b\u00edch trong m\u1edd t\u1ef1 nhi\u00ean lo\u1ea1i A 5,3 * 4,2 * 2,4 mm tuy\u1ec7t \u0111\u1eb9p n\u00e0y. (C\u00f3 th\u1ec3 \u0111i\u1ec1u ch\u1ec9nh k\u00edch th\u01b0\u1edbc t\u1ef1 do)<\/p>\n<p><\/p>\n<p>S\u1ed1 ch\u1ee9ng ch\u1ec9: YJC2308343066<\/p>\n<p><img fetchpriority=\"high\" decoding=\"async\" src=\"https:\/\/shop.yipinqian.com\/wp-content\/uploads\/2024\/10\/2b1e14dca1b64cb7b469cd13de60dca3tplv-aphluv4xwc-origin-jpeg.jpeg?from=476444299\" width=\"1080\" height=\"1080\"><\/p>\n<ul>\n<li>\n<strong>Ch\u1ea5t l\u01b0\u1ee3ng cao c\u1ea5p:<\/strong> \u0110\u01b0\u1ee3c l\u00e0m t\u1eeb \u0111\u00e1 Jadeite-Jade t\u1ef1 nhi\u00ean lo\u1ea1i A, chi\u1ebfc nh\u1eabn n\u00e0y to\u00e1t l\u00ean v\u1ebb thanh l\u1ecbch v\u00e0 tinh t\u1ebf.<\/li>\n<li>\n<strong>Thi\u1ebft k\u1ebf \u0111\u1ed9c \u0111\u00e1o:<\/strong> Vi\u00ean \u0111\u00e1 cabochon trong m\u1edd t\u1ea1o th\u00eam n\u00e9t \u0111\u1ed9c \u0111\u00e1o cho b\u1ed9 trang ph\u1ee5c c\u1ee7a b\u1ea1n.<\/li>\n<li>\n<strong>C\u00e0i \u0111\u1eb7t S925:<\/strong> \u0110\u01b0\u1ee3c l\u00e0m b\u1eb1ng v\u1eadt li\u1ec7u S925, \u0111\u1ea3m b\u1ea3o \u0111\u1ed9 b\u1ec1n v\u00e0 \u0111\u1ed9 s\u00e1ng b\u00f3ng l\u00e2u d\u00e0i.<\/li>\n<\/ul>\n<p>Chi\u1ebfc nh\u1eabn tuy\u1ec7t \u0111\u1eb9p n\u00e0y n\u1eb7ng 1,76 gam v\u00e0 \u0111i k\u00e8m gi\u1ea5y ch\u1ee9ng nh\u1eadn h\u00e0ng th\u1eadt, l\u00e0 s\u1ef1 b\u1ed5 sung gi\u00e1 tr\u1ecb cho b\u1ed9 s\u01b0u t\u1eadp ph\u1ee5 ki\u1ec7n c\u1ee7a b\u1ea1n.<\/p>\n<p><\/p>\n<ul>\n<li>\n<strong>Gi\u1ea5y ch\u1ee9ng nh\u1eadn bao g\u1ed3m:<\/strong> \u0110\u00fang<\/li>\n<li>S\u1ea3n xu\u1ea5t t\u1ea1i Myanmar,<\/li>\n<\/ul>\n<p>Th\u00edch h\u1ee3p \u0111\u1ec3 \u0111eo h\u00e0ng ng\u00e0y, s\u1ea3n ph\u1ea9m n\u00e0y ho\u00e0n h\u1ea3o cho m\u1ecdi d\u1ecbp v\u00e0 l\u00e0 l\u1ef1a ch\u1ecdn qu\u00e0 t\u1eb7ng tuy\u1ec7t v\u1eddi cho ng\u01b0\u1eddi ph\u1ee5 n\u1eef hi\u1ec7n \u0111\u1ea1i \u0111\u00e1nh gi\u00e1 cao ngh\u1ec1 th\u1ee7 c\u00f4ng tinh x\u1ea3o.<\/p>\n<ul>\n<li>B\u1ea3o h\u00e0nh trang s\u1ee9c: Kh\u00f4ng<\/li>\n<li>Gi\u1edbi t\u00ednh: N\u1eef<\/li>\n<\/ul>\n<p data-pm-slice=\"1 1 []\"><strong>Jadeite t\u1ef1 nhi\u00ean kh\u00f4ng ho\u00e0n h\u1ea3o, ch\u1ec9 l\u00e0 m\u1ed9t l\u1eddi nh\u1eafc nh\u1edf nh\u1eb9 nh\u00e0ng, Jadeite t\u1ef1 nhi\u00ean c\u1ee7a ch\u00fang t\u00f4i, gi\u1ed1ng nh\u01b0 t\u1ea5t c\u1ea3 nh\u1eefng th\u1ee9 \u0111\u1eb9p \u0111\u1ebd trong t\u1ef1 nhi\u00ean, c\u00f3 nh\u1eefng \u0111\u1eb7c \u0111i\u1ec3m v\u00e0 bi\u1ebfn th\u1ec3 \u0111\u1ed9c \u0111\u00e1o. Ch\u00fang t\u00f4i m\u1eddi nh\u1eefng kh\u00e1ch h\u00e0ng c\u00f3 gi\u00e1 tr\u1ecb c\u1ee7a m\u00ecnh \u0111\u00f3n nh\u1eadn nh\u1eefng bi\u1ebfn th\u1ec3 t\u1ef1 nhi\u00ean n\u00e0y. Ch\u00fac b\u1ea1n mua s\u1eafm vui v\u1ebb!<\/strong><\/p>\n<p>\u00a0<\/p>\n<p><strong><u>Kh\u00f4ng c\u00f3 h\u00ecnh \u1ea3nh v\u00e0 c\u1ea3nh quay video n\u00e0o \u0111\u01b0\u1ee3c l\u1ecdc. Ch\u00fang t\u00f4i khuy\u1ebfn kh\u00edch kh\u00e1ch h\u00e0ng c\u1ee7a m\u00ecnh c\u0169ng xem c\u00e1c video \u0111i k\u00e8m \u0111\u1ec3 c\u00f3 c\u00e1i nh\u00ecn to\u00e0n di\u1ec7n h\u01a1n v\u1ec1 s\u1ea3n ph\u1ea9m c\u1ee7a ch\u00fang t\u00f4i<\/u><\/strong><\/p>\n<p>\u00a0<\/p>\n<ul>\n<li>C\u00e1c n\u1ec1n t\u1ea3ng kh\u00e1c nhau ch\u1ec9 c\u00f3 th\u1ec3 xem video th\u00f4ng qua m\u00e1y t\u00ednh \u0111\u1ec3 b\u00e0n<\/li>\n<\/ul>\n<p>\u00a0<\/p>","protected":false},"excerpt":{"rendered":"<p>N\u00e2ng cao b\u1ed9 s\u01b0u t\u1eadp trang s\u1ee9c c\u1ee7a b\u1ea1n v\u1edbi chi\u1ebfc nh\u1eabn Ng\u1ecdc b\u00edch-Ng\u1ecdc b\u00edch lo\u1ea1i A Icy Translucent Cabochon ch\u1ea5t l\u01b0\u1ee3ng cao tuy\u1ec7t \u0111\u1eb9p n\u00e0y. (C\u00f3 th\u1ec3 \u0111i\u1ec1u ch\u1ec9nh k\u00edch th\u01b0\u1edbc t\u1ef1 do) S\u1ed1 ch\u1ee9ng nh\u1eadn: YJC2308343066 Ch\u1ea5t l\u01b0\u1ee3ng cao c\u1ea5p: \u0110\u01b0\u1ee3c l\u00e0m b\u1eb1ng Ng\u1ecdc b\u00edch-Ng\u1ecdc b\u00edch lo\u1ea1i A t\u1ef1 nhi\u00ean, chi\u1ebfc nh\u1eabn n\u00e0y to\u00e1t l\u00ean v\u1ebb thanh l\u1ecbch v\u00e0 tinh t\u1ebf. Thi\u1ebft k\u1ebf \u0111\u1ed9c \u0111\u00e1o: Chi\u1ebfc cabochon trong m\u1edd b\u0103ng gi\u00e1 mang \u0111\u1ebfn n\u00e9t \u0111\u1ed9c \u0111\u00e1o cho b\u1ed9 trang ph\u1ee5c c\u1ee7a b\u1ea1n. S925 [\u2026]<\/p>","protected":false},"featured_media":2922,"comment_status":"open","ping_status":"closed","template":"","meta":[],"product_brand":[],"product_cat":[80,126,149,125],"product_tag":[64,52,72,65,54,66,55,56,58,71,67,59,60,62],"class_list":{"0":"post-1314","1":"product","2":"type-product","3":"status-publish","4":"has-post-thumbnail","6":"product_cat-jade-rings","7":"product_cat-new-arrivals","8":"product_cat-s925-rings","9":"product_cat-s925-settings-jadeites","10":"product_tag-cabochon","11":"product_tag-certified","12":"product_tag-female","13":"product_tag-high-quality","14":"product_tag-icy","15":"product_tag-jade-ring","16":"product_tag-jadeite","17":"product_tag-limited-editions","18":"product_tag-new-arrivals","19":"product_tag-ring","20":"product_tag-s925","21":"product_tag-translucent","22":"product_tag-type-a-jadeite","23":"product_tag-yi-pin-qian-exclusive","25":"first","26":"instock","27":"sale","28":"shipping-taxable","29":"purchasable","30":"product-type-simple"},"_links":{"self":[{"href":"https:\/\/shop.yipinqian.com\/vi\/wp-json\/wp\/v2\/product\/1314","targetHints":{"allow":["GET"]}}],"collection":[{"href":"https:\/\/shop.yipinqian.com\/vi\/wp-json\/wp\/v2\/product"}],"about":[{"href":"https:\/\/shop.yipinqian.com\/vi\/wp-json\/wp\/v2\/types\/product"}],"replies":[{"embeddable":true,"href":"https:\/\/shop.yipinqian.com\/vi\/wp-json\/wp\/v2\/comments?post=1314"}],"version-history":[{"count":0,"href":"https:\/\/shop.yipinqian.com\/vi\/wp-json\/wp\/v2\/product\/1314\/revisions"}],"wp:featuredmedia":[{"embeddable":true,"href":"https:\/\/shop.yipinqian.com\/vi\/wp-json\/wp\/v2\/media\/2922"}],"wp:attachment":[{"href":"https:\/\/shop.yipinqian.com\/vi\/wp-json\/wp\/v2\/media?parent=1314"}],"wp:term":[{"taxonomy":"product_brand","embeddable":true,"href":"https:\/\/shop.yipinqian.com\/vi\/wp-json\/wp\/v2\/product_brand?post=1314"},{"taxonomy":"product_cat","embeddable":true,"href":"https:\/\/shop.yipinqian.com\/vi\/wp-json\/wp\/v2\/product_cat?post=1314"},{"taxonomy":"product_tag","embeddable":true,"href":"https:\/\/shop.yipinqian.com\/vi\/wp-json\/wp\/v2\/product_tag?post=1314"}],"curies":[{"name":"wp","href":"https:\/\/api.w.org\/{rel}","templated":true}]}}