{"id":1280,"date":"2024-10-24T23:18:10","date_gmt":"2024-10-24T15:18:10","guid":{"rendered":"https:\/\/shop.yipinqian.com\/product\/beautifully-designed-rare-yellow-natural-type-a-jadeite-jade-crafted-as-swan-set-on-18k-gold-with-diamonds-certificate-weighs-5-36-grams-18kp38\/"},"modified":"2025-06-07T00:36:00","modified_gmt":"2025-06-06T16:36:00","slug":"beautifully-designed-rare-yellow-natural-type-a-jadeite-jade-crafted-as-swan-set-on-18k-gold-with-diamonds-certificate-weighs-5-36-grams-18kp38","status":"publish","type":"product","link":"https:\/\/shop.yipinqian.com\/vi\/san-pham\/beautifully-designed-rare-yellow-natural-type-a-jadeite-jade-crafted-as-swan-set-on-18k-gold-with-diamonds-certificate-weighs-5-36-grams-18kp38\/","title":{"rendered":"Ng\u1ecdc b\u00edch t\u1ef1 nhi\u00ean m\u00e0u v\u00e0ng qu\u00fd hi\u1ebfm lo\u1ea1i A \u0111\u01b0\u1ee3c thi\u1ebft k\u1ebf \u0111\u1eb9p m\u1eaft \u0111\u01b0\u1ee3c ch\u1ebf t\u00e1c theo h\u00ecnh thi\u00ean nga tr\u00ean v\u00e0ng 18k v\u1edbi kim c\u01b0\u01a1ng, gi\u1ea5y ch\u1ee9ng nh\u1eadn n\u1eb7ng 5,36 gram (18kp38)"},"content":{"rendered":"<p>Chi\u1ebfc v\u00f2ng c\u1ed5 tinh x\u1ea3o n\u00e0y c\u00f3 vi\u00ean Ng\u1ecdc b\u00edch t\u1ef1 nhi\u00ean lo\u1ea1i A m\u00e0u v\u00e0ng qu\u00fd hi\u1ebfm \u0111\u01b0\u1ee3c thi\u1ebft k\u1ebf \u0111\u1eb9p m\u1eaft theo h\u00ecnh thi\u00ean nga, \u0111\u00ednh tr\u00ean v\u00e0ng 18k v\u00e0 kim c\u01b0\u01a1ng.<\/p>\n<p>\u00a0<\/p>\n<p>S\u1ed1 ch\u1ee9ng ch\u1ec9: GD2110H017967<\/p>\n<p>K\u00edch th\u01b0\u1edbc ng\u1ecdc b\u00edch thi\u00ean nga: 35,3 * 26,2 * 6,8 mm<\/p>\n<p>K\u00edch th\u01b0\u1edbc Cabochon xanh: 18,7 *<em> 19.7 *<\/em> 4,6mm<\/p>\n<p>H\u1ed3ng ng\u1ecdc: 2 \u0110\u1ecf * 0,005, 2 Xanh l\u1ee5c * 0,005<\/p>\n<p>Kim c\u01b0\u01a1ng: 3 * 0,005 = 0,015 carat, 20 * 0,003 = 0,06 carat<\/p>\n<p>V\u00e0ng 18k = 2,75 gram<\/p>\n<p>\u00a0<\/p>\n<ul>\n<li>\n<strong>Ng\u1ecdc b\u00edch t\u1ef1 nhi\u00ean m\u00e0u v\u00e0ng hi\u1ebfm lo\u1ea1i A:<\/strong> \u0110\u01b0\u1ee3c ch\u1ebf t\u00e1c t\u1eeb lo\u1ea1i ng\u1ecdc b\u00edch v\u00e0ng qu\u00fd hi\u1ebfm, n\u1ed5i ti\u1ebfng v\u1edbi m\u00e0u s\u1eafc v\u00e0 ch\u1ea5t l\u01b0\u1ee3ng tuy\u1ec7t \u0111\u1eb9p.<\/li>\n<li>\n<strong>Khung v\u00e0ng 18k:<\/strong> \u0110\u01b0\u1ee3c n\u1ea1m sang tr\u1ecdng tr\u00ean v\u00e0ng 18k mang \u0111\u1ebfn v\u1ebb ngo\u00e0i thanh l\u1ecbch v\u00e0 v\u01b0\u1ee3t th\u1eddi gian.<\/li>\n<li>\n<strong>\u0110i\u1ec3m nh\u1ea5n kim c\u01b0\u01a1ng:<\/strong> \u0110\u01b0\u1ee3c trang tr\u00ed b\u1eb1ng kim c\u01b0\u01a1ng t\u1ea1o n\u00ean n\u00e9t l\u1ea5p l\u00e1nh v\u00e0 tinh t\u1ebf cho s\u1ea3n ph\u1ea9m.<\/li>\n<\/ul>\n<p>N\u1eb7ng 5,36 gram, chi\u1ebfc v\u00f2ng c\u1ed5 n\u00e0y \u0111i k\u00e8m v\u1edbi gi\u1ea5y ch\u1ee9ng nh\u1eadn (18kp38) \u0111\u1ec3 \u0111\u1ea3m b\u1ea3o t\u00ednh x\u00e1c th\u1ef1c. Ho\u00e0n h\u1ea3o \u0111\u1ec3 \u0111eo h\u00e0ng ng\u00e0y ho\u1eb7c nh\u1eefng d\u1ecbp \u0111\u1eb7c bi\u1ec7t, chi\u1ebfc v\u00f2ng c\u1ed5 n\u00e0y \u0111\u01b0\u1ee3c thi\u1ebft k\u1ebf d\u00e0nh cho ng\u01b0\u1eddi ph\u1ee5 n\u1eef hi\u1ec7n \u0111\u1ea1i th\u00edch \u0111\u1ed3 trang s\u1ee9c tinh x\u1ea3o.<\/p>\n<ul>\n<li>\n<strong>Gi\u1ea5y ch\u1ee9ng nh\u1eadn bao g\u1ed3m:<\/strong> M\u1ed7i l\u1ea7n mua h\u00e0ng \u0111\u1ec1u k\u00e8m theo m\u1ed9t gi\u1ea5y ch\u1ee9ng nh\u1eadn x\u00e1c minh t\u00ednh x\u00e1c th\u1ef1c c\u1ee7a ng\u1ecdc b\u00edch.<\/li>\n<li>\u00a0<\/li>\n<\/ul>\n<ul>\n<li>Thi\u1ebft k\u1ebf Swan \u0111\u01b0\u1ee3c ch\u1ebf t\u00e1c tinh x\u1ea3o l\u00e0m cho n\u00f3 tr\u1edf th\u00e0nh m\u1ed9t m\u00f3n \u0111\u1ed3 trang s\u1ee9c thanh l\u1ecbch c\u00f3 th\u1ec3 d\u1ec5 d\u00e0ng k\u1ebft h\u1ee3p v\u1edbi b\u1ea5t k\u1ef3 trang ph\u1ee5c n\u00e0o. C\u00f3 ngu\u1ed3n g\u1ed1c t\u1eeb Myanmar, chi\u1ebfc v\u00f2ng c\u1ed5 n\u00e0y \u0111\u01b0\u1ee3c thi\u1ebft k\u1ebf d\u00e0nh ri\u00eang cho nh\u1eefng ng\u01b0\u1eddi ph\u1ee5 n\u1eef y\u00eau th\u00edch nh\u1eefng m\u00f3n \u0111\u1ed3 trang s\u1ee9c \u0111\u1ed9c \u0111\u00e1o.<\/li>\n<\/ul>\n<p>.Yi Pin Qian \u2013 Nh\u00e0 bu\u00f4n \u0111\u00e1 qu\u00fd v\u00e0 kim lo\u1ea1i qu\u00fd t\u1ea1i Singapore \u2013 S\u1ed1 gi\u1ea5y ph\u00e9p PS20190000031<\/p>\n<p>\u00a0<\/p>\n<p>*T\u1ea5t c\u1ea3 c\u00e1c lo\u1ea1i Jadeite \u0111\u01b0\u1ee3c mua t\u1eeb Yi Pin Qian t\u1ea1i Singapore, kh\u00e1ch h\u00e0ng c\u00f3 th\u1ec3 \u0111\u1eb7t l\u1ecbch \u0111\u00e1nh b\u00f3ng ho\u1eb7c s\u1eeda ch\u1eefa nh\u1ecf do x\u1eed l\u00fd sai c\u00e1ch \u2013 c\u00f3 t\u00ednh ph\u00ed v\u00e0 ch\u1ec9 d\u00e0nh cho kh\u00e1ch h\u00e0ng c\u1ee7a Yi Pin Qian t\u1ea1i Singapore*<\/p>\n<p>\u00a0<\/p>\n<p><strong>**C\u00e1c lo\u1ea1i ch\u1ee9ng ch\u1ec9**<\/strong><\/p>\n<p>\u00a0<\/p>\n<p><strong>NGI (C\u00f4ng ty \u0110\u00e1 qu\u00fd Nan Yang)<\/strong><\/p>\n<p>ho\u1eb7c <strong>Ch\u1ee9ng ch\u1ec9 n\u01b0\u1edbc ngo\u00e0i <\/strong>(Yi Pin Qian ch\u1ec9 s\u1eed d\u1ee5ng c\u00e1c ch\u1ee9ng ch\u1ec9 x\u00e1c th\u1ef1c t\u1eeb c\u00e1c ph\u00f2ng th\u00ed nghi\u1ec7m \u1edf n\u01b0\u1edbc ngo\u00e0i v\u00e0 ki\u1ec3m so\u00e1t ch\u1ea5t l\u01b0\u1ee3ng m\u1ecdi s\u1ea3n ph\u1ea9m c\u1ee7a ch\u00fang t\u00f4i tr\u01b0\u1edbc khi \u0111\u01b0a ch\u00fang ra b\u00e1n t\u1ea1i Singapore)<\/p>\n<p>\u00a0<\/p>\n<p>M\u1ed7i s\u1ea3n ph\u1ea9m tr\u00ean TikTok s\u1ebd c\u00f3 lo\u1ea1i ch\u1ee9ng ch\u1ec9 \u0111\u01b0\u1ee3c cung c\u1ea5p \u0111\u01b0\u1ee3c n\u00eau trong ph\u1ea7n m\u00f4 t\u1ea3. \u0110\u1ed1i v\u1edbi b\u1ea5t k\u1ef3 kh\u00e1ch h\u00e0ng n\u00e0o mu\u1ed1n g\u1eedi \u0111\u01a1n h\u00e0ng c\u1ee7a m\u00ecnh \u0111\u1ebfn NGI Singapore, s\u1ebd c\u00f3 th\u1eddi gian ch\u1edd giao h\u00e0ng \u01b0\u1edbc t\u00ednh kho\u1ea3ng 4 tu\u1ea7n \u0111\u1ec3 nh\u1eadn \u0111\u01b0\u1ee3c \u0111\u01a1n h\u00e0ng c\u1ee7a b\u1ea1n. <strong>Y\u00eau c\u1ea7u b\u00e1o c\u00e1o v\u1ec1 NGI Gemstone c\u1ea7n \u0111\u01b0\u1ee3c th\u1ef1c hi\u1ec7n b\u1eb1ng c\u00e1ch nh\u1eafn tin \u0111\u1ebfn c\u1eeda h\u00e0ng TikTok Yi Pin Qian.<\/strong> C\u1ea3m \u01a1n, <strong><u>\u00e1p d\u1ee5ng th\u00eam ph\u00ed<\/u><\/strong>.<\/p>\n<p>\u00a0<\/p>\n<p><strong>Jadeite t\u1ef1 nhi\u00ean kh\u00f4ng ho\u00e0n h\u1ea3o, ch\u1ec9 l\u00e0 m\u1ed9t l\u1eddi nh\u1eafc nh\u1edf nh\u1eb9 nh\u00e0ng, Jadeite t\u1ef1 nhi\u00ean c\u1ee7a ch\u00fang t\u00f4i, gi\u1ed1ng nh\u01b0 t\u1ea5t c\u1ea3 nh\u1eefng th\u1ee9 \u0111\u1eb9p \u0111\u1ebd trong t\u1ef1 nhi\u00ean, c\u00f3 nh\u1eefng \u0111\u1eb7c \u0111i\u1ec3m v\u00e0 bi\u1ebfn th\u1ec3 \u0111\u1ed9c \u0111\u00e1o. Ch\u00fang t\u00f4i m\u1eddi nh\u1eefng kh\u00e1ch h\u00e0ng c\u00f3 gi\u00e1 tr\u1ecb c\u1ee7a m\u00ecnh \u0111\u00f3n nh\u1eadn nh\u1eefng bi\u1ebfn th\u1ec3 t\u1ef1 nhi\u00ean n\u00e0y. Ch\u00fac b\u1ea1n mua s\u1eafm vui v\u1ebb!<\/strong><\/p>\n<p>\u00a0<\/p>\n<p><strong><u>Kh\u00f4ng c\u00f3 h\u00ecnh \u1ea3nh v\u00e0 c\u1ea3nh quay video n\u00e0o \u0111\u01b0\u1ee3c l\u1ecdc. Ch\u00fang t\u00f4i khuy\u1ebfn kh\u00edch kh\u00e1ch h\u00e0ng c\u1ee7a m\u00ecnh c\u0169ng xem c\u00e1c video \u0111i k\u00e8m \u0111\u1ec3 c\u00f3 c\u00e1i nh\u00ecn to\u00e0n di\u1ec7n h\u01a1n v\u1ec1 s\u1ea3n ph\u1ea9m c\u1ee7a ch\u00fang t\u00f4i<\/u><\/strong><\/p>","protected":false},"excerpt":{"rendered":"<p>Chi\u1ebfc v\u00f2ng c\u1ed5 tinh x\u1ea3o n\u00e0y c\u00f3 m\u1ed9t vi\u00ean Ng\u1ecdc b\u00edch t\u1ef1 nhi\u00ean m\u00e0u v\u00e0ng hi\u1ebfm lo\u1ea1i A \u0111\u01b0\u1ee3c thi\u1ebft k\u1ebf \u0111\u1eb9p m\u1eaft \u0111\u01b0\u1ee3c ch\u1ebf t\u00e1c theo h\u00ecnh con thi\u00ean nga, \u0111\u01b0\u1ee3c g\u1eafn tr\u00ean v\u00e0ng 18k v\u1edbi kim c\u01b0\u01a1ng. S\u1ed1 ch\u1ee9ng ch\u1ec9: GD2110H017967 K\u00edch th\u01b0\u1edbc Ng\u1ecdc b\u00edch thi\u00ean nga: 35,3 * 26,2 * 6,8 mm K\u00edch th\u01b0\u1edbc Cabochon xanh l\u00e1 c\u00e2y: 18,7 * 19,7 * 4,6 mm H\u1ed3ng ng\u1ecdc: 2 \u0110\u1ecf * 0,005, 2 Xanh l\u00e1 c\u00e2y * 0,005 Kim c\u01b0\u01a1ng: [\u2026]<\/p>","protected":false},"featured_media":2443,"comment_status":"open","ping_status":"closed","template":"","meta":[],"product_brand":[],"product_cat":[120,48],"product_tag":[50,52,88,53,55,56,59,60,61,68,62],"class_list":{"0":"post-1280","1":"product","2":"type-product","3":"status-publish","4":"has-post-thumbnail","6":"product_cat-18k-gold-setting-pendants","7":"product_cat-pendants","8":"product_tag-18k-gold","9":"product_tag-certified","10":"product_tag-diamonds","11":"product_tag-fine-quality","12":"product_tag-jadeite","13":"product_tag-limited-editions","14":"product_tag-translucent","15":"product_tag-type-a-jadeite","16":"product_tag-unisex","17":"product_tag-yellow","18":"product_tag-yi-pin-qian-exclusive","20":"first","21":"outofstock","22":"sale","23":"shipping-taxable","24":"purchasable","25":"product-type-simple"},"_links":{"self":[{"href":"https:\/\/shop.yipinqian.com\/vi\/wp-json\/wp\/v2\/product\/1280","targetHints":{"allow":["GET"]}}],"collection":[{"href":"https:\/\/shop.yipinqian.com\/vi\/wp-json\/wp\/v2\/product"}],"about":[{"href":"https:\/\/shop.yipinqian.com\/vi\/wp-json\/wp\/v2\/types\/product"}],"replies":[{"embeddable":true,"href":"https:\/\/shop.yipinqian.com\/vi\/wp-json\/wp\/v2\/comments?post=1280"}],"version-history":[{"count":0,"href":"https:\/\/shop.yipinqian.com\/vi\/wp-json\/wp\/v2\/product\/1280\/revisions"}],"wp:featuredmedia":[{"embeddable":true,"href":"https:\/\/shop.yipinqian.com\/vi\/wp-json\/wp\/v2\/media\/2443"}],"wp:attachment":[{"href":"https:\/\/shop.yipinqian.com\/vi\/wp-json\/wp\/v2\/media?parent=1280"}],"wp:term":[{"taxonomy":"product_brand","embeddable":true,"href":"https:\/\/shop.yipinqian.com\/vi\/wp-json\/wp\/v2\/product_brand?post=1280"},{"taxonomy":"product_cat","embeddable":true,"href":"https:\/\/shop.yipinqian.com\/vi\/wp-json\/wp\/v2\/product_cat?post=1280"},{"taxonomy":"product_tag","embeddable":true,"href":"https:\/\/shop.yipinqian.com\/vi\/wp-json\/wp\/v2\/product_tag?post=1280"}],"curies":[{"name":"wp","href":"https:\/\/api.w.org\/{rel}","templated":true}]}}