{"id":1279,"date":"2024-10-24T23:18:09","date_gmt":"2024-10-24T15:18:09","guid":{"rendered":"https:\/\/shop.yipinqian.com\/product\/beautifully-designed-18k-gold-clasp-attached-to-this-natural-type-a-jadeite-jade-crafted-as-shape-of-chilli-pendant-with-certificate-weigh-8-64-grams-measurement-47-5-18-2-5-8-mm-18kp20\/"},"modified":"2025-01-10T06:35:52","modified_gmt":"2025-01-09T22:35:52","slug":"beautifully-designed-18k-gold-clasp-attached-to-this-natural-type-a-jadeite-jade-crafted-as-shape-of-chilli-pendant-with-certificate-weigh-8-64-grams-measurement-47-5-18-2-5-8-mm-18kp20","status":"publish","type":"product","link":"https:\/\/shop.yipinqian.com\/vi\/san-pham\/beautifully-designed-18k-gold-clasp-attached-to-this-natural-type-a-jadeite-jade-crafted-as-shape-of-chilli-pendant-with-certificate-weigh-8-64-grams-measurement-47-5-18-2-5-8-mm-18kp20\/","title":{"rendered":"M\u00f3c c\u00e0i b\u1eb1ng v\u00e0ng 18k \u0111\u01b0\u1ee3c thi\u1ebft k\u1ebf \u0111\u1eb9p m\u1eaft g\u1eafn v\u00e0o vi\u00ean Ng\u1ecdc b\u00edch t\u1ef1 nhi\u00ean lo\u1ea1i A n\u00e0y \u0111\u01b0\u1ee3c ch\u1ebf t\u00e1c theo h\u00ecnh d\u1ea1ng M\u1eb7t d\u00e2y chuy\u1ec1n \u1edbt k\u00e8m gi\u1ea5y ch\u1ee9ng nh\u1eadn n\u1eb7ng 8,64 gram, k\u00edch th\u01b0\u1edbc 47,5 * 18,2 * 5,8 mm (18kp20)"},"content":{"rendered":"<p>M\u1eb7t d\u00e2y chuy\u1ec1n Jadeite Jade Chilli t\u1ef1 nhi\u00ean lo\u1ea1i A n\u00e0y l\u00e0 m\u1ed9t m\u00f3n \u0111\u1ed3 trang s\u1ee9c tinh t\u1ebf s\u1ebd t\u00f4n l\u00ean phong c\u00e1ch gi\u1ea3n d\u1ecb c\u1ee7a b\u1ea1n. M\u00f3c c\u00e0i b\u1eb1ng v\u00e0ng 18k \u0111\u01b0\u1ee3c thi\u1ebft k\u1ebf \u0111\u1eb9p m\u1eaft g\u1eafn v\u00e0o t\u1ea1o th\u00eam n\u00e9t thanh l\u1ecbch v\u00e0 sang tr\u1ecdng cho m\u1eb7t d\u00e2y chuy\u1ec1n.<\/p>\n<p>\u00a0<\/p>\n<p><strong>S\u1ed1 ch\u1ee9ng ch\u1ec9: GD2203H009342<\/strong><\/p>\n<ul>\n<li>\n<strong>Jadeite t\u1ef1 nhi\u00ean lo\u1ea1i A:<\/strong> \u0110\u01b0\u1ee3c ch\u1ebf t\u00e1c t\u1eeb ng\u1ecdc b\u00edch lo\u1ea1i A t\u1ef1 nhi\u00ean ch\u1ea5t l\u01b0\u1ee3ng cao, m\u1eb7t d\u00e2y chuy\u1ec1n n\u00e0y l\u00e0 m\u1ed9t s\u1ef1 b\u1ed5 sung \u0111\u1ed9c \u0111\u00e1o v\u00e0 c\u00f3 gi\u00e1 tr\u1ecb cho b\u1ed9 s\u01b0u t\u1eadp trang s\u1ee9c c\u1ee7a b\u1ea1n. V\u1edbi k\u00edch th\u01b0\u1edbc 47,5 * 18,2 * 5,8 mm, n\u00f3 ch\u1ec9 n\u1eb7ng 8,64 gram.<\/li>\n<li>\n<strong>Gi\u1ea5y ch\u1ee9ng nh\u1eadn:<\/strong> M\u1eb7t d\u00e2y chuy\u1ec1n tuy\u1ec7t \u0111\u1eb9p n\u00e0y \u0111i k\u00e8m v\u1edbi gi\u1ea5y ch\u1ee9ng nh\u1eadn h\u00e0ng th\u1eadt, \u0111\u1ea3m b\u1ea3o ch\u1ea5t l\u01b0\u1ee3ng v\u00e0 gi\u00e1 tr\u1ecb c\u1ee7a s\u1ea3n ph\u1ea9m.<\/li>\n<li>\n<strong>Khung v\u00e0ng PT\/Carat:<\/strong> V\u1eadt li\u1ec7u l\u00e0m m\u1eb7t d\u00e2y chuy\u1ec1n n\u00e0y \u0111\u01b0\u1ee3c l\u00e0m t\u1eeb v\u00e0ng PT\/Carat gi\u00fap t\u0103ng \u0111\u1ed9 b\u1ec1n v\u00e0 t\u00ednh thanh l\u1ecbch cho thi\u1ebft k\u1ebf.<\/li>\n<\/ul>\n<p>M\u1eb7t d\u00e2y chuy\u1ec1n \u1edbt n\u00e0y ho\u00e0n h\u1ea3o \u0111\u1ec3 \u0111eo h\u00e0ng ng\u00e0y ho\u1eb7c b\u1ea5t k\u1ef3 d\u1ecbp n\u00e0o m\u00e0 b\u1ea1n mu\u1ed1n n\u1ed5i b\u1eadt v\u1edbi m\u1ed9t ph\u1ee5 ki\u1ec7n b\u1eaft m\u1eaft k\u1ebft h\u1ee3p v\u1ebb \u0111\u1eb9p t\u1ef1 nhi\u00ean v\u1edbi c\u00e1c y\u1ebfu t\u1ed1 thi\u1ebft k\u1ebf sang tr\u1ecdng - l\u00e0m cho n\u00f3 ho\u00e0n h\u1ea3o cho c\u1ea3 nam v\u00e0 n\u1eef.<\/p>\n<ul>\n<li>\n<strong>Lo\u1ea1i ng\u1ecdc b\u00edch:<\/strong> \u0110\u01b0\u1ee3c l\u00e0m t\u1eeb \u0111\u00e1 ng\u1ecdc b\u00edch ch\u1ea5t l\u01b0\u1ee3ng cao, chi\u1ebfc v\u00f2ng c\u1ed5 n\u00e0y c\u00f3 t\u00f4ng m\u00e0u xanh l\u00e1 c\u00e2y tuy\u1ec7t \u0111\u1eb9p tr\u00ean to\u00e0n b\u1ed9 thi\u1ebft k\u1ebf.<\/li>\n<li>\n<strong>Ki\u1ec3u v\u00f2ng c\u1ed5 th\u01b0\u1eddng ng\u00e0y: <\/strong>Ki\u1ec3u v\u00f2ng c\u1ed5 gi\u1ea3n d\u1ecb n\u00e0y ph\u00f9 h\u1ee3p v\u1edbi m\u1ecdi trang ph\u1ee5c nh\u01b0ng v\u1eabn nh\u1eb9 v\u00e0 tho\u1ea3i m\u00e1i su\u1ed1t c\u1ea3 ng\u00e0y<\/li>\n<\/ul>\n<p>M\u1eb7t d\u00e2y chuy\u1ec1n ng\u1ecdc b\u00edch Jadeite t\u1ef1 nhi\u00ean lo\u1ea1i A n\u00e0y l\u00e0 l\u1ef1a ch\u1ecdn qu\u00e0 t\u1eb7ng tuy\u1ec7t v\u1eddi cho b\u1ea5t k\u1ef3 ai \u0111\u00e1nh gi\u00e1 cao ngh\u1ec7 thu\u1eadt trang s\u1ee9c \u0111\u1ed9c \u0111\u00e1o \u0111\u1ed3ng th\u1eddi c\u0169ng \u0111\u00e1nh gi\u00e1 cao nh\u1eefng ph\u1ee5 ki\u1ec7n sang tr\u1ecdng c\u00f3 th\u1ec3 \u0111eo trong b\u1ea5t k\u1ef3 d\u1ecbp n\u00e0o - gi\u00fap b\u1ea1n n\u1ed5i b\u1eadt v\u1ec1 m\u1eb7t phong c\u00e1ch!<\/p>\n<p>\u00a0<\/p>\n<p>Yi Pin Qian \u2013 Nh\u00e0 bu\u00f4n \u0111\u00e1 qu\u00fd v\u00e0 kim lo\u1ea1i qu\u00fd t\u1ea1i Singapore \u2013 S\u1ed1 gi\u1ea5y ph\u00e9p PS20190000031<\/p>\n<p>\u00a0<\/p>\n<p>*T\u1ea5t c\u1ea3 c\u00e1c lo\u1ea1i Jadeite \u0111\u01b0\u1ee3c mua t\u1eeb Yi Pin Qian t\u1ea1i Singapore, kh\u00e1ch h\u00e0ng c\u00f3 th\u1ec3 \u0111\u1eb7t l\u1ecbch \u0111\u00e1nh b\u00f3ng ho\u1eb7c s\u1eeda ch\u1eefa nh\u1ecf do x\u1eed l\u00fd sai c\u00e1ch \u2013 c\u00f3 t\u00ednh ph\u00ed v\u00e0 ch\u1ec9 d\u00e0nh cho kh\u00e1ch h\u00e0ng c\u1ee7a Yi Pin Qian t\u1ea1i Singapore*<\/p>\n<p>\u00a0<\/p>\n<p><strong>**C\u00e1c lo\u1ea1i ch\u1ee9ng ch\u1ec9**<\/strong><\/p>\n<p>\u00a0<\/p>\n<p><strong>NGI (C\u00f4ng ty \u0110\u00e1 qu\u00fd Nan Yang)<\/strong><\/p>\n<p>ho\u1eb7c <strong>Ch\u1ee9ng ch\u1ec9 n\u01b0\u1edbc ngo\u00e0i <\/strong>(Yi Pin Qian ch\u1ec9 s\u1eed d\u1ee5ng c\u00e1c ch\u1ee9ng ch\u1ec9 x\u00e1c th\u1ef1c t\u1eeb c\u00e1c ph\u00f2ng th\u00ed nghi\u1ec7m \u1edf n\u01b0\u1edbc ngo\u00e0i v\u00e0 ki\u1ec3m so\u00e1t ch\u1ea5t l\u01b0\u1ee3ng m\u1ecdi s\u1ea3n ph\u1ea9m c\u1ee7a ch\u00fang t\u00f4i tr\u01b0\u1edbc khi \u0111\u01b0a ch\u00fang ra b\u00e1n t\u1ea1i Singapore)<\/p>\n<p>\u00a0<\/p>\n<p>M\u1ed7i s\u1ea3n ph\u1ea9m tr\u00ean TikTok s\u1ebd c\u00f3 lo\u1ea1i ch\u1ee9ng ch\u1ec9 \u0111\u01b0\u1ee3c cung c\u1ea5p \u0111\u01b0\u1ee3c n\u00eau trong ph\u1ea7n m\u00f4 t\u1ea3. \u0110\u1ed1i v\u1edbi b\u1ea5t k\u1ef3 kh\u00e1ch h\u00e0ng n\u00e0o mu\u1ed1n g\u1eedi \u0111\u01a1n h\u00e0ng c\u1ee7a m\u00ecnh \u0111\u1ebfn NGI Singapore, s\u1ebd c\u00f3 th\u1eddi gian ch\u1edd giao h\u00e0ng \u01b0\u1edbc t\u00ednh kho\u1ea3ng 4 tu\u1ea7n \u0111\u1ec3 nh\u1eadn \u0111\u01b0\u1ee3c \u0111\u01a1n h\u00e0ng c\u1ee7a b\u1ea1n. <strong>Y\u00eau c\u1ea7u b\u00e1o c\u00e1o v\u1ec1 NGI Gemstone c\u1ea7n \u0111\u01b0\u1ee3c th\u1ef1c hi\u1ec7n b\u1eb1ng c\u00e1ch nh\u1eafn tin \u0111\u1ebfn c\u1eeda h\u00e0ng TikTok Yi Pin Qian.<\/strong> C\u1ea3m \u01a1n, <strong><u>\u00e1p d\u1ee5ng th\u00eam ph\u00ed<\/u><\/strong>.<\/p>\n<p>\u00a0<\/p>\n<p><strong>Jadeite t\u1ef1 nhi\u00ean kh\u00f4ng ho\u00e0n h\u1ea3o, ch\u1ec9 l\u00e0 m\u1ed9t l\u1eddi nh\u1eafc nh\u1edf nh\u1eb9 nh\u00e0ng, Jadeite t\u1ef1 nhi\u00ean c\u1ee7a ch\u00fang t\u00f4i, gi\u1ed1ng nh\u01b0 t\u1ea5t c\u1ea3 nh\u1eefng th\u1ee9 \u0111\u1eb9p \u0111\u1ebd trong t\u1ef1 nhi\u00ean, c\u00f3 nh\u1eefng \u0111\u1eb7c \u0111i\u1ec3m v\u00e0 bi\u1ebfn th\u1ec3 \u0111\u1ed9c \u0111\u00e1o. Ch\u00fang t\u00f4i m\u1eddi nh\u1eefng kh\u00e1ch h\u00e0ng c\u00f3 gi\u00e1 tr\u1ecb c\u1ee7a m\u00ecnh \u0111\u00f3n nh\u1eadn nh\u1eefng bi\u1ebfn th\u1ec3 t\u1ef1 nhi\u00ean n\u00e0y. Ch\u00fac b\u1ea1n mua s\u1eafm vui v\u1ebb!<\/strong><\/p>\n<p>\u00a0<\/p>\n<p><strong><u>Kh\u00f4ng c\u00f3 h\u00ecnh \u1ea3nh v\u00e0 c\u1ea3nh quay video n\u00e0o \u0111\u01b0\u1ee3c l\u1ecdc. Ch\u00fang t\u00f4i khuy\u1ebfn kh\u00edch kh\u00e1ch h\u00e0ng c\u1ee7a m\u00ecnh c\u0169ng xem c\u00e1c video \u0111i k\u00e8m \u0111\u1ec3 c\u00f3 c\u00e1i nh\u00ecn to\u00e0n di\u1ec7n h\u01a1n v\u1ec1 s\u1ea3n ph\u1ea9m c\u1ee7a ch\u00fang t\u00f4i<\/u><\/strong><\/p>","protected":false},"excerpt":{"rendered":"<p>M\u1eb7t d\u00e2y chuy\u1ec1n Jadeite Jade Chilli t\u1ef1 nhi\u00ean lo\u1ea1i A n\u00e0y l\u00e0 m\u1ed9t m\u00f3n \u0111\u1ed3 trang s\u1ee9c tinh t\u1ebf s\u1ebd l\u00e0m t\u0103ng th\u00eam phong c\u00e1ch gi\u1ea3n d\u1ecb c\u1ee7a b\u1ea1n. M\u00f3c c\u00e0i b\u1eb1ng v\u00e0ng 18k \u0111\u01b0\u1ee3c thi\u1ebft k\u1ebf \u0111\u1eb9p m\u1eaft g\u1eafn v\u00e0o m\u1eb7t d\u00e2y chuy\u1ec1n t\u1ea1o th\u00eam n\u00e9t thanh l\u1ecbch v\u00e0 sang tr\u1ecdng. S\u1ed1 ch\u1ee9ng ch\u1ec9: GD2203H009342 Jadeite lo\u1ea1i A t\u1ef1 nhi\u00ean: \u0110\u01b0\u1ee3c ch\u1ebf t\u00e1c t\u1eeb lo\u1ea1i Jadeite t\u1ef1 nhi\u00ean ch\u1ea5t l\u01b0\u1ee3ng cao lo\u1ea1i A, [\u2026]<\/p>","protected":false},"featured_media":2415,"comment_status":"open","ping_status":"closed","template":"","meta":[],"product_brand":[],"product_cat":[120,48],"product_tag":[50,52,88,53,65,54,55,56,73,59,60,61,62],"class_list":{"0":"post-1279","1":"product","2":"type-product","3":"status-publish","4":"has-post-thumbnail","6":"product_cat-18k-gold-setting-pendants","7":"product_cat-pendants","8":"product_tag-18k-gold","9":"product_tag-certified","10":"product_tag-diamonds","11":"product_tag-fine-quality","12":"product_tag-high-quality","13":"product_tag-icy","14":"product_tag-jadeite","15":"product_tag-limited-editions","16":"product_tag-pendant","17":"product_tag-translucent","18":"product_tag-type-a-jadeite","19":"product_tag-unisex","20":"product_tag-yi-pin-qian-exclusive","22":"first","23":"instock","24":"sale","25":"shipping-taxable","26":"purchasable","27":"product-type-simple"},"_links":{"self":[{"href":"https:\/\/shop.yipinqian.com\/vi\/wp-json\/wp\/v2\/product\/1279","targetHints":{"allow":["GET"]}}],"collection":[{"href":"https:\/\/shop.yipinqian.com\/vi\/wp-json\/wp\/v2\/product"}],"about":[{"href":"https:\/\/shop.yipinqian.com\/vi\/wp-json\/wp\/v2\/types\/product"}],"replies":[{"embeddable":true,"href":"https:\/\/shop.yipinqian.com\/vi\/wp-json\/wp\/v2\/comments?post=1279"}],"version-history":[{"count":0,"href":"https:\/\/shop.yipinqian.com\/vi\/wp-json\/wp\/v2\/product\/1279\/revisions"}],"wp:featuredmedia":[{"embeddable":true,"href":"https:\/\/shop.yipinqian.com\/vi\/wp-json\/wp\/v2\/media\/2415"}],"wp:attachment":[{"href":"https:\/\/shop.yipinqian.com\/vi\/wp-json\/wp\/v2\/media?parent=1279"}],"wp:term":[{"taxonomy":"product_brand","embeddable":true,"href":"https:\/\/shop.yipinqian.com\/vi\/wp-json\/wp\/v2\/product_brand?post=1279"},{"taxonomy":"product_cat","embeddable":true,"href":"https:\/\/shop.yipinqian.com\/vi\/wp-json\/wp\/v2\/product_cat?post=1279"},{"taxonomy":"product_tag","embeddable":true,"href":"https:\/\/shop.yipinqian.com\/vi\/wp-json\/wp\/v2\/product_tag?post=1279"}],"curies":[{"name":"wp","href":"https:\/\/api.w.org\/{rel}","templated":true}]}}