{"id":1275,"date":"2024-10-24T23:18:08","date_gmt":"2024-10-24T15:18:08","guid":{"rendered":"https:\/\/shop.yipinqian.com\/product\/beautifully-crafted-with-birds-and-flower-light-green-natural-type-a-jadeite-jade-as-pendant-certificate-weighs-18-63-grams-measurement-38-3-25-9-9-6-pendant247\/"},"modified":"2025-02-24T00:49:58","modified_gmt":"2025-02-23T16:49:58","slug":"beautifully-crafted-with-birds-and-flower-light-green-natural-type-a-jadeite-jade-as-pendant-certificate-weighs-18-63-grams-measurement-38-3-25-9-9-6-pendant247","status":"publish","type":"product","link":"https:\/\/shop.yipinqian.com\/vi\/san-pham\/beautifully-crafted-with-birds-and-flower-light-green-natural-type-a-jadeite-jade-as-pendant-certificate-weighs-18-63-grams-measurement-38-3-25-9-9-6-pendant247\/","title":{"rendered":"\u0110\u01b0\u1ee3c ch\u1ebf t\u00e1c tinh x\u1ea3o v\u1edbi h\u00ecnh chim v\u00e0 hoa m\u00e0u xanh l\u00e1 c\u00e2y nh\u1ea1t, Ng\u1ecdc b\u00edch lo\u1ea1i A t\u1ef1 nhi\u00ean l\u00e0m m\u1eb7t d\u00e2y chuy\u1ec1n, gi\u1ea5y ch\u1ee9ng nh\u1eadn n\u1eb7ng 18,63 gram, k\u00edch th\u01b0\u1edbc 38,3 * 25,9 * 9,6 (m\u1eb7t d\u00e2y chuy\u1ec1n247)"},"content":{"rendered":"<p>M\u1eb7t d\u00e2y chuy\u1ec1n \u0111\u01b0\u1ee3c ch\u1ebf t\u00e1c tinh x\u1ea3o n\u00e0y c\u00f3 h\u00ecnh chim v\u00e0 hoa, l\u00e0m t\u1eeb Ng\u1ecdc b\u00edch t\u1ef1 nhi\u00ean lo\u1ea1i A m\u00e0u xanh l\u00e1 c\u00e2y nh\u1ea1t. M\u1eb7t d\u00e2y chuy\u1ec1n n\u1eb7ng 18,63 gam v\u00e0 c\u00f3 k\u00edch th\u01b0\u1edbc 38,3 * 25,9 * 9,6.<\/p>\n<p><\/p>\n<p>S\u1ed1 ch\u1ee9ng ch\u1ec9: GD2110H012001<\/p>\n<ul>\n<li>\n<strong>C\u00f3 ch\u1ee9ng ch\u1ec9:<\/strong> \u0110\u00fang<\/li>\n<li>\n<strong>N\u01b0\u1edbc xu\u1ea5t x\u1ee9:<\/strong> Mi\u1ebfn \u0110i\u1ec7n<\/li>\n<li>\n<strong>Nh\u00e2n d\u1ecbp:<\/strong> H\u1eb1ng ng\u00e0y<\/li>\n<li>\n<strong>Lo\u1ea1i b\u1ea3o h\u00e0nh:<\/strong>KH\u00d4NG<\/li>\n<li>Gi\u1edbi t\u00ednh: Unisex<\/li>\n<li>Lo\u1ea1i ng\u1ecdc b\u00edch: Jadeite<\/li>\n<li>M\u00f3n \u0111\u1ed3 tinh t\u1ebf n\u00e0y ho\u00e0n h\u1ea3o \u0111\u1ec3 \u0111eo h\u00e0ng ng\u00e0y, t\u0103ng th\u00eam n\u00e9t thanh l\u1ecbch cho b\u1ea5t k\u1ef3 trang ph\u1ee5c n\u00e0o.<\/li>\n<\/ul>\n<p><\/p>\n<ul>\n<li>Thi\u1ebft k\u1ebf unisex v\u00e0 ki\u1ec3u d\u00e1ng v\u00f2ng c\u1ed5 gi\u1ea3n d\u1ecb gi\u00fap c\u1ea3 nam v\u00e0 n\u1eef \u0111\u1ec1u c\u00f3 th\u1ec3 \u0111eo trong b\u1ea5t k\u1ef3 d\u1ecbp n\u00e0o.<\/li>\n<\/ul>\n<p><strong>Jadeite t\u1ef1 nhi\u00ean kh\u00f4ng ho\u00e0n h\u1ea3o, ch\u1ec9 l\u00e0 m\u1ed9t l\u1eddi nh\u1eafc nh\u1edf nh\u1eb9 nh\u00e0ng, Jadeite t\u1ef1 nhi\u00ean c\u1ee7a ch\u00fang t\u00f4i, gi\u1ed1ng nh\u01b0 t\u1ea5t c\u1ea3 nh\u1eefng th\u1ee9 \u0111\u1eb9p \u0111\u1ebd trong t\u1ef1 nhi\u00ean, c\u00f3 nh\u1eefng \u0111\u1eb7c \u0111i\u1ec3m v\u00e0 bi\u1ebfn th\u1ec3 \u0111\u1ed9c \u0111\u00e1o. Ch\u00fang t\u00f4i m\u1eddi nh\u1eefng kh\u00e1ch h\u00e0ng c\u00f3 gi\u00e1 tr\u1ecb c\u1ee7a m\u00ecnh \u0111\u00f3n nh\u1eadn nh\u1eefng bi\u1ebfn th\u1ec3 t\u1ef1 nhi\u00ean n\u00e0y. Ch\u00fac b\u1ea1n mua s\u1eafm vui v\u1ebb!<\/strong><\/p>\n<p><\/p>\n<p><strong><u>Kh\u00f4ng c\u00f3 h\u00ecnh \u1ea3nh v\u00e0 c\u1ea3nh quay video n\u00e0o \u0111\u01b0\u1ee3c l\u1ecdc. Ch\u00fang t\u00f4i khuy\u1ebfn kh\u00edch kh\u00e1ch h\u00e0ng c\u1ee7a m\u00ecnh c\u0169ng xem c\u00e1c video \u0111i k\u00e8m \u0111\u1ec3 c\u00f3 c\u00e1i nh\u00ecn to\u00e0n di\u1ec7n h\u01a1n v\u1ec1 s\u1ea3n ph\u1ea9m c\u1ee7a ch\u00fang t\u00f4i<\/u><\/strong><\/p>","protected":false},"excerpt":{"rendered":"<p>M\u1eb7t d\u00e2y chuy\u1ec1n \u0111\u01b0\u1ee3c ch\u1ebf t\u00e1c tinh x\u1ea3o n\u00e0y c\u00f3 h\u00ecnh chim v\u00e0 hoa, \u0111\u01b0\u1ee3c l\u00e0m t\u1eeb Ng\u1ecdc b\u00edch t\u1ef1 nhi\u00ean lo\u1ea1i A m\u00e0u xanh l\u00e1 c\u00e2y nh\u1ea1t. M\u1eb7t d\u00e2y chuy\u1ec1n n\u1eb7ng 18,63 gam v\u00e0 c\u00f3 k\u00edch th\u01b0\u1edbc 38,3 * 25,9 * 9,6. S\u1ed1 ch\u1ee9ng nh\u1eadn: GD2110H012001 C\u00f3 ch\u1ee9ng nh\u1eadn: C\u00f3 Qu\u1ed1c gia xu\u1ea5t x\u1ee9: Myanmar D\u1ecbp s\u1eed d\u1ee5ng: H\u00e0ng ng\u00e0y Lo\u1ea1i b\u1ea3o h\u00e0nh: Kh\u00f4ng D\u00e0nh cho: Unisex Lo\u1ea1i ng\u1ecdc b\u00edch: Jadeite M\u00f3n \u0111\u1ed3 tinh x\u1ea3o n\u00e0y ho\u00e0n h\u1ea3o [\u2026]<\/p>","protected":false},"featured_media":2290,"comment_status":"open","ping_status":"closed","template":"","meta":[],"product_brand":[],"product_cat":[194],"product_tag":[],"class_list":{"0":"post-1275","1":"product","2":"type-product","3":"status-publish","4":"has-post-thumbnail","6":"product_cat-value-picks","8":"first","9":"instock","10":"sale","11":"shipping-taxable","12":"purchasable","13":"product-type-simple"},"_links":{"self":[{"href":"https:\/\/shop.yipinqian.com\/vi\/wp-json\/wp\/v2\/product\/1275","targetHints":{"allow":["GET"]}}],"collection":[{"href":"https:\/\/shop.yipinqian.com\/vi\/wp-json\/wp\/v2\/product"}],"about":[{"href":"https:\/\/shop.yipinqian.com\/vi\/wp-json\/wp\/v2\/types\/product"}],"replies":[{"embeddable":true,"href":"https:\/\/shop.yipinqian.com\/vi\/wp-json\/wp\/v2\/comments?post=1275"}],"version-history":[{"count":0,"href":"https:\/\/shop.yipinqian.com\/vi\/wp-json\/wp\/v2\/product\/1275\/revisions"}],"wp:featuredmedia":[{"embeddable":true,"href":"https:\/\/shop.yipinqian.com\/vi\/wp-json\/wp\/v2\/media\/2290"}],"wp:attachment":[{"href":"https:\/\/shop.yipinqian.com\/vi\/wp-json\/wp\/v2\/media?parent=1275"}],"wp:term":[{"taxonomy":"product_brand","embeddable":true,"href":"https:\/\/shop.yipinqian.com\/vi\/wp-json\/wp\/v2\/product_brand?post=1275"},{"taxonomy":"product_cat","embeddable":true,"href":"https:\/\/shop.yipinqian.com\/vi\/wp-json\/wp\/v2\/product_cat?post=1275"},{"taxonomy":"product_tag","embeddable":true,"href":"https:\/\/shop.yipinqian.com\/vi\/wp-json\/wp\/v2\/product_tag?post=1275"}],"curies":[{"name":"wp","href":"https:\/\/api.w.org\/{rel}","templated":true}]}}