{"id":1254,"date":"2024-10-24T23:18:03","date_gmt":"2024-10-24T15:18:03","guid":{"rendered":"https:\/\/shop.yipinqian.com\/product\/a-type-natural-jadeite-jade-light-green-with-green-crafted-as-fish-pendant-collection-certificate-weighs-8-69-grams-measurement-59-23-6-4-6-mm-pendant299\/"},"modified":"2025-03-31T06:53:02","modified_gmt":"2025-03-30T22:53:02","slug":"a-type-natural-jadeite-jade-light-green-with-green-crafted-as-fish-pendant-collection-certificate-weighs-8-69-grams-measurement-59-23-6-4-6-mm-pendant299","status":"publish","type":"product","link":"https:\/\/shop.yipinqian.com\/vi\/san-pham\/a-type-natural-jadeite-jade-light-green-with-green-crafted-as-fish-pendant-collection-certificate-weighs-8-69-grams-measurement-59-23-6-4-6-mm-pendant299\/","title":{"rendered":"A (Lo\u1ea1i) Ng\u1ecdc b\u00edch t\u1ef1 nhi\u00ean m\u00e0u xanh l\u00e1 c\u00e2y nh\u1ea1t v\u1edbi m\u00e0u xanh l\u00e1 c\u00e2y \u0111\u01b0\u1ee3c ch\u1ebf t\u00e1c l\u00e0m m\u1eb7t d\u00e2y chuy\u1ec1n h\u00ecnh c\u00e1 [B\u1ed9 s\u01b0u t\u1eadp], ch\u1ee9ng ch\u1ec9 n\u1eb7ng 8,69 gram, k\u00edch th\u01b0\u1edbc 59 * 23,6 * 4,6 mm (m\u1eb7t d\u00e2y chuy\u1ec1n299)"},"content":{"rendered":"<p>M\u1eb7t d\u00e2y chuy\u1ec1n Jadeite Jade t\u1ef1 nhi\u00ean n\u00e0y c\u00f3 m\u00e0u xanh l\u00e1 c\u00e2y nh\u1ea1t v\u1edbi \u0111i\u1ec3m nh\u1ea5n m\u00e0u xanh l\u00e1 c\u00e2y, \u0111\u01b0\u1ee3c ch\u1ebf t\u00e1c kh\u00e9o l\u00e9o theo h\u00ecnh d\u1ea1ng m\u1ed9t con c\u00e1. M\u1ed9t s\u1ef1 b\u1ed5 sung tuy\u1ec7t \u0111\u1eb9p cho b\u1ea5t k\u1ef3 b\u1ed9 s\u01b0u t\u1eadp trang s\u1ee9c n\u00e0o.<\/p>\n<p>&nbsp;<\/p>\n<p><strong>M\u1eb7t d\u00e2y chuy\u1ec1n n\u00e0y c\u00f3 th\u1ec3 \u0111eo nh\u01b0 v\u1eady, tuy nhi\u00ean, ch\u00fang t\u00f4i \u0111\u1eb7c bi\u1ec7t khuy\u00ean ng\u01b0\u1eddi mua n\u00ean t\u00ecm th\u1ee3 kim ho\u00e0n c\u00f3 kinh nghi\u1ec7m uy t\u00edn \u0111\u1ec3 mua v\u00e0ng 18k \u1edf Singapore, m\u1ed9t lo\u1ea1i trang s\u1ee9c m\u00e0 nh\u00e0 s\u01b0u t\u1eadp kh\u00f4ng mu\u1ed1n b\u1ecf l\u1ee1. <\/strong><\/p>\n<p>&nbsp;<\/p>\n<p><strong>S\u1ed1 ch\u1ee9ng ch\u1ec9: 920770039695<\/strong><\/p>\n<p><img fetchpriority=\"high\" decoding=\"async\" src=\"https:\/\/shop.yipinqian.com\/wp-content\/uploads\/2024\/10\/023324626f0a4d1f9068afc6f0cd715btplv-aphluv4xwc-origin-jpeg.jpeg?from=476444299\" width=\"1080\" height=\"1080\" \/><\/p>\n<ul>\n<li><strong>V\u1eadt li\u1ec7u:<\/strong> Ng\u1ecdc Jadeite t\u1ef1 nhi\u00ean<\/li>\n<li><strong>C\u00e2n n\u1eb7ng:<\/strong> 8,69 gam<\/li>\n<li><strong>C\u00e1c ph\u00e9p \u0111o:<\/strong> 59 x 23,6 x 4,6mm<\/li>\n<li><strong>Gi\u1ea5y ch\u1ee9ng nh\u1eadn:<\/strong> C\u00f3 (bao g\u1ed3m)<\/li>\n<li>Lo\u1ea1i ng\u1ecdc: Ng\u1ecdc b\u00edch lo\u1ea1i A t\u1ef1 nhi\u00ean<\/li>\n<\/ul>\n<p>M\u1eb7t d\u00e2y chuy\u1ec1n \u0111\u1ed9c \u0111\u00e1o n\u00e0y c\u00f3 ngu\u1ed3n g\u1ed1c t\u1eeb Myanmar, n\u01a1i n\u1ed5i ti\u1ebfng v\u1edbi s\u1ea3n l\u01b0\u1ee3ng ng\u1ecdc b\u00edch ch\u1ea5t l\u01b0\u1ee3ng cao, khi\u1ebfn n\u00f3 tr\u1edf th\u00e0nh m\u00f3n \u0111\u1ed3 \u0111\u1eb7c bi\u1ec7t d\u00e0nh cho c\u00e1c nh\u00e0 s\u01b0u t\u1eadp ho\u1eb7c l\u00e0 m\u00f3n qu\u00e0 chu \u0111\u00e1o cho b\u1ea5t k\u1ef3 d\u1ecbp n\u00e0o.<\/p>\n<ul>\n<li>M\u1eb7t d\u00e2y chuy\u1ec1n h\u00ecnh con c\u00e1 n\u00e0y c\u00f3 ki\u1ec3u d\u00e1ng \u0111a d\u1ea1ng, ph\u00f9 h\u1ee3p v\u1edbi c\u1ea3 nam v\u00e0 n\u1eef v\u1edbi thi\u1ebft k\u1ebf v\u00f2ng c\u1ed5 gi\u1ea3n d\u1ecb.<\/li>\n<\/ul>\n<p>Yi Pin Qian \u2013 Nh\u00e0 bu\u00f4n \u0111\u00e1 qu\u00fd v\u00e0 kim lo\u1ea1i qu\u00fd t\u1ea1i Singapore \u2013 S\u1ed1 gi\u1ea5y ph\u00e9p PS20190000031<\/p>\n<p>&nbsp;<\/p>\n<p>*T\u1ea5t c\u1ea3 c\u00e1c lo\u1ea1i Jadeite \u0111\u01b0\u1ee3c mua t\u1eeb Yi Pin Qian t\u1ea1i Singapore, kh\u00e1ch h\u00e0ng c\u00f3 th\u1ec3 \u0111\u1eb7t l\u1ecbch \u0111\u00e1nh b\u00f3ng ho\u1eb7c s\u1eeda ch\u1eefa nh\u1ecf do x\u1eed l\u00fd sai c\u00e1ch \u2013 c\u00f3 t\u00ednh ph\u00ed v\u00e0 ch\u1ec9 d\u00e0nh cho kh\u00e1ch h\u00e0ng c\u1ee7a Yi Pin Qian t\u1ea1i Singapore*<\/p>\n<p>&nbsp;<\/p>\n<p><strong>**C\u00e1c lo\u1ea1i ch\u1ee9ng ch\u1ec9**<\/strong><\/p>\n<p>&nbsp;<\/p>\n<p><strong>NGI (C\u00f4ng ty \u0110\u00e1 qu\u00fd Nan Yang)<\/strong><\/p>\n<p>ho\u1eb7c <strong>Ch\u1ee9ng ch\u1ec9 n\u01b0\u1edbc ngo\u00e0i <\/strong>(Yi Pin Qian ch\u1ec9 s\u1eed d\u1ee5ng c\u00e1c ch\u1ee9ng ch\u1ec9 x\u00e1c th\u1ef1c t\u1eeb c\u00e1c ph\u00f2ng th\u00ed nghi\u1ec7m \u1edf n\u01b0\u1edbc ngo\u00e0i v\u00e0 ki\u1ec3m so\u00e1t ch\u1ea5t l\u01b0\u1ee3ng m\u1ecdi s\u1ea3n ph\u1ea9m c\u1ee7a ch\u00fang t\u00f4i tr\u01b0\u1edbc khi \u0111\u01b0a ch\u00fang ra b\u00e1n t\u1ea1i Singapore)<\/p>\n<p>&nbsp;<\/p>\n<p>M\u1ed7i s\u1ea3n ph\u1ea9m tr\u00ean TikTok s\u1ebd c\u00f3 lo\u1ea1i ch\u1ee9ng ch\u1ec9 \u0111\u01b0\u1ee3c cung c\u1ea5p \u0111\u01b0\u1ee3c n\u00eau trong ph\u1ea7n m\u00f4 t\u1ea3. \u0110\u1ed1i v\u1edbi b\u1ea5t k\u1ef3 kh\u00e1ch h\u00e0ng n\u00e0o mu\u1ed1n g\u1eedi \u0111\u01a1n h\u00e0ng c\u1ee7a m\u00ecnh \u0111\u1ebfn NGI Singapore, s\u1ebd c\u00f3 th\u1eddi gian ch\u1edd giao h\u00e0ng \u01b0\u1edbc t\u00ednh kho\u1ea3ng 4 tu\u1ea7n \u0111\u1ec3 nh\u1eadn \u0111\u01b0\u1ee3c \u0111\u01a1n h\u00e0ng c\u1ee7a b\u1ea1n. <strong>Y\u00eau c\u1ea7u b\u00e1o c\u00e1o v\u1ec1 NGI Gemstone c\u1ea7n \u0111\u01b0\u1ee3c th\u1ef1c hi\u1ec7n b\u1eb1ng c\u00e1ch nh\u1eafn tin \u0111\u1ebfn c\u1eeda h\u00e0ng TikTok Yi Pin Qian.<\/strong> C\u1ea3m \u01a1n, <strong><u>\u00e1p d\u1ee5ng th\u00eam ph\u00ed<\/u><\/strong>.<\/p>\n<p>&nbsp;<\/p>\n<p><strong>Jadeite t\u1ef1 nhi\u00ean kh\u00f4ng ho\u00e0n h\u1ea3o, ch\u1ec9 l\u00e0 m\u1ed9t l\u1eddi nh\u1eafc nh\u1edf nh\u1eb9 nh\u00e0ng, Jadeite t\u1ef1 nhi\u00ean c\u1ee7a ch\u00fang t\u00f4i, gi\u1ed1ng nh\u01b0 t\u1ea5t c\u1ea3 nh\u1eefng th\u1ee9 \u0111\u1eb9p \u0111\u1ebd trong t\u1ef1 nhi\u00ean, c\u00f3 nh\u1eefng \u0111\u1eb7c \u0111i\u1ec3m v\u00e0 bi\u1ebfn th\u1ec3 \u0111\u1ed9c \u0111\u00e1o. Ch\u00fang t\u00f4i m\u1eddi nh\u1eefng kh\u00e1ch h\u00e0ng c\u00f3 gi\u00e1 tr\u1ecb c\u1ee7a m\u00ecnh \u0111\u00f3n nh\u1eadn nh\u1eefng bi\u1ebfn th\u1ec3 t\u1ef1 nhi\u00ean n\u00e0y. Ch\u00fac b\u1ea1n mua s\u1eafm vui v\u1ebb!<\/strong><\/p>\n<p>&nbsp;<\/p>\n<p><strong><u>Kh\u00f4ng c\u00f3 h\u00ecnh \u1ea3nh v\u00e0 c\u1ea3nh quay video n\u00e0o \u0111\u01b0\u1ee3c l\u1ecdc. Ch\u00fang t\u00f4i khuy\u1ebfn kh\u00edch kh\u00e1ch h\u00e0ng c\u1ee7a m\u00ecnh c\u0169ng xem c\u00e1c video \u0111i k\u00e8m \u0111\u1ec3 c\u00f3 c\u00e1i nh\u00ecn to\u00e0n di\u1ec7n h\u01a1n v\u1ec1 s\u1ea3n ph\u1ea9m c\u1ee7a ch\u00fang t\u00f4i<\/u><\/strong><\/p>\n<p>&nbsp;<\/p>","protected":false},"excerpt":{"rendered":"<p>This Natural Jadeite Jade pendant features a light green hue with green accents, expertly crafted in the shape of a fish. A stunning addition to any jewelry collection. &nbsp; This pendant can be worn as it is, however, we highly recommend buyer to look for reputable experience&#8217;s gold smith for 18k gold setting in Singapore, [&hellip;]<\/p>","protected":false},"featured_media":2009,"comment_status":"open","ping_status":"closed","template":"","meta":[],"product_brand":[],"product_cat":[83,126,48],"product_tag":[52,81,70,65,55,82,56,58,73,75,60,61,62],"class_list":{"0":"post-1254","1":"product","2":"type-product","3":"status-publish","4":"has-post-thumbnail","6":"product_cat-jade-necklaces-pendants","7":"product_cat-new-arrivals","8":"product_cat-pendants","9":"product_tag-certified","10":"product_tag-fish","11":"product_tag-green","12":"product_tag-high-quality","13":"product_tag-jadeite","14":"product_tag-light-green","15":"product_tag-limited-editions","16":"product_tag-new-arrivals","17":"product_tag-pendant","18":"product_tag-traditional","19":"product_tag-type-a-jadeite","20":"product_tag-unisex","21":"product_tag-yi-pin-qian-exclusive","23":"first","24":"instock","25":"sale","26":"shipping-taxable","27":"purchasable","28":"product-type-simple"},"_links":{"self":[{"href":"https:\/\/shop.yipinqian.com\/vi\/wp-json\/wp\/v2\/product\/1254","targetHints":{"allow":["GET"]}}],"collection":[{"href":"https:\/\/shop.yipinqian.com\/vi\/wp-json\/wp\/v2\/product"}],"about":[{"href":"https:\/\/shop.yipinqian.com\/vi\/wp-json\/wp\/v2\/types\/product"}],"replies":[{"embeddable":true,"href":"https:\/\/shop.yipinqian.com\/vi\/wp-json\/wp\/v2\/comments?post=1254"}],"version-history":[{"count":0,"href":"https:\/\/shop.yipinqian.com\/vi\/wp-json\/wp\/v2\/product\/1254\/revisions"}],"wp:featuredmedia":[{"embeddable":true,"href":"https:\/\/shop.yipinqian.com\/vi\/wp-json\/wp\/v2\/media\/2009"}],"wp:attachment":[{"href":"https:\/\/shop.yipinqian.com\/vi\/wp-json\/wp\/v2\/media?parent=1254"}],"wp:term":[{"taxonomy":"product_brand","embeddable":true,"href":"https:\/\/shop.yipinqian.com\/vi\/wp-json\/wp\/v2\/product_brand?post=1254"},{"taxonomy":"product_cat","embeddable":true,"href":"https:\/\/shop.yipinqian.com\/vi\/wp-json\/wp\/v2\/product_cat?post=1254"},{"taxonomy":"product_tag","embeddable":true,"href":"https:\/\/shop.yipinqian.com\/vi\/wp-json\/wp\/v2\/product_tag?post=1254"}],"curies":[{"name":"wp","href":"https:\/\/api.w.org\/{rel}","templated":true}]}}