{"id":1253,"date":"2024-10-24T23:18:02","date_gmt":"2024-10-24T15:18:02","guid":{"rendered":"https:\/\/shop.yipinqian.com\/product\/20mm-finger-size-type-a-natural-jadeite-jade-crafted-with-dragon-as-ring-certificate-weighs-22-13-grams-measurement-88-7-28-3-13-8-mm-ring11\/"},"modified":"2025-02-24T00:49:58","modified_gmt":"2025-02-23T16:49:58","slug":"20mm-finger-size-type-a-natural-jadeite-jade-crafted-with-dragon-as-ring-certificate-weighs-22-13-grams-measurement-88-7-28-3-13-8-mm-ring11","status":"publish","type":"product","link":"https:\/\/shop.yipinqian.com\/vi\/san-pham\/20mm-finger-size-type-a-natural-jadeite-jade-crafted-with-dragon-as-ring-certificate-weighs-22-13-grams-measurement-88-7-28-3-13-8-mm-ring11\/","title":{"rendered":"K\u00edch th\u01b0\u1edbc ng\u00f3n tay 20mm Lo\u1ea1i A Ng\u1ecdc b\u00edch t\u1ef1 nhi\u00ean - Ng\u1ecdc b\u00edch \u0111\u01b0\u1ee3c ch\u1ebf t\u00e1c v\u1edbi h\u00ecnh r\u1ed3ng l\u00e0m nh\u1eabn, gi\u1ea5y ch\u1ee9ng nh\u1eadn n\u1eb7ng 22,13 gram, k\u00edch th\u01b0\u1edbc 88,7 * 28,3 * 13,8 mm (ring11)"},"content":{"rendered":"<p>S\u1ef1 tinh t\u1ebf n\u00e0y <strong>K\u00edch th\u01b0\u1edbc ng\u00f3n tay 20mm <\/strong>Nh\u1eabn ng\u1ecdc b\u00edch t\u1ef1 nhi\u00ean lo\u1ea1i A l\u00e0 m\u1ed9t t\u00e1c ph\u1ea9m tuy\u1ec7t \u0111\u1eb9p \u0111\u01b0\u1ee3c ch\u1ebf t\u00e1c v\u1edbi thi\u1ebft k\u1ebf h\u00ecnh r\u1ed3ng, t\u01b0\u1ee3ng tr\u01b0ng cho s\u1ee9c m\u1ea1nh v\u00e0 s\u1ef1 b\u1ea3o v\u1ec7.<\/p>\n<p><\/p>\n<p>S\u1ed1 ch\u1ee9ng ch\u1ec9: SH19060301684<\/p>\n<p><img fetchpriority=\"high\" decoding=\"async\" src=\"https:\/\/shop.yipinqian.com\/wp-content\/uploads\/2024\/10\/8638a0c98e67440883b155f86590ede2tplv-aphluv4xwc-origin-jpeg.jpeg?from=476444299\" width=\"1080\" height=\"1080\"><\/p>\n<ul>\n<li>C\u00f3 ch\u1ee9ng ch\u1ec9: C\u00f3<\/li>\n<li>N\u01b0\u1edbc xu\u1ea5t x\u1ee9: Myanmar<\/li>\n<li>Nh\u00e2n d\u1ecbp: H\u00e0ng ng\u00e0y<\/li>\n<li>Lo\u1ea1i b\u1ea3o h\u00e0nh: Kh\u00f4ng<\/li>\n<li>Gi\u1edbi t\u00ednh: Unisex<\/li>\n<li>Lo\u1ea1i ng\u1ecdc b\u00edch: Jadeite<\/li>\n<\/ul>\n<p><img decoding=\"async\" src=\"https:\/\/shop.yipinqian.com\/wp-content\/uploads\/2024\/10\/00b15ca402054b93841a562fa9749ab7tplv-aphluv4xwc-origin-jpeg.jpeg?from=476444299\" width=\"1080\" height=\"1080\"><\/p>\n<p>V\u1edbi tr\u1ecdng l\u01b0\u1ee3ng 22,13 gam v\u00e0 k\u00edch th\u01b0\u1edbc 88,7 * 28,3 * 13,8 mm (ring11), chi\u1ebfc nh\u1eabn n\u00e0y l\u00e0 m\u1ed9t ph\u1ee5 ki\u1ec7n \u0111\u1ed9c \u0111\u00e1o v\u00e0 thanh l\u1ecbch, mang \u0111\u1ebfn n\u00e9t tinh t\u1ebf cho b\u1ea5t k\u1ef3 trang ph\u1ee5c n\u00e0o.<\/p>\n<p>Chi\u1ebfc nh\u1eabn ng\u1ecdc b\u00edch n\u00e0y kh\u00f4ng ch\u1ec9 \u0111\u1eb9p m\u1eaft m\u00e0 c\u00f2n mang bi\u1ec3u t\u01b0\u1ee3ng m\u1ea1nh m\u1ebd g\u1eafn li\u1ec1n v\u1edbi ng\u1ecdc b\u00edch trong nhi\u1ec1u n\u1ec1n v\u0103n h\u00f3a, r\u1ea5t th\u00edch h\u1ee3p \u0111\u1ec3 \u0111eo h\u00e0ng ng\u00e0y.<\/p>\n<p><\/p>\n<p><strong>Jadeite t\u1ef1 nhi\u00ean kh\u00f4ng ho\u00e0n h\u1ea3o, ch\u1ec9 l\u00e0 m\u1ed9t l\u1eddi nh\u1eafc nh\u1edf nh\u1eb9 nh\u00e0ng, Jadeite t\u1ef1 nhi\u00ean c\u1ee7a ch\u00fang t\u00f4i, gi\u1ed1ng nh\u01b0 t\u1ea5t c\u1ea3 nh\u1eefng th\u1ee9 \u0111\u1eb9p \u0111\u1ebd trong t\u1ef1 nhi\u00ean, c\u00f3 nh\u1eefng \u0111\u1eb7c \u0111i\u1ec3m v\u00e0 bi\u1ebfn th\u1ec3 \u0111\u1ed9c \u0111\u00e1o. Ch\u00fang t\u00f4i m\u1eddi nh\u1eefng kh\u00e1ch h\u00e0ng c\u00f3 gi\u00e1 tr\u1ecb c\u1ee7a m\u00ecnh \u0111\u00f3n nh\u1eadn nh\u1eefng bi\u1ebfn th\u1ec3 t\u1ef1 nhi\u00ean n\u00e0y. Ch\u00fac b\u1ea1n mua s\u1eafm vui v\u1ebb!<\/strong><\/p>\n<p><\/p>\n<p><strong><u>Kh\u00f4ng c\u00f3 h\u00ecnh \u1ea3nh v\u00e0 c\u1ea3nh quay video n\u00e0o \u0111\u01b0\u1ee3c l\u1ecdc. Ch\u00fang t\u00f4i khuy\u1ebfn kh\u00edch kh\u00e1ch h\u00e0ng c\u1ee7a m\u00ecnh c\u0169ng xem c\u00e1c video \u0111i k\u00e8m \u0111\u1ec3 c\u00f3 c\u00e1i nh\u00ecn to\u00e0n di\u1ec7n h\u01a1n v\u1ec1 s\u1ea3n ph\u1ea9m c\u1ee7a ch\u00fang t\u00f4i<\/u><\/strong><\/p>\n<p><\/p>\n<ul>\n<li>C\u00e1c n\u1ec1n t\u1ea3ng kh\u00e1c nhau ch\u1ec9 c\u00f3 th\u1ec3 xem video th\u00f4ng qua m\u00e1y t\u00ednh \u0111\u1ec3 b\u00e0n<\/li>\n<\/ul>","protected":false},"excerpt":{"rendered":"<p>Chi\u1ebfc nh\u1eabn Jadeite-Jade t\u1ef1 nhi\u00ean Type-A 20mm Finger Size tuy\u1ec7t \u0111\u1eb9p n\u00e0y l\u00e0 m\u1ed9t t\u00e1c ph\u1ea9m tuy\u1ec7t \u0111\u1eb9p \u0111\u01b0\u1ee3c ch\u1ebf t\u00e1c v\u1edbi thi\u1ebft k\u1ebf h\u00ecnh r\u1ed3ng, t\u01b0\u1ee3ng tr\u01b0ng cho s\u1ee9c m\u1ea1nh v\u00e0 s\u1ef1 b\u1ea3o v\u1ec7. S\u1ed1 ch\u1ee9ng nh\u1eadn: SH19060301684 C\u00f3 ch\u1ee9ng nh\u1eadn: C\u00f3 Qu\u1ed1c gia xu\u1ea5t x\u1ee9: Myanmar D\u1ecbp s\u1eed d\u1ee5ng: H\u00e0ng ng\u00e0y Lo\u1ea1i b\u1ea3o h\u00e0nh: Kh\u00f4ng D\u00e0nh cho: Unisex Lo\u1ea1i ng\u1ecdc b\u00edch: Jadeite N\u1eb7ng 22,13 gram v\u00e0 c\u00f3 k\u00edch th\u01b0\u1edbc 88,7 * 28,3 * 13,8 mm (ring11), chi\u1ebfc [\u2026]<\/p>","protected":false},"featured_media":1928,"comment_status":"open","ping_status":"closed","template":"","meta":[],"product_brand":[],"product_cat":[194],"product_tag":[52,78,70,79,65,66,55,56,58,71,75,60,61,62],"class_list":{"0":"post-1253","1":"product","2":"type-product","3":"status-publish","4":"has-post-thumbnail","6":"product_cat-value-picks","7":"product_tag-certified","8":"product_tag-dragon","9":"product_tag-green","10":"product_tag-green-hue","11":"product_tag-high-quality","12":"product_tag-jade-ring","13":"product_tag-jadeite","14":"product_tag-limited-editions","15":"product_tag-new-arrivals","16":"product_tag-ring","17":"product_tag-traditional","18":"product_tag-type-a-jadeite","19":"product_tag-unisex","20":"product_tag-yi-pin-qian-exclusive","22":"first","23":"instock","24":"sale","25":"shipping-taxable","26":"purchasable","27":"product-type-simple"},"_links":{"self":[{"href":"https:\/\/shop.yipinqian.com\/vi\/wp-json\/wp\/v2\/product\/1253","targetHints":{"allow":["GET"]}}],"collection":[{"href":"https:\/\/shop.yipinqian.com\/vi\/wp-json\/wp\/v2\/product"}],"about":[{"href":"https:\/\/shop.yipinqian.com\/vi\/wp-json\/wp\/v2\/types\/product"}],"replies":[{"embeddable":true,"href":"https:\/\/shop.yipinqian.com\/vi\/wp-json\/wp\/v2\/comments?post=1253"}],"version-history":[{"count":0,"href":"https:\/\/shop.yipinqian.com\/vi\/wp-json\/wp\/v2\/product\/1253\/revisions"}],"wp:featuredmedia":[{"embeddable":true,"href":"https:\/\/shop.yipinqian.com\/vi\/wp-json\/wp\/v2\/media\/1928"}],"wp:attachment":[{"href":"https:\/\/shop.yipinqian.com\/vi\/wp-json\/wp\/v2\/media?parent=1253"}],"wp:term":[{"taxonomy":"product_brand","embeddable":true,"href":"https:\/\/shop.yipinqian.com\/vi\/wp-json\/wp\/v2\/product_brand?post=1253"},{"taxonomy":"product_cat","embeddable":true,"href":"https:\/\/shop.yipinqian.com\/vi\/wp-json\/wp\/v2\/product_cat?post=1253"},{"taxonomy":"product_tag","embeddable":true,"href":"https:\/\/shop.yipinqian.com\/vi\/wp-json\/wp\/v2\/product_tag?post=1253"}],"curies":[{"name":"wp","href":"https:\/\/api.w.org\/{rel}","templated":true}]}}