{"id":1239,"date":"2024-10-24T23:17:59","date_gmt":"2024-10-24T15:17:59","guid":{"rendered":"https:\/\/shop.yipinqian.com\/product\/18k-gold-pendant-setting-with-1-green-cabochon-and-small-diamonds-with-1-cz-old-mine-natural-type-a-jadeite-with-ngi-gemstone-report-weight-4-94-grams-15-66-12-60-6-00-mm-which-is-highly-translucent-i\/"},"modified":"2025-07-17T11:08:04","modified_gmt":"2025-07-17T03:08:04","slug":"18k-gold-pendant-setting-with-1-green-cabochon-and-small-diamonds-with-1-cz-old-mine-natural-type-a-jadeite-with-ngi-gemstone-report-weight-4-94-grams-15-66-12-60-6-00-mm-which-is-highly-translucent-i","status":"publish","type":"product","link":"https:\/\/shop.yipinqian.com\/vi\/san-pham\/18k-gold-pendant-setting-with-1-green-cabochon-and-small-diamonds-with-1-cz-old-mine-natural-type-a-jadeite-with-ngi-gemstone-report-weight-4-94-grams-15-66-12-60-6-00-mm-which-is-highly-translucent-i\/","title":{"rendered":"M\u1eb7t d\u00e2y chuy\u1ec1n v\u00e0ng 18k v\u1edbi 1 vi\u00ean cabochon xanh l\u00e1 c\u00e2y v\u00e0 nh\u1eefng vi\u00ean kim c\u01b0\u01a1ng nh\u1ecf v\u1edbi 1 vi\u00ean CZ, Ng\u1ecdc b\u00edch t\u1ef1 nhi\u00ean lo\u1ea1i A c\u1ee7a Old Mine v\u1edbi b\u00e1o c\u00e1o \u0111\u00e1 qu\u00fd NGI tr\u1ecdng l\u01b0\u1ee3ng 4,94 gram, 15,66 * 12,60 * 6,00 mm l\u00e0 tinh th\u1ec3 b\u0103ng trong m\u1edd cao v\u00e0 h\u1ea1t r\u1ea5t m\u1ecbn (18kp8)"},"content":{"rendered":"<h2>18k Gold Pendant Setting with 1 green cabochon<\/h2>\n<h2><iframe title=\"18k Gold Pendant Setting with 1 green cabochon\" src=\"https:\/\/youtube.com\/embed\/MdGN3nhOXEM\/\" width=\"330\" height=\"300\"><br \/>\n<span data-mce-type=\"bookmark\" style=\"display: inline-block; width: 0px; overflow: hidden; line-height: 0;\" class=\"mce_SELRES_start\"><span data-mce-type=\"bookmark\" style=\"display: inline-block; width: 0px; overflow: hidden; line-height: 0;\" class=\"mce_SELRES_start\"><\/span><\/span><\/iframe><\/h2>\n<p>Th\u00eam n\u00e9t thanh l\u1ecbch cho b\u1ed9 s\u01b0u t\u1eadp trang s\u1ee9c c\u1ee7a b\u1ea1n v\u1edbi M\u1eb7t d\u00e2y chuy\u1ec1n v\u00e0ng 18k n\u00e0y \u0111\u01b0\u1ee3c trang tr\u00ed b\u1eb1ng nh\u1eefng vi\u00ean kim c\u01b0\u01a1ng nh\u1ecf v\u00e0 m\u1ed9t vi\u00ean \u0111\u00e1 cabochon xanh l\u00e1 c\u00e2y. M\u1eb7t d\u00e2y chuy\u1ec1n c\u00f3 Jadeite lo\u1ea1i A t\u1ef1 nhi\u00ean c\u00f3 ngu\u1ed3n g\u1ed1c t\u1eeb Myanmar, \u0111\u00e3 \u0111\u01b0\u1ee3c ch\u1ee9ng nh\u1eadn b\u1edfi b\u00e1o c\u00e1o \u0111\u00e1 qu\u00fd NGI n\u1eb7ng 4,94 gram v\u00e0 c\u00f3 k\u00edch th\u01b0\u1edbc 15,66 * 12,60 * 6,00 mm.<\/p>\n<p><strong>S\u1ed1 b\u00e1o c\u00e1o NGI: 63837053<\/strong><\/p>\n<ul>\n<li><strong>Gi\u1ed1ng b\u0103ng gi\u00e1 trong su\u1ed1t cao:<\/strong> \u0110\u00e1 ng\u1ecdc b\u00edch \u0111\u01b0\u1ee3c s\u1eed d\u1ee5ng trong m\u1eb7t d\u00e2y chuy\u1ec1n n\u00e0y l\u00e0 lo\u1ea1i \u0111\u00e1 b\u0103ng c\u00f3 \u0111\u1ed9 trong su\u1ed1t cao, mang l\u1ea1i cho n\u00f3 v\u1ebb ngo\u00e0i \u0111\u1ed9c \u0111\u00e1o v\u00e0 tuy\u1ec7t \u0111\u1eb9p.<\/li>\n<li><strong>T\u1ed5ng h\u1ee3p tinh th\u1ec3 h\u1ea1t m\u1ecbn:<\/strong> Lo\u1ea1i ng\u1ecdc b\u00edch n\u00e0y c\u0169ng c\u00f3 tinh th\u1ec3 k\u1ebft tinh d\u1ea1ng h\u1ea1t r\u1ea5t m\u1ecbn, c\u00e0ng l\u00e0m t\u0103ng th\u00eam s\u1ee9c h\u1ea5p d\u1eabn v\u1ec1 m\u1eb7t th\u1ecb gi\u00e1c.<\/li>\n<li><strong>\u0110i\u1ec3m nh\u1ea5n kim c\u01b0\u01a1ng:<\/strong> M\u1eb7t d\u00e2y chuy\u1ec1n \u0111\u01b0\u1ee3c \u0111\u00ednh nh\u1eefng vi\u00ean kim c\u01b0\u01a1ng nh\u1ecf t\u1ea1o n\u00ean s\u1ef1 l\u1ea5p l\u00e1nh cho s\u1ea3n ph\u1ea9m v\u00e0 t\u00f4n l\u00ean v\u1ebb \u0111\u1eb9p t\u1ef1 nhi\u00ean c\u1ee7a \u0111\u00e1 ng\u1ecdc b\u00edch.<\/li>\n<\/ul>\n<p>M\u00f3n \u0111\u1ed3 trang s\u1ee9c thanh l\u1ecbch n\u00e0y c\u00f3 ki\u1ec3u d\u00e1ng v\u00f2ng c\u1ed5 thanh l\u1ecbch, c\u00f3 th\u1ec3 \u0111eo trong m\u1ecdi d\u1ecbp, r\u1ea5t ph\u00f9 h\u1ee3p \u0111\u1ec3 \u0111eo h\u00e0ng ng\u00e0y ho\u1eb7c trong c\u00e1c s\u1ef1 ki\u1ec7n \u0111\u1eb7c bi\u1ec7t.<\/p>\n<p><img fetchpriority=\"high\" decoding=\"async\" class=\"alignnone\" src=\"https:\/\/shop.yipinqian.com\/wp-content\/uploads\/2024\/10\/5c3d926f76fd1f316a4af381f485c80a.jpg?from=476444299\" alt=\"18k Gold Pendant Setting with 1 green cabochon\" width=\"1080\" height=\"1080\" \/><img decoding=\"async\" class=\"aligncenter\" src=\"https:\/\/shop.yipinqian.com\/wp-content\/uploads\/2024\/10\/090e75c0b3d37659d9e40d0a50d39b85.jpg?from=476444299\" alt=\"18k Gold Pendant Setting with 1 green cabochon\" width=\"1080\" height=\"1080\" \/><\/p>\n<ul>\n<li><strong>Gi\u1ea5y ch\u1ee9ng nh\u1eadn bao g\u1ed3m:<\/strong> Chi\u1ebfc v\u00f2ng c\u1ed5 n\u00e0y c\u00f3 ch\u1ee9ng nh\u1eadn t\u1eeb b\u00e1o c\u00e1o \u0110\u00e1 qu\u00fd NGI n\u00ean b\u1ea1n c\u00f3 th\u1ec3 tin t\u01b0\u1edfng v\u00e0o t\u00ednh x\u00e1c th\u1ef1c c\u1ee7a n\u00f3<\/li>\n<li><strong>\u0110\u01b0\u1ee3c l\u00e0m t\u1eeb v\u1eadt li\u1ec7u ch\u1ea5t l\u01b0\u1ee3ng cao: <\/strong>V\u1eadt li\u1ec7u \u0111\u00ednh k\u1ebft \u0111\u01b0\u1ee3c l\u00e0m t\u1eeb V\u00e0ng trong khi V\u1eadt li\u1ec7u th\u1ee9 c\u1ea5p \u0111\u01b0\u1ee3c s\u1eed d\u1ee5ng l\u00e0 Kim c\u01b0\u01a1ng \u0111\u1ea3m b\u1ea3o b\u1ea1n ch\u1ec9 nh\u1eadn \u0111\u01b0\u1ee3c nh\u1eefng s\u1ea3n ph\u1ea9m ch\u1ea5t l\u01b0\u1ee3ng cao<\/li>\n<\/ul>\n<p>Thi\u1ebft k\u1ebf k\u1ebft h\u1ee3p \u0111\u1ea3m b\u1ea3o t\u1ea5t c\u1ea3 c\u00e1c v\u1eadt li\u1ec7u \u0111\u01b0\u1ee3c c\u1ed1 \u0111\u1ecbnh ch\u1eafc ch\u1eafn v\u1edbi nhau nh\u01b0ng v\u1eabn \u0111\u1eb9p m\u1eaft.<\/p>\n<ul>\n<li>Chi\u1ebfc v\u00f2ng c\u1ed5 n\u00e0y l\u00e0 m\u00f3n qu\u00e0 tuy\u1ec7t v\u1eddi cho b\u1ea5t k\u1ef3 ng\u01b0\u1eddi y\u00eau th\u00edch ho\u1eb7c nh\u00e0 s\u01b0u t\u1eadp trang s\u1ee9c n\u00e0o \u0111\u00e1nh gi\u00e1 cao ch\u1ea5t l\u01b0\u1ee3ng th\u1ee7 c\u00f4ng v\u00e0 thi\u1ebft k\u1ebf \u0111\u1eb9p m\u1eaft.<\/li>\n<\/ul>\n<p>B\u1ea1n s\u1ebd th\u00edch th\u00fa khi th\u00eam s\u1ea3n ph\u1ea9m tuy\u1ec7t \u0111\u1eb9p n\u00e0y v\u00e0o b\u1ed9 s\u01b0u t\u1eadp c\u1ee7a m\u00ecnh!<\/p>\n<p>.<\/p>\n<p>Yi Pin Qian \u2013 Nh\u00e0 bu\u00f4n \u0111\u00e1 qu\u00fd v\u00e0 kim lo\u1ea1i qu\u00fd t\u1ea1i Singapore \u2013 S\u1ed1 gi\u1ea5y ph\u00e9p PS20190000031<\/p>\n<p><em>T\u1ea5t c\u1ea3 c\u00e1c lo\u1ea1i Jadeite \u0111\u01b0\u1ee3c mua t\u1eeb Yi Pin Qian t\u1ea1i Singapore, kh\u00e1ch h\u00e0ng c\u00f3 th\u1ec3 \u0111\u1eb7t l\u1ecbch \u0111\u00e1nh b\u00f3ng ho\u1eb7c s\u1eeda ch\u1eefa nh\u1ecf do x\u1eed l\u00fd sai c\u00e1ch \u2013 c\u00f3 t\u00ednh ph\u00ed v\u00e0 ch\u1ec9 d\u00e0nh cho kh\u00e1ch h\u00e0ng c\u1ee7a Yi Pin Qian t\u1ea1i Singapore<\/em><\/p>\n<ul>\n<li><\/li>\n<\/ul>\n<p>NGI (C\u00f4ng ty \u0110\u00e1 qu\u00fd Nan Yang)<\/p>\n<p>ho\u1eb7c ch\u1ee9ng ch\u1ec9 n\u01b0\u1edbc ngo\u00e0i (Yi Pin Qian ch\u1ec9 s\u1eed d\u1ee5ng ch\u1ee9ng ch\u1ec9 x\u00e1c th\u1ef1c t\u1eeb c\u00e1c ph\u00f2ng th\u00ed nghi\u1ec7m \u1edf n\u01b0\u1edbc ngo\u00e0i v\u00e0 c\u0169ng ki\u1ec3m so\u00e1t ch\u1ea5t l\u01b0\u1ee3ng m\u1ecdi s\u1ea3n ph\u1ea9m c\u1ee7a ch\u00fang t\u00f4i tr\u01b0\u1edbc khi \u0111\u01b0a ch\u00fang ra b\u00e1n t\u1ea1i Singapore)<\/p>\n<p>M\u1ed7i s\u1ea3n ph\u1ea9m tr\u00ean TikTok s\u1ebd c\u00f3 lo\u1ea1i ch\u1ee9ng ch\u1ec9 \u0111\u01b0\u1ee3c cung c\u1ea5p \u0111\u01b0\u1ee3c ch\u1ec9 \u0111\u1ecbnh trong ph\u1ea7n m\u00f4 t\u1ea3. \u0110\u1ed1i v\u1edbi b\u1ea5t k\u1ef3 kh\u00e1ch h\u00e0ng n\u00e0o mu\u1ed1n g\u1eedi \u0111\u01a1n h\u00e0ng c\u1ee7a m\u00ecnh \u0111\u1ebfn NGI Singapore, s\u1ebd c\u00f3 th\u1eddi gian ch\u1edd giao h\u00e0ng \u01b0\u1edbc t\u00ednh kho\u1ea3ng 4 tu\u1ea7n \u0111\u1ec3 nh\u1eadn \u0111\u01b0\u1ee3c \u0111\u01a1n h\u00e0ng c\u1ee7a b\u1ea1n. Y\u00eau c\u1ea7u b\u00e1o c\u00e1o v\u1ec1 \u0111\u00e1 qu\u00fd NGI c\u1ea7n \u0111\u01b0\u1ee3c th\u1ef1c hi\u1ec7n b\u1eb1ng c\u00e1ch nh\u1eafn tin cho c\u1eeda h\u00e0ng Yi Pin Qian TikTok. C\u1ea3m \u01a1n b\u1ea1n, ch\u00fang t\u00f4i s\u1ebd \u00e1p d\u1ee5ng th\u00eam ph\u00ed.<\/p>","protected":false},"excerpt":{"rendered":"<h2>18k Gold Pendant Setting with 1 green cabochon<\/h2>\n<p><img decoding=\"async\" class=\"aligncenter size-medium wp-image-22229\" src=\"https:\/\/shop.yipinqian.com\/wp-content\/uploads\/2024\/10\/WhatsApp-Image-2024-05-14-at-19.37.38_76d83e79-300x300.jpg\" alt=\"18k Gold Pendant Setting with 1 green cabochon\" width=\"300\" height=\"300\" srcset=\"https:\/\/shop.yipinqian.com\/wp-content\/uploads\/2024\/10\/WhatsApp-Image-2024-05-14-at-19.37.38_76d83e79-300x300.jpg 300w, https:\/\/shop.yipinqian.com\/wp-content\/uploads\/2024\/10\/WhatsApp-Image-2024-05-14-at-19.37.38_76d83e79-1024x1024.jpg 1024w, https:\/\/shop.yipinqian.com\/wp-content\/uploads\/2024\/10\/WhatsApp-Image-2024-05-14-at-19.37.38_76d83e79-150x150.jpg 150w, https:\/\/shop.yipinqian.com\/wp-content\/uploads\/2024\/10\/WhatsApp-Image-2024-05-14-at-19.37.38_76d83e79-768x768.jpg 768w, https:\/\/shop.yipinqian.com\/wp-content\/uploads\/2024\/10\/WhatsApp-Image-2024-05-14-at-19.37.38_76d83e79-12x12.jpg 12w, https:\/\/shop.yipinqian.com\/wp-content\/uploads\/2024\/10\/WhatsApp-Image-2024-05-14-at-19.37.38_76d83e79-500x500.jpg 500w, https:\/\/shop.yipinqian.com\/wp-content\/uploads\/2024\/10\/WhatsApp-Image-2024-05-14-at-19.37.38_76d83e79-100x100.jpg 100w, https:\/\/shop.yipinqian.com\/wp-content\/uploads\/2024\/10\/WhatsApp-Image-2024-05-14-at-19.37.38_76d83e79.jpg 1080w\" sizes=\"(max-width: 300px) 100vw, 300px\" \/><\/p>","protected":false},"featured_media":1781,"comment_status":"open","ping_status":"closed","template":"","meta":[],"product_brand":[],"product_cat":[196],"product_tag":[50,64,53,70,54,55,56,73,74,75,60,62],"class_list":{"0":"post-1239","1":"product","2":"type-product","3":"status-publish","4":"has-post-thumbnail","6":"product_cat-vault-collection","7":"product_tag-18k-gold","8":"product_tag-cabochon","9":"product_tag-fine-quality","10":"product_tag-green","11":"product_tag-icy","12":"product_tag-jadeite","13":"product_tag-limited-editions","14":"product_tag-pendant","15":"product_tag-qic-approved-certificate","16":"product_tag-traditional","17":"product_tag-type-a-jadeite","18":"product_tag-yi-pin-qian-exclusive","20":"first","21":"instock","22":"sale","23":"shipping-taxable","24":"purchasable","25":"product-type-simple"},"_links":{"self":[{"href":"https:\/\/shop.yipinqian.com\/vi\/wp-json\/wp\/v2\/product\/1239","targetHints":{"allow":["GET"]}}],"collection":[{"href":"https:\/\/shop.yipinqian.com\/vi\/wp-json\/wp\/v2\/product"}],"about":[{"href":"https:\/\/shop.yipinqian.com\/vi\/wp-json\/wp\/v2\/types\/product"}],"replies":[{"embeddable":true,"href":"https:\/\/shop.yipinqian.com\/vi\/wp-json\/wp\/v2\/comments?post=1239"}],"version-history":[{"count":0,"href":"https:\/\/shop.yipinqian.com\/vi\/wp-json\/wp\/v2\/product\/1239\/revisions"}],"wp:featuredmedia":[{"embeddable":true,"href":"https:\/\/shop.yipinqian.com\/vi\/wp-json\/wp\/v2\/media\/1781"}],"wp:attachment":[{"href":"https:\/\/shop.yipinqian.com\/vi\/wp-json\/wp\/v2\/media?parent=1239"}],"wp:term":[{"taxonomy":"product_brand","embeddable":true,"href":"https:\/\/shop.yipinqian.com\/vi\/wp-json\/wp\/v2\/product_brand?post=1239"},{"taxonomy":"product_cat","embeddable":true,"href":"https:\/\/shop.yipinqian.com\/vi\/wp-json\/wp\/v2\/product_cat?post=1239"},{"taxonomy":"product_tag","embeddable":true,"href":"https:\/\/shop.yipinqian.com\/vi\/wp-json\/wp\/v2\/product_tag?post=1239"}],"curies":[{"name":"wp","href":"https:\/\/api.w.org\/{rel}","templated":true}]}}