{"id":1236,"date":"2024-10-24T23:17:58","date_gmt":"2024-10-24T15:17:58","guid":{"rendered":"https:\/\/shop.yipinqian.com\/product\/18k-gold-green-translucent-fine-grain-pixiu-natural-type-a-jadeite-ring-with-ngi-gemstones-report-weighs-3-18-grams-15-10-9-88-4-91-mm-with-gold-tested-by-x-ray-fluorescence-method-ring-internal-diame\/"},"modified":"2025-07-08T08:45:07","modified_gmt":"2025-07-08T00:45:07","slug":"18k-gold-green-translucent-fine-grain-pixiu-natural-type-a-jadeite-ring-with-ngi-gemstones-report-weighs-3-18-grams-15-10-9-88-4-91-mm-with-gold-tested-by-x-ray-fluorescence-method-ring-internal-diame","status":"publish","type":"product","link":"https:\/\/shop.yipinqian.com\/vi\/san-pham\/18k-gold-green-translucent-fine-grain-pixiu-natural-type-a-jadeite-ring-with-ngi-gemstones-report-weighs-3-18-grams-15-10-9-88-4-91-mm-with-gold-tested-by-x-ray-fluorescence-method-ring-internal-diame\/","title":{"rendered":"Nh\u1eabn ng\u1ecdc b\u00edch Pixiu t\u1ef1 nhi\u00ean lo\u1ea1i A m\u00e0u xanh l\u00e1 c\u00e2y trong m\u1edd 18k c\u00f3 \u0111\u00e1 qu\u00fd NGI b\u00e1o c\u00e1o n\u1eb7ng 3,18 gram, k\u00edch th\u01b0\u1edbc 15,10 * 9,88 * 4,91 mm v\u1edbi v\u00e0ng \u0111\u01b0\u1ee3c ki\u1ec3m tra b\u1eb1ng ph\u01b0\u01a1ng ph\u00e1p hu\u1ef3nh quang tia X (\u0110\u01b0\u1eddng k\u00ednh b\u00ean trong nh\u1eabn = 17,5 mm) (18kring10)"},"content":{"rendered":"<p>18k Gold Green Translucent fine grain Pixiu<br \/>\n<iframe title=\"Pendant with Landscape &amp; Floral\" src=\"https:\/\/youtube.com\/embed\/yia8uvDsl6Y\/\" width=\"330\" height=\"300\"><\/iframe><br \/>\nN\u00e2ng t\u1ea7m tr\u00f2 ch\u01a1i trang s\u1ee9c c\u1ee7a b\u1ea1n v\u1edbi chi\u1ebfc nh\u1eabn ng\u1ecdc b\u00edch Pixiu Natural lo\u1ea1i A b\u1eb1ng v\u00e0ng 18k xanh trong m\u1edd h\u1ea1t m\u1ecbn tuy\u1ec7t \u0111\u1eb9p n\u00e0y. V\u1edbi b\u00e1o c\u00e1o c\u1ee7a NGI Gemstones, chi\u1ebfc nh\u1eabn n\u00e0y l\u00e0 m\u1ed9t t\u00e1c ph\u1ea9m ngh\u1ec7 thu\u1eadt c\u00f3 tr\u1ecdng l\u01b0\u1ee3ng 3,18 gram v\u00e0 k\u00edch th\u01b0\u1edbc 15,10 * 9,88 * 4,91 mm.<\/p>\n<p><strong>S\u1ed1 b\u00e1o c\u00e1o NGI: 63837056<\/strong><\/p>\n<p>(\u0110\u01b0\u1eddng k\u00ednh b\u00ean trong nh\u1eabn c\u1ee1 ng\u00f3n tay = 17,5 mm)<\/p>\n<ul>\n<li><strong>Thi\u1ebft k\u1ebf tinh t\u1ebf:<\/strong> \u0110\u01b0\u1ee3c trang tr\u00ed b\u1eb1ng \u0111\u00e1 Jadeite Pixiu Natural lo\u1ea1i A h\u1ea1t m\u1ecbn, chi\u1ebfc nh\u1eabn n\u00e0y ch\u1eafc ch\u1eafn s\u1ebd thu h\u00fat s\u1ef1 ch\u00fa \u00fd c\u1ee7a nh\u1eefng ng\u01b0\u1eddi xung quanh b\u1ea1n.<\/li>\n<li><strong>Ch\u1ea5t l\u01b0\u1ee3ng cao c\u1ea5p:<\/strong> \u0110\u01b0\u1ee3c ch\u1ebf t\u00e1c t\u1eeb v\u00e0ng ch\u1ea5t l\u01b0\u1ee3ng cao, chi\u1ebfc nh\u1eabn \u0111\u00e3 \u0111\u01b0\u1ee3c th\u1eed nghi\u1ec7m b\u1eb1ng ph\u01b0\u01a1ng ph\u00e1p hu\u1ef3nh quang tia X \u0111\u1ec3 \u0111\u1ea3m b\u1ea3o t\u00ednh x\u00e1c th\u1ef1c v\u00e0 tinh khi\u1ebft.<\/li>\n<li><strong>Th\u00edch h\u1ee3p \u0111\u1ec3 m\u1eb7c h\u00e0ng ng\u00e0y:<\/strong> D\u00f9 \u0111eo h\u00e0ng ng\u00e0y hay trong nh\u1eefng d\u1ecbp \u0111\u1eb7c bi\u1ec7t, chi\u1ebfc nh\u1eabn ng\u1ecdc b\u00edch n\u00e0y s\u1ebd mang \u0111\u1ebfn n\u00e9t thanh l\u1ecbch cho trang ph\u1ee5c c\u1ee7a b\u1ea1n.<\/li>\n<\/ul>\n<p><img fetchpriority=\"high\" decoding=\"async\" class=\"alignnone\" src=\"https:\/\/shop.yipinqian.com\/wp-content\/uploads\/2024\/10\/659891546a0096d47f890d0243aa0b09.jpg?from=476444299\" alt=\"18k Gold Green Translucent fine grain Pixiu\" width=\"1080\" height=\"1080\" \/><\/p>\n<p>Chi\u1ebfc nh\u1eabn ng\u1ecdc b\u00edch unisex n\u00e0y c\u00f3 m\u00e0u xanh l\u1ee5c trong m\u1edd mang \u0111\u1ebfn cho n\u00f3 m\u1ed9t s\u1ee9c h\u1ea5p d\u1eabn thanh tho\u00e1t trong khi c\u00e1c chi ti\u1ebft ph\u1ee9c t\u1ea1p c\u1ee7a n\u00f3 t\u1ea1o th\u00eam chi\u1ec1u s\u00e2u v\u00e0 k\u1ebft c\u1ea5u. Gi\u1ea5y ch\u1ee9ng nh\u1eadn x\u00e1c th\u1ef1c \u0111\u1ea3m b\u1ea3o r\u1eb1ng b\u1ea1n \u0111ang \u0111\u1ea7u t\u01b0 v\u00e0o \u0111\u1ed3 trang s\u1ee9c ch\u1ea5t l\u01b0\u1ee3ng ch\u00ednh h\u00e3ng trong khi vi\u1ec7c kh\u00f4ng c\u00f3 lo\u1ea1i b\u1ea3o h\u00e0nh cho th\u1ea5y s\u1ef1 tin t\u01b0\u1edfng v\u00e0o \u0111\u1ed9 b\u1ec1n c\u1ee7a n\u00f3. \u0110\u1eb7t h\u00e0ng ngay h\u00f4m nay v\u00e0 b\u01b0\u1edbc ra ngo\u00e0i theo phong c\u00e1ch!<\/p>\n<p>Yi Pin Qian \u2013 Nh\u00e0 bu\u00f4n \u0111\u00e1 qu\u00fd v\u00e0 kim lo\u1ea1i qu\u00fd t\u1ea1i Singapore \u2013 S\u1ed1 gi\u1ea5y ph\u00e9p PS20190000031<\/p>\n<p>*T\u1ea5t c\u1ea3 c\u00e1c lo\u1ea1i Jadeite \u0111\u01b0\u1ee3c mua t\u1eeb Yi Pin Qian t\u1ea1i Singapore, kh\u00e1ch h\u00e0ng c\u00f3 th\u1ec3 \u0111\u1eb7t l\u1ecbch \u0111\u00e1nh b\u00f3ng ho\u1eb7c s\u1eeda ch\u1eefa nh\u1ecf do x\u1eed l\u00fd sai c\u00e1ch \u2013 c\u00f3 t\u00ednh ph\u00ed v\u00e0 ch\u1ec9 d\u00e0nh cho kh\u00e1ch h\u00e0ng c\u1ee7a Yi Pin Qian t\u1ea1i Singapore*<\/p>\n<p>Chi\u1ebfc nh\u1eabn ng\u1ecdc b\u00edch Pixiu t\u1ef1 nhi\u00ean lo\u1ea1i A b\u1eb1ng v\u00e0ng 18k xanh trong m\u1edd h\u1ea1t m\u1ecbn n\u00e0y c\u00f3 \u0111\u00ednh \u0111\u00e1 qu\u00fd NGI l\u00e0 m\u1ed9t m\u00f3n \u0111\u1ed3 trang s\u1ee9c tuy\u1ec7t \u0111\u1eb9p m\u00e0 b\u1ea1n s\u1ebd kh\u00f4ng mu\u1ed1n th\u00e1o ra.<\/p>\n<ul>\n<li><strong>Thi\u1ebft k\u1ebf tinh t\u1ebf:<\/strong> Chi\u1ebfc nh\u1eabn c\u00f3 thi\u1ebft k\u1ebf Pixiu \u0111\u1ed9c \u0111\u00e1o t\u01b0\u1ee3ng tr\u01b0ng cho s\u1ef1 gi\u00e0u c\u00f3 v\u00e0 may m\u1eafn. Ng\u1ecdc b\u00edch h\u1ea1t m\u1ecbn trong m\u1edd m\u00e0u xanh l\u00e1 c\u00e2y mang \u0111\u1ebfn n\u00e9t thanh l\u1ecbch v\u00e0 tinh t\u1ebf cho b\u1ea5t k\u1ef3 trang ph\u1ee5c n\u00e0o.<\/li>\n<li><strong>V\u1eadt li\u1ec7u qu\u00fd:<\/strong> \u0110\u01b0\u1ee3c l\u00e0m b\u1eb1ng v\u00e0ng ch\u1ea5t l\u01b0\u1ee3ng cao, chi\u1ebfc nh\u1eabn n\u00e0y b\u1ec1n, l\u00e2u d\u00e0i v\u00e0 ho\u00e0n h\u1ea3o \u0111\u1ec3 \u0111eo h\u00e0ng ng\u00e0y. N\u00f3 \u0111\u00e3 \u0111\u01b0\u1ee3c ki\u1ec3m tra b\u1eb1ng ph\u01b0\u01a1ng ph\u00e1p hu\u1ef3nh quang tia X \u0111\u1ec3 x\u00e1c th\u1ef1c.<\/li>\n<li><strong>Ch\u1ee9ng nh\u1eadn:<\/strong> S\u1ea3n ph\u1ea9m n\u00e0y c\u00f3 k\u00e8m ch\u1ee9ng nh\u1eadn Yes t\u1eeb b\u00e1o c\u00e1o c\u1ee7a NGI Gemstones \u0111\u1ea3m b\u1ea3o t\u00ednh x\u00e1c th\u1ef1c c\u1ee7a lo\u1ea1i ng\u1ecdc b\u00edch \u0111\u01b0\u1ee3c s\u1eed d\u1ee5ng trong t\u00e1c ph\u1ea9m tuy\u1ec7t \u0111\u1eb9p n\u00e0y.<\/li>\n<\/ul>\n<p>Tr\u1ecdng l\u01b0\u1ee3ng 3,18 gram c\u1ee7a s\u1ea3n ph\u1ea9m n\u00e0y gi\u00fap b\u1ea1n tho\u1ea3i m\u00e1i \u0111eo c\u1ea3 ng\u00e0y, trong khi k\u00edch th\u01b0\u1edbc (15,10 * 9,88 * 4,91 mm) ph\u00f9 h\u1ee3p v\u1edbi c\u1ea3 nam v\u00e0 n\u1eef.<\/p>\n<ul>\n<li>Chi\u1ebfc nh\u1eabn ng\u1ecdc b\u00edch tinh x\u1ea3o n\u00e0y \u0111\u01b0\u1ee3c s\u1ea3n xu\u1ea5t t\u1ea1i Singapore, n\u01a1i s\u1ef1 kh\u00e9o l\u00e9o ch\u1ea5t l\u01b0\u1ee3ng k\u1ebft h\u1ee3p v\u1edbi thi\u1ebft k\u1ebf tuy\u1ec7t \u0111\u1eb9p<\/li>\n<\/ul>\n<p>Chi\u1ebfc nh\u1eabn ng\u1ecdc b\u00edch lo\u1ea1i A t\u1ef1 nhi\u00ean tuy\u1ec7t \u0111\u1eb9p n\u00e0y c\u00f3 th\u1ec3 \u0111eo trong b\u1ea5t k\u1ef3 d\u1ecbp n\u00e0o, t\u1eeb trang ph\u1ee5c h\u00e0ng ng\u00e0y \u0111\u1ebfn nh\u1eefng d\u1ecbp \u0111\u1eb7c bi\u1ec7t, t\u00f4n th\u00eam phong c\u00e1ch cho v\u1ebb ngo\u00e0i c\u1ee7a b\u1ea1n m\u00e0 v\u1eabn gi\u1eef \u0111\u01b0\u1ee3c s\u1ef1 thanh l\u1ecbch gi\u1ea3n d\u1ecb, ho\u00e0n h\u1ea3o cho m\u1ecdi phong c\u00e1ch hay trang ph\u1ee5c b\u1ea1n ch\u1ecdn!<\/p>\n<ul>\n<li><\/li>\n<\/ul>\n<p>NGI (C\u00f4ng ty \u0110\u00e1 qu\u00fd Nan Yang)<\/p>\n<p>ho\u1eb7c ch\u1ee9ng ch\u1ec9 n\u01b0\u1edbc ngo\u00e0i (Yi Pin Qian ch\u1ec9 s\u1eed d\u1ee5ng ch\u1ee9ng ch\u1ec9 x\u00e1c th\u1ef1c t\u1eeb c\u00e1c ph\u00f2ng th\u00ed nghi\u1ec7m \u1edf n\u01b0\u1edbc ngo\u00e0i v\u00e0 c\u0169ng ki\u1ec3m so\u00e1t ch\u1ea5t l\u01b0\u1ee3ng m\u1ecdi s\u1ea3n ph\u1ea9m c\u1ee7a ch\u00fang t\u00f4i tr\u01b0\u1edbc khi \u0111\u01b0a ch\u00fang ra b\u00e1n t\u1ea1i Singapore)<\/p>\n<p>&nbsp;<\/p>\n<p>M\u1ed7i s\u1ea3n ph\u1ea9m tr\u00ean TikTok s\u1ebd c\u00f3 lo\u1ea1i ch\u1ee9ng ch\u1ec9 \u0111\u01b0\u1ee3c cung c\u1ea5p \u0111\u01b0\u1ee3c ch\u1ec9 \u0111\u1ecbnh trong ph\u1ea7n m\u00f4 t\u1ea3. \u0110\u1ed1i v\u1edbi b\u1ea5t k\u1ef3 kh\u00e1ch h\u00e0ng n\u00e0o mu\u1ed1n g\u1eedi \u0111\u01a1n h\u00e0ng c\u1ee7a m\u00ecnh \u0111\u1ebfn NGI Singapore, s\u1ebd c\u00f3 th\u1eddi gian ch\u1edd giao h\u00e0ng \u01b0\u1edbc t\u00ednh kho\u1ea3ng 4 tu\u1ea7n \u0111\u1ec3 nh\u1eadn \u0111\u01b0\u1ee3c \u0111\u01a1n h\u00e0ng c\u1ee7a b\u1ea1n. Y\u00eau c\u1ea7u b\u00e1o c\u00e1o v\u1ec1 \u0111\u00e1 qu\u00fd NGI c\u1ea7n \u0111\u01b0\u1ee3c th\u1ef1c hi\u1ec7n b\u1eb1ng c\u00e1ch nh\u1eafn tin cho c\u1eeda h\u00e0ng Yi Pin Qian TikTok. C\u1ea3m \u01a1n b\u1ea1n, ch\u00fang t\u00f4i s\u1ebd \u00e1p d\u1ee5ng th\u00eam ph\u00ed.<\/p>","protected":false},"excerpt":{"rendered":"<h2>18k Gold Green Translucent fine grain Pixiu<\/h2>\n<p><img decoding=\"async\" class=\"aligncenter size-medium wp-image-22204\" src=\"https:\/\/shop.yipinqian.com\/wp-content\/uploads\/2024\/10\/WhatsApp-Image-2024-05-10-at-15.47.09_587df37d-300x300.jpg\" alt=\"18k Gold Green Translucent fine grain Pixiu\" width=\"300\" height=\"300\" srcset=\"https:\/\/shop.yipinqian.com\/wp-content\/uploads\/2024\/10\/WhatsApp-Image-2024-05-10-at-15.47.09_587df37d-300x300.jpg 300w, https:\/\/shop.yipinqian.com\/wp-content\/uploads\/2024\/10\/WhatsApp-Image-2024-05-10-at-15.47.09_587df37d-1024x1024.jpg 1024w, https:\/\/shop.yipinqian.com\/wp-content\/uploads\/2024\/10\/WhatsApp-Image-2024-05-10-at-15.47.09_587df37d-150x150.jpg 150w, https:\/\/shop.yipinqian.com\/wp-content\/uploads\/2024\/10\/WhatsApp-Image-2024-05-10-at-15.47.09_587df37d-768x768.jpg 768w, https:\/\/shop.yipinqian.com\/wp-content\/uploads\/2024\/10\/WhatsApp-Image-2024-05-10-at-15.47.09_587df37d-12x12.jpg 12w, https:\/\/shop.yipinqian.com\/wp-content\/uploads\/2024\/10\/WhatsApp-Image-2024-05-10-at-15.47.09_587df37d-500x500.jpg 500w, https:\/\/shop.yipinqian.com\/wp-content\/uploads\/2024\/10\/WhatsApp-Image-2024-05-10-at-15.47.09_587df37d-100x100.jpg 100w, https:\/\/shop.yipinqian.com\/wp-content\/uploads\/2024\/10\/WhatsApp-Image-2024-05-10-at-15.47.09_587df37d.jpg 1080w\" sizes=\"(max-width: 300px) 100vw, 300px\" \/><\/p>","protected":false},"featured_media":1739,"comment_status":"open","ping_status":"closed","template":"","meta":[],"product_brand":[],"product_cat":[196],"product_tag":[50,52,72,53,70,66,55,56,60],"class_list":{"0":"post-1236","1":"product","2":"type-product","3":"status-publish","4":"has-post-thumbnail","6":"product_cat-vault-collection","7":"product_tag-18k-gold","8":"product_tag-certified","9":"product_tag-female","10":"product_tag-fine-quality","11":"product_tag-green","12":"product_tag-jade-ring","13":"product_tag-jadeite","14":"product_tag-limited-editions","15":"product_tag-type-a-jadeite","17":"first","18":"instock","19":"sale","20":"shipping-taxable","21":"purchasable","22":"product-type-simple"},"_links":{"self":[{"href":"https:\/\/shop.yipinqian.com\/vi\/wp-json\/wp\/v2\/product\/1236","targetHints":{"allow":["GET"]}}],"collection":[{"href":"https:\/\/shop.yipinqian.com\/vi\/wp-json\/wp\/v2\/product"}],"about":[{"href":"https:\/\/shop.yipinqian.com\/vi\/wp-json\/wp\/v2\/types\/product"}],"replies":[{"embeddable":true,"href":"https:\/\/shop.yipinqian.com\/vi\/wp-json\/wp\/v2\/comments?post=1236"}],"version-history":[{"count":0,"href":"https:\/\/shop.yipinqian.com\/vi\/wp-json\/wp\/v2\/product\/1236\/revisions"}],"wp:featuredmedia":[{"embeddable":true,"href":"https:\/\/shop.yipinqian.com\/vi\/wp-json\/wp\/v2\/media\/1739"}],"wp:attachment":[{"href":"https:\/\/shop.yipinqian.com\/vi\/wp-json\/wp\/v2\/media?parent=1236"}],"wp:term":[{"taxonomy":"product_brand","embeddable":true,"href":"https:\/\/shop.yipinqian.com\/vi\/wp-json\/wp\/v2\/product_brand?post=1236"},{"taxonomy":"product_cat","embeddable":true,"href":"https:\/\/shop.yipinqian.com\/vi\/wp-json\/wp\/v2\/product_cat?post=1236"},{"taxonomy":"product_tag","embeddable":true,"href":"https:\/\/shop.yipinqian.com\/vi\/wp-json\/wp\/v2\/product_tag?post=1236"}],"curies":[{"name":"wp","href":"https:\/\/api.w.org\/{rel}","templated":true}]}}