{"id":1227,"date":"2024-10-24T23:17:56","date_gmt":"2024-10-24T15:17:56","guid":{"rendered":"https:\/\/shop.yipinqian.com\/product\/premium-quality-natural-type-a-jadeite-crafted-as-milo-buddha-as-pendant-set-with-18k-gold-clasp-certificate18kp29\/"},"modified":"2025-01-26T00:00:47","modified_gmt":"2025-01-25T16:00:47","slug":"premium-quality-natural-type-a-jadeite-crafted-as-milo-buddha-as-pendant-set-with-18k-gold-clasp-certificate18kp29","status":"publish","type":"product","link":"https:\/\/shop.yipinqian.com\/vi\/san-pham\/premium-quality-natural-type-a-jadeite-crafted-as-milo-buddha-as-pendant-set-with-18k-gold-clasp-certificate18kp29\/","title":{"rendered":"#Sold \u2013 Ng\u1ecdc b\u00edch lo\u1ea1i A t\u1ef1 nhi\u00ean ch\u1ea5t l\u01b0\u1ee3ng cao \u0111\u01b0\u1ee3c ch\u1ebf t\u00e1c th\u00e0nh Ph\u1eadt Milo l\u00e0m m\u1eb7t d\u00e2y chuy\u1ec1n k\u00e8m m\u00f3c kh\u00f3a b\u1eb1ng v\u00e0ng 18k, gi\u1ea5y ch\u1ee9ng nh\u1eadn (18kp29)"},"content":{"rendered":"<p>M\u1eb7t d\u00e2y chuy\u1ec1n n\u00e0y l\u00e0 m\u1ed9t ki\u1ec7t t\u00e1c \u0111\u01b0\u1ee3c ch\u1ebf t\u00e1c t\u1eeb Ng\u1ecdc b\u00edch t\u1ef1 nhi\u00ean lo\u1ea1i A ch\u1ea5t l\u01b0\u1ee3ng cao, c\u00f3 ngu\u1ed3n g\u1ed1c t\u1eeb Myanmar. Thi\u1ebft k\u1ebf Ph\u1eadt Milo \u0111\u01b0\u1ee3c ch\u1ea1m kh\u1eafc tinh x\u1ea3o v\u00e0 g\u1eafn v\u1edbi Ch\u1ed1t v\u00e0ng 18k, t\u1ea1o n\u00ean m\u1ed9t ph\u1ee5 ki\u1ec7n tinh t\u1ebf.<\/p>\n<p>S\u1ed1 ch\u1ee9ng ch\u1ec9: GD2112H000255<br \/>Kh\u00f3a v\u00e0ng 18k n\u1eb7ng: 0,29 gram<br \/>2 * 0,003 carat kim c\u01b0\u01a1ng<\/p>\n<p>\u2022 \u0110\u00e2y l\u00e0 m\u1ed9t m\u1ea3nh ng\u1ecdc b\u00edch cao c\u1ea5p ch\u1ea5t l\u01b0\u1ee3ng r\u1ea5t cao m\u1eb7c d\u00f9 n\u00f3 nh\u1ecf nh\u01b0ng r\u1ea5t th\u00edch h\u1ee3p \u0111\u1ec3 \u0111eo h\u00e0ng ng\u00e0y <br \/>\u2022 Ng\u1ecdc b\u00edch lo\u1ea1i A t\u1ef1 nhi\u00ean: V\u1eadt li\u1ec7u ch\u00ednh \u0111\u01b0\u1ee3c s\u1eed d\u1ee5ng \u0111\u1ec3 t\u1ea1o ra m\u1eb7t d\u00e2y chuy\u1ec1n n\u00e0y c\u00f3 ch\u1ea5t l\u01b0\u1ee3ng v\u00e0 \u0111\u1ed9 x\u00e1c th\u1ef1c cao nh\u1ea5t. <br \/>\u2022 Ch\u1ed1t v\u00e0ng 18k: Ch\u1ed1t \u0111\u01b0\u1ee3c l\u00e0m b\u1eb1ng v\u00e0ng ch\u1ea5t l\u01b0\u1ee3ng cao, t\u0103ng th\u00eam c\u1ea3m gi\u00e1c sang tr\u1ecdng cho ph\u1ee5 ki\u1ec7n n\u00e0y. <br \/>\u2022 Gi\u1ea5y ch\u1ee9ng nh\u1eadn: M\u1eb7t d\u00e2y chuy\u1ec1n n\u00e0y \u0111i k\u00e8m v\u1edbi m\u1ed9t gi\u1ea5y ch\u1ee9ng nh\u1eadn \u0111\u1ec3 \u0111\u1ea3m b\u1ea3o th\u00eam v\u1ec1 t\u00ednh x\u00e1c th\u1ef1c v\u00e0 gi\u00e1 tr\u1ecb c\u1ee7a n\u00f3.<\/p>\n<p>Thi\u1ebft k\u1ebf Ph\u1eadt Milo mang \u0111\u1ebfn n\u00e9t t\u00e2m linh cho s\u1ea3n ph\u1ea9m, khi\u1ebfn n\u00f3 tr\u1edf n\u00ean ho\u00e0n h\u1ea3o cho nh\u1eefng d\u1ecbp may m\u1eafn. N\u00f3 c\u0169ng c\u00f3 ki\u1ec3u d\u00e1ng v\u00f2ng c\u1ed5 gi\u1ea3n d\u1ecb, \u0111\u1ee7 linh ho\u1ea1t \u0111\u1ec3 \u0111eo h\u00e0ng ng\u00e0y ho\u1eb7c nh\u1eefng d\u1ecbp \u0111\u1eb7c bi\u1ec7t.<\/p>\n<p>\u2022 V\u1eadt li\u1ec7u th\u1ee9 c\u1ea5p t\u1eeb kim c\u01b0\u01a1ng: V\u1eadt li\u1ec7u th\u1ee9 c\u1ea5p \u0111\u01b0\u1ee3c s\u1eed d\u1ee5ng trong t\u00e1c ph\u1ea9m n\u00e0y l\u00e0 kim c\u01b0\u01a1ng, gi\u00fap t\u0103ng th\u00eam \u0111\u1ed9 l\u1ea5p l\u00e1nh v\u00e0 s\u00e1ng b\u00f3ng, l\u00e0m t\u0103ng th\u00eam v\u1ebb \u0111\u1eb9p t\u1ed5ng th\u1ec3 c\u1ee7a n\u00f3! Lo\u1ea1i ng\u1ecdc b\u00edch: Lo\u1ea1i ng\u1ecdc b\u00edch n\u00e0y \u0111\u01b0\u1ee3c g\u1ecdi l\u00e0 jadeite, \u0111\u01b0\u1ee3c ph\u00e2n lo\u1ea1i l\u00e0 lo\u1ea1i A do ch\u1ee9a c\u00e1c kho\u00e1ng ch\u1ea5t t\u1ef1 nhi\u00ean t\u1ea1o n\u00ean m\u00e0u s\u1eafc \u0111\u1ed9c \u0111\u00e1o. Kh\u00f4ng c\u00f3 lo\u1ea1i b\u1ea3o h\u00e0nh: Xin l\u01b0u \u00fd r\u1eb1ng s\u1ea3n ph\u1ea9m n\u00e0y kh\u00f4ng c\u00f3 lo\u1ea1i b\u1ea3o h\u00e0nh n\u00e0o v\u00ec ch\u00fang t\u00f4i t\u1ef1 h\u00e0o ch\u1ec9 s\u1eed d\u1ee5ng c\u00e1c v\u1eadt li\u1ec7u ch\u1ea5t l\u01b0\u1ee3ng cao \u0111\u1ec3 \u0111\u1ea3m b\u1ea3o \u0111\u1ed9 b\u1ec1n.<\/p>\n<p>Yi Pin Qian \u2013 Nh\u00e0 bu\u00f4n \u0111\u00e1 qu\u00fd v\u00e0 kim lo\u1ea1i qu\u00fd t\u1ea1i Singapore \u2013 S\u1ed1 gi\u1ea5y ph\u00e9p PS20190000031<br \/>*T\u1ea5t c\u1ea3 c\u00e1c lo\u1ea1i Jadeite \u0111\u01b0\u1ee3c mua t\u1eeb Yi Pin Qian t\u1ea1i Singapore, kh\u00e1ch h\u00e0ng c\u00f3 th\u1ec3 \u0111\u1eb7t l\u1ecbch \u0111\u00e1nh b\u00f3ng ho\u1eb7c s\u1eeda ch\u1eefa nh\u1ecf do x\u1eed l\u00fd sai c\u00e1ch \u2013 c\u00f3 t\u00ednh ph\u00ed v\u00e0 ch\u1ec9 d\u00e0nh cho kh\u00e1ch h\u00e0ng c\u1ee7a Yi Pin Qian t\u1ea1i Singapore*<\/p>\n<p>**C\u00e1c lo\u1ea1i ch\u1ee9ng ch\u1ec9**<br \/>NGI (C\u00f4ng ty \u0110\u00e1 qu\u00fd Nan Yang)<br \/>ho\u1eb7c ch\u1ee9ng ch\u1ec9 n\u01b0\u1edbc ngo\u00e0i (Yi Pin Qian ch\u1ec9 s\u1eed d\u1ee5ng ch\u1ee9ng ch\u1ec9 x\u00e1c th\u1ef1c t\u1eeb c\u00e1c ph\u00f2ng th\u00ed nghi\u1ec7m \u1edf n\u01b0\u1edbc ngo\u00e0i v\u00e0 c\u0169ng ki\u1ec3m so\u00e1t ch\u1ea5t l\u01b0\u1ee3ng m\u1ecdi s\u1ea3n ph\u1ea9m c\u1ee7a ch\u00fang t\u00f4i tr\u01b0\u1edbc khi \u0111\u01b0a ch\u00fang ra b\u00e1n t\u1ea1i Singapore)<\/p>\n<p>M\u1ed7i s\u1ea3n ph\u1ea9m tr\u00ean TikTok s\u1ebd c\u00f3 lo\u1ea1i ch\u1ee9ng ch\u1ec9 \u0111\u01b0\u1ee3c cung c\u1ea5p \u0111\u01b0\u1ee3c ch\u1ec9 \u0111\u1ecbnh trong ph\u1ea7n m\u00f4 t\u1ea3. \u0110\u1ed1i v\u1edbi b\u1ea5t k\u1ef3 kh\u00e1ch h\u00e0ng n\u00e0o mu\u1ed1n g\u1eedi \u0111\u01a1n h\u00e0ng c\u1ee7a m\u00ecnh \u0111\u1ebfn NGI Singapore, s\u1ebd c\u00f3 th\u1eddi gian ch\u1edd giao h\u00e0ng \u01b0\u1edbc t\u00ednh kho\u1ea3ng 4 tu\u1ea7n \u0111\u1ec3 nh\u1eadn \u0111\u01b0\u1ee3c \u0111\u01a1n h\u00e0ng c\u1ee7a b\u1ea1n. Y\u00eau c\u1ea7u b\u00e1o c\u00e1o v\u1ec1 \u0111\u00e1 qu\u00fd NGI c\u1ea7n \u0111\u01b0\u1ee3c th\u1ef1c hi\u1ec7n b\u1eb1ng c\u00e1ch nh\u1eafn tin cho c\u1eeda h\u00e0ng Yi Pin Qian TikTok. C\u1ea3m \u01a1n b\u1ea1n, ch\u00fang t\u00f4i s\u1ebd \u00e1p d\u1ee5ng th\u00eam ph\u00ed.<\/p>\n<p>Jadeite t\u1ef1 nhi\u00ean kh\u00f4ng ho\u00e0n h\u1ea3o, ch\u1ec9 l\u00e0 m\u1ed9t l\u1eddi nh\u1eafc nh\u1edf nh\u1eb9 nh\u00e0ng, Jadeite t\u1ef1 nhi\u00ean c\u1ee7a ch\u00fang t\u00f4i, gi\u1ed1ng nh\u01b0 t\u1ea5t c\u1ea3 nh\u1eefng th\u1ee9 \u0111\u1eb9p \u0111\u1ebd trong t\u1ef1 nhi\u00ean, c\u00f3 nh\u1eefng \u0111\u1eb7c \u0111i\u1ec3m v\u00e0 bi\u1ebfn th\u1ec3 \u0111\u1ed9c \u0111\u00e1o. Ch\u00fang t\u00f4i m\u1eddi nh\u1eefng kh\u00e1ch h\u00e0ng c\u00f3 gi\u00e1 tr\u1ecb c\u1ee7a m\u00ecnh \u0111\u00f3n nh\u1eadn nh\u1eefng bi\u1ebfn th\u1ec3 t\u1ef1 nhi\u00ean n\u00e0y. Ch\u00fac b\u1ea1n mua s\u1eafm vui v\u1ebb!<\/p>\n<p>Kh\u00f4ng c\u00f3 h\u00ecnh \u1ea3nh v\u00e0 c\u1ea3nh quay video n\u00e0o \u0111\u01b0\u1ee3c l\u1ecdc. Ch\u00fang t\u00f4i khuy\u1ebfn kh\u00edch kh\u00e1ch h\u00e0ng c\u1ee7a m\u00ecnh c\u0169ng xem c\u00e1c video \u0111i k\u00e8m \u0111\u1ec3 c\u00f3 c\u00e1i nh\u00ecn to\u00e0n di\u1ec7n h\u01a1n v\u1ec1 s\u1ea3n ph\u1ea9m c\u1ee7a ch\u00fang t\u00f4i<\/p>\n<p>.<\/p>","protected":false},"excerpt":{"rendered":"<p>M\u1eb7t d\u00e2y chuy\u1ec1n n\u00e0y l\u00e0 m\u1ed9t ki\u1ec7t t\u00e1c \u0111\u01b0\u1ee3c ch\u1ebf t\u00e1c b\u1eb1ng Ng\u1ecdc b\u00edch lo\u1ea1i A t\u1ef1 nhi\u00ean ch\u1ea5t l\u01b0\u1ee3ng cao, c\u00f3 ngu\u1ed3n g\u1ed1c t\u1eeb Myanmar. Thi\u1ebft k\u1ebf \u0110\u1ee9c Ph\u1eadt Milo \u0111\u01b0\u1ee3c ch\u1ea1m kh\u1eafc tinh x\u1ea3o v\u00e0 g\u1eafn Kh\u00f3a v\u00e0ng 18k, t\u1ea1o n\u00ean m\u1ed9t ph\u1ee5 ki\u1ec7n tinh t\u1ebf. S\u1ed1 ch\u1ee9ng ch\u1ec9: GD2112H000255 Kh\u00f3a v\u00e0ng 18k n\u1eb7ng: 0,29 gram2 * 0,003 carat kim c\u01b0\u01a1ng \u2022 \u0110\u00e2y l\u00e0 m\u1ed9t t\u00e1c ph\u1ea9m cao c\u1ea5p ch\u1ea5t l\u01b0\u1ee3ng r\u1ea5t cao [\u2026]<\/p>","protected":false},"featured_media":1569,"comment_status":"open","ping_status":"closed","template":"","meta":[],"product_brand":[],"product_cat":[120,63,126],"product_tag":[50,51,52,53,54,55,56,57,58,59,60,61,62],"class_list":{"0":"post-1227","1":"product","2":"type-product","3":"status-publish","4":"has-post-thumbnail","6":"product_cat-18k-gold-setting-pendants","7":"product_cat-charms-pendants-ornaments","8":"product_cat-new-arrivals","9":"product_tag-18k-gold","10":"product_tag-buddha","11":"product_tag-certified","12":"product_tag-fine-quality","13":"product_tag-icy","14":"product_tag-jadeite","15":"product_tag-limited-editions","16":"product_tag-milo-buddha","17":"product_tag-new-arrivals","18":"product_tag-translucent","19":"product_tag-type-a-jadeite","20":"product_tag-unisex","21":"product_tag-yi-pin-qian-exclusive","23":"first","24":"outofstock","25":"sale","26":"shipping-taxable","27":"purchasable","28":"product-type-simple"},"_links":{"self":[{"href":"https:\/\/shop.yipinqian.com\/vi\/wp-json\/wp\/v2\/product\/1227","targetHints":{"allow":["GET"]}}],"collection":[{"href":"https:\/\/shop.yipinqian.com\/vi\/wp-json\/wp\/v2\/product"}],"about":[{"href":"https:\/\/shop.yipinqian.com\/vi\/wp-json\/wp\/v2\/types\/product"}],"replies":[{"embeddable":true,"href":"https:\/\/shop.yipinqian.com\/vi\/wp-json\/wp\/v2\/comments?post=1227"}],"version-history":[{"count":0,"href":"https:\/\/shop.yipinqian.com\/vi\/wp-json\/wp\/v2\/product\/1227\/revisions"}],"wp:featuredmedia":[{"embeddable":true,"href":"https:\/\/shop.yipinqian.com\/vi\/wp-json\/wp\/v2\/media\/1569"}],"wp:attachment":[{"href":"https:\/\/shop.yipinqian.com\/vi\/wp-json\/wp\/v2\/media?parent=1227"}],"wp:term":[{"taxonomy":"product_brand","embeddable":true,"href":"https:\/\/shop.yipinqian.com\/vi\/wp-json\/wp\/v2\/product_brand?post=1227"},{"taxonomy":"product_cat","embeddable":true,"href":"https:\/\/shop.yipinqian.com\/vi\/wp-json\/wp\/v2\/product_cat?post=1227"},{"taxonomy":"product_tag","embeddable":true,"href":"https:\/\/shop.yipinqian.com\/vi\/wp-json\/wp\/v2\/product_tag?post=1227"}],"curies":[{"name":"wp","href":"https:\/\/api.w.org\/{rel}","templated":true}]}}