{"id":1225,"date":"2024-10-24T23:17:56","date_gmt":"2024-10-24T15:17:56","guid":{"rendered":"https:\/\/shop.yipinqian.com\/product\/high-quality-green-with-green-hue-natural-type-a-jadeite-jade-crafted-as-ring-with-dragon-finger-ring-size-20-9-mm-certificate-weighs-25-31-grams-measurement-40-1-31-5-5-2-mm-ring9\/"},"modified":"2025-02-24T00:49:58","modified_gmt":"2025-02-23T16:49:58","slug":"high-quality-green-with-green-hue-natural-type-a-jadeite-jade-crafted-as-ring-with-dragon-finger-ring-size-20-9-mm-certificate-weighs-25-31-grams-measurement-40-1-31-5-5-2-mm-ring9","status":"publish","type":"product","link":"https:\/\/shop.yipinqian.com\/vi\/san-pham\/high-quality-green-with-green-hue-natural-type-a-jadeite-jade-crafted-as-ring-with-dragon-finger-ring-size-20-9-mm-certificate-weighs-25-31-grams-measurement-40-1-31-5-5-2-mm-ring9\/","title":{"rendered":"#Sold \u2013 Ng\u1ecdc b\u00edch t\u1ef1 nhi\u00ean lo\u1ea1i A m\u00e0u xanh l\u00e1 c\u00e2y v\u1edbi s\u1eafc xanh l\u00e1 c\u00e2y \u0111\u01b0\u1ee3c ch\u1ebf t\u00e1c th\u00e0nh Nh\u1eabn c\u00f3 h\u00ecnh r\u1ed3ng, k\u00edch th\u01b0\u1edbc nh\u1eabn 20,9 mm, gi\u1ea5y ch\u1ee9ng nh\u1eadn n\u1eb7ng 25,31 gram (ring9)"},"content":{"rendered":"<p>Chi\u1ebfc nh\u1eabn ng\u1ecdc b\u00edch t\u1ef1 nhi\u00ean lo\u1ea1i A m\u00e0u xanh l\u00e1 c\u00e2y ch\u1ea5t l\u01b0\u1ee3ng cao n\u00e0y c\u00f3 thi\u1ebft k\u1ebf h\u00ecnh r\u1ed3ng \u0111\u01b0\u1ee3c ch\u1ebf t\u00e1c tinh x\u1ea3o, khi\u1ebfn n\u00f3 tr\u1edf th\u00e0nh m\u1ed9t m\u00f3n \u0111\u1ed3 trang s\u1ee9c \u0111\u1ed9c \u0111\u00e1o v\u00e0 tuy\u1ec7t \u0111\u1eb9p.<\/p>\n<p>\u00a0<\/p>\n<p>S\u1ed1 ch\u1ee9ng ch\u1ec9: SH19061703044<\/p>\n<p><img fetchpriority=\"high\" decoding=\"async\" height=\"1080\" src=\"https:\/\/shop.yipinqian.com\/wp-content\/uploads\/2024\/10\/a6947d716d306b95b248bd533eae9ba4.jpg?from=476444299\" width=\"1080\"><\/p>\n<ul>\n<li>Tay ngh\u1ec1 th\u1ee7 c\u00f4ng tinh x\u1ea3o: \u0110\u01b0\u1ee3c ch\u1ebf t\u00e1c c\u1ea9n th\u1eadn v\u1edbi s\u1ef1 ch\u00fa \u00fd \u0111\u1ebfn t\u1eebng chi ti\u1ebft, t\u00f4n l\u00ean v\u1ebb \u0111\u1eb9p t\u1ef1 nhi\u00ean c\u1ee7a \u0111\u00e1 ng\u1ecdc b\u00edch.<\/li>\n<li>Thi\u1ebft k\u1ebf \u0111\u1ed9c \u0111\u00e1o: H\u00ecnh \u1ea3nh r\u1ed3ng t\u01b0\u1ee3ng tr\u01b0ng cho s\u1ee9c m\u1ea1nh, quy\u1ec1n l\u1ef1c v\u00e0 may m\u1eafn.<\/li>\n<li>K\u00edch th\u01b0\u1edbc nh\u1eabn: <strong>20,9mm<\/strong> \u0111\u1ec3 v\u1eeba v\u1eb7n tho\u1ea3i m\u00e1i v\u1edbi h\u1ea7u h\u1ebft c\u00e1c ng\u00f3n tay.<\/li>\n<li>Gi\u1ea5y ch\u1ee9ng nh\u1eadn \u0111i k\u00e8m: C\u00f3 k\u00e8m theo gi\u1ea5y ch\u1ee9ng nh\u1eadn x\u00e1c minh t\u00ednh x\u00e1c th\u1ef1c c\u1ee7a \u0111\u00e1 ng\u1ecdc b\u00edch.<\/li>\n<\/ul>\n<p>V\u1edbi tr\u1ecdng l\u01b0\u1ee3ng 25,31 gram v\u00e0 k\u00edch th\u01b0\u1edbc 40,1 * 31,5 * 5,2 mm, chi\u1ebfc nh\u1eabn n\u00e0y kh\u00f4ng ch\u1ec9 b\u1eaft m\u1eaft m\u00e0 c\u00f2n c\u00f3 v\u1ebb ngo\u00e0i ch\u1eafc ch\u1eafn.<\/p>\n<ul>\n<li>N\u01b0\u1edbc xu\u1ea5t x\u1ee9: Myanmar<\/li>\n<li>D\u1ecbp s\u1eed d\u1ee5ng: Th\u00edch h\u1ee3p \u0111\u1ec3 m\u1eb7c h\u00e0ng ng\u00e0y ho\u1eb7c nh\u1eefng d\u1ecbp \u0111\u1eb7c bi\u1ec7t, t\u1ea1o \u0111i\u1ec3m nh\u1ea5n thanh l\u1ecbch cho m\u1ecdi trang ph\u1ee5c<\/li>\n<li>Lo\u1ea1i ng\u1ecdc b\u00edch: \u0110\u01b0\u1ee3c l\u00e0m t\u1eeb ng\u1ecdc b\u00edch Jadeite ch\u1ea5t l\u01b0\u1ee3ng cao, n\u1ed5i ti\u1ebfng v\u1edbi m\u00e0u xanh l\u1ee5c \u0111\u1eadm v\u00e0 \u0111\u1ed9 b\u1ec1n cao<\/li>\n<\/ul>\n<p>Chi\u1ebfc nh\u1eabn ng\u1ecdc b\u00edch d\u00e0nh cho c\u1ea3 nam v\u00e0 n\u1eef n\u00e0y l\u00e0 m\u1ed9t ph\u1ee5 ki\u1ec7n v\u01b0\u1ee3t th\u1eddi gian c\u00f3 th\u1ec3 \u0111\u01b0\u1ee3c tr\u00e2n tr\u1ecdng trong nhi\u1ec1u n\u0103m, ho\u00e0n h\u1ea3o \u0111\u1ec3 l\u00e0m qu\u00e0 t\u1eb7ng ho\u1eb7c b\u1ed5 sung v\u00e0o b\u1ed9 s\u01b0u t\u1eadp trang s\u1ee9c c\u1ee7a ri\u00eang b\u1ea1n.<\/p>\n<p>\u00a0<\/p>\n<p><strong>Jadeite t\u1ef1 nhi\u00ean kh\u00f4ng ho\u00e0n h\u1ea3o, ch\u1ec9 l\u00e0 m\u1ed9t l\u1eddi nh\u1eafc nh\u1edf nh\u1eb9 nh\u00e0ng, Jadeite t\u1ef1 nhi\u00ean c\u1ee7a ch\u00fang t\u00f4i, gi\u1ed1ng nh\u01b0 t\u1ea5t c\u1ea3 nh\u1eefng th\u1ee9 \u0111\u1eb9p \u0111\u1ebd trong t\u1ef1 nhi\u00ean, c\u00f3 nh\u1eefng \u0111\u1eb7c \u0111i\u1ec3m v\u00e0 bi\u1ebfn th\u1ec3 \u0111\u1ed9c \u0111\u00e1o. Ch\u00fang t\u00f4i m\u1eddi nh\u1eefng kh\u00e1ch h\u00e0ng c\u00f3 gi\u00e1 tr\u1ecb c\u1ee7a m\u00ecnh \u0111\u00f3n nh\u1eadn nh\u1eefng bi\u1ebfn th\u1ec3 t\u1ef1 nhi\u00ean n\u00e0y. Ch\u00fac b\u1ea1n mua s\u1eafm vui v\u1ebb!<\/strong><\/p>\n<p>\u00a0<\/p>\n<p><strong><u>Kh\u00f4ng c\u00f3 h\u00ecnh \u1ea3nh v\u00e0 c\u1ea3nh quay video n\u00e0o \u0111\u01b0\u1ee3c l\u1ecdc. Ch\u00fang t\u00f4i khuy\u1ebfn kh\u00edch kh\u00e1ch h\u00e0ng c\u1ee7a m\u00ecnh c\u0169ng xem c\u00e1c video \u0111i k\u00e8m \u0111\u1ec3 c\u00f3 c\u00e1i nh\u00ecn to\u00e0n di\u1ec7n h\u01a1n v\u1ec1 s\u1ea3n ph\u1ea9m c\u1ee7a ch\u00fang t\u00f4i<\/u><\/strong><\/p>\n<p>\u00a0<\/p>\n<ul>\n<li>C\u00e1c n\u1ec1n t\u1ea3ng kh\u00e1c nhau ch\u1ec9 c\u00f3 th\u1ec3 xem video th\u00f4ng qua m\u00e1y t\u00ednh \u0111\u1ec3 b\u00e0n<\/li>\n<\/ul>","protected":false},"excerpt":{"rendered":"<p>Chi\u1ebfc nh\u1eabn ng\u1ecdc b\u00edch t\u1ef1 nhi\u00ean lo\u1ea1i A m\u00e0u xanh l\u00e1 c\u00e2y ch\u1ea5t l\u01b0\u1ee3ng cao n\u00e0y c\u00f3 thi\u1ebft k\u1ebf h\u00ecnh r\u1ed3ng \u0111\u01b0\u1ee3c ch\u1ebf t\u00e1c \u0111\u1eb9p m\u1eaft, khi\u1ebfn n\u00f3 tr\u1edf th\u00e0nh m\u1ed9t m\u00f3n \u0111\u1ed3 trang s\u1ee9c \u0111\u1ed9c \u0111\u00e1o v\u00e0 tuy\u1ec7t \u0111\u1eb9p. S\u1ed1 ch\u1ee9ng ch\u1ec9: SH19061703044 Tay ngh\u1ec1 th\u1ee7 c\u00f4ng tinh x\u1ea3o: \u0110\u01b0\u1ee3c ch\u1ebf t\u00e1c c\u1ea9n th\u1eadn v\u1edbi s\u1ef1 ch\u00fa \u00fd \u0111\u1ebfn t\u1eebng chi ti\u1ebft, th\u1ec3 hi\u1ec7n v\u1ebb \u0111\u1eb9p t\u1ef1 nhi\u00ean c\u1ee7a \u0111\u00e1 ng\u1ecdc b\u00edch. Thi\u1ebft k\u1ebf \u0111\u1ed9c \u0111\u00e1o: H\u1ecda ti\u1ebft r\u1ed3ng t\u01b0\u1ee3ng tr\u01b0ng cho s\u1ee9c m\u1ea1nh, s\u1ee9c m\u1ea1nh v\u00e0 [\u2026]<\/p>","protected":false},"featured_media":1447,"comment_status":"open","ping_status":"closed","template":"","meta":[],"product_brand":[],"product_cat":[194],"product_tag":[],"class_list":{"0":"post-1225","1":"product","2":"type-product","3":"status-publish","4":"has-post-thumbnail","6":"product_cat-value-picks","8":"first","9":"outofstock","10":"sale","11":"shipping-taxable","12":"purchasable","13":"product-type-simple"},"_links":{"self":[{"href":"https:\/\/shop.yipinqian.com\/vi\/wp-json\/wp\/v2\/product\/1225","targetHints":{"allow":["GET"]}}],"collection":[{"href":"https:\/\/shop.yipinqian.com\/vi\/wp-json\/wp\/v2\/product"}],"about":[{"href":"https:\/\/shop.yipinqian.com\/vi\/wp-json\/wp\/v2\/types\/product"}],"replies":[{"embeddable":true,"href":"https:\/\/shop.yipinqian.com\/vi\/wp-json\/wp\/v2\/comments?post=1225"}],"version-history":[{"count":0,"href":"https:\/\/shop.yipinqian.com\/vi\/wp-json\/wp\/v2\/product\/1225\/revisions"}],"wp:featuredmedia":[{"embeddable":true,"href":"https:\/\/shop.yipinqian.com\/vi\/wp-json\/wp\/v2\/media\/1447"}],"wp:attachment":[{"href":"https:\/\/shop.yipinqian.com\/vi\/wp-json\/wp\/v2\/media?parent=1225"}],"wp:term":[{"taxonomy":"product_brand","embeddable":true,"href":"https:\/\/shop.yipinqian.com\/vi\/wp-json\/wp\/v2\/product_brand?post=1225"},{"taxonomy":"product_cat","embeddable":true,"href":"https:\/\/shop.yipinqian.com\/vi\/wp-json\/wp\/v2\/product_cat?post=1225"},{"taxonomy":"product_tag","embeddable":true,"href":"https:\/\/shop.yipinqian.com\/vi\/wp-json\/wp\/v2\/product_tag?post=1225"}],"curies":[{"name":"wp","href":"https:\/\/api.w.org\/{rel}","templated":true}]}}