{"id":1224,"date":"2024-10-24T23:17:55","date_gmt":"2024-10-24T15:17:55","guid":{"rendered":"https:\/\/shop.yipinqian.com\/product\/good-quality-yellow-and-green-natural-type-a-jadeite-jade-crafted-with-ruyi-and-faceless-buddha-as-pendant-qic-approved-labs-certificate-weigh-45-18-grams-measurement-53-1-38-3-14-8-mm-pendant273\/"},"modified":"2025-02-24T00:49:58","modified_gmt":"2025-02-23T16:49:58","slug":"good-quality-yellow-and-green-natural-type-a-jadeite-jade-crafted-with-ruyi-and-faceless-buddha-as-pendant-qic-approved-labs-certificate-weigh-45-18-grams-measurement-53-1-38-3-14-8-mm-pendant273","status":"publish","type":"product","link":"https:\/\/shop.yipinqian.com\/vi\/san-pham\/good-quality-yellow-and-green-natural-type-a-jadeite-jade-crafted-with-ruyi-and-faceless-buddha-as-pendant-qic-approved-labs-certificate-weigh-45-18-grams-measurement-53-1-38-3-14-8-mm-pendant273\/","title":{"rendered":"#Sold \u2013 Ng\u1ecdc b\u00edch t\u1ef1 nhi\u00ean m\u00e0u v\u00e0ng v\u00e0 xanh l\u00e1 c\u00e2y lo\u1ea1i A ch\u1ea5t l\u01b0\u1ee3ng t\u1ed1t \u0111\u01b0\u1ee3c ch\u1ebf t\u00e1c v\u1edbi m\u1eb7t d\u00e2y chuy\u1ec1n l\u00e0 Ph\u1eadt V\u00f4 Di\u1ec7n v\u00e0 Ruyi, ch\u1ee9ng nh\u1eadn ph\u00f2ng th\u00ed nghi\u1ec7m \u0111\u01b0\u1ee3c QIC ch\u1ea5p thu\u1eadn, n\u1eb7ng 45,18 gram, k\u00edch th\u01b0\u1edbc 53,1 * 38,3 * 14,8 mm (m\u1eb7t d\u00e2y chuy\u1ec1n273)"},"content":{"rendered":"<p>Chi\u1ebfc v\u00f2ng c\u1ed5 b\u1eb1ng ng\u1ecdc b\u00edch t\u1ef1 nhi\u00ean lo\u1ea1i A m\u00e0u v\u00e0ng v\u00e0 xanh l\u00e1 c\u00e2y ch\u1ea5t l\u01b0\u1ee3ng t\u1ed1t n\u00e0y c\u00f3 m\u1eb7t d\u00e2y chuy\u1ec1n \u0111\u1ed9c \u0111\u00e1o \u0111\u01b0\u1ee3c ch\u1ebf t\u00e1c theo thi\u1ebft k\u1ebf Ph\u1eadt V\u00f4 Di\u1ec7n v\u00e0 Nh\u01b0 \u00dd, mang l\u1ea1i c\u1ea3m gi\u00e1c t\u00e2m linh v\u00e0 may m\u1eafn.<\/p>\n<p>S\u1ed1 ch\u1ee9ng ch\u1ec9: 5924030605108<\/p>\n<p><img fetchpriority=\"high\" decoding=\"async\" height=\"1080\" src=\"https:\/\/shop.yipinqian.com\/wp-content\/uploads\/2024\/10\/77bbac6ea1f34161499fe9101c86f852.jpg?from=476444299\" width=\"1080\"><\/p>\n<ul>\n<li>Tay ngh\u1ec1 th\u1ee7 c\u00f4ng tinh x\u1ea3o: M\u1eb7t d\u00e2y chuy\u1ec1n \u0111\u01b0\u1ee3c thi\u1ebft k\u1ebf t\u1ec9 m\u1ec9, ch\u00fa \u00fd \u0111\u1ebfn t\u1eebng chi ti\u1ebft, t\u00f4n l\u00ean v\u1ebb \u0111\u1eb9p c\u1ee7a ng\u1ecdc b\u00edch.<\/li>\n<li>\u0110\u1ea3m b\u1ea3o t\u00ednh x\u00e1c th\u1ef1c: Gi\u1ea5y ch\u1ee9ng nh\u1eadn c\u1ee7a ph\u00f2ng th\u00ed nghi\u1ec7m \u0111\u01b0\u1ee3c QIC ch\u1ea5p thu\u1eadn \u0111\u1ea3m b\u1ea3o t\u00ednh x\u00e1c th\u1ef1c c\u1ee7a vi\u00ean ng\u1ecdc b\u00edch, n\u1eb7ng 45,18 gram.<\/li>\n<li>\u00dd ngh\u0129a bi\u1ec3u t\u01b0\u1ee3ng: Nh\u01b0 \u00dd t\u01b0\u1ee3ng tr\u01b0ng cho s\u1ef1 may m\u1eafn v\u00e0 th\u1ecbnh v\u01b0\u1ee3ng, trong khi Ph\u1eadt V\u00f4 Di\u1ec7n t\u01b0\u1ee3ng tr\u01b0ng cho s\u1ef1 b\u00ecnh y\u00ean n\u1ed9i t\u00e2m v\u00e0 gi\u00e1c ng\u1ed9.<\/li>\n<\/ul>\n<p>Chi\u1ebfc nh\u1eabn tuy\u1ec7t \u0111\u1eb9p n\u00e0y c\u00f3 k\u00edch th\u01b0\u1edbc 53,1 * 38,3 * 14,8 mm (m\u1eb7t d\u00e2y chuy\u1ec1n 273), l\u00e0 ph\u1ee5 ki\u1ec7n th\u1eddi trang ph\u00f9 h\u1ee3p cho c\u1ea3 nam v\u00e0 n\u1eef trong nh\u1eefng d\u1ecbp quan tr\u1ecdng.<\/p>","protected":false},"excerpt":{"rendered":"<p>D\u00e2y chuy\u1ec1n Jadeite Jadeite t\u1ef1 nhi\u00ean m\u00e0u v\u00e0ng v\u00e0 xanh l\u00e1 c\u00e2y ch\u1ea5t l\u01b0\u1ee3ng t\u1ed1t n\u00e0y c\u00f3 m\u1eb7t d\u00e2y chuy\u1ec1n \u0111\u1ed9c \u0111\u00e1o \u0111\u01b0\u1ee3c ch\u1ebf t\u00e1c theo thi\u1ebft k\u1ebf Ruyi v\u00e0 Faceless Buddha, to\u00e1t l\u00ean c\u1ea3m gi\u00e1c t\u00e2m linh v\u00e0 may m\u1eafn. S\u1ed1 ch\u1ee9ng ch\u1ec9: 5924030605108 Tay ngh\u1ec1 th\u1ee7 c\u00f4ng tinh x\u1ea3o: M\u1eb7t d\u00e2y chuy\u1ec1n \u0111\u01b0\u1ee3c thi\u1ebft k\u1ebf t\u1ec9 m\u1ec9 v\u1edbi s\u1ef1 ch\u00fa \u00fd \u0111\u1ebfn t\u1eebng chi ti\u1ebft, t\u00f4n l\u00ean v\u1ebb \u0111\u1eb9p c\u1ee7a ng\u1ecdc b\u00edch Jadeite. \u0110\u1ea3m b\u1ea3o t\u00ednh x\u00e1c th\u1ef1c: QIC [\u2026]<\/p>","protected":false},"featured_media":1326,"comment_status":"open","ping_status":"closed","template":"","meta":[],"product_brand":[],"product_cat":[194],"product_tag":[],"class_list":{"0":"post-1224","1":"product","2":"type-product","3":"status-publish","4":"has-post-thumbnail","6":"product_cat-value-picks","8":"first","9":"outofstock","10":"sale","11":"shipping-taxable","12":"purchasable","13":"product-type-simple"},"_links":{"self":[{"href":"https:\/\/shop.yipinqian.com\/vi\/wp-json\/wp\/v2\/product\/1224","targetHints":{"allow":["GET"]}}],"collection":[{"href":"https:\/\/shop.yipinqian.com\/vi\/wp-json\/wp\/v2\/product"}],"about":[{"href":"https:\/\/shop.yipinqian.com\/vi\/wp-json\/wp\/v2\/types\/product"}],"replies":[{"embeddable":true,"href":"https:\/\/shop.yipinqian.com\/vi\/wp-json\/wp\/v2\/comments?post=1224"}],"version-history":[{"count":0,"href":"https:\/\/shop.yipinqian.com\/vi\/wp-json\/wp\/v2\/product\/1224\/revisions"}],"wp:featuredmedia":[{"embeddable":true,"href":"https:\/\/shop.yipinqian.com\/vi\/wp-json\/wp\/v2\/media\/1326"}],"wp:attachment":[{"href":"https:\/\/shop.yipinqian.com\/vi\/wp-json\/wp\/v2\/media?parent=1224"}],"wp:term":[{"taxonomy":"product_brand","embeddable":true,"href":"https:\/\/shop.yipinqian.com\/vi\/wp-json\/wp\/v2\/product_brand?post=1224"},{"taxonomy":"product_cat","embeddable":true,"href":"https:\/\/shop.yipinqian.com\/vi\/wp-json\/wp\/v2\/product_cat?post=1224"},{"taxonomy":"product_tag","embeddable":true,"href":"https:\/\/shop.yipinqian.com\/vi\/wp-json\/wp\/v2\/product_tag?post=1224"}],"curies":[{"name":"wp","href":"https:\/\/api.w.org\/{rel}","templated":true}]}}