{"id":11592,"date":"2024-11-15T07:50:39","date_gmt":"2024-11-14T23:50:39","guid":{"rendered":"https:\/\/shop.yipinqian.com\/new-arrival-in-singapore-premium-high-quality-natural-type-a-jadeite-jade-18k-gold-pendant-crafted-as-ruyi-certificate-weighs-5-51-grams-measurement-27-1-24-6-7-3-mm-18kp74\/"},"modified":"2025-02-24T01:17:24","modified_gmt":"2025-02-23T17:17:24","slug":"new-arrival-in-singapore-premium-high-quality-natural-type-a-jadeite-jade-18k-gold-pendant-crafted-as-ruyi-certificate-weighs-5-51-grams-measurement-27-1-24-6-7-3-mm-18kp74","status":"publish","type":"product","link":"https:\/\/shop.yipinqian.com\/vi\/san-pham\/new-arrival-in-singapore-premium-high-quality-natural-type-a-jadeite-jade-18k-gold-pendant-crafted-as-ruyi-certificate-weighs-5-51-grams-measurement-27-1-24-6-7-3-mm-18kp74\/","title":{"rendered":"H\u00e0ng m\u1edbi v\u1ec1 t\u1ea1i Singapore M\u1eb7t d\u00e2y chuy\u1ec1n b\u1eb1ng v\u00e0ng 18k Jadeite Jade t\u1ef1 nhi\u00ean ch\u1ea5t l\u01b0\u1ee3ng cao lo\u1ea1i A \u0111\u01b0\u1ee3c ch\u1ebf t\u00e1c theo phong c\u00e1ch Ruyi, gi\u1ea5y ch\u1ee9ng nh\u1eadn n\u1eb7ng 5,51 gram, k\u00edch th\u01b0\u1edbc 27,1 * 24,6 * 7,3 mm (18kp74)"},"content":{"rendered":"<p>S\u1ea3n ph\u1ea9m m\u1edbi n\u00e0y t\u1ea1i Singapore l\u00e0 M\u1eb7t d\u00e2y chuy\u1ec1n b\u1eb1ng v\u00e0ng 18k Jadeite Jade t\u1ef1 nhi\u00ean lo\u1ea1i A ch\u1ea5t l\u01b0\u1ee3ng cao \u0111\u01b0\u1ee3c ch\u1ebf t\u00e1c theo phong c\u00e1ch Ruyi. S\u1ea3n ph\u1ea9m c\u00f3 k\u00e8m gi\u1ea5y ch\u1ee9ng nh\u1eadn v\u00e0 n\u1eb7ng 5,51 gram v\u1edbi k\u00edch th\u01b0\u1edbc 27,1 * 24,6 * 7,3 mm (18kp74).<\/p>\n<p><\/p>\n<p>S\u1ed1 ch\u1ee9ng ch\u1ec9: GD2109H014858<\/p>\n<p>V\u00e0ng 18k: 2 gram<\/p>\n<p>Kim c\u01b0\u01a1ng: 91 * 0,003 = 0,273 Carat<\/p>\n<p>K\u00edch th\u01b0\u1edbc Jadeite: 15,9 * 22,5 * 4 mm<\/p>\n<p>V\u1edbi K\u00edch th\u01b0\u1edbc c\u00e0i \u0111\u1eb7t: 27,1 * 24,6 * 7,3mm<\/p>\n<p><img fetchpriority=\"high\" decoding=\"async\" src=\"https:\/\/shop.yipinqian.com\/wp-content\/uploads\/2024\/11\/5daf890306254c2abca3048f24b00255tplv-aphluv4xwc-origin-jpeg.jpeg?dr=15568&amp;nonce=84109&amp;refresh_token=b831d4a2c0665ccac7cd454de5de2429&amp;from=476444299&amp;idc=my2&amp;ps=933b5bde&amp;shcp=9b759fb9&amp;shp=1c65f68b&amp;t=555f072d\" width=\"1536\" height=\"2048\"><\/p>\n<ul>\n<li>\n<strong>C\u00f3 ch\u1ee9ng ch\u1ec9:<\/strong> \u0110\u00fang<\/li>\n<li>\n<strong>V\u1eadt li\u1ec7u th\u1ee9 c\u1ea5p:<\/strong> Kim c\u01b0\u01a1ng<\/li>\n<li>\n<strong>V\u1eadt li\u1ec7u thi\u1ebft l\u1eadp:<\/strong> V\u00e0ng PT\/Carat<\/li>\n<li>\n<strong>Lo\u1ea1i ng\u1ecdc b\u00edch:<\/strong> Ng\u1ecdc b\u00edch<\/li>\n<\/ul>\n<p><strong>\u0110\u01b0\u1ee3c g\u1eafn m\u1ed9t vi\u00ean Cabochon m\u00e0u xanh l\u00e1 c\u00e2y c\u1ee7a Apple, Jadeite l\u00e0 lo\u1ea1i ng\u1ecdc trong su\u1ed1t cao c\u1ea5p c\u00f3 c\u00e1c m\u1ea3ng m\u00e0u xanh l\u00e1 c\u00e2y<\/strong><\/p>\n<ul>\n<li>Khu v\u1ef1c xu\u1ea5t x\u1ee9:&gt; D\u1ecbp: H\u00e0ng ng\u00e0y Gi\u1edbi t\u00ednh: Unisex Phong c\u00e1ch v\u00f2ng c\u1ed5: Th\u01b0\u1eddng ng\u00e0y M\u1eb7t d\u00e2y chuy\u1ec1n tinh t\u1ebf n\u00e0y ho\u00e0n h\u1ea3o \u0111\u1ec3 \u0111eo h\u00e0ng ng\u00e0y v\u00e0 ph\u00f9 h\u1ee3p v\u1edbi c\u1ea3 nam v\u00e0 n\u1eef v\u1edbi thi\u1ebft k\u1ebf unisex. N\u00e2ng t\u1ea7m b\u1ed9 s\u01b0u t\u1eadp trang s\u1ee9c c\u1ee7a b\u1ea1n v\u1edbi m\u00f3n \u0111\u1ed3 tuy\u1ec7t \u0111\u1eb9p n\u00e0y, th\u1ec3 hi\u1ec7n v\u1ebb \u0111\u1eb9p c\u1ee7a ng\u1ecdc b\u00edch lo\u1ea1i A t\u1ef1 nhi\u00ean k\u1ebft h\u1ee3p v\u1edbi ngh\u1ec1 th\u1ee7 c\u00f4ng v\u00e0ng sang tr\u1ecdng.<\/li>\n<\/ul>\n<p><img decoding=\"async\" src=\"https:\/\/shop.yipinqian.com\/wp-content\/uploads\/2024\/11\/19ccc6eb7a774870961eaf52a1b874aetplv-aphluv4xwc-origin-jpeg.jpeg?dr=15568&amp;nonce=16046&amp;refresh_token=6e8491b61aaf78153a33c8afd181c847&amp;from=476444299&amp;idc=my2&amp;ps=933b5bde&amp;shcp=9b759fb9&amp;shp=1c65f68b&amp;t=555f072d\" width=\"1536\" height=\"2048\"><\/p>\n<p>Yi Pin Qian \u2013 Nh\u00e0 bu\u00f4n \u0111\u00e1 qu\u00fd v\u00e0 kim lo\u1ea1i qu\u00fd t\u1ea1i Singapore \u2013 S\u1ed1 gi\u1ea5y ph\u00e9p PS20190000031<\/p>\n<p><\/p>\n<p>*T\u1ea5t c\u1ea3 c\u00e1c lo\u1ea1i Jadeite \u0111\u01b0\u1ee3c mua t\u1eeb Yi Pin Qian t\u1ea1i Singapore, kh\u00e1ch h\u00e0ng c\u00f3 th\u1ec3 \u0111\u1eb7t l\u1ecbch \u0111\u00e1nh b\u00f3ng ho\u1eb7c s\u1eeda ch\u1eefa nh\u1ecf do x\u1eed l\u00fd sai c\u00e1ch \u2013 c\u00f3 t\u00ednh ph\u00ed v\u00e0 ch\u1ec9 d\u00e0nh cho kh\u00e1ch h\u00e0ng c\u1ee7a Yi Pin Qian t\u1ea1i Singapore*<\/p>\n<p><\/p>\n<p><strong>**C\u00e1c lo\u1ea1i ch\u1ee9ng ch\u1ec9**<\/strong><\/p>\n<p><\/p>\n<p><strong>NGI (C\u00f4ng ty \u0110\u00e1 qu\u00fd Nan Yang)<\/strong><\/p>\n<p>ho\u1eb7c <strong>Ch\u1ee9ng ch\u1ec9 n\u01b0\u1edbc ngo\u00e0i <\/strong>(Yi Pin Qian ch\u1ec9 s\u1eed d\u1ee5ng c\u00e1c ch\u1ee9ng ch\u1ec9 x\u00e1c th\u1ef1c t\u1eeb c\u00e1c ph\u00f2ng th\u00ed nghi\u1ec7m \u1edf n\u01b0\u1edbc ngo\u00e0i v\u00e0 ki\u1ec3m so\u00e1t ch\u1ea5t l\u01b0\u1ee3ng m\u1ecdi s\u1ea3n ph\u1ea9m c\u1ee7a ch\u00fang t\u00f4i tr\u01b0\u1edbc khi \u0111\u01b0a ch\u00fang ra b\u00e1n t\u1ea1i Singapore)<\/p>\n<p><\/p>\n<p>M\u1ed7i s\u1ea3n ph\u1ea9m tr\u00ean TikTok s\u1ebd c\u00f3 lo\u1ea1i ch\u1ee9ng ch\u1ec9 \u0111\u01b0\u1ee3c cung c\u1ea5p \u0111\u01b0\u1ee3c n\u00eau trong ph\u1ea7n m\u00f4 t\u1ea3. \u0110\u1ed1i v\u1edbi b\u1ea5t k\u1ef3 kh\u00e1ch h\u00e0ng n\u00e0o mu\u1ed1n g\u1eedi \u0111\u01a1n h\u00e0ng c\u1ee7a m\u00ecnh \u0111\u1ebfn NGI Singapore, s\u1ebd c\u00f3 th\u1eddi gian ch\u1edd giao h\u00e0ng \u01b0\u1edbc t\u00ednh kho\u1ea3ng 4 tu\u1ea7n \u0111\u1ec3 nh\u1eadn \u0111\u01b0\u1ee3c \u0111\u01a1n h\u00e0ng c\u1ee7a b\u1ea1n. <strong>B\u1ea1n c\u1ea7n g\u1eedi y\u00eau c\u1ea7u b\u00e1o c\u00e1o v\u1ec1 NGI Gemstone b\u1eb1ng c\u00e1ch nh\u1eafn tin cho ch\u00fang t\u00f4i.<\/strong> C\u1ea3m \u01a1n, <strong><u>\u00e1p d\u1ee5ng th\u00eam ph\u00ed<\/u><\/strong>.<\/p>\n<p><\/p>\n<p><strong>Jadeite t\u1ef1 nhi\u00ean kh\u00f4ng ho\u00e0n h\u1ea3o, ch\u1ec9 l\u00e0 m\u1ed9t l\u1eddi nh\u1eafc nh\u1edf nh\u1eb9 nh\u00e0ng, Jadeite t\u1ef1 nhi\u00ean c\u1ee7a ch\u00fang t\u00f4i, gi\u1ed1ng nh\u01b0 t\u1ea5t c\u1ea3 nh\u1eefng th\u1ee9 \u0111\u1eb9p \u0111\u1ebd trong t\u1ef1 nhi\u00ean, c\u00f3 nh\u1eefng \u0111\u1eb7c \u0111i\u1ec3m v\u00e0 bi\u1ebfn th\u1ec3 \u0111\u1ed9c \u0111\u00e1o. Ch\u00fang t\u00f4i m\u1eddi nh\u1eefng kh\u00e1ch h\u00e0ng c\u00f3 gi\u00e1 tr\u1ecb c\u1ee7a m\u00ecnh \u0111\u00f3n nh\u1eadn nh\u1eefng bi\u1ebfn th\u1ec3 t\u1ef1 nhi\u00ean n\u00e0y. Ch\u00fac b\u1ea1n mua s\u1eafm vui v\u1ebb!<\/strong><\/p>\n<p><\/p>\n<p><strong><u>Kh\u00f4ng c\u00f3 h\u00ecnh \u1ea3nh v\u00e0 c\u1ea3nh quay video n\u00e0o \u0111\u01b0\u1ee3c l\u1ecdc. Ch\u00fang t\u00f4i khuy\u1ebfn kh\u00edch kh\u00e1ch h\u00e0ng c\u1ee7a m\u00ecnh c\u0169ng xem c\u00e1c video \u0111i k\u00e8m \u0111\u1ec3 c\u00f3 c\u00e1i nh\u00ecn to\u00e0n di\u1ec7n h\u01a1n v\u1ec1 s\u1ea3n ph\u1ea9m c\u1ee7a ch\u00fang t\u00f4i<\/u><\/strong><\/p>\n<p><\/p>\n<ul>\n<li>C\u00e1c n\u1ec1n t\u1ea3ng kh\u00e1c nhau ch\u1ec9 c\u00f3 th\u1ec3 xem video th\u00f4ng qua m\u00e1y t\u00ednh \u0111\u1ec3 b\u00e0n<\/li>\n<\/ul>","protected":false},"excerpt":{"rendered":"<p>S\u1ea3n ph\u1ea9m m\u1edbi n\u00e0y \u0111\u1ebfn Singapore l\u00e0 M\u1eb7t d\u00e2y chuy\u1ec1n b\u1eb1ng v\u00e0ng 18k Jadeite Jade lo\u1ea1i A ch\u1ea5t l\u01b0\u1ee3ng cao t\u1ef1 nhi\u00ean \u0111\u01b0\u1ee3c ch\u1ebf t\u00e1c theo phong c\u00e1ch Ruyi. S\u1ea3n ph\u1ea9m \u0111i k\u00e8m v\u1edbi m\u1ed9t gi\u1ea5y ch\u1ee9ng nh\u1eadn v\u00e0 n\u1eb7ng 5,51 gram v\u1edbi k\u00edch th\u01b0\u1edbc 27,1 * 24,6 * 7,3 mm (18kp74). S\u1ed1 gi\u1ea5y ch\u1ee9ng nh\u1eadn: GD2109H014858 V\u00e0ng 18k: 2 gram Kim c\u01b0\u01a1ng: 91 * 0,003 = 0,273 carat Jadeite [\u2026]<\/p>","protected":false},"featured_media":11634,"comment_status":"open","ping_status":"closed","template":"","meta":[],"product_brand":[],"product_cat":[195],"product_tag":[50,64,52,88,53,79,96,54,55,82,56,58,73,59,60,61,62],"class_list":{"0":"post-11592","1":"product","2":"type-product","3":"status-publish","4":"has-post-thumbnail","6":"product_cat-heirloom-grade","7":"product_tag-18k-gold","8":"product_tag-cabochon","9":"product_tag-certified","10":"product_tag-diamonds","11":"product_tag-fine-quality","12":"product_tag-green-hue","13":"product_tag-green-patches","14":"product_tag-icy","15":"product_tag-jadeite","16":"product_tag-light-green","17":"product_tag-limited-editions","18":"product_tag-new-arrivals","19":"product_tag-pendant","20":"product_tag-translucent","21":"product_tag-type-a-jadeite","22":"product_tag-unisex","23":"product_tag-yi-pin-qian-exclusive","25":"first","26":"instock","27":"sale","28":"shipping-taxable","29":"purchasable","30":"product-type-simple"},"_links":{"self":[{"href":"https:\/\/shop.yipinqian.com\/vi\/wp-json\/wp\/v2\/product\/11592","targetHints":{"allow":["GET"]}}],"collection":[{"href":"https:\/\/shop.yipinqian.com\/vi\/wp-json\/wp\/v2\/product"}],"about":[{"href":"https:\/\/shop.yipinqian.com\/vi\/wp-json\/wp\/v2\/types\/product"}],"replies":[{"embeddable":true,"href":"https:\/\/shop.yipinqian.com\/vi\/wp-json\/wp\/v2\/comments?post=11592"}],"version-history":[{"count":0,"href":"https:\/\/shop.yipinqian.com\/vi\/wp-json\/wp\/v2\/product\/11592\/revisions"}],"wp:featuredmedia":[{"embeddable":true,"href":"https:\/\/shop.yipinqian.com\/vi\/wp-json\/wp\/v2\/media\/11634"}],"wp:attachment":[{"href":"https:\/\/shop.yipinqian.com\/vi\/wp-json\/wp\/v2\/media?parent=11592"}],"wp:term":[{"taxonomy":"product_brand","embeddable":true,"href":"https:\/\/shop.yipinqian.com\/vi\/wp-json\/wp\/v2\/product_brand?post=11592"},{"taxonomy":"product_cat","embeddable":true,"href":"https:\/\/shop.yipinqian.com\/vi\/wp-json\/wp\/v2\/product_cat?post=11592"},{"taxonomy":"product_tag","embeddable":true,"href":"https:\/\/shop.yipinqian.com\/vi\/wp-json\/wp\/v2\/product_tag?post=11592"}],"curies":[{"name":"wp","href":"https:\/\/api.w.org\/{rel}","templated":true}]}}