{"id":11590,"date":"2024-11-17T05:22:56","date_gmt":"2024-11-16T21:22:56","guid":{"rendered":"https:\/\/shop.yipinqian.com\/new-arrival-in-singapore-pendant-necklace-crafted-as-leaf-on-natural-type-a-jadeite-jade-certificate-weighs-6-89-grams-measurement-34-2-20-9-5-1-mm-pendant330\/"},"modified":"2025-01-09T01:22:30","modified_gmt":"2025-01-08T17:22:30","slug":"new-arrival-in-singapore-pendant-necklace-crafted-as-leaf-on-natural-type-a-jadeite-jade-certificate-weighs-6-89-grams-measurement-34-2-20-9-5-1-mm-pendant330","status":"publish","type":"product","link":"https:\/\/shop.yipinqian.com\/vi\/san-pham\/new-arrival-in-singapore-pendant-necklace-crafted-as-leaf-on-natural-type-a-jadeite-jade-certificate-weighs-6-89-grams-measurement-34-2-20-9-5-1-mm-pendant330\/","title":{"rendered":"H\u00e0ng m\u1edbi v\u1ec1 t\u1ea1i Singapore \u2013 D\u00e2y chuy\u1ec1n m\u1eb7t d\u00e2y chuy\u1ec1n \u0111\u01b0\u1ee3c ch\u1ebf t\u00e1c nh\u01b0 chi\u1ebfc l\u00e1 tr\u00ean \u0111\u00e1 Jadeite Jadeite t\u1ef1 nhi\u00ean lo\u1ea1i A, gi\u1ea5y ch\u1ee9ng nh\u1eadn n\u1eb7ng 6,89 gram, k\u00edch th\u01b0\u1edbc 34,2 * 20,9 * 5,1 mm (m\u1eb7t d\u00e2y chuy\u1ec1n330)"},"content":{"rendered":"<p>Xin gi\u1edbi thi\u1ec7u s\u1ea3n ph\u1ea9m m\u1edbi nh\u1ea5t t\u1eeb Singapore \u2013 M\u1eb7t d\u00e2y chuy\u1ec1n v\u00f2ng c\u1ed5 tuy\u1ec7t \u0111\u1eb9p \u0111\u01b0\u1ee3c thi\u1ebft k\u1ebf theo h\u00ecnh chi\u1ebfc l\u00e1, \u0111\u01b0\u1ee3c ch\u1ebf t\u00e1c t\u1ec9 m\u1ec9 t\u1eeb Ng\u1ecdc b\u00edch Jadeite t\u1ef1 nhi\u00ean lo\u1ea1i A.<\/p>\n<p><\/p>\n<p>S\u1ed1 ch\u1ee9ng ch\u1ec9: SJ2308004311<\/p>\n<p><img fetchpriority=\"high\" decoding=\"async\" src=\"https:\/\/shop.yipinqian.com\/wp-content\/uploads\/2024\/11\/771cdf026c7846efae0ed82d86e8afe3tplv-aphluv4xwc-origin-jpeg.jpeg?dr=15568&amp;nonce=39854&amp;refresh_token=0023a0fce8c421a61b895cfb469b17ff&amp;from=476444299&amp;idc=my2&amp;ps=933b5bde&amp;shcp=9b759fb9&amp;shp=1c65f68b&amp;t=555f072d\" width=\"1080\" height=\"1080\"><\/p>\n<ul>\n<li>\n<strong>Tay ngh\u1ec1 th\u1ee7 c\u00f4ng tinh t\u1ebf:<\/strong> M\u1eb7t d\u00e2y chuy\u1ec1n \u0111\u01b0\u1ee3c ch\u1ea1m kh\u1eafc tinh x\u1ea3o m\u00f4 ph\u1ecfng h\u00ecnh \u1ea3nh chi\u1ebfc l\u00e1 m\u1ecfng manh, t\u00f4n l\u00ean v\u1ebb \u0111\u1eb9p c\u1ee7a ng\u1ecdc b\u00edch Jadeite.<\/li>\n<li>\n<strong>V\u1eadt li\u1ec7u qu\u00fd:<\/strong> \u0110\u01b0\u1ee3c l\u00e0m t\u1eeb \u0111\u00e1 Jadeite Jadeite t\u1ef1 nhi\u00ean lo\u1ea1i A ch\u1ea5t l\u01b0\u1ee3ng cao, chi\u1ebfc v\u00f2ng c\u1ed5 n\u00e0y v\u1eeba thanh l\u1ecbch v\u1eeba b\u1ec1n.<\/li>\n<li>\n<strong>Gi\u1ea5y ch\u1ee9ng nh\u1eadn bao g\u1ed3m:<\/strong> Chi\u1ebfc v\u00f2ng c\u1ed5 n\u00e0y c\u00f3 k\u00e8m theo gi\u1ea5y ch\u1ee9ng nh\u1eadn x\u00e1c minh t\u00ednh x\u00e1c th\u1ef1c v\u00e0 ch\u1ea5t l\u01b0\u1ee3ng, n\u1eb7ng 6,89 gram.<\/li>\n<\/ul>\n<p><img decoding=\"async\" src=\"https:\/\/shop.yipinqian.com\/wp-content\/uploads\/2024\/11\/b3d5e8eaf5de4442a0074136f5f329catplv-aphluv4xwc-origin-jpeg.jpeg?dr=15568&amp;nonce=8190&amp;refresh_token=85957500c71398d8898a5fe703a06724&amp;from=476444299&amp;idc=my2&amp;ps=933b5bde&amp;shcp=9b759fb9&amp;shp=1c65f68b&amp;t=555f072d\" width=\"1080\" height=\"1080\"><\/p>\n<p>M\u1eb7t d\u00e2y chuy\u1ec1n c\u00f3 k\u00edch th\u01b0\u1edbc 34,2 * 20,9 * 5,1 mm (pendant330), khi\u1ebfn n\u00f3 tr\u1edf th\u00e0nh m\u1ed9t m\u00f3n \u0111\u1ed3 b\u1eaft m\u1eaft th\u00edch h\u1ee3p \u0111\u1ec3 \u0111eo h\u00e0ng ng\u00e0y cho c\u1ea3 nam v\u00e0 n\u1eef v\u1edbi phong c\u00e1ch gi\u1ea3n d\u1ecb.<\/p>\n<ul>\n<li>\n<strong>Ngu\u1ed3n g\u1ed1c:<\/strong> M\u00f3n \u0111\u1ed3 tinh x\u1ea3o n\u00e0y c\u00f3 ngu\u1ed3n g\u1ed1c t\u1eeb Myanmar, n\u01a1i n\u1ed5i ti\u1ebfng s\u1ea3n xu\u1ea5t m\u1ed9t s\u1ed1 lo\u1ea1i ng\u1ecdc b\u00edch t\u1ed1t nh\u1ea5t th\u1ebf gi\u1edbi.<\/li>\n<\/ul>\n<p>N\u00e2ng t\u1ea7m b\u1ed9 s\u01b0u t\u1eadp trang s\u1ee9c c\u1ee7a b\u1ea1n v\u1edbi M\u1eb7t d\u00e2y chuy\u1ec1n v\u00f2ng c\u1ed5 \u0111\u1ed9c \u0111\u00e1o n\u00e0y, n\u1eafm b\u1eaft \u0111\u01b0\u1ee3c b\u1ea3n ch\u1ea5t v\u1ebb \u0111\u1eb9p c\u1ee7a thi\u00ean nhi\u00ean trong ngh\u1ec1 th\u1ee7 c\u00f4ng ng\u1ecdc b\u00edch sang tr\u1ecdng.<\/p>","protected":false},"excerpt":{"rendered":"<p>Gi\u1edbi thi\u1ec7u s\u1ea3n ph\u1ea9m m\u1edbi nh\u1ea5t t\u1eeb Singapore \u2013 D\u00e2y chuy\u1ec1n m\u1eb7t d\u00e2y chuy\u1ec1n tuy\u1ec7t \u0111\u1eb9p \u0111\u01b0\u1ee3c thi\u1ebft k\u1ebf theo h\u00ecnh chi\u1ebfc l\u00e1, \u0111\u01b0\u1ee3c ch\u1ebf t\u00e1c t\u1ec9 m\u1ec9 t\u1eeb Ng\u1ecdc b\u00edch Jadeite lo\u1ea1i A t\u1ef1 nhi\u00ean. S\u1ed1 ch\u1ee9ng nh\u1eadn: SJ2308004311 Tay ngh\u1ec1 th\u1ee7 c\u00f4ng tinh x\u1ea3o: M\u1eb7t d\u00e2y chuy\u1ec1n \u0111\u01b0\u1ee3c ch\u1ea1m kh\u1eafc tinh x\u1ea3o gi\u1ed1ng nh\u01b0 m\u1ed9t chi\u1ebfc l\u00e1 m\u1ecfng manh, t\u00f4n l\u00ean v\u1ebb \u0111\u1eb9p c\u1ee7a Ng\u1ecdc b\u00edch Jadeite. Ch\u1ea5t li\u1ec7u qu\u00fd: \u0110\u01b0\u1ee3c l\u00e0m t\u1eeb lo\u1ea1i A t\u1ef1 nhi\u00ean ch\u1ea5t l\u01b0\u1ee3ng cao [\u2026]<\/p>","protected":false},"featured_media":11654,"comment_status":"open","ping_status":"closed","template":"","meta":[],"product_brand":[],"product_cat":[83,126,48],"product_tag":[52,55,58,75,60,61,62],"class_list":{"0":"post-11590","1":"product","2":"type-product","3":"status-publish","4":"has-post-thumbnail","6":"product_cat-jade-necklaces-pendants","7":"product_cat-new-arrivals","8":"product_cat-pendants","9":"product_tag-certified","10":"product_tag-jadeite","11":"product_tag-new-arrivals","12":"product_tag-traditional","13":"product_tag-type-a-jadeite","14":"product_tag-unisex","15":"product_tag-yi-pin-qian-exclusive","17":"first","18":"instock","19":"sale","20":"shipping-taxable","21":"purchasable","22":"product-type-simple"},"_links":{"self":[{"href":"https:\/\/shop.yipinqian.com\/vi\/wp-json\/wp\/v2\/product\/11590","targetHints":{"allow":["GET"]}}],"collection":[{"href":"https:\/\/shop.yipinqian.com\/vi\/wp-json\/wp\/v2\/product"}],"about":[{"href":"https:\/\/shop.yipinqian.com\/vi\/wp-json\/wp\/v2\/types\/product"}],"replies":[{"embeddable":true,"href":"https:\/\/shop.yipinqian.com\/vi\/wp-json\/wp\/v2\/comments?post=11590"}],"version-history":[{"count":0,"href":"https:\/\/shop.yipinqian.com\/vi\/wp-json\/wp\/v2\/product\/11590\/revisions"}],"wp:featuredmedia":[{"embeddable":true,"href":"https:\/\/shop.yipinqian.com\/vi\/wp-json\/wp\/v2\/media\/11654"}],"wp:attachment":[{"href":"https:\/\/shop.yipinqian.com\/vi\/wp-json\/wp\/v2\/media?parent=11590"}],"wp:term":[{"taxonomy":"product_brand","embeddable":true,"href":"https:\/\/shop.yipinqian.com\/vi\/wp-json\/wp\/v2\/product_brand?post=11590"},{"taxonomy":"product_cat","embeddable":true,"href":"https:\/\/shop.yipinqian.com\/vi\/wp-json\/wp\/v2\/product_cat?post=11590"},{"taxonomy":"product_tag","embeddable":true,"href":"https:\/\/shop.yipinqian.com\/vi\/wp-json\/wp\/v2\/product_tag?post=11590"}],"curies":[{"name":"wp","href":"https:\/\/api.w.org\/{rel}","templated":true}]}}