{"id":11589,"date":"2024-11-15T07:09:41","date_gmt":"2024-11-14T23:09:41","guid":{"rendered":"https:\/\/shop.yipinqian.com\/new-arrival-diy-gf14k-wrapping-on-this-natural-type-a-jadeite-jade-pendant-crafted-as-nothing-sg-ready-stock-with-certificate-weighs-16-26-grams-measurement-66-9-29-5-pendant329\/"},"modified":"2025-01-09T01:22:57","modified_gmt":"2025-01-08T17:22:57","slug":"new-arrival-diy-gf14k-wrapping-on-this-natural-type-a-jadeite-jade-pendant-crafted-as-nothing-sg-ready-stock-with-certificate-weighs-16-26-grams-measurement-66-9-29-5-pendant329","status":"publish","type":"product","link":"https:\/\/shop.yipinqian.com\/vi\/san-pham\/new-arrival-diy-gf14k-wrapping-on-this-natural-type-a-jadeite-jade-pendant-crafted-as-nothing-sg-ready-stock-with-certificate-weighs-16-26-grams-measurement-66-9-29-5-pendant329\/","title":{"rendered":"H\u00e0ng m\u1edbi v\u1ec1 \u2013 DIY GF14k g\u00f3i tr\u00ean M\u1eb7t d\u00e2y chuy\u1ec1n Ng\u1ecdc b\u00edch lo\u1ea1i A t\u1ef1 nhi\u00ean n\u00e0y \u0111\u01b0\u1ee3c ch\u1ebf t\u00e1c nh\u01b0 Nothing, h\u00e0ng c\u00f3 s\u1eb5n SG k\u00e8m gi\u1ea5y ch\u1ee9ng nh\u1eadn n\u1eb7ng 16,26 gram, k\u00edch th\u01b0\u1edbc 66,9 * 29 * 5 (m\u1eb7t d\u00e2y chuy\u1ec1n329)"},"content":{"rendered":"<p>Kh\u00e1m ph\u00e1 s\u1ea3n ph\u1ea9m m\u1edbi c\u1ee7a ch\u00fang t\u00f4i \u2013 M\u1eb7t d\u00e2y chuy\u1ec1n ng\u1ecdc b\u00edch t\u1ef1 nhi\u00ean lo\u1ea1i A tuy\u1ec7t \u0111\u1eb9p \u0111\u01b0\u1ee3c b\u1ecdc trong DIY GF14k, \u0111\u01b0\u1ee3c ch\u1ebf t\u00e1c t\u1ec9 m\u1ec9 v\u00e0 c\u1ea9n th\u1eadn. S\u1ea3n ph\u1ea9m SG ready stock n\u00e0y \u0111i k\u00e8m v\u1edbi gi\u1ea5y ch\u1ee9ng nh\u1eadn, \u0111\u1ea3m b\u1ea3o t\u00ednh x\u00e1c th\u1ef1c c\u1ee7a s\u1ea3n ph\u1ea9m.<\/p>\n<p><\/p>\n<p><strong>N\u1ebfu b\u1ea1n th\u00edch \u0111\u1ed3 t\u1ef1 l\u00e0m t\u1ea1i \u0111\u1ecba ph\u01b0\u01a1ng, \u0111\u00e2y l\u00e0 th\u1ee9 b\u1ea1n kh\u00f4ng mu\u1ed1n b\u1ecf l\u1ee1 v\u00ec l\u1edbp b\u1ecdc \u0111\u01b0\u1ee3c l\u00e0m th\u1ee7 c\u00f4ng b\u1eb1ng 100% v\u00e0 m\u1ea5t r\u1ea5t nhi\u1ec1u gi\u1edd \u0111\u1ec3 ho\u00e0n th\u00e0nh \u2013 xin l\u01b0u \u00fd r\u1eb1ng GF14k kh\u00f4ng ph\u1ea3i l\u00e0 v\u00e0ng, n\u00f3 ch\u1ec9 \u0111\u01b0\u1ee3c th\u00eam m\u1ed9t t\u1ef7 l\u1ec7 t\u1ed1i thi\u1ec3u 14k v\u00e0o v\u1eadt li\u1ec7u.<\/strong><\/p>\n<p><\/p>\n<p><strong>S\u1ed1 ch\u1ee9ng ch\u1ec9: GD2110H013567<\/strong><\/p>\n<p><img fetchpriority=\"high\" decoding=\"async\" src=\"https:\/\/shop.yipinqian.com\/wp-content\/uploads\/2024\/11\/58c39ba5cfd646298cda49397dcd5271tplv-aphluv4xwc-origin-jpeg.jpeg?dr=15568&amp;nonce=70160&amp;refresh_token=5c351564c883369d5a4f4151a8a4350f&amp;from=476444299&amp;idc=my2&amp;ps=933b5bde&amp;shcp=9b759fb9&amp;shp=1c65f68b&amp;t=555f072d\" width=\"1536\" height=\"2048\"><\/p>\n<ul>\n<li>\n<strong>C\u00e2n n\u1eb7ng:<\/strong> 16,26 gam<\/li>\n<li>\n<strong>\u0110o l\u01b0\u1eddng:<\/strong> <strong>66,9 * 29 * 5mm <\/strong>(m\u1eb7t d\u00e2y chuy\u1ec1n329)<\/li>\n<li><strong>K\u00edch th\u01b0\u1edbc g\u1ed1c c\u1ee7a Jadeite: 48,9 * 25 * 5 mm<\/strong><\/li>\n<\/ul>\n<p><img decoding=\"async\" src=\"https:\/\/shop.yipinqian.com\/wp-content\/uploads\/2024\/11\/75bcb93c6b2d4916b64a686b47c19f2atplv-aphluv4xwc-origin-jpeg.jpeg?dr=15568&amp;nonce=68273&amp;refresh_token=37cc583edbc5755e44a344b1adc58c77&amp;from=476444299&amp;idc=my2&amp;ps=933b5bde&amp;shcp=9b759fb9&amp;shp=1c65f68b&amp;t=555f072d\" width=\"1536\" height=\"2048\"><\/p>\n<p>M\u1eb7t d\u00e2y chuy\u1ec1n tinh t\u1ebf n\u00e0y l\u00e0 m\u1ed9t ph\u1ee5 ki\u1ec7n \u0111a n\u0103ng ph\u00f9 h\u1ee3p \u0111\u1ec3 \u0111eo h\u00e0ng ng\u00e0y, ho\u00e0n h\u1ea3o cho m\u1ecdi d\u1ecbp. Thi\u1ebft k\u1ebf unisex c\u1ee7a n\u00f3 h\u1ea5p d\u1eabn m\u1ecdi gi\u1edbi t\u00ednh v\u00e0 ki\u1ec3u v\u00f2ng c\u1ed5 gi\u1ea3n d\u1ecb mang \u0111\u1ebfn n\u00e9t thanh l\u1ecbch cho m\u1ecdi trang ph\u1ee5c.<\/p>\n<ul>\n<li>\n<strong>Gi\u1ea5y ch\u1ee9ng nh\u1eadn:<\/strong> \u0110\u00fang<\/li>\n<li>\n<strong>Khu v\u1ef1c xu\u1ea5t x\u1ee9:<\/strong> Mi\u1ebfn \u0110i\u1ec7n<\/li>\n<li>T\u00ednh ng\u1eabu nhi\u00ean<\/li>\n<li>Lo\u1ea1i b\u1ea3o h\u00e0nh: Kh\u00f4ng<\/li>\n<li>Gi\u1edbi t\u00ednh: Ng\u1ecdc b\u00edch Lo\u1ea1i: V\u00f2ng c\u1ed5 Ki\u1ec3u d\u00e1ng Th\u01b0\u1eddng ng\u00e0y Th\u00eam m\u1eb7t d\u00e2y chuy\u1ec1n ng\u1ecdc b\u00edch \u0111\u1ed9c \u0111\u00e1o n\u00e0y v\u00e0o b\u1ed9 s\u01b0u t\u1eadp trang s\u1ee9c c\u1ee7a b\u1ea1n v\u00e0 khoe v\u1ebb \u0111\u1eb9p c\u1ee7a n\u00f3 m\u1ed9t c\u00e1ch d\u1ec5 d\u00e0ng<\/li>\n<\/ul>\n<p><strong>Jadeite t\u1ef1 nhi\u00ean kh\u00f4ng ho\u00e0n h\u1ea3o, ch\u1ec9 l\u00e0 m\u1ed9t l\u1eddi nh\u1eafc nh\u1edf nh\u1eb9 nh\u00e0ng, Jadeite t\u1ef1 nhi\u00ean c\u1ee7a ch\u00fang t\u00f4i, gi\u1ed1ng nh\u01b0 t\u1ea5t c\u1ea3 nh\u1eefng th\u1ee9 \u0111\u1eb9p \u0111\u1ebd trong t\u1ef1 nhi\u00ean, c\u00f3 nh\u1eefng \u0111\u1eb7c \u0111i\u1ec3m v\u00e0 bi\u1ebfn th\u1ec3 \u0111\u1ed9c \u0111\u00e1o. Ch\u00fang t\u00f4i m\u1eddi nh\u1eefng kh\u00e1ch h\u00e0ng c\u00f3 gi\u00e1 tr\u1ecb c\u1ee7a m\u00ecnh \u0111\u00f3n nh\u1eadn nh\u1eefng bi\u1ebfn th\u1ec3 t\u1ef1 nhi\u00ean n\u00e0y. Ch\u00fac b\u1ea1n mua s\u1eafm vui v\u1ebb!<\/strong><\/p>\n<p><\/p>\n<p><strong><u>Kh\u00f4ng c\u00f3 h\u00ecnh \u1ea3nh v\u00e0 c\u1ea3nh quay video n\u00e0o \u0111\u01b0\u1ee3c l\u1ecdc. Ch\u00fang t\u00f4i khuy\u1ebfn kh\u00edch kh\u00e1ch h\u00e0ng c\u1ee7a m\u00ecnh c\u0169ng xem c\u00e1c video \u0111i k\u00e8m \u0111\u1ec3 c\u00f3 c\u00e1i nh\u00ecn to\u00e0n di\u1ec7n h\u01a1n v\u1ec1 s\u1ea3n ph\u1ea9m c\u1ee7a ch\u00fang t\u00f4i<\/u><\/strong><\/p>\n<p><\/p>\n<ul>\n<li>C\u00e1c n\u1ec1n t\u1ea3ng kh\u00e1c nhau ch\u1ec9 c\u00f3 th\u1ec3 xem video th\u00f4ng qua m\u00e1y t\u00ednh \u0111\u1ec3 b\u00e0n<\/li>\n<\/ul>","protected":false},"excerpt":{"rendered":"<p>Kh\u00e1m ph\u00e1 s\u1ea3n ph\u1ea9m m\u1edbi c\u1ee7a ch\u00fang t\u00f4i \u2013 M\u1eb7t d\u00e2y chuy\u1ec1n ng\u1ecdc b\u00edch t\u1ef1 nhi\u00ean lo\u1ea1i A tuy\u1ec7t \u0111\u1eb9p \u0111\u01b0\u1ee3c b\u1ecdc trong DIY GF14k, \u0111\u01b0\u1ee3c ch\u1ebf t\u00e1c v\u1edbi \u0111\u1ed9 ch\u00ednh x\u00e1c v\u00e0 c\u1ea9n th\u1eadn. S\u1ea3n ph\u1ea9m SG ready stock n\u00e0y \u0111i k\u00e8m v\u1edbi gi\u1ea5y ch\u1ee9ng nh\u1eadn, \u0111\u1ea3m b\u1ea3o t\u00ednh x\u00e1c th\u1ef1c c\u1ee7a s\u1ea3n ph\u1ea9m. N\u1ebfu b\u1ea1n th\u00edch \u0111\u1ed3 DIY \u0111\u1ecba ph\u01b0\u01a1ng, \u0111\u00e2y l\u00e0 s\u1ea3n ph\u1ea9m b\u1ea1n kh\u00f4ng mu\u1ed1n b\u1ecf l\u1ee1 v\u00ec l\u1edbp b\u1ecdc \u0111\u01b0\u1ee3c l\u00e0m th\u1ee7 c\u00f4ng b\u1eb1ng 100% v\u00e0 [\u2026]<\/p>","protected":false},"featured_media":11659,"comment_status":"open","ping_status":"closed","template":"","meta":[],"product_brand":[],"product_cat":[83,126,48],"product_tag":[52,138,55,58,73,75,60,61,62],"class_list":{"0":"post-11589","1":"product","2":"type-product","3":"status-publish","4":"has-post-thumbnail","6":"product_cat-jade-necklaces-pendants","7":"product_cat-new-arrivals","8":"product_cat-pendants","9":"product_tag-certified","10":"product_tag-diy","11":"product_tag-jadeite","12":"product_tag-new-arrivals","13":"product_tag-pendant","14":"product_tag-traditional","15":"product_tag-type-a-jadeite","16":"product_tag-unisex","17":"product_tag-yi-pin-qian-exclusive","19":"first","20":"instock","21":"sale","22":"shipping-taxable","23":"purchasable","24":"product-type-simple"},"_links":{"self":[{"href":"https:\/\/shop.yipinqian.com\/vi\/wp-json\/wp\/v2\/product\/11589","targetHints":{"allow":["GET"]}}],"collection":[{"href":"https:\/\/shop.yipinqian.com\/vi\/wp-json\/wp\/v2\/product"}],"about":[{"href":"https:\/\/shop.yipinqian.com\/vi\/wp-json\/wp\/v2\/types\/product"}],"replies":[{"embeddable":true,"href":"https:\/\/shop.yipinqian.com\/vi\/wp-json\/wp\/v2\/comments?post=11589"}],"version-history":[{"count":0,"href":"https:\/\/shop.yipinqian.com\/vi\/wp-json\/wp\/v2\/product\/11589\/revisions"}],"wp:featuredmedia":[{"embeddable":true,"href":"https:\/\/shop.yipinqian.com\/vi\/wp-json\/wp\/v2\/media\/11659"}],"wp:attachment":[{"href":"https:\/\/shop.yipinqian.com\/vi\/wp-json\/wp\/v2\/media?parent=11589"}],"wp:term":[{"taxonomy":"product_brand","embeddable":true,"href":"https:\/\/shop.yipinqian.com\/vi\/wp-json\/wp\/v2\/product_brand?post=11589"},{"taxonomy":"product_cat","embeddable":true,"href":"https:\/\/shop.yipinqian.com\/vi\/wp-json\/wp\/v2\/product_cat?post=11589"},{"taxonomy":"product_tag","embeddable":true,"href":"https:\/\/shop.yipinqian.com\/vi\/wp-json\/wp\/v2\/product_tag?post=11589"}],"curies":[{"name":"wp","href":"https:\/\/api.w.org\/{rel}","templated":true}]}}