{"id":11577,"date":"2024-11-08T00:59:07","date_gmt":"2024-11-07T16:59:07","guid":{"rendered":"https:\/\/shop.yipinqian.com\/latest-arrival-in-sg-lots-of-ruyi-crafted-on-light-green-hue-with-brown-natural-type-a-jadeite-jade-as-pendant-certificate-weighs-35-21-grams-measurement-54-6-31-3-14-8-mm-pendant321\/"},"modified":"2025-02-24T00:49:48","modified_gmt":"2025-02-23T16:49:48","slug":"latest-arrival-in-sg-lots-of-ruyi-crafted-on-light-green-hue-with-brown-natural-type-a-jadeite-jade-as-pendant-certificate-weighs-35-21-grams-measurement-54-6-31-3-14-8-mm-pendant321","status":"publish","type":"product","link":"https:\/\/shop.yipinqian.com\/vi\/san-pham\/latest-arrival-in-sg-lots-of-ruyi-crafted-on-light-green-hue-with-brown-natural-type-a-jadeite-jade-as-pendant-certificate-weighs-35-21-grams-measurement-54-6-31-3-14-8-mm-pendant321\/","title":{"rendered":"H\u00e0ng m\u1edbi v\u1ec1 t\u1ea1i SG \u2013 Nhi\u1ec1u Ruyi \u0111\u01b0\u1ee3c ch\u1ebf t\u00e1c tr\u00ean t\u00f4ng m\u00e0u xanh l\u00e1 c\u00e2y nh\u1ea1t v\u1edbi m\u1eb7t d\u00e2y chuy\u1ec1n b\u1eb1ng ng\u1ecdc b\u00edch t\u1ef1 nhi\u00ean m\u00e0u n\u00e2u lo\u1ea1i A, gi\u1ea5y ch\u1ee9ng nh\u1eadn n\u1eb7ng 35,21 gram, k\u00edch th\u01b0\u1edbc 54,6 * 31,3 * 14,8 mm (m\u1eb7t d\u00e2y chuy\u1ec1n321)"},"content":{"rendered":"<p>Xin gi\u1edbi thi\u1ec7u s\u1ea3n ph\u1ea9m m\u1edbi nh\u1ea5t trong b\u1ed9 s\u01b0u t\u1eadp c\u1ee7a ch\u00fang t\u00f4i \u2013 m\u1ed9t m\u1eb7t d\u00e2y chuy\u1ec1n ng\u1ecdc b\u00edch tuy\u1ec7t \u0111\u1eb9p c\u00f3 nhi\u1ec1u h\u1ecda ti\u1ebft Ruyi \u0111\u01b0\u1ee3c ch\u1ebf t\u00e1c tr\u00ean n\u1ec1n \u0111\u00e1 Jadeite Jadeite m\u00e0u n\u00e2u t\u1ef1 nhi\u00ean lo\u1ea1i A.<\/p>\n<p><\/p>\n<p>S\u1ed1 ch\u1ee9ng ch\u1ec9: ZS24031902028<\/p>\n<p><img fetchpriority=\"high\" decoding=\"async\" src=\"https:\/\/shop.yipinqian.com\/wp-content\/uploads\/2024\/11\/c0f6624fa2804dc5863d76630307de97tplv-aphluv4xwc-origin-jpeg.jpeg?dr=15568&amp;nonce=31541&amp;refresh_token=198991184af711b6ca9b1815460f2081&amp;from=476444299&amp;idc=my&amp;ps=933b5bde&amp;shcp=9b759fb9&amp;shp=1c65f68b&amp;t=555f072d\" width=\"1080\" height=\"1080\"><\/p>\n<ul>\n<li>\n<strong>Tay ngh\u1ec1 th\u1ee7 c\u00f4ng tinh t\u1ebf:<\/strong> M\u1eb7t d\u00e2y chuy\u1ec1n \u0111\u01b0\u1ee3c ch\u1ebf t\u00e1c t\u1ec9 m\u1ec9 v\u1edbi c\u00e1c thi\u1ebft k\u1ebf Ruyi tinh x\u1ea3o, t\u01b0\u1ee3ng tr\u01b0ng cho s\u1ef1 may m\u1eafn v\u00e0 th\u1ecbnh v\u01b0\u1ee3ng.<\/li>\n<li>\n<strong>Ch\u1ea5t l\u01b0\u1ee3ng cao c\u1ea5p:<\/strong> \u0110\u01b0\u1ee3c l\u00e0m t\u1eeb ng\u1ecdc b\u00edch Jadeite lo\u1ea1i A nguy\u00ean ch\u1ea5t, t\u00e1c ph\u1ea9m n\u00e0y c\u00f3 ch\u1ea5t l\u01b0\u1ee3ng v\u00e0 v\u1ebb \u0111\u1eb9p \u0111\u1eb7c bi\u1ec7t.<\/li>\n<li>\n<strong>Gi\u1ea5y ch\u1ee9ng nh\u1eadn bao g\u1ed3m:<\/strong> \u0110i k\u00e8m v\u1edbi gi\u1ea5y ch\u1ee9ng nh\u1eadn x\u00e1c minh t\u00ednh x\u00e1c th\u1ef1c v\u00e0 ch\u1ea5t l\u01b0\u1ee3ng c\u1ee7a m\u1eb7t d\u00e2y chuy\u1ec1n ng\u1ecdc b\u00edch, n\u1eb7ng 35,21 gram.<\/li>\n<li>\n<strong>Thi\u1ebft k\u1ebf thanh l\u1ecbch:<\/strong> M\u1eb7t d\u00e2y chuy\u1ec1n c\u00f3 k\u00edch th\u01b0\u1edbc 54,6 * 31,3 * 14,8 mm, l\u00e0 m\u00f3n \u0111\u1ed3 trang s\u1ee9c \u0111a n\u0103ng ph\u00f9 h\u1ee3p \u0111\u1ec3 \u0111eo h\u00e0ng ng\u00e0y ho\u1eb7c trong nh\u1eefng d\u1ecbp \u0111\u1eb7c bi\u1ec7t.<\/li>\n<\/ul>\n<p><img decoding=\"async\" src=\"https:\/\/shop.yipinqian.com\/wp-content\/uploads\/2024\/11\/998cff758def405b97ec24d3f1fe60fatplv-aphluv4xwc-origin-jpeg.jpeg?dr=15568&amp;nonce=66563&amp;refresh_token=1b3dbc76952aa0a46122aeeb75e2fe54&amp;from=476444299&amp;idc=my&amp;ps=933b5bde&amp;shcp=9b759fb9&amp;shp=1c65f68b&amp;t=555f072d\" width=\"1080\" height=\"1080\"><\/p>\n<p>Ph\u1ee5 ki\u1ec7n v\u00f2ng c\u1ed5 unisex n\u00e0y t\u1eeb Myanmar ho\u00e0n h\u1ea3o cho nh\u1eefng ai t\u00ecm ki\u1ebfm n\u00e9t thanh l\u1ecbch trong phong c\u00e1ch th\u01b0\u1eddng ng\u00e0y c\u1ee7a m\u00ecnh. Xin l\u01b0u \u00fd r\u1eb1ng s\u1ea3n ph\u1ea9m n\u00e0y kh\u00f4ng c\u00f3 b\u1ea3o h\u00e0nh nh\u01b0ng \u0111\u1ea3m b\u1ea3o s\u1ef1 quy\u1ebfn r\u0169 v\u00e0 tinh t\u1ebf v\u01b0\u1ee3t th\u1eddi gian.<\/p>\n<p><\/p>\n<p><strong>Jadeite t\u1ef1 nhi\u00ean kh\u00f4ng ho\u00e0n h\u1ea3o, ch\u1ec9 l\u00e0 m\u1ed9t l\u1eddi nh\u1eafc nh\u1edf nh\u1eb9 nh\u00e0ng, Jadeite t\u1ef1 nhi\u00ean c\u1ee7a ch\u00fang t\u00f4i, gi\u1ed1ng nh\u01b0 t\u1ea5t c\u1ea3 nh\u1eefng th\u1ee9 \u0111\u1eb9p \u0111\u1ebd trong t\u1ef1 nhi\u00ean, c\u00f3 nh\u1eefng \u0111\u1eb7c \u0111i\u1ec3m v\u00e0 bi\u1ebfn th\u1ec3 \u0111\u1ed9c \u0111\u00e1o. Ch\u00fang t\u00f4i m\u1eddi nh\u1eefng kh\u00e1ch h\u00e0ng c\u00f3 gi\u00e1 tr\u1ecb c\u1ee7a m\u00ecnh \u0111\u00f3n nh\u1eadn nh\u1eefng bi\u1ebfn th\u1ec3 t\u1ef1 nhi\u00ean n\u00e0y. Ch\u00fac b\u1ea1n mua s\u1eafm vui v\u1ebb!<\/strong><\/p>\n<p><\/p>\n<p><strong><u>Kh\u00f4ng c\u00f3 h\u00ecnh \u1ea3nh v\u00e0 c\u1ea3nh quay video n\u00e0o \u0111\u01b0\u1ee3c l\u1ecdc. Ch\u00fang t\u00f4i khuy\u1ebfn kh\u00edch kh\u00e1ch h\u00e0ng c\u1ee7a m\u00ecnh c\u0169ng xem c\u00e1c video \u0111i k\u00e8m \u0111\u1ec3 c\u00f3 c\u00e1i nh\u00ecn to\u00e0n di\u1ec7n h\u01a1n v\u1ec1 s\u1ea3n ph\u1ea9m c\u1ee7a ch\u00fang t\u00f4i<\/u><\/strong><\/p>\n<p><\/p>\n<ul>\n<li>C\u00e1c n\u1ec1n t\u1ea3ng kh\u00e1c nhau ch\u1ec9 c\u00f3 th\u1ec3 xem video th\u00f4ng qua m\u00e1y t\u00ednh \u0111\u1ec3 b\u00e0n<\/li>\n<\/ul>","protected":false},"excerpt":{"rendered":"<p>Gi\u1edbi thi\u1ec7u s\u1ea3n ph\u1ea9m m\u1edbi nh\u1ea5t trong b\u1ed9 s\u01b0u t\u1eadp c\u1ee7a ch\u00fang t\u00f4i \u2013 m\u1ed9t m\u1eb7t d\u00e2y chuy\u1ec1n ng\u1ecdc b\u00edch tuy\u1ec7t \u0111\u1eb9p v\u1edbi nhi\u1ec1u h\u1ecda ti\u1ebft Ruyi \u0111\u01b0\u1ee3c ch\u1ebf t\u00e1c tr\u00ean t\u00f4ng m\u00e0u xanh l\u00e1 c\u00e2y nh\u1ea1t v\u1edbi Jadeite Jadeite m\u00e0u n\u00e2u t\u1ef1 nhi\u00ean lo\u1ea1i A. S\u1ed1 ch\u1ee9ng ch\u1ec9: ZS24031902028 Tay ngh\u1ec1 th\u1ee7 c\u00f4ng tinh x\u1ea3o: M\u1eb7t d\u00e2y chuy\u1ec1n \u0111\u01b0\u1ee3c ch\u1ebf t\u00e1c t\u1ec9 m\u1ec9 v\u1edbi c\u00e1c h\u1ecda ti\u1ebft Ruyi ph\u1ee9c t\u1ea1p, t\u01b0\u1ee3ng tr\u01b0ng cho s\u1ef1 may m\u1eafn v\u00e0 th\u1ecbnh v\u01b0\u1ee3ng. Ch\u1ea5t l\u01b0\u1ee3ng cao c\u1ea5p: \u0110\u01b0\u1ee3c l\u00e0m t\u1eeb lo\u1ea1i A ch\u00ednh h\u00e3ng [\u2026]<\/p>","protected":false},"featured_media":11662,"comment_status":"open","ping_status":"closed","template":"","meta":[],"product_brand":[],"product_cat":[194],"product_tag":[52,55,82,56,58,73,60,61,62],"class_list":{"0":"post-11577","1":"product","2":"type-product","3":"status-publish","4":"has-post-thumbnail","6":"product_cat-value-picks","7":"product_tag-certified","8":"product_tag-jadeite","9":"product_tag-light-green","10":"product_tag-limited-editions","11":"product_tag-new-arrivals","12":"product_tag-pendant","13":"product_tag-type-a-jadeite","14":"product_tag-unisex","15":"product_tag-yi-pin-qian-exclusive","17":"first","18":"instock","19":"sale","20":"shipping-taxable","21":"purchasable","22":"product-type-simple"},"_links":{"self":[{"href":"https:\/\/shop.yipinqian.com\/vi\/wp-json\/wp\/v2\/product\/11577","targetHints":{"allow":["GET"]}}],"collection":[{"href":"https:\/\/shop.yipinqian.com\/vi\/wp-json\/wp\/v2\/product"}],"about":[{"href":"https:\/\/shop.yipinqian.com\/vi\/wp-json\/wp\/v2\/types\/product"}],"replies":[{"embeddable":true,"href":"https:\/\/shop.yipinqian.com\/vi\/wp-json\/wp\/v2\/comments?post=11577"}],"version-history":[{"count":0,"href":"https:\/\/shop.yipinqian.com\/vi\/wp-json\/wp\/v2\/product\/11577\/revisions"}],"wp:featuredmedia":[{"embeddable":true,"href":"https:\/\/shop.yipinqian.com\/vi\/wp-json\/wp\/v2\/media\/11662"}],"wp:attachment":[{"href":"https:\/\/shop.yipinqian.com\/vi\/wp-json\/wp\/v2\/media?parent=11577"}],"wp:term":[{"taxonomy":"product_brand","embeddable":true,"href":"https:\/\/shop.yipinqian.com\/vi\/wp-json\/wp\/v2\/product_brand?post=11577"},{"taxonomy":"product_cat","embeddable":true,"href":"https:\/\/shop.yipinqian.com\/vi\/wp-json\/wp\/v2\/product_cat?post=11577"},{"taxonomy":"product_tag","embeddable":true,"href":"https:\/\/shop.yipinqian.com\/vi\/wp-json\/wp\/v2\/product_tag?post=11577"}],"curies":[{"name":"wp","href":"https:\/\/api.w.org\/{rel}","templated":true}]}}