{"id":11574,"date":"2024-11-17T05:41:46","date_gmt":"2024-11-16T21:41:46","guid":{"rendered":"https:\/\/shop.yipinqian.com\/latest-added-sg-seller-crafted-as-scenery-on-natural-type-a-jadeite-jade-white-with-light-green-hue-as-pendant-certificate-weighs-11-07-grams-measurement-48-3-27-9-4-8-mm-pendant331\/"},"modified":"2025-02-24T00:49:48","modified_gmt":"2025-02-23T16:49:48","slug":"latest-added-sg-seller-crafted-as-scenery-on-natural-type-a-jadeite-jade-white-with-light-green-hue-as-pendant-certificate-weighs-11-07-grams-measurement-48-3-27-9-4-8-mm-pendant331","status":"publish","type":"product","link":"https:\/\/shop.yipinqian.com\/vi\/san-pham\/latest-added-sg-seller-crafted-as-scenery-on-natural-type-a-jadeite-jade-white-with-light-green-hue-as-pendant-certificate-weighs-11-07-grams-measurement-48-3-27-9-4-8-mm-pendant331\/","title":{"rendered":"M\u1edbi nh\u1ea5t \u0111\u01b0\u1ee3c th\u00eam v\u00e0o SG Seller \u2013 \u0110\u01b0\u1ee3c ch\u1ebf t\u00e1c nh\u01b0 phong c\u1ea3nh tr\u00ean \u0111\u00e1 Jadeite Jadeite t\u1ef1 nhi\u00ean lo\u1ea1i A, m\u00e0u tr\u1eafng v\u1edbi t\u00f4ng m\u00e0u xanh l\u00e1 c\u00e2y nh\u1ea1t l\u00e0m m\u1eb7t d\u00e2y chuy\u1ec1n, ch\u1ee9ng ch\u1ec9 n\u1eb7ng 11,07 gram, k\u00edch th\u01b0\u1edbc 48,3 * 27,9 * 4,8 mm (m\u1eb7t d\u00e2y chuy\u1ec1n331)"},"content":{"rendered":"<p>M\u1eb7t d\u00e2y chuy\u1ec1n tuy\u1ec7t \u0111\u1eb9p n\u00e0y l\u00e0 m\u1ed9t t\u00e1c ph\u1ea9m ngh\u1ec7 thu\u1eadt th\u1ef1c s\u1ef1, \u0111\u01b0\u1ee3c ch\u1ebf t\u00e1c t\u1eeb Jadeite Jade lo\u1ea1i A t\u1ef1 nhi\u00ean v\u1edbi t\u00f4ng m\u00e0u tr\u1eafng v\u00e0 xanh l\u00e1 c\u00e2y nh\u1ea1t. Thi\u1ebft k\u1ebf c\u1ea3nh quan ph\u1ee9c t\u1ea1p t\u1ea1o th\u00eam n\u00e9t thanh l\u1ecbch cho b\u1ea5t k\u1ef3 trang ph\u1ee5c n\u00e0o.<\/p>\n<p><\/p>\n<p>S\u1ed1 ch\u1ee9ng nh\u1eadn: GD2202H006839<\/p>\n<p><img fetchpriority=\"high\" decoding=\"async\" src=\"https:\/\/shop.yipinqian.com\/wp-content\/uploads\/2024\/11\/038821b4892440ffac37425f949477a6tplv-aphluv4xwc-origin-jpeg.jpeg?dr=15568&amp;nonce=80496&amp;refresh_token=f8abf9eec30166291c2999c3b87cfba2&amp;from=476444299&amp;idc=my&amp;ps=933b5bde&amp;shcp=9b759fb9&amp;shp=1c65f68b&amp;t=555f072d\" width=\"1080\" height=\"1080\"><\/p>\n<ul>\n<li>\n<strong>C\u00e2n n\u1eb7ng:<\/strong> 11,07 gam<\/li>\n<li>\n<strong>\u0110o l\u01b0\u1eddng:<\/strong> 48,3 * 27,9 * 4,8mm<\/li>\n<li>\n<strong>Gi\u1ea5y ch\u1ee9ng nh\u1eadn:<\/strong> \u0110\u00fang<\/li>\n<li>\n<strong>Lo\u1ea1i ng\u1ecdc b\u00edch:<\/strong> Ng\u1ecdc b\u00edch<\/li>\n<li>Ki\u1ec3u v\u00f2ng c\u1ed5: Th\u01b0\u1eddng ng\u00e0y Xu\u1ea5t x\u1ee9 t\u1eeb Myanmar, m\u1eb7t d\u00e2y chuy\u1ec1n n\u00e0y to\u00e1t l\u00ean s\u1ef1 tinh t\u1ebf v\u00e0 quy\u1ebfn r\u0169, ho\u00e0n h\u1ea3o \u0111\u1ec3 \u0111eo h\u00e0ng ng\u00e0y cho c\u1ea3 nam v\u00e0 n\u1eef. Th\u00eam m\u00f3n \u0111\u1ed3 tinh t\u1ebf n\u00e0y v\u00e0o b\u1ed9 s\u01b0u t\u1eadp c\u1ee7a b\u1ea1n ho\u1eb7c t\u1eb7ng cho m\u1ed9t ng\u01b0\u1eddi \u0111\u1eb7c bi\u1ec7t n\u00e0o \u0111\u00f3 \u0111\u00e1nh gi\u00e1 cao v\u1ebb \u0111\u1eb9p c\u1ee7a \u0111\u1ed3 trang s\u1ee9c ng\u1ecdc b\u00edch tinh x\u1ea3o.<\/li>\n<\/ul>\n<p><img decoding=\"async\" src=\"https:\/\/shop.yipinqian.com\/wp-content\/uploads\/2024\/11\/04aaf75e79cf4c0681fdff8e4af82deetplv-aphluv4xwc-origin-jpeg.jpeg?dr=15568&amp;nonce=18596&amp;refresh_token=770882c93400f62c2d11150784562251&amp;from=476444299&amp;idc=my&amp;ps=933b5bde&amp;shcp=9b759fb9&amp;shp=1c65f68b&amp;t=555f072d\" width=\"1080\" height=\"1080\"><\/p>\n<p><strong>Jadeite t\u1ef1 nhi\u00ean kh\u00f4ng ho\u00e0n h\u1ea3o, ch\u1ec9 l\u00e0 m\u1ed9t l\u1eddi nh\u1eafc nh\u1edf nh\u1eb9 nh\u00e0ng, Jadeite t\u1ef1 nhi\u00ean c\u1ee7a ch\u00fang t\u00f4i, gi\u1ed1ng nh\u01b0 t\u1ea5t c\u1ea3 nh\u1eefng th\u1ee9 \u0111\u1eb9p \u0111\u1ebd trong t\u1ef1 nhi\u00ean, c\u00f3 nh\u1eefng \u0111\u1eb7c \u0111i\u1ec3m v\u00e0 bi\u1ebfn th\u1ec3 \u0111\u1ed9c \u0111\u00e1o. Ch\u00fang t\u00f4i m\u1eddi nh\u1eefng kh\u00e1ch h\u00e0ng c\u00f3 gi\u00e1 tr\u1ecb c\u1ee7a m\u00ecnh \u0111\u00f3n nh\u1eadn nh\u1eefng bi\u1ebfn th\u1ec3 t\u1ef1 nhi\u00ean n\u00e0y. Ch\u00fac b\u1ea1n mua s\u1eafm vui v\u1ebb!<\/strong><\/p>\n<p><\/p>\n<p><strong><u>Kh\u00f4ng c\u00f3 h\u00ecnh \u1ea3nh v\u00e0 c\u1ea3nh quay video n\u00e0o \u0111\u01b0\u1ee3c l\u1ecdc. Ch\u00fang t\u00f4i khuy\u1ebfn kh\u00edch kh\u00e1ch h\u00e0ng c\u1ee7a m\u00ecnh c\u0169ng xem c\u00e1c video \u0111i k\u00e8m \u0111\u1ec3 c\u00f3 c\u00e1i nh\u00ecn to\u00e0n di\u1ec7n h\u01a1n v\u1ec1 s\u1ea3n ph\u1ea9m c\u1ee7a ch\u00fang t\u00f4i<\/u><\/strong><\/p>\n<p><\/p>\n<ul>\n<li>C\u00e1c n\u1ec1n t\u1ea3ng kh\u00e1c nhau ch\u1ec9 c\u00f3 th\u1ec3 xem video th\u00f4ng qua m\u00e1y t\u00ednh \u0111\u1ec3 b\u00e0n<\/li>\n<\/ul>","protected":false},"excerpt":{"rendered":"<p>M\u1eb7t d\u00e2y chuy\u1ec1n tuy\u1ec7t \u0111\u1eb9p n\u00e0y l\u00e0 m\u1ed9t t\u00e1c ph\u1ea9m ngh\u1ec7 thu\u1eadt th\u1ef1c s\u1ef1, \u0111\u01b0\u1ee3c ch\u1ebf t\u00e1c tr\u00ean \u0111\u00e1 Jadeite Jadeite t\u1ef1 nhi\u00ean lo\u1ea1i A v\u1edbi t\u00f4ng m\u00e0u tr\u1eafng v\u00e0 xanh l\u00e1 c\u00e2y nh\u1ea1t. Thi\u1ebft k\u1ebf phong c\u1ea3nh ph\u1ee9c t\u1ea1p t\u1ea1o th\u00eam n\u00e9t thanh l\u1ecbch cho b\u1ea5t k\u1ef3 trang ph\u1ee5c n\u00e0o. S\u1ed1 ch\u1ee9ng nh\u1eadn: GD2202H006839 Tr\u1ecdng l\u01b0\u1ee3ng: 11,07 gam K\u00edch th\u01b0\u1edbc: 48,3 * 27,9 * 4,8 mm Ch\u1ee9ng nh\u1eadn: C\u00f3 Lo\u1ea1i ng\u1ecdc: D\u00e2y chuy\u1ec1n Jadeite Phong c\u00e1ch: Th\u01b0\u1eddng ng\u00e0y [\u2026]<\/p>","protected":false},"featured_media":11667,"comment_status":"open","ping_status":"closed","template":"","meta":[],"product_brand":[],"product_cat":[194],"product_tag":[52,89,82,98,58,73,75,60,61,62],"class_list":{"0":"post-11574","1":"product","2":"type-product","3":"status-publish","4":"has-post-thumbnail","6":"product_cat-value-picks","7":"product_tag-certified","8":"product_tag-fengshui","9":"product_tag-light-green","10":"product_tag-necklace","11":"product_tag-new-arrivals","12":"product_tag-pendant","13":"product_tag-traditional","14":"product_tag-type-a-jadeite","15":"product_tag-unisex","16":"product_tag-yi-pin-qian-exclusive","18":"first","19":"instock","20":"sale","21":"shipping-taxable","22":"purchasable","23":"product-type-simple"},"_links":{"self":[{"href":"https:\/\/shop.yipinqian.com\/vi\/wp-json\/wp\/v2\/product\/11574","targetHints":{"allow":["GET"]}}],"collection":[{"href":"https:\/\/shop.yipinqian.com\/vi\/wp-json\/wp\/v2\/product"}],"about":[{"href":"https:\/\/shop.yipinqian.com\/vi\/wp-json\/wp\/v2\/types\/product"}],"replies":[{"embeddable":true,"href":"https:\/\/shop.yipinqian.com\/vi\/wp-json\/wp\/v2\/comments?post=11574"}],"version-history":[{"count":0,"href":"https:\/\/shop.yipinqian.com\/vi\/wp-json\/wp\/v2\/product\/11574\/revisions"}],"wp:featuredmedia":[{"embeddable":true,"href":"https:\/\/shop.yipinqian.com\/vi\/wp-json\/wp\/v2\/media\/11667"}],"wp:attachment":[{"href":"https:\/\/shop.yipinqian.com\/vi\/wp-json\/wp\/v2\/media?parent=11574"}],"wp:term":[{"taxonomy":"product_brand","embeddable":true,"href":"https:\/\/shop.yipinqian.com\/vi\/wp-json\/wp\/v2\/product_brand?post=11574"},{"taxonomy":"product_cat","embeddable":true,"href":"https:\/\/shop.yipinqian.com\/vi\/wp-json\/wp\/v2\/product_cat?post=11574"},{"taxonomy":"product_tag","embeddable":true,"href":"https:\/\/shop.yipinqian.com\/vi\/wp-json\/wp\/v2\/product_tag?post=11574"}],"curies":[{"name":"wp","href":"https:\/\/api.w.org\/{rel}","templated":true}]}}