{"id":11567,"date":"2024-11-14T03:41:30","date_gmt":"2024-11-13T19:41:30","guid":{"rendered":"https:\/\/shop.yipinqian.com\/green-high-quality-natural-type-a-jadeite-jade-new-arrival-crafted-as-phoenix-pendant-certificate-weighs-32-81-grams-measurement-58-6-34-5-12-3-mm-pendant326\/"},"modified":"2025-02-24T01:17:24","modified_gmt":"2025-02-23T17:17:24","slug":"green-high-quality-natural-type-a-jadeite-jade-new-arrival-crafted-as-phoenix-pendant-certificate-weighs-32-81-grams-measurement-58-6-34-5-12-3-mm-pendant326","status":"publish","type":"product","link":"https:\/\/shop.yipinqian.com\/vi\/san-pham\/green-high-quality-natural-type-a-jadeite-jade-new-arrival-crafted-as-phoenix-pendant-certificate-weighs-32-81-grams-measurement-58-6-34-5-12-3-mm-pendant326\/","title":{"rendered":"Ng\u1ecdc b\u00edch t\u1ef1 nhi\u00ean lo\u1ea1i A ch\u1ea5t l\u01b0\u1ee3ng cao m\u00e0u xanh l\u00e1 c\u00e2y M\u1edbi v\u1ec1 \u0111\u01b0\u1ee3c ch\u1ebf t\u00e1c th\u00e0nh Ph\u01b0\u1ee3ng ho\u00e0ng, M\u1eb7t d\u00e2y chuy\u1ec1n, gi\u1ea5y ch\u1ee9ng nh\u1eadn n\u1eb7ng 32,81 gram, k\u00edch th\u01b0\u1edbc 58,6 * 34,5 * 12,3 mm (m\u1eb7t d\u00e2y chuy\u1ec1n326)"},"content":{"rendered":"<p>Xin gi\u1edbi thi\u1ec7u s\u1ea3n ph\u1ea9m m\u1edbi c\u1ee7a ch\u00fang t\u00f4i: m\u1eb7t d\u00e2y chuy\u1ec1n Ng\u1ecdc b\u00edch t\u1ef1 nhi\u00ean lo\u1ea1i A ch\u1ea5t l\u01b0\u1ee3ng cao m\u00e0u xanh l\u00e1 c\u00e2y \u0111\u01b0\u1ee3c ch\u1ebf t\u00e1c theo h\u00ecnh d\u1ea1ng Ph\u01b0\u1ee3ng ho\u00e0ng.<\/p>\n<p><\/p>\n<p>S\u1ed1 ch\u1ee9ng ch\u1ec9: GD2112H009370<\/p>\n<p><img fetchpriority=\"high\" decoding=\"async\" src=\"https:\/\/shop.yipinqian.com\/wp-content\/uploads\/2024\/11\/a8605e5455e245d9833de76a6286bfdctplv-aphluv4xwc-origin-jpeg.jpeg?dr=15568&amp;nonce=86469&amp;refresh_token=9f42a3db81bb312e3a1254cfe6bbea92&amp;from=476444299&amp;idc=my&amp;ps=933b5bde&amp;shcp=9b759fb9&amp;shp=1c65f68b&amp;t=555f072d\" width=\"1200\" height=\"1600\"><\/p>\n<ul>\n<li>V\u1edbi tr\u1ecdng l\u01b0\u1ee3ng 32,81 gram, t\u00e1c ph\u1ea9m tinh x\u1ea3o n\u00e0y c\u00f3 k\u00edch th\u01b0\u1edbc 58,6 * 34,5 * 12,3 mm.<\/li>\n<li>C\u00f3 k\u00e8m theo gi\u1ea5y ch\u1ee9ng nh\u1eadn x\u00e1c th\u1ef1c.<\/li>\n<\/ul>\n<p><img decoding=\"async\" src=\"https:\/\/shop.yipinqian.com\/wp-content\/uploads\/2024\/11\/50fba4032b464856bbd51632e2cff448tplv-aphluv4xwc-origin-jpeg.jpeg?dr=15568&amp;nonce=29461&amp;refresh_token=38a30180c908bc2975fd160559896803&amp;from=476444299&amp;idc=my&amp;ps=933b5bde&amp;shcp=9b759fb9&amp;shp=1c65f68b&amp;t=555f072d\" width=\"1200\" height=\"1600\"><\/p>\n<p>M\u1eb7t d\u00e2y chuy\u1ec1n tuy\u1ec7t \u0111\u1eb9p n\u00e0y c\u00f3 ngu\u1ed3n g\u1ed1c t\u1eeb Myanmar, n\u01a1i n\u1ed5i ti\u1ebfng v\u1edbi tr\u1eef l\u01b0\u1ee3ng ng\u1ecdc b\u00edch phong ph\u00fa, l\u00e0 ph\u1ee5 ki\u1ec7n l\u00fd t\u01b0\u1edfng \u0111\u1ec3 \u0111eo h\u00e0ng ng\u00e0y.<\/p>\n<ul>\n<li>Thi\u1ebft k\u1ebf trung t\u00ednh, ph\u00f9 h\u1ee3p cho c\u1ea3 nam v\u00e0 n\u1eef.<\/li>\n<li>Ki\u1ec3u d\u00e1ng v\u00f2ng c\u1ed5 gi\u1ea3n d\u1ecb v\u00e0 \u0111a n\u0103ng, ph\u00f9 h\u1ee3p v\u1edbi nhi\u1ec1u d\u1ecbp kh\u00e1c nhau.<\/li>\n<\/ul>\n<p>Yi Pin Qian \u2013 Nh\u00e0 bu\u00f4n \u0111\u00e1 qu\u00fd v\u00e0 kim lo\u1ea1i qu\u00fd t\u1ea1i Singapore \u2013 S\u1ed1 gi\u1ea5y ph\u00e9p PS20190000031<\/p>\n<p><\/p>\n<p>*T\u1ea5t c\u1ea3 c\u00e1c lo\u1ea1i Jadeite \u0111\u01b0\u1ee3c mua t\u1eeb Yi Pin Qian t\u1ea1i Singapore, kh\u00e1ch h\u00e0ng c\u00f3 th\u1ec3 \u0111\u1eb7t l\u1ecbch \u0111\u00e1nh b\u00f3ng ho\u1eb7c s\u1eeda ch\u1eefa nh\u1ecf do x\u1eed l\u00fd sai c\u00e1ch \u2013 c\u00f3 t\u00ednh ph\u00ed v\u00e0 ch\u1ec9 d\u00e0nh cho kh\u00e1ch h\u00e0ng c\u1ee7a Yi Pin Qian t\u1ea1i Singapore*<\/p>\n<p><\/p>\n<p><strong>**C\u00e1c lo\u1ea1i ch\u1ee9ng ch\u1ec9**<\/strong><\/p>\n<p><\/p>\n<p><strong>NGI (C\u00f4ng ty \u0110\u00e1 qu\u00fd Nan Yang)<\/strong><\/p>\n<p>ho\u1eb7c <strong>Ch\u1ee9ng ch\u1ec9 n\u01b0\u1edbc ngo\u00e0i <\/strong>(Yi Pin Qian ch\u1ec9 s\u1eed d\u1ee5ng c\u00e1c ch\u1ee9ng ch\u1ec9 x\u00e1c th\u1ef1c t\u1eeb c\u00e1c ph\u00f2ng th\u00ed nghi\u1ec7m \u1edf n\u01b0\u1edbc ngo\u00e0i v\u00e0 ki\u1ec3m so\u00e1t ch\u1ea5t l\u01b0\u1ee3ng m\u1ecdi s\u1ea3n ph\u1ea9m c\u1ee7a ch\u00fang t\u00f4i tr\u01b0\u1edbc khi \u0111\u01b0a ch\u00fang ra b\u00e1n t\u1ea1i Singapore)<\/p>\n<p><\/p>\n<p>M\u1ed7i s\u1ea3n ph\u1ea9m tr\u00ean TikTok s\u1ebd c\u00f3 lo\u1ea1i ch\u1ee9ng ch\u1ec9 \u0111\u01b0\u1ee3c cung c\u1ea5p \u0111\u01b0\u1ee3c n\u00eau trong ph\u1ea7n m\u00f4 t\u1ea3. \u0110\u1ed1i v\u1edbi b\u1ea5t k\u1ef3 kh\u00e1ch h\u00e0ng n\u00e0o mu\u1ed1n g\u1eedi \u0111\u01a1n h\u00e0ng c\u1ee7a m\u00ecnh \u0111\u1ebfn NGI Singapore, s\u1ebd c\u00f3 th\u1eddi gian ch\u1edd giao h\u00e0ng \u01b0\u1edbc t\u00ednh kho\u1ea3ng 4 tu\u1ea7n \u0111\u1ec3 nh\u1eadn \u0111\u01b0\u1ee3c \u0111\u01a1n h\u00e0ng c\u1ee7a b\u1ea1n. <strong>B\u1ea1n c\u1ea7n g\u1eedi y\u00eau c\u1ea7u b\u00e1o c\u00e1o v\u1ec1 NGI Gemstone b\u1eb1ng c\u00e1ch nh\u1eafn tin cho ch\u00fang t\u00f4i.<\/strong> C\u1ea3m \u01a1n, <strong><u>\u00e1p d\u1ee5ng th\u00eam ph\u00ed<\/u><\/strong>.<\/p>\n<p><\/p>\n<p><strong>Jadeite t\u1ef1 nhi\u00ean kh\u00f4ng ho\u00e0n h\u1ea3o, ch\u1ec9 l\u00e0 m\u1ed9t l\u1eddi nh\u1eafc nh\u1edf nh\u1eb9 nh\u00e0ng, Jadeite t\u1ef1 nhi\u00ean c\u1ee7a ch\u00fang t\u00f4i, gi\u1ed1ng nh\u01b0 t\u1ea5t c\u1ea3 nh\u1eefng th\u1ee9 \u0111\u1eb9p \u0111\u1ebd trong t\u1ef1 nhi\u00ean, c\u00f3 nh\u1eefng \u0111\u1eb7c \u0111i\u1ec3m v\u00e0 bi\u1ebfn th\u1ec3 \u0111\u1ed9c \u0111\u00e1o. Ch\u00fang t\u00f4i m\u1eddi nh\u1eefng kh\u00e1ch h\u00e0ng c\u00f3 gi\u00e1 tr\u1ecb c\u1ee7a m\u00ecnh \u0111\u00f3n nh\u1eadn nh\u1eefng bi\u1ebfn th\u1ec3 t\u1ef1 nhi\u00ean n\u00e0y. Ch\u00fac b\u1ea1n mua s\u1eafm vui v\u1ebb!<\/strong><\/p>\n<p><\/p>\n<p><strong><u>Kh\u00f4ng c\u00f3 h\u00ecnh \u1ea3nh v\u00e0 c\u1ea3nh quay video n\u00e0o \u0111\u01b0\u1ee3c l\u1ecdc. Ch\u00fang t\u00f4i khuy\u1ebfn kh\u00edch kh\u00e1ch h\u00e0ng c\u1ee7a m\u00ecnh c\u0169ng xem c\u00e1c video \u0111i k\u00e8m \u0111\u1ec3 c\u00f3 c\u00e1i nh\u00ecn to\u00e0n di\u1ec7n h\u01a1n v\u1ec1 s\u1ea3n ph\u1ea9m c\u1ee7a ch\u00fang t\u00f4i<\/u><\/strong><\/p>\n<p><\/p>\n<ul>\n<li>C\u00e1c n\u1ec1n t\u1ea3ng kh\u00e1c nhau ch\u1ec9 c\u00f3 th\u1ec3 xem video th\u00f4ng qua m\u00e1y t\u00ednh \u0111\u1ec3 b\u00e0n<\/li>\n<\/ul>","protected":false},"excerpt":{"rendered":"<p>Xin gi\u1edbi thi\u1ec7u s\u1ea3n ph\u1ea9m m\u1edbi c\u1ee7a ch\u00fang t\u00f4i: M\u1eb7t d\u00e2y chuy\u1ec1n Jadeite Jade t\u1ef1 nhi\u00ean lo\u1ea1i A ch\u1ea5t l\u01b0\u1ee3ng cao m\u00e0u xanh l\u00e1 c\u00e2y \u0111\u01b0\u1ee3c ch\u1ebf t\u00e1c theo h\u00ecnh d\u1ea1ng Ph\u01b0\u1ee3ng ho\u00e0ng. S\u1ed1 ch\u1ee9ng nh\u1eadn: GD2112H009370 N\u1eb7ng 32,81 gram, t\u00e1c ph\u1ea9m tinh x\u1ea3o n\u00e0y c\u00f3 k\u00edch th\u01b0\u1edbc 58,6 * 34,5 * 12,3 mm. \u0110i k\u00e8m v\u1edbi ch\u1ee9ng nh\u1eadn x\u00e1c th\u1ef1c. M\u1eb7t d\u00e2y chuy\u1ec1n tuy\u1ec7t \u0111\u1eb9p n\u00e0y c\u00f3 ngu\u1ed3n g\u1ed1c t\u1eeb Myanmar, n\u1ed5i ti\u1ebfng v\u1edbi ng\u1ecdc b\u00edch [\u2026]<\/p>","protected":false},"featured_media":11658,"comment_status":"open","ping_status":"closed","template":"","meta":[],"product_brand":[],"product_cat":[195],"product_tag":[52,70,65,55,98,58,73,60,61,62],"class_list":{"0":"post-11567","1":"product","2":"type-product","3":"status-publish","4":"has-post-thumbnail","6":"product_cat-heirloom-grade","7":"product_tag-certified","8":"product_tag-green","9":"product_tag-high-quality","10":"product_tag-jadeite","11":"product_tag-necklace","12":"product_tag-new-arrivals","13":"product_tag-pendant","14":"product_tag-type-a-jadeite","15":"product_tag-unisex","16":"product_tag-yi-pin-qian-exclusive","18":"first","19":"instock","20":"sale","21":"shipping-taxable","22":"purchasable","23":"product-type-simple"},"_links":{"self":[{"href":"https:\/\/shop.yipinqian.com\/vi\/wp-json\/wp\/v2\/product\/11567","targetHints":{"allow":["GET"]}}],"collection":[{"href":"https:\/\/shop.yipinqian.com\/vi\/wp-json\/wp\/v2\/product"}],"about":[{"href":"https:\/\/shop.yipinqian.com\/vi\/wp-json\/wp\/v2\/types\/product"}],"replies":[{"embeddable":true,"href":"https:\/\/shop.yipinqian.com\/vi\/wp-json\/wp\/v2\/comments?post=11567"}],"version-history":[{"count":0,"href":"https:\/\/shop.yipinqian.com\/vi\/wp-json\/wp\/v2\/product\/11567\/revisions"}],"wp:featuredmedia":[{"embeddable":true,"href":"https:\/\/shop.yipinqian.com\/vi\/wp-json\/wp\/v2\/media\/11658"}],"wp:attachment":[{"href":"https:\/\/shop.yipinqian.com\/vi\/wp-json\/wp\/v2\/media?parent=11567"}],"wp:term":[{"taxonomy":"product_brand","embeddable":true,"href":"https:\/\/shop.yipinqian.com\/vi\/wp-json\/wp\/v2\/product_brand?post=11567"},{"taxonomy":"product_cat","embeddable":true,"href":"https:\/\/shop.yipinqian.com\/vi\/wp-json\/wp\/v2\/product_cat?post=11567"},{"taxonomy":"product_tag","embeddable":true,"href":"https:\/\/shop.yipinqian.com\/vi\/wp-json\/wp\/v2\/product_tag?post=11567"}],"curies":[{"name":"wp","href":"https:\/\/api.w.org\/{rel}","templated":true}]}}