{"id":11560,"date":"2024-11-17T07:07:46","date_gmt":"2024-11-16T23:07:46","guid":{"rendered":"https:\/\/shop.yipinqian.com\/a-ding-ding-circular-bangle-57-9-mm-new-arrival-sg-natural-type-a-jadeite-jade-bracelet-certificate-weighs-22-58-grams-width-6-1-thick-6-6-mm-bangle19\/"},"modified":"2025-02-24T00:49:48","modified_gmt":"2025-02-23T16:49:48","slug":"a-ding-ding-circular-bangle-57-9-mm-new-arrival-sg-natural-type-a-jadeite-jade-bracelet-certificate-weighs-22-58-grams-width-6-1-thick-6-6-mm-bangle19","status":"publish","type":"product","link":"https:\/\/shop.yipinqian.com\/vi\/san-pham\/a-ding-ding-circular-bangle-57-9-mm-new-arrival-sg-natural-type-a-jadeite-jade-bracelet-certificate-weighs-22-58-grams-width-6-1-thick-6-6-mm-bangle19\/","title":{"rendered":"V\u00f2ng tay tr\u00f2n A Ding Ding 57,9 mm H\u00e0ng m\u1edbi v\u1ec1 SG \u2013 V\u00f2ng tay ng\u1ecdc b\u00edch lo\u1ea1i A t\u1ef1 nhi\u00ean n\u1eb7ng 22,58 gram, R\u1ed9ng 6,1 * D\u00e0y 6,6 mm (bangle19)"},"content":{"rendered":"<p>Chi\u1ebfc v\u00f2ng tay ng\u1ecdc b\u00edch tinh x\u1ea3o n\u00e0y l\u00e0 m\u1ed9t s\u1ef1 b\u1ed5 sung tuy\u1ec7t v\u1eddi cho b\u1ed9 s\u01b0u t\u1eadp trang s\u1ee9c c\u1ee7a b\u1ea1n. \u0110\u01b0\u1ee3c ch\u1ebf t\u00e1c t\u1eeb Ng\u1ecdc b\u00edch lo\u1ea1i A t\u1ef1 nhi\u00ean, n\u00f3 c\u00f3 thi\u1ebft k\u1ebf h\u00ecnh tr\u00f2n v\u1edbi chi\u1ec1u r\u1ed9ng 6,1mm v\u00e0 \u0111\u1ed9 d\u00e0y 6,6mm, khi\u1ebfn n\u00f3 tr\u1edf th\u00e0nh m\u1ed9t ph\u1ee5 ki\u1ec7n thanh l\u1ecbch \u0111\u1ec3 \u0111eo h\u00e0ng ng\u00e0y.<\/p>\n<p><\/p>\n<p>PS: D\u00f2ng v\u00f2ng tay Ding Ding th\u01b0\u1eddng \u0111\u01b0\u1ee3c mua theo nhi\u1ec1u chi\u1ebfc, cho ph\u00e9p ng\u01b0\u1eddi \u0111eo t\u1ea1o ra \u00e2m thanh &#039;Ding Ding&#039; th\u00fa v\u1ecb, mang l\u1ea1i cho ch\u00fang bi\u1ec7t danh \u0111\u00e1ng y\u00eau n\u00e0y.<\/p>\n<p><\/p>\n<p>S\u1ed1 ch\u1ee9ng ch\u1ec9: GD2110H010566<\/p>\n<p><img fetchpriority=\"high\" decoding=\"async\" src=\"https:\/\/shop.yipinqian.com\/wp-content\/uploads\/2024\/11\/bfe099307b254bc8a1d9f74cbf701e24tplv-aphluv4xwc-origin-jpeg.jpeg?dr=15568&#038;nonce=35304&#038;refresh_token=f6de1f26da03e894085927b84985aa95&#038;from=476444299&#038;idc=my&#038;ps=933b5bde&#038;shcp=9b759fb9&#038;shp=1c65f68b&#038;t=555f072d\" width=\"1080\" height=\"1080\"><\/p>\n<ul>\n<li>\n<strong>V\u1eadt li\u1ec7u:<\/strong> Ng\u1ecdc b\u00edch lo\u1ea1i A t\u1ef1 nhi\u00ean<\/li>\n<li>\n<strong>C\u00e2n n\u1eb7ng:<\/strong> 22,58 gam<\/li>\n<li>\n<strong>Gi\u1ea5y ch\u1ee9ng nh\u1eadn:<\/strong> \u0110\u00fang<\/li>\n<li>\n<strong>Lo\u1ea1i ng\u1ecdc b\u00edch:<\/strong> Ng\u1ecdc b\u00edch<\/li>\n<li>K\u00edch th\u01b0\u1edbc v\u00f2ng tay: V\u00f2ng tay tr\u00f2n 57,9 mm (bangle19)<\/li>\n<\/ul>\n<p><img decoding=\"async\" src=\"https:\/\/shop.yipinqian.com\/wp-content\/uploads\/2024\/11\/21da6cce96134bbeac801982169ff2aetplv-aphluv4xwc-origin-jpeg.jpeg?dr=15568&#038;nonce=11004&#038;refresh_token=e6b647da0383ccb523b3dce69f41e499&#038;from=476444299&#038;idc=my&#038;ps=933b5bde&#038;shcp=9b759fb9&#038;shp=1c65f68b&#038;t=555f072d\" width=\"1080\" height=\"1080\"><\/p>\n<p>Chi\u1ebfc v\u00f2ng tay n\u00e0y c\u00f3 ngu\u1ed3n g\u1ed1c t\u1eeb Myanmar v\u00e0 \u0111\u01b0\u1ee3c thi\u1ebft k\u1ebf d\u00e0nh ri\u00eang cho ng\u01b0\u1eddi ph\u1ee5 n\u1eef hi\u1ec7n \u0111\u1ea1i, y\u00eau th\u00edch v\u1ebb \u0111\u1eb9p c\u1ed5 \u0111i\u1ec3n pha ch\u00fat tinh t\u1ebf.<\/p>\n<ul>\n<li>D\u1ecbp s\u1eed d\u1ee5ng: M\u1eb7c h\u00e0ng ng\u00e0y<\/li>\n<\/ul>\n<p>Chi\u1ebfc v\u00f2ng tay thanh l\u1ecbch, \u0111a n\u0103ng n\u00e0y l\u00e0 m\u00f3n qu\u00e0 ho\u00e0n h\u1ea3o cho ch\u00ednh b\u1ea1n ho\u1eb7c m\u1ed9t ng\u01b0\u1eddi \u0111\u1eb7c bi\u1ec7t n\u00e0o \u0111\u00f3 y\u00eau th\u00edch nh\u1eefng m\u00f3n trang s\u1ee9c \u0111\u1ed9c \u0111\u00e1o v\u00e0 ch\u1ea5t l\u01b0\u1ee3ng cao.<\/p>\n<p><\/p>\n<p><strong>Jadeite t\u1ef1 nhi\u00ean kh\u00f4ng ho\u00e0n h\u1ea3o, ch\u1ec9 l\u00e0 m\u1ed9t l\u1eddi nh\u1eafc nh\u1edf nh\u1eb9 nh\u00e0ng, Jadeite t\u1ef1 nhi\u00ean c\u1ee7a ch\u00fang t\u00f4i, gi\u1ed1ng nh\u01b0 t\u1ea5t c\u1ea3 nh\u1eefng th\u1ee9 \u0111\u1eb9p \u0111\u1ebd trong t\u1ef1 nhi\u00ean, c\u00f3 nh\u1eefng \u0111\u1eb7c \u0111i\u1ec3m v\u00e0 bi\u1ebfn th\u1ec3 \u0111\u1ed9c \u0111\u00e1o. Ch\u00fang t\u00f4i m\u1eddi nh\u1eefng kh\u00e1ch h\u00e0ng c\u00f3 gi\u00e1 tr\u1ecb c\u1ee7a m\u00ecnh \u0111\u00f3n nh\u1eadn nh\u1eefng bi\u1ebfn th\u1ec3 t\u1ef1 nhi\u00ean n\u00e0y. Ch\u00fac b\u1ea1n mua s\u1eafm vui v\u1ebb!<\/strong><\/p>\n<p><\/p>\n<p><strong><u>Kh\u00f4ng c\u00f3 h\u00ecnh \u1ea3nh v\u00e0 c\u1ea3nh quay video n\u00e0o \u0111\u01b0\u1ee3c l\u1ecdc. Ch\u00fang t\u00f4i khuy\u1ebfn kh\u00edch kh\u00e1ch h\u00e0ng c\u1ee7a m\u00ecnh c\u0169ng xem c\u00e1c video \u0111i k\u00e8m \u0111\u1ec3 c\u00f3 c\u00e1i nh\u00ecn to\u00e0n di\u1ec7n h\u01a1n v\u1ec1 s\u1ea3n ph\u1ea9m c\u1ee7a ch\u00fang t\u00f4i<\/u><\/strong><\/p>\n<p><\/p>\n<ul>\n<li>C\u00e1c n\u1ec1n t\u1ea3ng kh\u00e1c nhau ch\u1ec9 c\u00f3 th\u1ec3 xem video th\u00f4ng qua m\u00e1y t\u00ednh \u0111\u1ec3 b\u00e0n<\/li>\n<\/ul>\n<p><img decoding=\"async\" src=\"https:\/\/shop.yipinqian.com\/wp-content\/uploads\/2024\/11\/46a9aef9cbff426494d287565b430b6atplv-aphluv4xwc-origin-jpeg.jpeg?dr=15568&#038;nonce=44572&#038;refresh_token=f8a4006a632dbc0ca6c7bf0bf8486241&#038;from=476444299&#038;idc=my&#038;ps=933b5bde&#038;shcp=9b759fb9&#038;shp=1c65f68b&#038;t=555f072d\" width=\"526\" height=\"362\"><\/p>","protected":false},"excerpt":{"rendered":"<p>Chi\u1ebfc v\u00f2ng tay ng\u1ecdc b\u00edch tinh x\u1ea3o n\u00e0y l\u00e0 m\u1ed9t s\u1ef1 b\u1ed5 sung tuy\u1ec7t \u0111\u1eb9p cho b\u1ed9 s\u01b0u t\u1eadp trang s\u1ee9c c\u1ee7a b\u1ea1n. \u0110\u01b0\u1ee3c ch\u1ebf t\u00e1c t\u1eeb Ng\u1ecdc b\u00edch t\u1ef1 nhi\u00ean lo\u1ea1i A, n\u00f3 c\u00f3 thi\u1ebft k\u1ebf h\u00ecnh tr\u00f2n v\u1edbi chi\u1ec1u r\u1ed9ng 6,1mm v\u00e0 \u0111\u1ed9 d\u00e0y 6,6mm, khi\u1ebfn n\u00f3 tr\u1edf th\u00e0nh m\u1ed9t ph\u1ee5 ki\u1ec7n thanh l\u1ecbch \u0111\u1ec3 \u0111eo h\u00e0ng ng\u00e0y. PS: D\u00f2ng v\u00f2ng tay Ding Ding th\u01b0\u1eddng \u0111\u01b0\u1ee3c mua theo nhi\u1ec1u chi\u1ebfc, cho ph\u00e9p ng\u01b0\u1eddi \u0111eo [\u2026]<\/p>","protected":false},"featured_media":11602,"comment_status":"open","ping_status":"closed","template":"","meta":[],"product_brand":[],"product_cat":[194],"product_tag":[86,140,102,52,72,55,58,75,60,62],"class_list":{"0":"post-11560","1":"product","2":"type-product","3":"status-publish","4":"has-post-thumbnail","6":"product_cat-value-picks","7":"product_tag-bangle","8":"product_tag-black-wuji","9":"product_tag-bracelet","10":"product_tag-certified","11":"product_tag-female","12":"product_tag-jadeite","13":"product_tag-new-arrivals","14":"product_tag-traditional","15":"product_tag-type-a-jadeite","16":"product_tag-yi-pin-qian-exclusive","18":"first","19":"instock","20":"sale","21":"shipping-taxable","22":"purchasable","23":"product-type-simple"},"_links":{"self":[{"href":"https:\/\/shop.yipinqian.com\/vi\/wp-json\/wp\/v2\/product\/11560","targetHints":{"allow":["GET"]}}],"collection":[{"href":"https:\/\/shop.yipinqian.com\/vi\/wp-json\/wp\/v2\/product"}],"about":[{"href":"https:\/\/shop.yipinqian.com\/vi\/wp-json\/wp\/v2\/types\/product"}],"replies":[{"embeddable":true,"href":"https:\/\/shop.yipinqian.com\/vi\/wp-json\/wp\/v2\/comments?post=11560"}],"version-history":[{"count":0,"href":"https:\/\/shop.yipinqian.com\/vi\/wp-json\/wp\/v2\/product\/11560\/revisions"}],"wp:featuredmedia":[{"embeddable":true,"href":"https:\/\/shop.yipinqian.com\/vi\/wp-json\/wp\/v2\/media\/11602"}],"wp:attachment":[{"href":"https:\/\/shop.yipinqian.com\/vi\/wp-json\/wp\/v2\/media?parent=11560"}],"wp:term":[{"taxonomy":"product_brand","embeddable":true,"href":"https:\/\/shop.yipinqian.com\/vi\/wp-json\/wp\/v2\/product_brand?post=11560"},{"taxonomy":"product_cat","embeddable":true,"href":"https:\/\/shop.yipinqian.com\/vi\/wp-json\/wp\/v2\/product_cat?post=11560"},{"taxonomy":"product_tag","embeddable":true,"href":"https:\/\/shop.yipinqian.com\/vi\/wp-json\/wp\/v2\/product_tag?post=11560"}],"curies":[{"name":"wp","href":"https:\/\/api.w.org\/{rel}","templated":true}]}}