{"id":11557,"date":"2024-11-17T07:07:43","date_gmt":"2024-11-16T23:07:43","guid":{"rendered":"https:\/\/shop.yipinqian.com\/18k-gold-crasp-added-for-pendant-crafted-as-milo-buddha-with-green-patch-natural-type-a-jadeite-jade-certificate-weighs-5-01-grams-measurement-24-3-25-8-5-8-mm-18kp73\/"},"modified":"2025-02-24T00:49:48","modified_gmt":"2025-02-23T16:49:48","slug":"18k-gold-crasp-added-for-pendant-crafted-as-milo-buddha-with-green-patch-natural-type-a-jadeite-jade-certificate-weighs-5-01-grams-measurement-24-3-25-8-5-8-mm-18kp73","status":"publish","type":"product","link":"https:\/\/shop.yipinqian.com\/vi\/san-pham\/18k-gold-crasp-added-for-pendant-crafted-as-milo-buddha-with-green-patch-natural-type-a-jadeite-jade-certificate-weighs-5-01-grams-measurement-24-3-25-8-5-8-mm-18kp73\/","title":{"rendered":"Th\u00eam Crasp v\u00e0ng 18k cho M\u1eb7t d\u00e2y chuy\u1ec1n \u0111\u01b0\u1ee3c ch\u1ebf t\u00e1c nh\u01b0 Ph\u1eadt Milo v\u1edbi Ng\u1ecdc b\u00edch t\u1ef1 nhi\u00ean lo\u1ea1i A c\u00f3 m\u1ea3ng xanh, gi\u1ea5y ch\u1ee9ng nh\u1eadn n\u1eb7ng 5,01 gam, k\u00edch th\u01b0\u1edbc 24,3 * 25,8 * 5,8 mm (18kp73)"},"content":{"rendered":"<p>M\u1eb7t d\u00e2y chuy\u1ec1n Ph\u1eadt Milo b\u1eb1ng v\u00e0ng 18k n\u00e0y c\u00f3 vi\u00ean Ng\u1ecdc b\u00edch t\u1ef1 nhi\u00ean lo\u1ea1i A Green Patch tuy\u1ec7t \u0111\u1eb9p, mang \u0111\u1ebfn n\u00e9t thanh l\u1ecbch v\u00e0 t\u00e2m linh cho v\u1ebb ngo\u00e0i c\u1ee7a b\u1ea1n.<\/p>\n<p><\/p>\n<p>S\u1ed1 ch\u1ee9ng ch\u1ec9: GD2202H001253<\/p>\n<p><img fetchpriority=\"high\" decoding=\"async\" src=\"https:\/\/shop.yipinqian.com\/wp-content\/uploads\/2024\/11\/595ab28727364d748fa748a6252bd8a7tplv-aphluv4xwc-origin-jpeg.jpeg?dr=15568&#038;nonce=41279&#038;refresh_token=2e14a40f96ceea06d42442363c7f2d49&#038;from=476444299&#038;idc=my2&#038;ps=933b5bde&#038;shcp=9b759fb9&#038;shp=1c65f68b&#038;t=555f072d\" width=\"1080\" height=\"1080\"><\/p>\n<ul>\n<li>\n<strong>V\u1eadt li\u1ec7u:<\/strong> \u0110\u01b0\u1ee3c ch\u1ebf t\u00e1c b\u1eb1ng v\u00e0ng 18k v\u00e0 Ng\u1ecdc b\u00edch lo\u1ea1i A ch\u00ednh h\u00e3ng<\/li>\n<li>\n<strong>C\u00e2n n\u1eb7ng:<\/strong> N\u1eb7ng 5,01 gram<\/li>\n<li>\n<strong>C\u00e1c ph\u00e9p \u0111o:<\/strong> M\u1eb7t d\u00e2y chuy\u1ec1n c\u00f3 k\u00edch th\u01b0\u1edbc 24,3 * 25,8 * 5,8 mm<\/li>\n<li>\n<strong>Gi\u1ea5y ch\u1ee9ng nh\u1eadn:<\/strong> \u0110i k\u00e8m v\u1edbi gi\u1ea5y ch\u1ee9ng nh\u1eadn x\u00e1c th\u1ef1c<\/li>\n<li>M\u1eb7t d\u00e2y chuy\u1ec1n tinh t\u1ebf n\u00e0y ph\u00f9 h\u1ee3p cho c\u1ea3 nam v\u00e0 n\u1eef, l\u00e0 ph\u1ee5 ki\u1ec7n \u0111a n\u0103ng cho m\u1ecdi d\u1ecbp.<\/li>\n<li>H\u00e3y th\u00eam m\u1eb7t d\u00e2y chuy\u1ec1n Ph\u1eadt Milo \u0111\u1ed9c \u0111\u00e1o n\u00e0y v\u00e0o b\u1ed9 s\u01b0u t\u1eadp c\u1ee7a b\u1ea1n ngay h\u00f4m nay v\u00e0 \u0111\u00f3n nh\u1eadn ngu\u1ed3n n\u0103ng l\u01b0\u1ee3ng t\u1ed1t l\u00e0nh m\u00e0 n\u00f3 mang l\u1ea1i, c\u00f3 ngu\u1ed3n g\u1ed1c t\u1eeb Myanmar.<\/li>\n<\/ul>\n<p><img decoding=\"async\" src=\"https:\/\/shop.yipinqian.com\/wp-content\/uploads\/2024\/11\/8f42072c8cb44ac79dee6c095218d86btplv-aphluv4xwc-origin-jpeg.jpeg?dr=15568&#038;nonce=34187&#038;refresh_token=38a917496ede35e999ec38964dc9bfd6&#038;from=476444299&#038;idc=my2&#038;ps=933b5bde&#038;shcp=9b759fb9&#038;shp=1c65f68b&#038;t=555f072d\" width=\"1080\" height=\"1080\"><\/p>\n<p><strong>Jadeite t\u1ef1 nhi\u00ean kh\u00f4ng ho\u00e0n h\u1ea3o, ch\u1ec9 l\u00e0 m\u1ed9t l\u1eddi nh\u1eafc nh\u1edf nh\u1eb9 nh\u00e0ng, Jadeite t\u1ef1 nhi\u00ean c\u1ee7a ch\u00fang t\u00f4i, gi\u1ed1ng nh\u01b0 t\u1ea5t c\u1ea3 nh\u1eefng th\u1ee9 \u0111\u1eb9p \u0111\u1ebd trong t\u1ef1 nhi\u00ean, c\u00f3 nh\u1eefng \u0111\u1eb7c \u0111i\u1ec3m v\u00e0 bi\u1ebfn th\u1ec3 \u0111\u1ed9c \u0111\u00e1o. Ch\u00fang t\u00f4i m\u1eddi nh\u1eefng kh\u00e1ch h\u00e0ng c\u00f3 gi\u00e1 tr\u1ecb c\u1ee7a m\u00ecnh \u0111\u00f3n nh\u1eadn nh\u1eefng bi\u1ebfn th\u1ec3 t\u1ef1 nhi\u00ean n\u00e0y. Ch\u00fac b\u1ea1n mua s\u1eafm vui v\u1ebb!<\/strong><\/p>\n<p><\/p>\n<p><strong><u>Kh\u00f4ng c\u00f3 h\u00ecnh \u1ea3nh v\u00e0 c\u1ea3nh quay video n\u00e0o \u0111\u01b0\u1ee3c l\u1ecdc. Ch\u00fang t\u00f4i khuy\u1ebfn kh\u00edch kh\u00e1ch h\u00e0ng c\u1ee7a m\u00ecnh c\u0169ng xem c\u00e1c video \u0111i k\u00e8m \u0111\u1ec3 c\u00f3 c\u00e1i nh\u00ecn to\u00e0n di\u1ec7n h\u01a1n v\u1ec1 s\u1ea3n ph\u1ea9m c\u1ee7a ch\u00fang t\u00f4i<\/u><\/strong><\/p>\n<p><\/p>\n<ul>\n<li>C\u00e1c n\u1ec1n t\u1ea3ng kh\u00e1c nhau ch\u1ec9 c\u00f3 th\u1ec3 xem video th\u00f4ng qua m\u00e1y t\u00ednh \u0111\u1ec3 b\u00e0n<\/li>\n<\/ul>","protected":false},"excerpt":{"rendered":"<p>M\u1eb7t d\u00e2y chuy\u1ec1n Ph\u1eadt Milo b\u1eb1ng v\u00e0ng 18k n\u00e0y c\u00f3 vi\u00ean Ng\u1ecdc b\u00edch t\u1ef1 nhi\u00ean lo\u1ea1i A Green Patch tuy\u1ec7t \u0111\u1eb9p, mang \u0111\u1ebfn n\u00e9t thanh l\u1ecbch v\u00e0 t\u00e2m linh cho v\u1ebb ngo\u00e0i c\u1ee7a b\u1ea1n. S\u1ed1 ch\u1ee9ng nh\u1eadn: GD2202H001253 Ch\u1ea5t li\u1ec7u: \u0110\u01b0\u1ee3c ch\u1ebf t\u00e1c b\u1eb1ng v\u00e0ng 18k v\u00e0 Ng\u1ecdc b\u00edch lo\u1ea1i A ch\u00ednh h\u00e3ng Tr\u1ecdng l\u01b0\u1ee3ng: N\u1eb7ng 5,01 gam K\u00edch th\u01b0\u1edbc: M\u1eb7t d\u00e2y chuy\u1ec1n c\u00f3 k\u00edch th\u01b0\u1edbc 24,3 * 25,8 * 5,8 mm Ch\u1ee9ng nh\u1eadn: C\u00f3 [\u2026]<\/p>","protected":false},"featured_media":11582,"comment_status":"open","ping_status":"closed","template":"","meta":[],"product_brand":[],"product_cat":[194],"product_tag":[50,51,52,69,79,96,65,55,57,58,75,60,61,62],"class_list":{"0":"post-11557","1":"product","2":"type-product","3":"status-publish","4":"has-post-thumbnail","6":"product_cat-value-picks","7":"product_tag-18k-gold","8":"product_tag-buddha","9":"product_tag-certified","10":"product_tag-clasp","11":"product_tag-green-hue","12":"product_tag-green-patches","13":"product_tag-high-quality","14":"product_tag-jadeite","15":"product_tag-milo-buddha","16":"product_tag-new-arrivals","17":"product_tag-traditional","18":"product_tag-type-a-jadeite","19":"product_tag-unisex","20":"product_tag-yi-pin-qian-exclusive","22":"first","23":"instock","24":"sale","25":"shipping-taxable","26":"purchasable","27":"product-type-simple"},"_links":{"self":[{"href":"https:\/\/shop.yipinqian.com\/vi\/wp-json\/wp\/v2\/product\/11557","targetHints":{"allow":["GET"]}}],"collection":[{"href":"https:\/\/shop.yipinqian.com\/vi\/wp-json\/wp\/v2\/product"}],"about":[{"href":"https:\/\/shop.yipinqian.com\/vi\/wp-json\/wp\/v2\/types\/product"}],"replies":[{"embeddable":true,"href":"https:\/\/shop.yipinqian.com\/vi\/wp-json\/wp\/v2\/comments?post=11557"}],"version-history":[{"count":0,"href":"https:\/\/shop.yipinqian.com\/vi\/wp-json\/wp\/v2\/product\/11557\/revisions"}],"wp:featuredmedia":[{"embeddable":true,"href":"https:\/\/shop.yipinqian.com\/vi\/wp-json\/wp\/v2\/media\/11582"}],"wp:attachment":[{"href":"https:\/\/shop.yipinqian.com\/vi\/wp-json\/wp\/v2\/media?parent=11557"}],"wp:term":[{"taxonomy":"product_brand","embeddable":true,"href":"https:\/\/shop.yipinqian.com\/vi\/wp-json\/wp\/v2\/product_brand?post=11557"},{"taxonomy":"product_cat","embeddable":true,"href":"https:\/\/shop.yipinqian.com\/vi\/wp-json\/wp\/v2\/product_cat?post=11557"},{"taxonomy":"product_tag","embeddable":true,"href":"https:\/\/shop.yipinqian.com\/vi\/wp-json\/wp\/v2\/product_tag?post=11557"}],"curies":[{"name":"wp","href":"https:\/\/api.w.org\/{rel}","templated":true}]}}