{"id":11555,"date":"2024-11-17T07:07:41","date_gmt":"2024-11-16T23:07:41","guid":{"rendered":"https:\/\/shop.yipinqian.com\/15-5mm-bracelet-sg-seller-store-light-green-with-brownish-yellow-natural-type-a-jadeite-jade-certificate-weighs-81-97-grams-bracelet30\/"},"modified":"2025-02-24T00:49:48","modified_gmt":"2025-02-23T16:49:48","slug":"15-5mm-bracelet-sg-seller-store-light-green-with-brownish-yellow-natural-type-a-jadeite-jade-certificate-weighs-81-97-grams-bracelet30","status":"publish","type":"product","link":"https:\/\/shop.yipinqian.com\/vi\/san-pham\/15-5mm-bracelet-sg-seller-store-light-green-with-brownish-yellow-natural-type-a-jadeite-jade-certificate-weighs-81-97-grams-bracelet30\/","title":{"rendered":"V\u00f2ng tay 15,5mm SG Seller Store \u2013 M\u00e0u xanh l\u00e1 c\u00e2y nh\u1ea1t v\u1edbi m\u00e0u v\u00e0ng n\u00e2u Ch\u1ee9ng ch\u1ec9 ng\u1ecdc b\u00edch t\u1ef1 nhi\u00ean lo\u1ea1i A n\u1eb7ng 81,97 gram (bracelet30)"},"content":{"rendered":"<p>Chi\u1ebfc v\u00f2ng tay 15,5mm * 13 h\u1ea1t n\u00e0y t\u1eeb C\u1eeda h\u00e0ng SG Seller c\u00f3 Ng\u1ecdc b\u00edch t\u1ef1 nhi\u00ean lo\u1ea1i A m\u00e0u xanh l\u1ee5c nh\u1ea1t v\u1edbi v\u00e0ng n\u00e2u, \u0111\u01b0\u1ee3c ch\u1ee9ng nh\u1eadn n\u1eb7ng 81,97 gram (bracelet30).<\/p>\n<p><\/p>\n<p>S\u1ed1 ch\u1ee9ng ch\u1ec9: GD2112H014145<\/p>\n<p><img fetchpriority=\"high\" decoding=\"async\" src=\"https:\/\/shop.yipinqian.com\/wp-content\/uploads\/2024\/11\/2383b841951c425cbbe7e6bae9425948tplv-aphluv4xwc-origin-jpeg.jpeg?dr=15568&#038;nonce=4515&#038;refresh_token=ca87d065cb58ae91a46d2149fee0253e&#038;from=476444299&#038;idc=my2&#038;ps=933b5bde&#038;shcp=9b759fb9&#038;shp=1c65f68b&#038;t=555f072d\" width=\"1080\" height=\"1080\"><\/p>\n<ul>\n<li>\n<strong>Ch\u1ea5t l\u01b0\u1ee3ng \u0111\u01b0\u1ee3c ch\u1ee9ng nh\u1eadn:<\/strong> Chi\u1ebfc v\u00f2ng tay n\u00e0y c\u00f3 k\u00e8m theo gi\u1ea5y ch\u1ee9ng nh\u1eadn \u0111\u1ea3m b\u1ea3o t\u00ednh x\u00e1c th\u1ef1c c\u1ee7a Ng\u1ecdc b\u00edch lo\u1ea1i A.<\/li>\n<li>\n<strong>Thi\u1ebft k\u1ebf tuy\u1ec7t \u0111\u1eb9p:<\/strong> M\u00e0u xanh l\u00e1 c\u00e2y nh\u1ea1t v\u00e0 v\u00e0ng n\u00e2u t\u1ea1o n\u00ean v\u1ebb \u0111\u1eb9p \u0111\u1ed9c \u0111\u00e1o v\u00e0 b\u1eaft m\u1eaft.<\/li>\n<li>\n<strong>V\u00f2ng tay Unisex:<\/strong> Ph\u00f9 h\u1ee3p cho c\u1ea3 nam v\u00e0 n\u1eef, l\u00e0 ph\u1ee5 ki\u1ec7n \u0111a n\u0103ng cho m\u1ecdi t\u1ee7 \u0111\u1ed3.<\/li>\n<\/ul>\n<p><img decoding=\"async\" src=\"https:\/\/shop.yipinqian.com\/wp-content\/uploads\/2024\/11\/fe303f2b30774fa8a7a09b6a01000df3tplv-aphluv4xwc-origin-jpeg.jpeg?dr=15568&#038;nonce=16013&#038;refresh_token=73ae9bcb3e458b957dc1fbe263d66c87&#038;from=476444299&#038;idc=my2&#038;ps=933b5bde&#038;shcp=9b759fb9&#038;shp=1c65f68b&#038;t=555f072d\" width=\"1080\" height=\"1080\"><\/p>\n<p>Th\u00eam n\u00e9t thanh l\u1ecbch c\u1ee7a Myanmar v\u00e0o b\u1ed9 trang ph\u1ee5c c\u1ee7a b\u1ea1n v\u1edbi chi\u1ebfc v\u00f2ng tay ng\u1ecdc b\u00edch tinh x\u1ea3o n\u00e0y, ho\u00e0n h\u1ea3o cho m\u1ecdi d\u1ecbp. M\u1eb7c d\u00f9 s\u1ea3n ph\u1ea9m n\u00e0y kh\u00f4ng c\u00f3 ch\u1ebf \u0111\u1ed9 b\u1ea3o h\u00e0nh, nh\u01b0ng ch\u1ea5t l\u01b0\u1ee3ng th\u1ee7 c\u00f4ng c\u1ee7a n\u00f3 \u0111\u1ea3m b\u1ea3o v\u1ebb \u0111\u1eb9p l\u00e2u d\u00e0i.<\/p>\n<p><\/p>\n<p><strong>Jadeite t\u1ef1 nhi\u00ean kh\u00f4ng ho\u00e0n h\u1ea3o, ch\u1ec9 l\u00e0 m\u1ed9t l\u1eddi nh\u1eafc nh\u1edf nh\u1eb9 nh\u00e0ng, Jadeite t\u1ef1 nhi\u00ean c\u1ee7a ch\u00fang t\u00f4i, gi\u1ed1ng nh\u01b0 t\u1ea5t c\u1ea3 nh\u1eefng th\u1ee9 \u0111\u1eb9p \u0111\u1ebd trong t\u1ef1 nhi\u00ean, c\u00f3 nh\u1eefng \u0111\u1eb7c \u0111i\u1ec3m v\u00e0 bi\u1ebfn th\u1ec3 \u0111\u1ed9c \u0111\u00e1o. Ch\u00fang t\u00f4i m\u1eddi nh\u1eefng kh\u00e1ch h\u00e0ng c\u00f3 gi\u00e1 tr\u1ecb c\u1ee7a m\u00ecnh \u0111\u00f3n nh\u1eadn nh\u1eefng bi\u1ebfn th\u1ec3 t\u1ef1 nhi\u00ean n\u00e0y. Ch\u00fac b\u1ea1n mua s\u1eafm vui v\u1ebb!<\/strong><\/p>\n<p><\/p>\n<p><strong><u>Kh\u00f4ng c\u00f3 h\u00ecnh \u1ea3nh v\u00e0 c\u1ea3nh quay video n\u00e0o \u0111\u01b0\u1ee3c l\u1ecdc. Ch\u00fang t\u00f4i khuy\u1ebfn kh\u00edch kh\u00e1ch h\u00e0ng c\u1ee7a m\u00ecnh c\u0169ng xem c\u00e1c video \u0111i k\u00e8m \u0111\u1ec3 c\u00f3 c\u00e1i nh\u00ecn to\u00e0n di\u1ec7n h\u01a1n v\u1ec1 s\u1ea3n ph\u1ea9m c\u1ee7a ch\u00fang t\u00f4i<\/u><\/strong><\/p>\n<p><\/p>\n<ul>\n<li>C\u00e1c n\u1ec1n t\u1ea3ng kh\u00e1c nhau ch\u1ec9 c\u00f3 th\u1ec3 xem video th\u00f4ng qua m\u00e1y t\u00ednh \u0111\u1ec3 b\u00e0n<\/li>\n<\/ul>","protected":false},"excerpt":{"rendered":"<p>V\u00f2ng tay 15,5mm * 13 h\u1ea1t n\u00e0y t\u1eeb SG Seller Store c\u00f3 Jadeite Jade t\u1ef1 nhi\u00ean lo\u1ea1i A m\u00e0u xanh l\u00e1 c\u00e2y nh\u1ea1t v\u1edbi v\u00e0ng n\u00e2u, \u0111\u01b0\u1ee3c ch\u1ee9ng nh\u1eadn n\u1eb7ng 81,97 gram (bracelet30). S\u1ed1 ch\u1ee9ng nh\u1eadn: GD2112H014145 Ch\u1ea5t l\u01b0\u1ee3ng \u0111\u01b0\u1ee3c ch\u1ee9ng nh\u1eadn: V\u00f2ng tay n\u00e0y \u0111i k\u00e8m v\u1edbi m\u1ed9t ch\u1ee9ng nh\u1eadn \u0111\u1ea3m b\u1ea3o t\u00ednh x\u00e1c th\u1ef1c c\u1ee7a Jadeite Jade lo\u1ea1i A. Thi\u1ebft k\u1ebf tuy\u1ec7t \u0111\u1eb9p: M\u00e0u xanh l\u00e1 c\u00e2y nh\u1ea1t v\u00e0 v\u00e0ng n\u00e2u [\u2026]<\/p>","protected":false},"featured_media":11562,"comment_status":"open","ping_status":"closed","template":"","meta":[],"product_brand":[],"product_cat":[194],"product_tag":[102,139,52,82,56,58,60,61,68,62],"class_list":{"0":"post-11555","1":"product","2":"type-product","3":"status-publish","4":"has-post-thumbnail","6":"product_cat-value-picks","7":"product_tag-bracelet","8":"product_tag-brown","9":"product_tag-certified","10":"product_tag-light-green","11":"product_tag-limited-editions","12":"product_tag-new-arrivals","13":"product_tag-type-a-jadeite","14":"product_tag-unisex","15":"product_tag-yellow","16":"product_tag-yi-pin-qian-exclusive","18":"first","19":"instock","20":"sale","21":"shipping-taxable","22":"purchasable","23":"product-type-simple"},"_links":{"self":[{"href":"https:\/\/shop.yipinqian.com\/vi\/wp-json\/wp\/v2\/product\/11555","targetHints":{"allow":["GET"]}}],"collection":[{"href":"https:\/\/shop.yipinqian.com\/vi\/wp-json\/wp\/v2\/product"}],"about":[{"href":"https:\/\/shop.yipinqian.com\/vi\/wp-json\/wp\/v2\/types\/product"}],"replies":[{"embeddable":true,"href":"https:\/\/shop.yipinqian.com\/vi\/wp-json\/wp\/v2\/comments?post=11555"}],"version-history":[{"count":0,"href":"https:\/\/shop.yipinqian.com\/vi\/wp-json\/wp\/v2\/product\/11555\/revisions"}],"wp:featuredmedia":[{"embeddable":true,"href":"https:\/\/shop.yipinqian.com\/vi\/wp-json\/wp\/v2\/media\/11562"}],"wp:attachment":[{"href":"https:\/\/shop.yipinqian.com\/vi\/wp-json\/wp\/v2\/media?parent=11555"}],"wp:term":[{"taxonomy":"product_brand","embeddable":true,"href":"https:\/\/shop.yipinqian.com\/vi\/wp-json\/wp\/v2\/product_brand?post=11555"},{"taxonomy":"product_cat","embeddable":true,"href":"https:\/\/shop.yipinqian.com\/vi\/wp-json\/wp\/v2\/product_cat?post=11555"},{"taxonomy":"product_tag","embeddable":true,"href":"https:\/\/shop.yipinqian.com\/vi\/wp-json\/wp\/v2\/product_tag?post=11555"}],"curies":[{"name":"wp","href":"https:\/\/api.w.org\/{rel}","templated":true}]}}