{"id":11123,"date":"2024-11-03T04:19:02","date_gmt":"2024-11-02T20:19:02","guid":{"rendered":"https:\/\/shop.yipinqian.com\/strive-for-the-top-with-this-beetle-and-ant-crafted-using-burmese-natural-type-a-jadeite-jade-jewellery-as-pendant-with-qic-labs-approved-certificate-weighs-9-49-grams-measurement-43-8-15-3-8-8-mm-pen\/"},"modified":"2025-02-24T00:49:49","modified_gmt":"2025-02-23T16:49:49","slug":"strive-for-the-top-with-this-beetle-and-ant-crafted-using-burmese-natural-type-a-jadeite-jade-jewellery-as-pendant-with-qic-labs-approved-certificate-weighs-9-49-grams-measurement-43-8-15-3-8-8-mm-pen","status":"publish","type":"product","link":"https:\/\/shop.yipinqian.com\/vi\/san-pham\/strive-for-the-top-with-this-beetle-and-ant-crafted-using-burmese-natural-type-a-jadeite-jade-jewellery-as-pendant-with-qic-labs-approved-certificate-weighs-9-49-grams-measurement-43-8-15-3-8-8-mm-pen\/","title":{"rendered":"Ph\u1ea5n \u0111\u1ea5u \u0111\u1ea1t \u0111\u1ebfn \u0111\u1ec9nh cao v\u1edbi M\u1eb7t d\u00e2y chuy\u1ec1n h\u00ecnh con b\u1ecd v\u00e0 con ki\u1ebfn \u0111\u01b0\u1ee3c ch\u1ebf t\u00e1c b\u1eb1ng trang s\u1ee9c ng\u1ecdc b\u00edch t\u1ef1 nhi\u00ean lo\u1ea1i A c\u1ee7a Mi\u1ebfn \u0110i\u1ec7n c\u00f3 ch\u1ee9ng ch\u1ec9 \u0111\u01b0\u1ee3c ph\u00f2ng th\u00ed nghi\u1ec7m QIC ch\u1ea5p thu\u1eadn, n\u1eb7ng 9,49 gam, k\u00edch th\u01b0\u1edbc 43,8 * 15,3 * 8,8 mm (m\u1eb7t d\u00e2y chuy\u1ec1n 317)"},"content":{"rendered":"<p>M\u1eb7t d\u00e2y chuy\u1ec1n h\u00ecnh con b\u1ecd c\u00e1nh c\u1ee9ng v\u00e0 con ki\u1ebfn tinh x\u1ea3o n\u00e0y, \u0111\u01b0\u1ee3c l\u00e0m t\u1eeb ng\u1ecdc b\u00edch t\u1ef1 nhi\u00ean lo\u1ea1i A c\u1ee7a Mi\u1ebfn \u0110i\u1ec7n ch\u00ednh h\u00e3ng, l\u00e0 bi\u1ec3u t\u01b0\u1ee3ng c\u1ee7a s\u1ee9c m\u1ea1nh v\u00e0 s\u1ef1 quy\u1ebft t\u00e2m. \u0110\u01b0\u1ee3c ch\u1ebf t\u00e1c ho\u00e0n h\u1ea3o, t\u00e1c ph\u1ea9m n\u00e0y ch\u1eafc ch\u1eafn s\u1ebd n\u00e2ng t\u1ea7m b\u1ea5t k\u1ef3 b\u1ed9 trang ph\u1ee5c n\u00e0o v\u1edbi thi\u1ebft k\u1ebf \u0111\u1ed9c \u0111\u00e1o c\u1ee7a n\u00f3.<\/p>\n<p><\/p>\n<p>S\u1ed1 ch\u1ee9ng ch\u1ec9: 5824040501256<\/p>\n<p><img fetchpriority=\"high\" decoding=\"async\" src=\"https:\/\/shop.yipinqian.com\/wp-content\/uploads\/2024\/11\/f0aa9069cc794fefaf83cbcaeec81f75tplv-aphluv4xwc-origin-jpeg.jpeg?dr=15568&#038;nonce=94208&#038;refresh_token=6d8c110bd234e317e0b522be78f18941&#038;from=476444299&#038;idc=my&#038;ps=933b5bde&#038;shcp=9b759fb9&#038;shp=1c65f68b&#038;t=555f072d\" width=\"1080\" height=\"1080\"><\/p>\n<ul>\n<li>\n<strong>\u0110\u1ea3m b\u1ea3o t\u00ednh x\u00e1c th\u1ef1c:<\/strong> Gi\u1ea5y ch\u1ee9ng nh\u1eadn \u0111\u01b0\u1ee3c ph\u00f2ng th\u00ed nghi\u1ec7m QIC ch\u1ea5p thu\u1eadn \u0111\u1ea3m b\u1ea3o t\u00ednh x\u00e1c th\u1ef1c c\u1ee7a lo\u1ea1i ng\u1ecdc b\u00edch \u0111\u01b0\u1ee3c s\u1eed d\u1ee5ng trong m\u1eb7t d\u00e2y chuy\u1ec1n n\u00e0y.<\/li>\n<li>\n<strong>C\u00e1c ph\u00e9p \u0111o:<\/strong> V\u1edbi tr\u1ecdng l\u01b0\u1ee3ng 9,49 gram v\u00e0 k\u00edch th\u01b0\u1edbc 43,8 * 15,3 * 8,8 mm, m\u1eb7t d\u00e2y chuy\u1ec1n n\u00e0y l\u00e0 m\u1ed9t m\u00f3n \u0111\u1ed3 trang s\u1ee9c n\u1ed5i b\u1eadt thu h\u00fat m\u1ecdi \u00e1nh nh\u00ecn.<\/li>\n<li>\n<strong>Gi\u1ea5y ch\u1ee9ng nh\u1eadn bao g\u1ed3m:<\/strong> Chi\u1ebfc v\u00f2ng c\u1ed5 ng\u1ecdc b\u00edch n\u00e0y c\u00f3 k\u00e8m theo Gi\u1ea5y ch\u1ee9ng nh\u1eadn x\u00e1c th\u1ef1c \u0111\u1ec3 b\u1ea1n an t\u00e2m.<\/li>\n<\/ul>\n<p><img decoding=\"async\" src=\"https:\/\/shop.yipinqian.com\/wp-content\/uploads\/2024\/11\/eaee63d9a8d7493e9cd3d1df2c4ed68btplv-aphluv4xwc-origin-jpeg.jpeg?dr=15568&#038;nonce=43317&#038;refresh_token=4d26d6e9fa8ff423aba977c595788ab2&#038;from=476444299&#038;idc=my&#038;ps=933b5bde&#038;shcp=9b759fb9&#038;shp=1c65f68b&#038;t=555f072d\" width=\"1080\" height=\"1080\"><\/p>\n<p>Ph\u00f9 h\u1ee3p \u0111\u1ec3 \u0111eo h\u00e0ng ng\u00e0y, chi\u1ebfc v\u00f2ng c\u1ed5 h\u00ecnh con b\u1ecd v\u00e0 con ki\u1ebfn n\u00e0y r\u1ea5t linh ho\u1ea1t v\u00e0 c\u00f3 th\u1ec3 \u0111\u01b0\u1ee3c c\u1ea3 nam v\u00e0 n\u1eef \u0111eo nh\u01b0 m\u1ed9t ph\u1ee5 ki\u1ec7n th\u01b0\u1eddng ng\u00e0y mang \u00fd ngh\u0129a s\u00e2u s\u1eafc trong thi\u1ebft k\u1ebf.<\/p>\n<ul>\n<li><strong>S\u1ea3n xu\u1ea5t t\u1ea1i Myanmar: S\u1ea3n ph\u1ea9m tuy\u1ec7t \u0111\u1eb9p n\u00e0y c\u00f3 ngu\u1ed3n g\u1ed1c t\u1eeb Myanmar, c\u00e0ng l\u00e0m t\u0103ng th\u00eam s\u1ee9c h\u1ea5p d\u1eabn nh\u1edd n\u1ec1n v\u0103n h\u00f3a phong ph\u00fa c\u1ee7a n\u01a1i \u0111\u00e2y.<\/strong><\/li>\n<\/ul>\n<p><strong>Jadeite t\u1ef1 nhi\u00ean kh\u00f4ng ho\u00e0n h\u1ea3o, ch\u1ec9 l\u00e0 m\u1ed9t l\u1eddi nh\u1eafc nh\u1edf nh\u1eb9 nh\u00e0ng, Jadeite t\u1ef1 nhi\u00ean c\u1ee7a ch\u00fang t\u00f4i, gi\u1ed1ng nh\u01b0 t\u1ea5t c\u1ea3 nh\u1eefng th\u1ee9 \u0111\u1eb9p \u0111\u1ebd trong t\u1ef1 nhi\u00ean, c\u00f3 nh\u1eefng \u0111\u1eb7c \u0111i\u1ec3m v\u00e0 bi\u1ebfn th\u1ec3 \u0111\u1ed9c \u0111\u00e1o. Ch\u00fang t\u00f4i m\u1eddi nh\u1eefng kh\u00e1ch h\u00e0ng c\u00f3 gi\u00e1 tr\u1ecb c\u1ee7a m\u00ecnh \u0111\u00f3n nh\u1eadn nh\u1eefng bi\u1ebfn th\u1ec3 t\u1ef1 nhi\u00ean n\u00e0y. Ch\u00fac b\u1ea1n mua s\u1eafm vui v\u1ebb!<\/strong><\/p>\n<p><\/p>\n<p><strong><u>Kh\u00f4ng c\u00f3 h\u00ecnh \u1ea3nh v\u00e0 c\u1ea3nh quay video n\u00e0o \u0111\u01b0\u1ee3c l\u1ecdc. Ch\u00fang t\u00f4i khuy\u1ebfn kh\u00edch kh\u00e1ch h\u00e0ng c\u1ee7a m\u00ecnh c\u0169ng xem c\u00e1c video \u0111i k\u00e8m \u0111\u1ec3 c\u00f3 c\u00e1i nh\u00ecn to\u00e0n di\u1ec7n h\u01a1n v\u1ec1 s\u1ea3n ph\u1ea9m c\u1ee7a ch\u00fang t\u00f4i<\/u><\/strong><\/p>\n<p><\/p>\n<ul>\n<li>C\u00e1c n\u1ec1n t\u1ea3ng kh\u00e1c nhau ch\u1ec9 c\u00f3 th\u1ec3 xem video th\u00f4ng qua m\u00e1y t\u00ednh \u0111\u1ec3 b\u00e0n<\/li>\n<\/ul>","protected":false},"excerpt":{"rendered":"<p>M\u1eb7t d\u00e2y chuy\u1ec1n h\u00ecnh con b\u1ecd v\u00e0 ki\u1ebfn tinh x\u1ea3o n\u00e0y, \u0111\u01b0\u1ee3c l\u00e0m t\u1eeb ng\u1ecdc b\u00edch t\u1ef1 nhi\u00ean lo\u1ea1i A c\u1ee7a Mi\u1ebfn \u0110i\u1ec7n ch\u00ednh h\u00e3ng, l\u00e0 bi\u1ec3u t\u01b0\u1ee3ng c\u1ee7a s\u1ee9c m\u1ea1nh v\u00e0 s\u1ef1 quy\u1ebft t\u00e2m. \u0110\u01b0\u1ee3c ch\u1ebf t\u00e1c ho\u00e0n h\u1ea3o, t\u00e1c ph\u1ea9m n\u00e0y ch\u1eafc ch\u1eafn s\u1ebd n\u00e2ng t\u1ea7m b\u1ea5t k\u1ef3 b\u1ed9 trang ph\u1ee5c n\u00e0o v\u1edbi thi\u1ebft k\u1ebf \u0111\u1ed9c \u0111\u00e1o c\u1ee7a n\u00f3. S\u1ed1 ch\u1ee9ng ch\u1ec9: 5824040501256 \u0110\u1ea3m b\u1ea3o t\u00ednh x\u00e1c th\u1ef1c: Ch\u1ee9ng ch\u1ec9 \u0111\u01b0\u1ee3c ph\u00f2ng th\u00ed nghi\u1ec7m QIC ch\u1ea5p thu\u1eadn \u0111\u1ea3m b\u1ea3o t\u00ednh x\u00e1c th\u1ef1c c\u1ee7a ng\u1ecdc b\u00edch \u0111\u01b0\u1ee3c s\u1eed d\u1ee5ng trong [\u2026]<\/p>","protected":false},"featured_media":11191,"comment_status":"open","ping_status":"closed","template":"","meta":[],"product_brand":[],"product_cat":[194],"product_tag":[139,52,55,56,58,73,74,75,60,61,62],"class_list":{"0":"post-11123","1":"product","2":"type-product","3":"status-publish","4":"has-post-thumbnail","6":"product_cat-value-picks","7":"product_tag-brown","8":"product_tag-certified","9":"product_tag-jadeite","10":"product_tag-limited-editions","11":"product_tag-new-arrivals","12":"product_tag-pendant","13":"product_tag-qic-approved-certificate","14":"product_tag-traditional","15":"product_tag-type-a-jadeite","16":"product_tag-unisex","17":"product_tag-yi-pin-qian-exclusive","19":"first","20":"instock","21":"sale","22":"shipping-taxable","23":"purchasable","24":"product-type-simple"},"_links":{"self":[{"href":"https:\/\/shop.yipinqian.com\/vi\/wp-json\/wp\/v2\/product\/11123","targetHints":{"allow":["GET"]}}],"collection":[{"href":"https:\/\/shop.yipinqian.com\/vi\/wp-json\/wp\/v2\/product"}],"about":[{"href":"https:\/\/shop.yipinqian.com\/vi\/wp-json\/wp\/v2\/types\/product"}],"replies":[{"embeddable":true,"href":"https:\/\/shop.yipinqian.com\/vi\/wp-json\/wp\/v2\/comments?post=11123"}],"version-history":[{"count":0,"href":"https:\/\/shop.yipinqian.com\/vi\/wp-json\/wp\/v2\/product\/11123\/revisions"}],"wp:featuredmedia":[{"embeddable":true,"href":"https:\/\/shop.yipinqian.com\/vi\/wp-json\/wp\/v2\/media\/11191"}],"wp:attachment":[{"href":"https:\/\/shop.yipinqian.com\/vi\/wp-json\/wp\/v2\/media?parent=11123"}],"wp:term":[{"taxonomy":"product_brand","embeddable":true,"href":"https:\/\/shop.yipinqian.com\/vi\/wp-json\/wp\/v2\/product_brand?post=11123"},{"taxonomy":"product_cat","embeddable":true,"href":"https:\/\/shop.yipinqian.com\/vi\/wp-json\/wp\/v2\/product_cat?post=11123"},{"taxonomy":"product_tag","embeddable":true,"href":"https:\/\/shop.yipinqian.com\/vi\/wp-json\/wp\/v2\/product_tag?post=11123"}],"curies":[{"name":"wp","href":"https:\/\/api.w.org\/{rel}","templated":true}]}}