{"id":11105,"date":"2024-11-13T13:56:37","date_gmt":"2024-11-13T05:56:37","guid":{"rendered":"https:\/\/shop.yipinqian.com\/sg-local-new-arrival-free-size-adjustable-s925-ring-with-crafting-of-dounut-shape-natural-type-a-green-jadeite-jade-certificate-weighs-2-18-grams-measurement-7-7-7-5-2-7-mm-s925ring21\/"},"modified":"2025-02-24T00:49:49","modified_gmt":"2025-02-23T16:49:49","slug":"sg-local-new-arrival-free-size-adjustable-s925-ring-with-crafting-of-dounut-shape-natural-type-a-green-jadeite-jade-certificate-weighs-2-18-grams-measurement-7-7-7-5-2-7-mm-s925ring21","status":"publish","type":"product","link":"https:\/\/shop.yipinqian.com\/vi\/san-pham\/sg-local-new-arrival-free-size-adjustable-s925-ring-with-crafting-of-dounut-shape-natural-type-a-green-jadeite-jade-certificate-weighs-2-18-grams-measurement-7-7-7-5-2-7-mm-s925ring21\/","title":{"rendered":"H\u00e0ng m\u1edbi v\u1ec1 t\u1ea1i Sg Local \u2013 Nh\u1eabn S925 c\u00f3 th\u1ec3 \u0111i\u1ec1u ch\u1ec9nh k\u00edch th\u01b0\u1edbc t\u1ef1 do \u0111\u01b0\u1ee3c ch\u1ebf t\u00e1c theo h\u00ecnh b\u00e1nh dounut, Ng\u1ecdc b\u00edch xanh t\u1ef1 nhi\u00ean lo\u1ea1i A, gi\u1ea5y ch\u1ee9ng nh\u1eadn n\u1eb7ng 2,18 gram, k\u00edch th\u01b0\u1edbc 7,7 * 7,5 * 2,7 mm (s925ring21)"},"content":{"rendered":"<p>S\u1ea3n ph\u1ea9m m\u1edbi v\u1ec1 t\u1ea1i Singapore n\u00e0y c\u00f3 chi\u1ebfc nh\u1eabn S925 Free size c\u00f3 th\u1ec3 \u0111i\u1ec1u ch\u1ec9nh tuy\u1ec7t \u0111\u1eb9p v\u00e0 \u0111\u1ed9c \u0111\u00e1o \u0111\u01b0\u1ee3c ch\u1ebf t\u00e1c t\u1eeb ng\u1ecdc b\u00edch xanh t\u1ef1 nhi\u00ean lo\u1ea1i A h\u00ecnh b\u00e1nh r\u00e1n.<\/p>\n<p><\/p>\n<p>S\u1ed1 ch\u1ee9ng ch\u1ec9: YJC2308343064<\/p>\n<p><img fetchpriority=\"high\" decoding=\"async\" src=\"https:\/\/shop.yipinqian.com\/wp-content\/uploads\/2024\/11\/b91af2525bef4c518741c6b2f0f24221tplv-aphluv4xwc-origin-jpeg.jpeg?dr=15568&#038;nonce=59685&#038;refresh_token=24ffb79435a8e23eed392c2f78542e8e&#038;from=476444299&#038;idc=my&#038;ps=933b5bde&#038;shcp=9b759fb9&#038;shp=1c65f68b&#038;t=555f072d\" width=\"1080\" height=\"1080\"><\/p>\n<ul>\n<li>\n<strong>V\u1eadt li\u1ec7u:<\/strong> Chi\u1ebfc nh\u1eabn \u0111\u01b0\u1ee3c l\u00e0m b\u1eb1ng b\u1ea1c S925, t\u0103ng th\u00eam n\u00e9t thanh l\u1ecbch cho vi\u00ean ng\u1ecdc b\u00edch tuy\u1ec7t \u0111\u1eb9p.<\/li>\n<li>\n<strong>Gi\u1ea5y ch\u1ee9ng nh\u1eadn:<\/strong> S\u1ea3n ph\u1ea9m n\u00e0y c\u00f3 k\u00e8m theo gi\u1ea5y ch\u1ee9ng nh\u1eadn \u0111\u1ea3m b\u1ea3o t\u00ednh x\u00e1c th\u1ef1c v\u00e0 ch\u1ea5t l\u01b0\u1ee3ng c\u1ee7a ng\u1ecdc b\u00edch.<\/li>\n<li>\n<strong>\u0110o l\u01b0\u1eddng:<\/strong> Chi\u1ebfc nh\u1eabn n\u1eb7ng 2,18 gram v\u00e0 c\u00f3 k\u00edch th\u01b0\u1edbc 7,7 * 7,5 * 2,7 mm, khi\u1ebfn n\u00f3 tr\u1edf th\u00e0nh m\u1ed9t m\u00f3n \u0111\u1ed3 tinh t\u1ebf v\u00e0 b\u1eaft m\u1eaft.<\/li>\n<\/ul>\n<p><img decoding=\"async\" src=\"https:\/\/shop.yipinqian.com\/wp-content\/uploads\/2024\/11\/1ea5e5543939463a88759eb683983aa4tplv-aphluv4xwc-origin-jpeg.jpeg?dr=15568&#038;nonce=4538&#038;refresh_token=6d26ce80f7380db1cda999a5c2ad4ff3&#038;from=476444299&#038;idc=my&#038;ps=933b5bde&#038;shcp=9b759fb9&#038;shp=1c65f68b&#038;t=555f072d\" width=\"1080\" height=\"1080\"><\/p>\n<p>Chi\u1ebfc nh\u1eabn tinh x\u1ea3o n\u00e0y l\u00fd t\u01b0\u1edfng \u0111\u1ec3 \u0111eo h\u00e0ng ng\u00e0y, c\u00f3 ngu\u1ed3n g\u1ed1c t\u1eeb Myanmar, n\u01a1i n\u1ed5i ti\u1ebfng v\u1edbi s\u1ea3n l\u01b0\u1ee3ng ng\u1ecdc b\u00edch ch\u1ea5t l\u01b0\u1ee3ng cao.<\/p>\n<ul>\n<li><strong>D\u1ecbp s\u1eed d\u1ee5ng: M\u00f3n \u0111\u1ed3 \u0111a n\u0103ng n\u00e0y ho\u00e0n h\u1ea3o \u0111\u1ec3 m\u1eb7c h\u00e0ng ng\u00e0y ho\u1eb7c nh\u1eefng d\u1ecbp \u0111\u1eb7c bi\u1ec7t<\/strong><\/li>\n<li><strong>.<\/strong><\/li>\n<li><strong>Thi\u1ebft k\u1ebf c\u00f3 th\u1ec3 \u0111i\u1ec1u ch\u1ec9nh \u0111\u1ea3m b\u1ea3o v\u1eeba v\u1eb7n v\u1edbi m\u1ecdi k\u00edch th\u01b0\u1edbc ng\u00f3n tay.<\/strong><\/li>\n<li><strong>.<\/strong><\/li>\n<\/ul>\n<p><strong>.Jadeite t\u1ef1 nhi\u00ean kh\u00f4ng ph\u1ea3i l\u00e0 ho\u00e0n h\u1ea3o, ch\u1ec9 l\u00e0 m\u1ed9t l\u1eddi nh\u1eafc nh\u1edf nh\u1eb9 nh\u00e0ng, jadeite t\u1ef1 nhi\u00ean c\u1ee7a ch\u00fang t\u00f4i, gi\u1ed1ng nh\u01b0 t\u1ea5t c\u1ea3 nh\u1eefng th\u1ee9 \u0111\u1eb9p \u0111\u1ebd trong t\u1ef1 nhi\u00ean, c\u00f3 nh\u1eefng \u0111\u1eb7c \u0111i\u1ec3m v\u00e0 bi\u1ebfn th\u1ec3 \u0111\u1ed9c \u0111\u00e1o c\u1ee7a n\u00f3. Ch\u00fang t\u00f4i m\u1eddi nh\u1eefng kh\u00e1ch h\u00e0ng c\u00f3 gi\u00e1 tr\u1ecb c\u1ee7a m\u00ecnh \u0111\u00f3n nh\u1eadn nh\u1eefng bi\u1ebfn th\u1ec3 t\u1ef1 nhi\u00ean n\u00e0y. Ch\u00fac b\u1ea1n mua s\u1eafm vui v\u1ebb!<\/strong><\/p>\n<p><\/p>\n<p><strong><u>Kh\u00f4ng c\u00f3 h\u00ecnh \u1ea3nh v\u00e0 c\u1ea3nh quay video n\u00e0o \u0111\u01b0\u1ee3c l\u1ecdc. Ch\u00fang t\u00f4i khuy\u1ebfn kh\u00edch kh\u00e1ch h\u00e0ng c\u1ee7a m\u00ecnh c\u0169ng xem c\u00e1c video \u0111i k\u00e8m \u0111\u1ec3 c\u00f3 c\u00e1i nh\u00ecn to\u00e0n di\u1ec7n h\u01a1n v\u1ec1 s\u1ea3n ph\u1ea9m c\u1ee7a ch\u00fang t\u00f4i<\/u><\/strong><\/p>\n<p><\/p>\n<ul>\n<li>C\u00e1c n\u1ec1n t\u1ea3ng kh\u00e1c nhau ch\u1ec9 c\u00f3 th\u1ec3 xem video th\u00f4ng qua m\u00e1y t\u00ednh \u0111\u1ec3 b\u00e0n<\/li>\n<\/ul>","protected":false},"excerpt":{"rendered":"<p>S\u1ea3n ph\u1ea9m m\u1edbi \u0111\u1ebfn t\u1eeb Singapore n\u00e0y c\u00f3 m\u1ed9t chi\u1ebfc nh\u1eabn S925 c\u00f3 th\u1ec3 \u0111i\u1ec1u ch\u1ec9nh k\u00edch th\u01b0\u1edbc Free size tuy\u1ec7t \u0111\u1eb9p v\u00e0 \u0111\u1ed9c \u0111\u00e1o \u0111\u01b0\u1ee3c ch\u1ebf t\u00e1c v\u1edbi h\u00ecnh d\u1ea1ng b\u00e1nh dounut Jadeite Jade xanh t\u1ef1 nhi\u00ean lo\u1ea1i A. S\u1ed1 ch\u1ee9ng nh\u1eadn: YJC2308343064 Ch\u1ea5t li\u1ec7u: Chi\u1ebfc nh\u1eabn \u0111\u01b0\u1ee3c l\u00e0m b\u1eb1ng b\u1ea1c s925, mang \u0111\u1ebfn n\u00e9t thanh l\u1ecbch cho vi\u00ean ng\u1ecdc b\u00edch tuy\u1ec7t \u0111\u1eb9p. Ch\u1ee9ng nh\u1eadn: S\u1ea3n ph\u1ea9m n\u00e0y \u0111i k\u00e8m v\u1edbi m\u1ed9t ch\u1ee9ng nh\u1eadn, \u0111\u1ea3m b\u1ea3o [\u2026]<\/p>","protected":false},"featured_media":11131,"comment_status":"open","ping_status":"closed","template":"","meta":[],"product_brand":[],"product_cat":[194],"product_tag":[101,64,52,72,92,70,65,66,55,56,58,71,67,60,62],"class_list":{"0":"post-11105","1":"product","2":"type-product","3":"status-publish","4":"has-post-thumbnail","6":"product_cat-value-picks","7":"product_tag-adjustable","8":"product_tag-cabochon","9":"product_tag-certified","10":"product_tag-female","11":"product_tag-free-size","12":"product_tag-green","13":"product_tag-high-quality","14":"product_tag-jade-ring","15":"product_tag-jadeite","16":"product_tag-limited-editions","17":"product_tag-new-arrivals","18":"product_tag-ring","19":"product_tag-s925","20":"product_tag-type-a-jadeite","21":"product_tag-yi-pin-qian-exclusive","23":"first","24":"instock","25":"sale","26":"shipping-taxable","27":"purchasable","28":"product-type-simple"},"_links":{"self":[{"href":"https:\/\/shop.yipinqian.com\/vi\/wp-json\/wp\/v2\/product\/11105","targetHints":{"allow":["GET"]}}],"collection":[{"href":"https:\/\/shop.yipinqian.com\/vi\/wp-json\/wp\/v2\/product"}],"about":[{"href":"https:\/\/shop.yipinqian.com\/vi\/wp-json\/wp\/v2\/types\/product"}],"replies":[{"embeddable":true,"href":"https:\/\/shop.yipinqian.com\/vi\/wp-json\/wp\/v2\/comments?post=11105"}],"version-history":[{"count":0,"href":"https:\/\/shop.yipinqian.com\/vi\/wp-json\/wp\/v2\/product\/11105\/revisions"}],"wp:featuredmedia":[{"embeddable":true,"href":"https:\/\/shop.yipinqian.com\/vi\/wp-json\/wp\/v2\/media\/11131"}],"wp:attachment":[{"href":"https:\/\/shop.yipinqian.com\/vi\/wp-json\/wp\/v2\/media?parent=11105"}],"wp:term":[{"taxonomy":"product_brand","embeddable":true,"href":"https:\/\/shop.yipinqian.com\/vi\/wp-json\/wp\/v2\/product_brand?post=11105"},{"taxonomy":"product_cat","embeddable":true,"href":"https:\/\/shop.yipinqian.com\/vi\/wp-json\/wp\/v2\/product_cat?post=11105"},{"taxonomy":"product_tag","embeddable":true,"href":"https:\/\/shop.yipinqian.com\/vi\/wp-json\/wp\/v2\/product_tag?post=11105"}],"curies":[{"name":"wp","href":"https:\/\/api.w.org\/{rel}","templated":true}]}}