{"id":11065,"date":"2024-11-13T13:55:53","date_gmt":"2024-11-13T05:55:53","guid":{"rendered":"https:\/\/shop.yipinqian.com\/new-arrival-singapore-high-quality-light-green-hue-natural-type-a-jadeite-jade-crafted-as-milo-buddha-set-with-18k-gold-clasp-as-pendant-certificate-weighs-6-86-grams-measurement-30-2-17-5-6-8-mm-18kp\/"},"modified":"2025-02-24T00:49:49","modified_gmt":"2025-02-23T16:49:49","slug":"new-arrival-singapore-high-quality-light-green-hue-natural-type-a-jadeite-jade-crafted-as-milo-buddha-set-with-18k-gold-clasp-as-pendant-certificate-weighs-6-86-grams-measurement-30-2-17-5-6-8-mm-18kp","status":"publish","type":"product","link":"https:\/\/shop.yipinqian.com\/vi\/san-pham\/new-arrival-singapore-high-quality-light-green-hue-natural-type-a-jadeite-jade-crafted-as-milo-buddha-set-with-18k-gold-clasp-as-pendant-certificate-weighs-6-86-grams-measurement-30-2-17-5-6-8-mm-18kp\/","title":{"rendered":"#Sold H\u00e0ng m\u1edbi v\u1ec1 Singapore Ch\u1ea5t l\u01b0\u1ee3ng cao M\u00e0u xanh l\u00e1 c\u00e2y nh\u1ea1t T\u1ef1 nhi\u00ean Lo\u1ea1i A Jadeite Jade \u0111\u01b0\u1ee3c ch\u1ebf t\u00e1c nh\u01b0 Ph\u1eadt Milo \u0111\u00ednh k\u00e8m m\u00f3c kh\u00f3a b\u1eb1ng v\u00e0ng 18k l\u00e0m M\u1eb7t d\u00e2y chuy\u1ec1n, gi\u1ea5y ch\u1ee9ng nh\u1eadn n\u1eb7ng 6,86 gram, k\u00edch th\u01b0\u1edbc 30,2 * 17,5 * 6,8 mm (18kp70)"},"content":{"rendered":"<p>M\u1eb7t d\u00e2y chuy\u1ec1n tuy\u1ec7t \u0111\u1eb9p n\u00e0y c\u00f3 vi\u00ean Ng\u1ecdc b\u00edch t\u1ef1 nhi\u00ean lo\u1ea1i A ch\u1ea5t l\u01b0\u1ee3ng cao m\u1edbi nh\u1eadp kh\u1ea9u t\u1eeb Singapore, \u0111\u01b0\u1ee3c ch\u1ebf t\u00e1c theo h\u00ecnh t\u01b0\u1ee3ng Ph\u1eadt Milo v\u00e0 g\u1eafn v\u1edbi m\u00f3c c\u00e0i b\u1eb1ng v\u00e0ng 18k thanh l\u1ecbch.<\/p>\n<p><\/p>\n<p>S\u1ed1 ch\u1ee9ng ch\u1ec9: GD2111H014154<\/p>\n<p>V\u00e0ng 18k: 0,39 gam<\/p>\n<p>Kim c\u01b0\u01a1ng: 2 * 0,003 Carat<\/p>\n<p><img fetchpriority=\"high\" decoding=\"async\" src=\"https:\/\/shop.yipinqian.com\/wp-content\/uploads\/2024\/11\/98eab61795a44e94862ca9e2ea361b4btplv-aphluv4xwc-origin-jpeg.jpeg?dr=15568&#038;nonce=1259&#038;refresh_token=75b7c907673ab0282b4218e2c9d7538d&#038;from=476444299&#038;idc=my&#038;ps=933b5bde&#038;shcp=9b759fb9&#038;shp=1c65f68b&#038;t=555f072d\" width=\"1080\" height=\"1080\"><img decoding=\"async\" src=\"https:\/\/shop.yipinqian.com\/wp-content\/uploads\/2024\/11\/40263dadf01b43e6b30c440ba8fc1075tplv-aphluv4xwc-origin-jpeg.jpeg?dr=15568&#038;nonce=30922&#038;refresh_token=f0f78007d08ae7309d6329435bdba395&#038;from=476444299&#038;idc=my&#038;ps=933b5bde&#038;shcp=9b759fb9&#038;shp=1c65f68b&#038;t=555f072d\" width=\"1080\" height=\"1080\"><\/p>\n<ul>\n<li>\n<strong>V\u1eadt li\u1ec7u:<\/strong> Ng\u1ecdc b\u00edch t\u1ef1 nhi\u00ean lo\u1ea1i A, m\u00f3c kh\u00f3a b\u1eb1ng v\u00e0ng 18k<\/li>\n<li>\n<strong>C\u00e2n n\u1eb7ng:<\/strong> 6,86 gam<\/li>\n<li>\n<strong>\u0110o l\u01b0\u1eddng:<\/strong> 30,2 * 17,5 * 6,8mm<\/li>\n<li>\n<strong>Gi\u1ea5y ch\u1ee9ng nh\u1eadn:<\/strong> C\u00f3 (bao g\u1ed3m)<\/li>\n<li><strong>Lo\u1ea1i ng\u1ecdc: Jadeite<\/strong><\/li>\n<\/ul>\n<p><strong>M\u00f3n \u0111\u1ed3 tinh t\u1ebf n\u00e0y ho\u00e0n h\u1ea3o \u0111\u1ec3 \u0111eo h\u00e0ng ng\u00e0y v\u00e0 t\u0103ng th\u00eam n\u00e9t thanh l\u1ecbch cho b\u1ea5t k\u1ef3 trang ph\u1ee5c n\u00e0o.<\/strong><\/p>\n<ul>\n<li><strong>Th\u00f4ng tin b\u1ed5 sung:<\/strong><\/li>\n<li><strong>V\u1eadt li\u1ec7u th\u1ee9 c\u1ea5p c\u1ee7a m\u1eb7t d\u00e2y chuy\u1ec1n n\u00e0y l\u00e0 kim c\u01b0\u01a1ng.<\/strong><\/li>\n<li><strong>V\u1eadt li\u1ec7u \u0111\u00ednh l\u00e0 v\u00e0ng PT\/Carat.<\/strong><\/li>\n<li><strong>\u0110\u01b0\u1ee3c s\u1ea3n xu\u1ea5t t\u1ea1i Myanmar, m\u1eb7t d\u00e2y chuy\u1ec1n n\u00e0y th\u1ec3 hi\u1ec7n v\u1ebb \u0111\u1eb9p v\u00e0 s\u1ef1 kh\u00e9o l\u00e9o c\u1ee7a \u0111\u1ed3 trang s\u1ee9c ng\u1ecdc b\u00edch.<\/strong><\/li>\n<\/ul>\n<p><strong>Ph\u00f9 h\u1ee3p cho c\u1ea3 nam v\u00e0 n\u1eef, m\u1eb7t d\u00e2y chuy\u1ec1n Ph\u1eadt Milo n\u00e0y to\u00e1t l\u00ean v\u1ebb quy\u1ebfn r\u0169 v\u1edbi thi\u1ebft k\u1ebf \u0111\u1ed9c \u0111\u00e1o v\u00e0 ch\u1ea5t li\u1ec7u cao c\u1ea5p.<\/strong><\/p>\n<ul>\n<li><strong>Ch\u1eafc ch\u1eafn s\u1ebd l\u00e0 ch\u1ee7 \u0111\u1ec1 m\u1edf \u0111\u1ea7u cho cu\u1ed9c tr\u00f2 chuy\u1ec7n \u1edf b\u1ea5t c\u1ee9 n\u01a1i \u0111\u00e2u b\u1ea1n \u0111\u1ebfn!<\/strong><\/li>\n<\/ul>\n<p>Yi Pin Qian \u2013 Nh\u00e0 bu\u00f4n \u0111\u00e1 qu\u00fd v\u00e0 kim lo\u1ea1i qu\u00fd t\u1ea1i Singapore \u2013 S\u1ed1 gi\u1ea5y ph\u00e9p PS20190000031<\/p>\n<p><\/p>\n<p>*T\u1ea5t c\u1ea3 c\u00e1c lo\u1ea1i Jadeite \u0111\u01b0\u1ee3c mua t\u1eeb Yi Pin Qian t\u1ea1i Singapore, kh\u00e1ch h\u00e0ng c\u00f3 th\u1ec3 \u0111\u1eb7t l\u1ecbch \u0111\u00e1nh b\u00f3ng ho\u1eb7c s\u1eeda ch\u1eefa nh\u1ecf do x\u1eed l\u00fd sai c\u00e1ch \u2013 c\u00f3 t\u00ednh ph\u00ed v\u00e0 ch\u1ec9 d\u00e0nh cho kh\u00e1ch h\u00e0ng c\u1ee7a Yi Pin Qian t\u1ea1i Singapore*<\/p>\n<p><\/p>\n<p><strong>**C\u00e1c lo\u1ea1i ch\u1ee9ng ch\u1ec9**<\/strong><\/p>\n<p><\/p>\n<p><strong>NGI (C\u00f4ng ty \u0110\u00e1 qu\u00fd Nan Yang)<\/strong><\/p>\n<p>ho\u1eb7c <strong>Ch\u1ee9ng ch\u1ec9 n\u01b0\u1edbc ngo\u00e0i <\/strong>(Yi Pin Qian ch\u1ec9 s\u1eed d\u1ee5ng c\u00e1c ch\u1ee9ng ch\u1ec9 x\u00e1c th\u1ef1c t\u1eeb c\u00e1c ph\u00f2ng th\u00ed nghi\u1ec7m \u1edf n\u01b0\u1edbc ngo\u00e0i v\u00e0 ki\u1ec3m so\u00e1t ch\u1ea5t l\u01b0\u1ee3ng m\u1ecdi s\u1ea3n ph\u1ea9m c\u1ee7a ch\u00fang t\u00f4i tr\u01b0\u1edbc khi \u0111\u01b0a ch\u00fang ra b\u00e1n t\u1ea1i Singapore)<\/p>\n<p><\/p>\n<p>M\u1ed7i s\u1ea3n ph\u1ea9m tr\u00ean TikTok s\u1ebd c\u00f3 lo\u1ea1i ch\u1ee9ng ch\u1ec9 \u0111\u01b0\u1ee3c cung c\u1ea5p \u0111\u01b0\u1ee3c n\u00eau trong ph\u1ea7n m\u00f4 t\u1ea3. \u0110\u1ed1i v\u1edbi b\u1ea5t k\u1ef3 kh\u00e1ch h\u00e0ng n\u00e0o mu\u1ed1n g\u1eedi \u0111\u01a1n h\u00e0ng c\u1ee7a m\u00ecnh \u0111\u1ebfn NGI Singapore, s\u1ebd c\u00f3 th\u1eddi gian ch\u1edd giao h\u00e0ng \u01b0\u1edbc t\u00ednh kho\u1ea3ng 4 tu\u1ea7n \u0111\u1ec3 nh\u1eadn \u0111\u01b0\u1ee3c \u0111\u01a1n h\u00e0ng c\u1ee7a b\u1ea1n. <strong>B\u1ea1n c\u1ea7n g\u1eedi y\u00eau c\u1ea7u b\u00e1o c\u00e1o v\u1ec1 NGI Gemstone b\u1eb1ng c\u00e1ch nh\u1eafn tin cho ch\u00fang t\u00f4i.<\/strong> C\u1ea3m \u01a1n, <strong><u>\u00e1p d\u1ee5ng th\u00eam ph\u00ed<\/u><\/strong>.<\/p>\n<p><\/p>\n<p><strong>Jadeite t\u1ef1 nhi\u00ean kh\u00f4ng ho\u00e0n h\u1ea3o, ch\u1ec9 l\u00e0 m\u1ed9t l\u1eddi nh\u1eafc nh\u1edf nh\u1eb9 nh\u00e0ng, Jadeite t\u1ef1 nhi\u00ean c\u1ee7a ch\u00fang t\u00f4i, gi\u1ed1ng nh\u01b0 t\u1ea5t c\u1ea3 nh\u1eefng th\u1ee9 \u0111\u1eb9p \u0111\u1ebd trong t\u1ef1 nhi\u00ean, c\u00f3 nh\u1eefng \u0111\u1eb7c \u0111i\u1ec3m v\u00e0 bi\u1ebfn th\u1ec3 \u0111\u1ed9c \u0111\u00e1o. Ch\u00fang t\u00f4i m\u1eddi nh\u1eefng kh\u00e1ch h\u00e0ng c\u00f3 gi\u00e1 tr\u1ecb c\u1ee7a m\u00ecnh \u0111\u00f3n nh\u1eadn nh\u1eefng bi\u1ebfn th\u1ec3 t\u1ef1 nhi\u00ean n\u00e0y. Ch\u00fac b\u1ea1n mua s\u1eafm vui v\u1ebb!<\/strong><\/p>\n<p><\/p>\n<p><strong><u>Kh\u00f4ng c\u00f3 h\u00ecnh \u1ea3nh v\u00e0 c\u1ea3nh quay video n\u00e0o \u0111\u01b0\u1ee3c l\u1ecdc. Ch\u00fang t\u00f4i khuy\u1ebfn kh\u00edch kh\u00e1ch h\u00e0ng c\u1ee7a m\u00ecnh c\u0169ng xem c\u00e1c video \u0111i k\u00e8m \u0111\u1ec3 c\u00f3 c\u00e1i nh\u00ecn to\u00e0n di\u1ec7n h\u01a1n v\u1ec1 s\u1ea3n ph\u1ea9m c\u1ee7a ch\u00fang t\u00f4i<\/u><\/strong><\/p>\n<p><\/p>\n<ul>\n<li>C\u00e1c n\u1ec1n t\u1ea3ng kh\u00e1c nhau ch\u1ec9 c\u00f3 th\u1ec3 xem video th\u00f4ng qua m\u00e1y t\u00ednh \u0111\u1ec3 b\u00e0n<\/li>\n<\/ul>","protected":false},"excerpt":{"rendered":"<p>M\u1eb7t d\u00e2y chuy\u1ec1n tuy\u1ec7t \u0111\u1eb9p n\u00e0y c\u00f3 m\u1ed9t vi\u00ean Ng\u1ecdc b\u00edch Jadeite t\u1ef1 nhi\u00ean lo\u1ea1i A m\u00e0u xanh l\u00e1 c\u00e2y nh\u1ea1t ch\u1ea5t l\u01b0\u1ee3ng cao m\u1edbi \u0111\u1ebfn t\u1eeb Singapore, \u0111\u01b0\u1ee3c ch\u1ebf t\u00e1c nh\u01b0 m\u1ed9t b\u1ee9c t\u01b0\u1ee3ng Ph\u1eadt Milo v\u00e0 \u0111\u01b0\u1ee3c g\u1eafn m\u1ed9t m\u00f3c c\u00e0i b\u1eb1ng v\u00e0ng 18k thanh l\u1ecbch. S\u1ed1 ch\u1ee9ng ch\u1ec9: GD2111H014154 V\u00e0ng 18k: 0,39 gam Kim c\u01b0\u01a1ng: 2 * 0,003 carat Ch\u1ea5t li\u1ec7u: Ng\u1ecdc b\u00edch Jadeite t\u1ef1 nhi\u00ean lo\u1ea1i A, m\u00f3c c\u00e0i b\u1eb1ng v\u00e0ng 18k Tr\u1ecdng l\u01b0\u1ee3ng: 6,86 gam [\u2026]<\/p>","protected":false},"featured_media":11102,"comment_status":"open","ping_status":"closed","template":"","meta":[],"product_brand":[],"product_cat":[194],"product_tag":[50,51,52,69,88,65,54,55,56,57,58,73,75,59,60,61,62],"class_list":{"0":"post-11065","1":"product","2":"type-product","3":"status-publish","4":"has-post-thumbnail","6":"product_cat-value-picks","7":"product_tag-18k-gold","8":"product_tag-buddha","9":"product_tag-certified","10":"product_tag-clasp","11":"product_tag-diamonds","12":"product_tag-high-quality","13":"product_tag-icy","14":"product_tag-jadeite","15":"product_tag-limited-editions","16":"product_tag-milo-buddha","17":"product_tag-new-arrivals","18":"product_tag-pendant","19":"product_tag-traditional","20":"product_tag-translucent","21":"product_tag-type-a-jadeite","22":"product_tag-unisex","23":"product_tag-yi-pin-qian-exclusive","25":"first","26":"outofstock","27":"sale","28":"shipping-taxable","29":"purchasable","30":"product-type-simple"},"_links":{"self":[{"href":"https:\/\/shop.yipinqian.com\/vi\/wp-json\/wp\/v2\/product\/11065","targetHints":{"allow":["GET"]}}],"collection":[{"href":"https:\/\/shop.yipinqian.com\/vi\/wp-json\/wp\/v2\/product"}],"about":[{"href":"https:\/\/shop.yipinqian.com\/vi\/wp-json\/wp\/v2\/types\/product"}],"replies":[{"embeddable":true,"href":"https:\/\/shop.yipinqian.com\/vi\/wp-json\/wp\/v2\/comments?post=11065"}],"version-history":[{"count":0,"href":"https:\/\/shop.yipinqian.com\/vi\/wp-json\/wp\/v2\/product\/11065\/revisions"}],"wp:featuredmedia":[{"embeddable":true,"href":"https:\/\/shop.yipinqian.com\/vi\/wp-json\/wp\/v2\/media\/11102"}],"wp:attachment":[{"href":"https:\/\/shop.yipinqian.com\/vi\/wp-json\/wp\/v2\/media?parent=11065"}],"wp:term":[{"taxonomy":"product_brand","embeddable":true,"href":"https:\/\/shop.yipinqian.com\/vi\/wp-json\/wp\/v2\/product_brand?post=11065"},{"taxonomy":"product_cat","embeddable":true,"href":"https:\/\/shop.yipinqian.com\/vi\/wp-json\/wp\/v2\/product_cat?post=11065"},{"taxonomy":"product_tag","embeddable":true,"href":"https:\/\/shop.yipinqian.com\/vi\/wp-json\/wp\/v2\/product_tag?post=11065"}],"curies":[{"name":"wp","href":"https:\/\/api.w.org\/{rel}","templated":true}]}}