{"id":11060,"date":"2024-11-13T13:55:49","date_gmt":"2024-11-13T05:55:49","guid":{"rendered":"https:\/\/shop.yipinqian.com\/new-arrival-in-sg-flying-pixiu-with-movable-ball-in-mouth-crafted-on-natural-jadeite-jade-as-pendant-with-qic-labs-approved-certificate-weighs-49-07-grams-measurement-45-8-23-2-19-7-mm-pendant322\/"},"modified":"2025-02-24T00:49:49","modified_gmt":"2025-02-23T16:49:49","slug":"new-arrival-in-sg-flying-pixiu-with-movable-ball-in-mouth-crafted-on-natural-jadeite-jade-as-pendant-with-qic-labs-approved-certificate-weighs-49-07-grams-measurement-45-8-23-2-19-7-mm-pendant322","status":"publish","type":"product","link":"https:\/\/shop.yipinqian.com\/vi\/san-pham\/new-arrival-in-sg-flying-pixiu-with-movable-ball-in-mouth-crafted-on-natural-jadeite-jade-as-pendant-with-qic-labs-approved-certificate-weighs-49-07-grams-measurement-45-8-23-2-19-7-mm-pendant322\/","title":{"rendered":"H\u00e0ng m\u1edbi v\u1ec1 SG \u2013 T\u1ef3 h\u01b0u bay c\u00f3 qu\u1ea3 c\u1ea7u di chuy\u1ec3n trong mi\u1ec7ng \u0111\u01b0\u1ee3c ch\u1ebf t\u00e1c t\u1eeb Ng\u1ecdc b\u00edch Jadeite t\u1ef1 nhi\u00ean l\u00e0m m\u1eb7t d\u00e2y chuy\u1ec1n c\u00f3 ch\u1ee9ng nh\u1eadn \u0111\u01b0\u1ee3c ph\u00f2ng th\u00ed nghi\u1ec7m QIC ch\u1ea5p thu\u1eadn, n\u1eb7ng 49,07 gram, k\u00edch th\u01b0\u1edbc 45,8 * 23,2 * 19,7 mm (m\u1eb7t d\u00e2y chuy\u1ec1n322)"},"content":{"rendered":"<p>Gi\u1edbi thi\u1ec7u m\u1eb7t d\u00e2y chuy\u1ec1n Flying Pixiu tinh x\u1ea3o \u0111\u01b0\u1ee3c ch\u1ebf t\u00e1c t\u1eeb Jadeite Jade t\u1ef1 nhi\u00ean, hi\u1ec7n c\u00f3 t\u1ea1i Singapore. S\u1ea3n ph\u1ea9m \u0111\u1ed9c \u0111\u00e1o n\u00e0y c\u00f3 m\u1ed9t qu\u1ea3 b\u00f3ng di chuy\u1ec3n trong mi\u1ec7ng v\u00e0 \u0111i k\u00e8m v\u1edbi gi\u1ea5y ch\u1ee9ng nh\u1eadn x\u00e1c th\u1ef1c \u0111\u01b0\u1ee3c ph\u00f2ng th\u00ed nghi\u1ec7m QIC ch\u1ea5p thu\u1eadn.<\/p>\n<p><\/p>\n<p>S\u1ed1 ch\u1ee9ng ch\u1ec9: 5824032603807<\/p>\n<p><img fetchpriority=\"high\" decoding=\"async\" src=\"https:\/\/shop.yipinqian.com\/wp-content\/uploads\/2024\/11\/b8619751bb84442fb4076bc69914c2eatplv-aphluv4xwc-origin-jpeg.jpeg?dr=15568&#038;nonce=96119&#038;refresh_token=a33817db430d99206c1cc9db36e51124&#038;from=476444299&#038;idc=my&#038;ps=933b5bde&#038;shcp=9b759fb9&#038;shp=1c65f68b&#038;t=555f072d\" width=\"1080\" height=\"1080\"><\/p>\n<ul>\n<li>\n<strong>C\u00e2n n\u1eb7ng:<\/strong> 49,07 gam<\/li>\n<li>\n<strong>\u0110o l\u01b0\u1eddng:<\/strong> 45,8 * 23,2 * 19,7mm<\/li>\n<li>\n<strong>Lo\u1ea1i ng\u1ecdc b\u00edch:<\/strong> Ng\u1ecdc b\u00edch<\/li>\n<li>\n<strong>Gi\u1ea5y ch\u1ee9ng nh\u1eadn bao g\u1ed3m:<\/strong> \u0110\u00fang<\/li>\n<li>\n<strong>S\u1ea3n xu\u1ea5t t\u1ea1i:<\/strong> Mi\u1ebfn \u0110i\u1ec7n<\/li>\n<li>\n<strong>Ph\u00f9 h\u1ee3p cho: <\/strong>Thi\u1ebft k\u1ebf Unisex, ph\u00f9 h\u1ee3p v\u1edbi m\u1ecdi gi\u1edbi t\u00ednh, m\u1eb7c h\u00e0ng ng\u00e0y.<\/li>\n<\/ul>\n<p><img decoding=\"async\" src=\"https:\/\/shop.yipinqian.com\/wp-content\/uploads\/2024\/11\/8ce78626d933448e9d9e9278ce12cf50tplv-aphluv4xwc-origin-jpeg.jpeg?dr=15568&#038;nonce=19173&#038;refresh_token=17b398b066c22f88d4378d3c4427a84b&#038;from=476444299&#038;idc=my&#038;ps=933b5bde&#038;shcp=9b759fb9&#038;shp=1c65f68b&#038;t=555f072d\" width=\"1080\" height=\"1080\"><img decoding=\"async\" src=\"https:\/\/shop.yipinqian.com\/wp-content\/uploads\/2024\/11\/63d9b5adb5304b9cb6b2178b9ce9b450tplv-aphluv4xwc-origin-jpeg.jpeg?dr=15568&#038;nonce=5683&#038;refresh_token=a7b8dc300c3f82d198b93875198ec011&#038;from=476444299&#038;idc=my&#038;ps=933b5bde&#038;shcp=9b759fb9&#038;shp=1c65f68b&#038;t=555f072d\" width=\"1080\" height=\"1080\"><\/p>\n<p>M\u1eb7t d\u00e2y chuy\u1ec1n T\u1ef3 H\u01b0u bay n\u00e0y kh\u00f4ng ch\u1ec9 l\u00e0 m\u1ed9t ph\u1ee5 ki\u1ec7n th\u1eddi trang m\u00e0 c\u00f2n mang theo n\u0103ng l\u01b0\u1ee3ng t\u00edch c\u1ef1c g\u1eafn li\u1ec1n v\u1edbi lo\u00e0i sinh v\u1eadt huy\u1ec1n tho\u1ea1i n\u00e0y trong v\u0103n h\u00f3a Trung Hoa.<\/p>\n<ul>\n<li>Chi\u1ebfc v\u00e1y \u0111a n\u0103ng n\u00e0y ho\u00e0n h\u1ea3o cho nh\u1eefng d\u1ecbp b\u00ecnh th\u01b0\u1eddng v\u00e0 c\u00f3 th\u1ec3 \u0111\u01b0\u1ee3c m\u1eb7c b\u1edfi b\u1ea5t k\u1ef3 ai mu\u1ed1n th\u00eam n\u00e9t thanh l\u1ecbch cho trang ph\u1ee5c c\u1ee7a m\u00ecnh.<\/li>\n<\/ul>\n<p><strong>Jadeite t\u1ef1 nhi\u00ean kh\u00f4ng ho\u00e0n h\u1ea3o, ch\u1ec9 l\u00e0 m\u1ed9t l\u1eddi nh\u1eafc nh\u1edf nh\u1eb9 nh\u00e0ng, Jadeite t\u1ef1 nhi\u00ean c\u1ee7a ch\u00fang t\u00f4i, gi\u1ed1ng nh\u01b0 t\u1ea5t c\u1ea3 nh\u1eefng th\u1ee9 \u0111\u1eb9p \u0111\u1ebd trong t\u1ef1 nhi\u00ean, c\u00f3 nh\u1eefng \u0111\u1eb7c \u0111i\u1ec3m v\u00e0 bi\u1ebfn th\u1ec3 \u0111\u1ed9c \u0111\u00e1o. Ch\u00fang t\u00f4i m\u1eddi nh\u1eefng kh\u00e1ch h\u00e0ng c\u00f3 gi\u00e1 tr\u1ecb c\u1ee7a m\u00ecnh \u0111\u00f3n nh\u1eadn nh\u1eefng bi\u1ebfn th\u1ec3 t\u1ef1 nhi\u00ean n\u00e0y. Ch\u00fac b\u1ea1n mua s\u1eafm vui v\u1ebb!<\/strong><\/p>\n<p><\/p>\n<p><strong><u>Kh\u00f4ng c\u00f3 h\u00ecnh \u1ea3nh v\u00e0 c\u1ea3nh quay video n\u00e0o \u0111\u01b0\u1ee3c l\u1ecdc. Ch\u00fang t\u00f4i khuy\u1ebfn kh\u00edch kh\u00e1ch h\u00e0ng c\u1ee7a m\u00ecnh c\u0169ng xem c\u00e1c video \u0111i k\u00e8m \u0111\u1ec3 c\u00f3 c\u00e1i nh\u00ecn to\u00e0n di\u1ec7n h\u01a1n v\u1ec1 s\u1ea3n ph\u1ea9m c\u1ee7a ch\u00fang t\u00f4i<\/u><\/strong><\/p>\n<p><\/p>\n<ul>\n<li>C\u00e1c n\u1ec1n t\u1ea3ng kh\u00e1c nhau ch\u1ec9 c\u00f3 th\u1ec3 xem video th\u00f4ng qua m\u00e1y t\u00ednh \u0111\u1ec3 b\u00e0n<\/li>\n<\/ul>","protected":false},"excerpt":{"rendered":"<p>Gi\u1edbi thi\u1ec7u m\u1eb7t d\u00e2y chuy\u1ec1n Flying Pixiu tinh x\u1ea3o \u0111\u01b0\u1ee3c ch\u1ebf t\u00e1c t\u1eeb Jadeite Jade t\u1ef1 nhi\u00ean, hi\u1ec7n \u0111\u00e3 c\u00f3 m\u1eb7t t\u1ea1i Singapore. S\u1ea3n ph\u1ea9m \u0111\u1ed9c \u0111\u00e1o n\u00e0y c\u00f3 m\u1ed9t qu\u1ea3 b\u00f3ng di chuy\u1ec3n trong mi\u1ec7ng v\u00e0 \u0111i k\u00e8m v\u1edbi gi\u1ea5y ch\u1ee9ng nh\u1eadn x\u00e1c th\u1ef1c \u0111\u01b0\u1ee3c QIC Labs ch\u1ea5p thu\u1eadn. S\u1ed1 ch\u1ee9ng nh\u1eadn: 5824032603807 Tr\u1ecdng l\u01b0\u1ee3ng: 49,07 gram K\u00edch th\u01b0\u1edbc: 45,8 * 23,2 * 19,7 mm Lo\u1ea1i ng\u1ecdc: Jadeite C\u00f3 gi\u1ea5y ch\u1ee9ng nh\u1eadn: C\u00f3 S\u1ea3n xu\u1ea5t [\u2026]<\/p>","protected":false},"featured_media":11073,"comment_status":"open","ping_status":"closed","template":"","meta":[],"product_brand":[],"product_cat":[194],"product_tag":[52,55,56,58,73,85,74,60,61],"class_list":{"0":"post-11060","1":"product","2":"type-product","3":"status-publish","4":"has-post-thumbnail","6":"product_cat-value-picks","7":"product_tag-certified","8":"product_tag-jadeite","9":"product_tag-limited-editions","10":"product_tag-new-arrivals","11":"product_tag-pendant","12":"product_tag-pixiu","13":"product_tag-qic-approved-certificate","14":"product_tag-type-a-jadeite","15":"product_tag-unisex","17":"first","18":"instock","19":"sale","20":"shipping-taxable","21":"purchasable","22":"product-type-simple"},"_links":{"self":[{"href":"https:\/\/shop.yipinqian.com\/vi\/wp-json\/wp\/v2\/product\/11060","targetHints":{"allow":["GET"]}}],"collection":[{"href":"https:\/\/shop.yipinqian.com\/vi\/wp-json\/wp\/v2\/product"}],"about":[{"href":"https:\/\/shop.yipinqian.com\/vi\/wp-json\/wp\/v2\/types\/product"}],"replies":[{"embeddable":true,"href":"https:\/\/shop.yipinqian.com\/vi\/wp-json\/wp\/v2\/comments?post=11060"}],"version-history":[{"count":0,"href":"https:\/\/shop.yipinqian.com\/vi\/wp-json\/wp\/v2\/product\/11060\/revisions"}],"wp:featuredmedia":[{"embeddable":true,"href":"https:\/\/shop.yipinqian.com\/vi\/wp-json\/wp\/v2\/media\/11073"}],"wp:attachment":[{"href":"https:\/\/shop.yipinqian.com\/vi\/wp-json\/wp\/v2\/media?parent=11060"}],"wp:term":[{"taxonomy":"product_brand","embeddable":true,"href":"https:\/\/shop.yipinqian.com\/vi\/wp-json\/wp\/v2\/product_brand?post=11060"},{"taxonomy":"product_cat","embeddable":true,"href":"https:\/\/shop.yipinqian.com\/vi\/wp-json\/wp\/v2\/product_cat?post=11060"},{"taxonomy":"product_tag","embeddable":true,"href":"https:\/\/shop.yipinqian.com\/vi\/wp-json\/wp\/v2\/product_tag?post=11060"}],"curies":[{"name":"wp","href":"https:\/\/api.w.org\/{rel}","templated":true}]}}