{"id":16848,"date":"2025-01-12T16:40:51","date_gmt":"2025-01-12T08:40:51","guid":{"rendered":"https:\/\/shop.yipinqian.com\/?page_id=16848"},"modified":"2025-05-14T18:38:34","modified_gmt":"2025-05-14T10:38:34","slug":"singapore-jadeite-jade-online-store","status":"publish","type":"page","link":"https:\/\/shop.yipinqian.com\/vi\/","title":{"rendered":"C\u1eeda h\u00e0ng tr\u1ef1c tuy\u1ebfn Singapore Jadeite Jade Shop"},"content":{"rendered":"<div data-elementor-type=\"wp-page\" data-elementor-id=\"16848\" class=\"elementor elementor-16848\" data-elementor-post-type=\"page\">\n\t\t\t\t<div class=\"elementor-element elementor-element-ac866c5 e-flex e-con-boxed e-con e-parent\" data-id=\"ac866c5\" data-element_type=\"container\">\n\t\t\t\t\t<div class=\"e-con-inner\">\n\t\t\t\t<div class=\"elementor-element elementor-element-081d5af elementor-widget elementor-widget-heading\" data-id=\"081d5af\" data-element_type=\"widget\" data-widget_type=\"heading.default\">\n\t\t\t\t\t<h1 class=\"elementor-heading-title elementor-size-default\"><a href=\"https:\/\/shop.yipinqian.com\/vi\/sg-jadeite-jade-online-store\/\">Singapore Jade Shop Specializing in Jadeite Jewelry (Click Here To View All Products)<\/a><\/h1>\t\t\t\t<\/div>\n\t\t\t\t\t<\/div>\n\t\t\t\t<\/div>\n\t\t<div class=\"elementor-element elementor-element-6fd737a e-flex e-con-boxed e-con e-parent\" data-id=\"6fd737a\" data-element_type=\"container\">\n\t\t\t\t\t<div class=\"e-con-inner\">\n\t\t\t\t<div class=\"elementor-element elementor-element-6b56cd5 elementor-widget elementor-widget-image\" data-id=\"6b56cd5\" data-element_type=\"widget\" data-widget_type=\"image.default\">\n\t\t\t\t\t\t\t\t\t\t\t\t<figure class=\"wp-caption\">\n\t\t\t\t\t\t\t\t\t\t<img decoding=\"async\" src=\"https:\/\/shop.yipinqian.com\/wp-content\/uploads\/elementor\/thumbs\/23f48e585ce3481682defb013acc5869_tplv-aphluv4xwc-origin-jpeg-qytt6iiqa7n568w6cj631ggk542a09bz8hz34ufans.jpg\" title=\"Singapore Jadeite Jade Shop Online Store &#8211; a hand holding a jade Lavender Pixiu pendant\" alt=\"Singapore Jadeite Jade Shop Online Store - a hand holding a jade Lavender Pixiu pendant\" loading=\"lazy\" \/>\t\t\t\t\t\t\t\t\t\t\t<figcaption class=\"widget-image-caption wp-caption-text\">Shop online in our Singapore Jadeite Jade Shop with unique one to one listings Jadeite Jades Jewelry<\/figcaption>\n\t\t\t\t\t\t\t\t\t\t<\/figure>\n\t\t\t\t\t\t\t\t\t<\/div>\n\t\t\t\t\t<\/div>\n\t\t\t\t<\/div>\n\t\t<div class=\"elementor-element elementor-element-362d87c e-flex e-con-boxed e-con e-parent\" data-id=\"362d87c\" data-element_type=\"container\">\n\t\t\t\t\t<div class=\"e-con-inner\">\n\t\t\t\t<div class=\"elementor-element elementor-element-c94b83f elementor-widget elementor-widget-heading\" data-id=\"c94b83f\" data-element_type=\"widget\" data-widget_type=\"heading.default\">\n\t\t\t\t\t<h2 class=\"elementor-heading-title elementor-size-default\">C\u1eeda h\u00e0ng tr\u1ef1c tuy\u1ebfn Singapore Jadeite Jade Shop <br><\/h2>\t\t\t\t<\/div>\n\t\t\t\t\t<\/div>\n\t\t\t\t<\/div>\n\t\t<div class=\"elementor-element elementor-element-ee887ac e-flex e-con-boxed e-con e-parent\" data-id=\"ee887ac\" data-element_type=\"container\">\n\t\t\t\t\t<div class=\"e-con-inner\">\n\t\t\t\t<div class=\"elementor-element elementor-element-40f03c9 elementor-widget elementor-widget-text-editor\" data-id=\"40f03c9\" data-element_type=\"widget\" data-widget_type=\"text-editor.default\">\n\t\t\t\t\t\t\t\t\t<p>Presently, we have multiple online stores on different platform such as Tiktok, Lazada. Also, we also have one other online store website, to visit please click here: <a title=\"C\u1eeda h\u00e0ng tr\u1ef1c tuy\u1ebfn b\u00ean ngo\u00e0i c\u1ee7a Yi Pin Qian v\u1edbi \u0111\u1ed3 trang s\u1ee9c b\u1eb1ng ng\u1ecdc b\u00edch Jadeite\" href=\"https:\/\/www.yipinqian.com.sg\/\" target=\"_blank\" rel=\"noopener\">C\u1eeda h\u00e0ng tr\u1ef1c tuy\u1ebfn Singapore Jadeite Jade<\/a><\/p><p><strong style=\"color: var( --e-global-color-text );\">Alternative: you may also click the below button to browse our products here,\u00a0<\/strong><\/p><blockquote><p><strong style=\"color: var( --e-global-color-text );\"><a title=\"\u0110\u1ec3 xem Nh\u1eabn \u0111\u00ednh h\u00f4n b\u1eb1ng v\u00e0ng 18k c\u1ee7a ch\u00fang t\u00f4i\" href=\"https:\/\/shop.yipinqian.com\/vi\/18k-gold-ring-setting\/\">Nh\u1eabn v\u00e0ng 18k<\/a> &#8211; <a title=\"\u0110\u1ec3 xem v\u00f2ng tay \/ v\u00f2ng \u0111eo tay c\u1ee7a ch\u00fang t\u00f4i\" href=\"https:\/\/shop.yipinqian.com\/vi\/bracelets-bangles-s925-18k-gold-setting\/\">V\u00f2ng tay<\/a> &#8211; <a title=\"\u0110\u1ec3 xem s\u1ea3n ph\u1ea9m S925 Silver Jadeite Setting c\u1ee7a ch\u00fang t\u00f4i\" href=\"https:\/\/shop.yipinqian.com\/vi\/sterling-silver-925\/\">C\u00e0i \u0111\u1eb7t b\u1ea1c S925<\/a> &#8211; <a title=\"Xem t\u1ea5t c\u1ea3 c\u00e1c m\u1eb7t d\u00e2y chuy\u1ec1n ng\u1ecdc b\u00edch Jadeite c\u1ee7a ch\u00fang t\u00f4i\" href=\"https:\/\/shop.yipinqian.com\/vi\/jadeite-pendants\/\">M\u1eb7t d\u00e2y chuy\u1ec1n Jadeite<\/a> &#8211; <a title=\"C\u1eeda h\u00e0ng c\u1ee7a ch\u00fang t\u00f4i S\u1ea3n ph\u1ea9m m\u1edbi nh\u1ea5t Trang s\u1ea3n ph\u1ea9m - Jadeite Jade\" href=\"https:\/\/shop.yipinqian.com\/vi\/sg-latest-arrival\/\">H\u00e0ng m\u1edbi nh\u1ea5t<\/a>\u00a0&#8211; <a title=\"\u0110\u1ec3 xem h\u1ed7n h\u1ee3p t\u1ea5t c\u1ea3 c\u00e1c s\u1ea3n ph\u1ea9m ch\u1ebf t\u00e1c ng\u1ecdc b\u00edch v\u00e0ng 18k\" href=\"https:\/\/shop.yipinqian.com\/vi\/18k-gold-jadeites\/\">Ng\u1ecdc b\u00edch v\u00e0ng 18k<\/a>\u00a0&#8211; <a title=\"T\u1ea5t c\u1ea3 s\u1ea3n ph\u1ea9m nh\u1eabn Jadeite Xem t\u1ea1i \u0111\u00e2y\" href=\"https:\/\/shop.yipinqian.com\/vi\/jadeite-rings-2\/\">Nh\u1eabn Ng\u1ecdc B\u00edch<\/a> &#8211; <a title=\"\u0110\u1ecdc Ch\u00ednh s\u00e1ch v\u1eadn chuy\u1ec3n qu\u1ed1c t\u1ebf c\u1ee7a c\u1eeda h\u00e0ng tr\u1ef1c tuy\u1ebfn c\u1ee7a c\u00f4ng ty ch\u00fang t\u00f4i\" href=\"https:\/\/shop.yipinqian.com\/vi\/jadeite-jade-shipping-policy\/\">Ch\u00ednh s\u00e1ch v\u1eadn chuy\u1ec3n qu\u1ed1c t\u1ebf<\/a>\u00a0&#8211; <a title=\"Value Picking By Yi Pin Qian Singapore&#039;s Precious Jadeite Jades\" href=\"https:\/\/shop.yipinqian.com\/vi\/product-category\/value-picks\/\">Value Picks<\/a> &#8211; <a title=\"Carefully Chosen Inserts Into Heirloom Category\" href=\"https:\/\/shop.yipinqian.com\/vi\/product-category\/heirloom-grade\/\">Heirloom Grades<\/a> &#8211; <a title=\"Special Collection Jadeite&#039;s Vault\" href=\"https:\/\/shop.yipinqian.com\/vi\/product-category\/vault-collection\/\">Jadeite&#8217;s Vault Collections<\/a><\/strong><\/p><p><b>Our association with the leading supplier of exclusive distribution rough jadeite jades enables us to offer exceptionally high-quality finished jadeite products.<\/b><\/p><\/blockquote>\t\t\t\t\t\t\t\t<\/div>\n\t\t\t\t\t<\/div>\n\t\t\t\t<\/div>\n\t\t<div class=\"elementor-element elementor-element-5ca2edb e-flex e-con-boxed e-con e-parent\" data-id=\"5ca2edb\" data-element_type=\"container\">\n\t\t\t\t\t<div class=\"e-con-inner\">\n\t\t\t\t<div class=\"elementor-element elementor-element-fd1a832 elementor-align-center elementor-widget elementor-widget-button\" data-id=\"fd1a832\" data-element_type=\"widget\" data-widget_type=\"button.default\">\n\t\t\t\t\t\t\t\t\t\t<a class=\"elementor-button elementor-button-link elementor-size-sm\" href=\"https:\/\/shop.yipinqian.com\/vi\/sg-jadeite-jade-online-store\/\" target=\"_blank\">\n\t\t\t\t\t\t<span class=\"elementor-button-content-wrapper\">\n\t\t\t\t\t\t\t\t\t<span class=\"elementor-button-text\">To View Investment Grade Jadeite Singapore - All Products Please Click Here<\/span>\n\t\t\t\t\t<\/span>\n\t\t\t\t\t<\/a>\n\t\t\t\t\t\t\t\t<\/div>\n\t\t\t\t\t<\/div>\n\t\t\t\t<\/div>\n\t\t<div class=\"elementor-element elementor-element-085948c e-flex e-con-boxed e-con e-parent\" data-id=\"085948c\" data-element_type=\"container\">\n\t\t\t\t\t<div class=\"e-con-inner\">\n\t\t\t\t<div class=\"elementor-element elementor-element-f966f3b elementor-widget elementor-widget-html\" data-id=\"f966f3b\" data-element_type=\"widget\" data-widget_type=\"html.default\">\n\t\t\t\t\t<p style=\"text-align: center;\"><strong>YPQ - Your Precious Quintessential Podcast in Mandarin<\/strong><audio controls=\"controls\" style=\"width: 100%; margin: 20px 0; border-radius: 8px;\">\n  <source src=\"https:\/\/shop.yipinqian.com\/wp-content\/uploads\/2025\/03\/yipinqianfirstpagepodcast.mp3\" type=\"audio\/mpeg\">\n<\/source><\/audio><\/p>\t\t\t\t<\/div>\n\t\t\t\t\t<\/div>\n\t\t\t\t<\/div>\n\t\t<div class=\"elementor-element elementor-element-7fa15b6 e-flex e-con-boxed e-con e-parent\" data-id=\"7fa15b6\" data-element_type=\"container\">\n\t\t\t\t\t<div class=\"e-con-inner\">\n\t\t\t\t<div class=\"elementor-element elementor-element-c040bd3 elementor-widget elementor-widget-text-editor\" data-id=\"c040bd3\" data-element_type=\"widget\" data-widget_type=\"text-editor.default\">\n\t\t\t\t\t\t\t\t\t<p><b>In the SG Jadeite Jade Online Store, one can discover an extensive and remarkable selection of highly sophisticated natural jadeite jade products. Our truly exquisite jadeite collection showcases a diverse and extensive range of items such as rings, pendants, bracelets, bangles, and many more to purchase gift for your family, your love, friends or yourself. All these beautiful pieces are meticulously crafted with 18k gold and s925 settings, ensuring the highest quality and elegance. Explore the wide and varied array of\u00a0 online stores in Yi Pin Qian to find your ideal and perfect jadeite piece. Visit our dedicated jadeite jade shop product page on our website to commence your search for the ideal and stunning jadeite jewellery.<\/b><\/p>\t\t\t\t\t\t\t\t<\/div>\n\t\t\t\t\t<\/div>\n\t\t\t\t<\/div>\n\t\t<div class=\"elementor-element elementor-element-e91bc63 e-flex e-con-boxed e-con e-parent\" data-id=\"e91bc63\" data-element_type=\"container\">\n\t\t\t\t\t<div class=\"e-con-inner\">\n\t\t\t\t<div class=\"elementor-element elementor-element-e273530 elementor-widget elementor-widget-image\" data-id=\"e273530\" data-element_type=\"widget\" data-widget_type=\"image.default\">\n\t\t\t\t\t\t\t\t\t\t\t\t<figure class=\"wp-caption\">\n\t\t\t\t\t\t\t\t\t\t\t<a href=\"https:\/\/shop.yipinqian.com\/vi\/18k-gold-earrings\/\">\n\t\t\t\t\t\t\t<img decoding=\"async\" src=\"https:\/\/shop.yipinqian.com\/wp-content\/uploads\/elementor\/thumbs\/66bcc92875d547a89aec31604775b7ba_tplv-aphluv4xwc-origin-jpeg-qzgfid7fpsu1ubzdcyycy7cd1fyhx48g4hvs61inqw.jpg\" title=\"Singapore SG jadeite jade shop &#8211; a hand holding a pair of earrings &#8211; Heart Shape Cabochons &#8211; Apple Design\" alt=\"Singapore SG jadeite jade shop - a hand holding a pair of earrings - Heart Shape Cabochons - Apple Design\" loading=\"lazy\" \/>\t\t\t\t\t\t\t\t<\/a>\n\t\t\t\t\t\t\t\t\t\t\t<figcaption class=\"widget-image-caption wp-caption-text\">18k Gold Heart Shape Cabochons Apple Design Stud Earrings<\/figcaption>\n\t\t\t\t\t\t\t\t\t\t<\/figure>\n\t\t\t\t\t\t\t\t\t<\/div>\n\t\t\t\t\t<\/div>\n\t\t\t\t<\/div>\n\t\t<div class=\"elementor-element elementor-element-66b1906 e-flex e-con-boxed e-con e-parent\" data-id=\"66b1906\" data-element_type=\"container\">\n\t\t\t\t\t<div class=\"e-con-inner\">\n\t\t\t\t<div class=\"elementor-element elementor-element-7fa9089 elementor-widget elementor-widget-heading\" data-id=\"7fa9089\" data-element_type=\"widget\" data-widget_type=\"heading.default\">\n\t\t\t\t\t<h2 class=\"elementor-heading-title elementor-size-default\">Why Choose Our Online Jade Shop in Singapore?<\/h2>\t\t\t\t<\/div>\n\t\t\t\t\t<\/div>\n\t\t\t\t<\/div>\n\t\t<div class=\"elementor-element elementor-element-eb497eb e-flex e-con-boxed e-con e-parent\" data-id=\"eb497eb\" data-element_type=\"container\">\n\t\t\t\t\t<div class=\"e-con-inner\">\n\t\t\t\t<div class=\"elementor-element elementor-element-60729f3 elementor-widget elementor-widget-text-editor\" data-id=\"60729f3\" data-element_type=\"widget\" data-widget_type=\"text-editor.default\">\n\t\t\t\t\t\t\t\t\t<p>In the SG Jadeite Jade Online Store, a veritable treasure trove awaits enthusiasts of fine gemstones. Here, one can discover an extensive and remarkable selection of highly sophisticated jadeite products that are bound to captivate the eye and stir the soul. Our collection is not just a random assortment; it is a curated showcase of the finest jadeite craftsmanship.<\/p><p>Our truly exquisite jadeite collection showcases a diverse and extensive range of items such as rings, each designed to adorn the finger with a touch of luxury. The pendants are works of art, capable of becoming the centerpiece of any outfit, hanging gracefully around the neck. Bracelets and bangles, on the other hand, offer a seamless blend of style and tradition, wrapping around the wrist with elegance. And this is just the tip of the iceberg, as there are many more items waiting to be explored.<br \/>All these beautiful pieces are meticulously crafted with 18k gold and s925 settings.\u00a0<\/p><p>The 18k gold, with its rich and lustrous hue, provides a perfect backdrop for the jadeite, enhancing its natural beauty. The s925 settings, known for their durability and quality, ensure that every piece of jewellery is not only stunning but also long &#8211; lasting. This combination of materials guarantees the highest quality and elegance, making our jadeite products stand out in the crowded market of precious jewellery.<\/p><p>When you step into the world of Yi Pin Qian, it&#8217;s like entering a wonderland of jade. Explore the wide and varied array of in our online stores or seller&#8217;s platforms of Yi Pin Qian to find your ideal and perfect natural jadeite jade piece in our sg online jade shop. Our online store has its own unique charm, offering a different perspective on jadeite design and craftsmanship. Whether you&#8217;re looking for a classic, timeless piece or a modern, avant &#8211; garde creation, Yi Pin Qian has something to offer.<\/p><p style=\"text-align: center;\"><strong>Click Here to\u00a0<a title=\"To View - Investment Grade Jadeite Singapore\" href=\"https:\/\/shop.yipinqian.com\/vi\/sg-jadeite-jade-online-store\/\" target=\"_blank\" rel=\"noopener\">Enter Our Jade Shop Online Store<\/a><\/strong><\/p><p>For those who prefer the convenience of online shopping, visit our dedicated jadeite jade shop product page on our website to commence your search for the ideal and stunning jadeite jewellery. Our website is designed to be user &#8211; friendly, with high &#8211; resolution images and detailed descriptions of each product. You can easily browse through our extensive catalogue, compare different items, and make an informed decision. At our online jade shop, we strive to provide an unforgettable shopping experience, ensuring that you find the perfect gift for yourself or someone you love, and own the jadeite piece that speaks to you.\u00a0<\/p>\t\t\t\t\t\t\t\t<\/div>\n\t\t\t\t\t<\/div>\n\t\t\t\t<\/div>\n\t\t<div class=\"elementor-element elementor-element-7aa6031 e-flex e-con-boxed e-con e-parent\" data-id=\"7aa6031\" data-element_type=\"container\">\n\t\t\t\t\t<div class=\"e-con-inner\">\n\t\t\t\t<div class=\"elementor-element elementor-element-caa4a14 elementor-widget elementor-widget-heading\" data-id=\"caa4a14\" data-element_type=\"widget\" data-widget_type=\"heading.default\">\n\t\t\t\t\t<h2 class=\"elementor-heading-title elementor-size-default\">Your Premier Jade Shop in Singapore<\/h2>\t\t\t\t<\/div>\n\t\t\t\t\t<\/div>\n\t\t\t\t<\/div>\n\t\t<div class=\"elementor-element elementor-element-f5416f1 e-flex e-con-boxed e-con e-parent\" data-id=\"f5416f1\" data-element_type=\"container\">\n\t\t\t\t\t<div class=\"e-con-inner\">\n\t\t\t\t<div class=\"elementor-element elementor-element-5ab2712 elementor-widget elementor-widget-text-editor\" data-id=\"5ab2712\" data-element_type=\"widget\" data-widget_type=\"text-editor.default\">\n\t\t\t\t\t\t\t\t\t<p dir=\"auto\" style=\"text-align: center;\">At Yi Pin Qian, we\u2019re more than just a jadeite specialist &#8211; we\u2019re your go to online jade shop for all things jade. Discover our curated online collection of jadeite jewelry and nephrite jewelry, crafted with care to celebrate the timeless beauty of jade.<\/p>\t\t\t\t\t\t\t\t<\/div>\n\t\t\t\t\t<\/div>\n\t\t\t\t<\/div>\n\t\t\t\t<\/div>","protected":false},"excerpt":{"rendered":"<p>Singapore Jade Shop Specializing in Jadeite Jewelry (Click Here To View All Products) Shop online in our Singapore Jadeite Jade Shop with unique one to one listings Jadeite Jades Jewelry Singapore Jadeite Jade Shop Online Store Presently, we have multiple online stores on different platform such as Tiktok, Lazada. Also, we also have one other [&hellip;]<\/p>","protected":false},"author":1,"featured_media":0,"parent":0,"menu_order":0,"comment_status":"closed","ping_status":"closed","template":"","meta":{"footnotes":""},"class_list":["post-16848","page","type-page","status-publish","hentry"],"_links":{"self":[{"href":"https:\/\/shop.yipinqian.com\/vi\/wp-json\/wp\/v2\/pages\/16848","targetHints":{"allow":["GET"]}}],"collection":[{"href":"https:\/\/shop.yipinqian.com\/vi\/wp-json\/wp\/v2\/pages"}],"about":[{"href":"https:\/\/shop.yipinqian.com\/vi\/wp-json\/wp\/v2\/types\/page"}],"author":[{"embeddable":true,"href":"https:\/\/shop.yipinqian.com\/vi\/wp-json\/wp\/v2\/users\/1"}],"replies":[{"embeddable":true,"href":"https:\/\/shop.yipinqian.com\/vi\/wp-json\/wp\/v2\/comments?post=16848"}],"version-history":[{"count":0,"href":"https:\/\/shop.yipinqian.com\/vi\/wp-json\/wp\/v2\/pages\/16848\/revisions"}],"wp:attachment":[{"href":"https:\/\/shop.yipinqian.com\/vi\/wp-json\/wp\/v2\/media?parent=16848"}],"curies":[{"name":"wp","href":"https:\/\/api.w.org\/{rel}","templated":true}]}}