{"id":11906,"date":"2024-11-18T13:14:38","date_gmt":"2024-11-18T05:14:38","guid":{"rendered":"https:\/\/shop.yipinqian.com\/?page_id=11906"},"modified":"2025-01-24T05:06:58","modified_gmt":"2025-01-23T21:06:58","slug":"jade-shop-singapore","status":"publish","type":"page","link":"https:\/\/shop.yipinqian.com\/vi\/jade-shop-singapore\/","title":{"rendered":"C\u1eeda h\u00e0ng Jade Singapore"},"content":{"rendered":"<div data-elementor-type=\"wp-page\" data-elementor-id=\"11906\" class=\"elementor elementor-11906\" data-elementor-post-type=\"page\">\n\t\t\t\t<div class=\"elementor-element elementor-element-9faffd4 e-con-full e-flex e-con e-parent\" data-id=\"9faffd4\" data-element_type=\"container\" data-settings=\"{&quot;background_background&quot;:&quot;gradient&quot;}\">\n\t\t<div class=\"elementor-element elementor-element-865a4c6 e-con-full e-flex e-con e-child\" data-id=\"865a4c6\" data-element_type=\"container\">\n\t\t\t\t<div class=\"elementor-element elementor-element-e1f3b14 elementor-widget elementor-widget-heading\" data-id=\"e1f3b14\" data-element_type=\"widget\" data-widget_type=\"heading.default\">\n\t\t\t\t\t<h1 class=\"elementor-heading-title elementor-size-default\">C\u1eeda h\u00e0ng trang s\u1ee9c Jade Shop Jadeite Singapore <\/h1>\t\t\t\t<\/div>\n\t\t\t\t<div class=\"elementor-element elementor-element-793bdd6 elementor-widget elementor-widget-text-editor\" data-id=\"793bdd6\" data-element_type=\"widget\" data-widget_type=\"text-editor.default\">\n\t\t\t\t\t\t\t\t\t<p>Kh\u00e1m ph\u00e1 \u0111\u1ed3 trang s\u1ee9c ng\u1ecdc b\u00edch tinh x\u1ea3o t\u1ea1i c\u1eeda h\u00e0ng ng\u1ecdc b\u00edch Singapore c\u1ee7a ch\u00fang t\u00f4i, v\u1edbi nh\u1eefng t\u00e1c ph\u1ea9m ng\u1ecdc b\u00edch cao c\u1ea5p n\u00e2ng t\u1ea7m phong c\u00e1ch v\u00e0 s\u1ef1 thanh l\u1ecbch c\u1ee7a b\u1ea1n.<\/p>\t\t\t\t\t\t\t\t<\/div>\n\t\t\t\t<div class=\"elementor-element elementor-element-0534462 elementor-widget elementor-widget-text-editor\" data-id=\"0534462\" data-element_type=\"widget\" data-widget_type=\"text-editor.default\">\n\t\t\t\t\t\t\t\t\t<p>C\u1eeda h\u00e0ng c\u1ee7a ch\u00fang t\u00f4i cung c\u1ea5p nhi\u1ec1u lo\u1ea1i Trang s\u1ee9c Jadeite, bao g\u1ed3m c\u00e1c s\u1ea3n ph\u1ea9m \u0111\u01b0\u1ee3c g\u1eafn v\u00e0ng 18k v\u00e0 B\u1ea1c S925, bao g\u1ed3m m\u1eb7t d\u00e2y chuy\u1ec1n Jadeite, v\u00f2ng tay, nh\u1eabn, thi\u1ebft k\u1ebf t\u00f9y ch\u1ec9nh v\u00e0 nhi\u1ec1u s\u1ea3n ph\u1ea9m kh\u00e1c. Kh\u00e1m ph\u00e1 c\u1eeda h\u00e0ng tr\u1ef1c tuy\u1ebfn c\u1ee7a ch\u00fang t\u00f4i \u0111\u1ec3 bi\u1ebft nhi\u1ec1u lo\u1ea1i s\u1ea3n ph\u1ea9m ng\u1ecdc b\u00edch. T\u1ecda l\u1ea1c t\u1ea1i Singapore.<\/p>\t\t\t\t\t\t\t\t<\/div>\n\t\t\t\t<div class=\"elementor-element elementor-element-37bba27 elementor-cta--skin-cover elementor-animated-content elementor-bg-transform elementor-bg-transform-zoom-in elementor-widget elementor-widget-call-to-action\" data-id=\"37bba27\" data-element_type=\"widget\" data-widget_type=\"call-to-action.default\">\n\t\t\t\t\t\t\t<div class=\"elementor-cta\">\n\t\t\t\t\t<div class=\"elementor-cta__bg-wrapper\">\n\t\t\t\t<div class=\"elementor-cta__bg elementor-bg\" style=\"background-image: url(https:\/\/shop.yipinqian.com\/wp-content\/uploads\/2024\/11\/2aceae8a09d14bdba3a36641497ca51b_tplv-aphluv4xwc-origin-jpeg-1024x1024.jpg);\" role=\"img\" aria-label=\"nh\u1eabn xanh cay s925\"><\/div>\n\t\t\t\t<div class=\"elementor-cta__bg-overlay\"><\/div>\n\t\t\t<\/div>\n\t\t\t\t\t\t\t<div class=\"elementor-cta__content\">\n\t\t\t\t\n\t\t\t\t\t\t\t\t\t<h2 class=\"elementor-cta__title elementor-cta__content-item elementor-content-item elementor-animated-item--grow\">\n\t\t\t\t\t\tNh\u1eabn Ng\u1ecdc B\u00edch S925\t\t\t\t\t<\/h2>\n\t\t\t\t\n\t\t\t\t\t\t\t\t\t<div class=\"elementor-cta__description elementor-cta__content-item elementor-content-item elementor-animated-item--grow\">\n\t\t\t\t\t\tB\u1ed9 s\u01b0u t\u1eadp Jadeite v\u1edbi nhi\u1ec1u lo\u1ea1i kh\u00e1c nhau\t\t\t\t\t<\/div>\n\t\t\t\t\n\t\t\t\t\t\t\t\t\t<div class=\"elementor-cta__button-wrapper elementor-cta__content-item elementor-content-item elementor-animated-item--grow\">\n\t\t\t\t\t<a class=\"elementor-cta__button elementor-button elementor-size-\" href=\"https:\/\/shop.yipinqian.com\/vi\/sterling-silver-925\/\">\n\t\t\t\t\t\tNh\u1ea5p v\u00e0o \u0111\u00e2y\t\t\t\t\t<\/a>\n\t\t\t\t\t<\/div>\n\t\t\t\t\t\t\t<\/div>\n\t\t\t\t\t\t\t<div class=\"elementor-ribbon\">\n\t\t\t\t<div class=\"elementor-ribbon-inner\">Ch\u1ea5t l\u01b0\u1ee3ng cao<\/div>\n\t\t\t<\/div>\n\t\t\t\t<\/div>\n\t\t\t\t\t\t<\/div>\n\t\t\t\t<div class=\"elementor-element elementor-element-06ec4de elementor-widget elementor-widget-heading\" data-id=\"06ec4de\" data-element_type=\"widget\" data-widget_type=\"heading.default\">\n\t\t\t\t\t<h2 class=\"elementor-heading-title elementor-size-default\">B\u1ea1n th\u1ef1c s\u1ef1 c\u00f3 th\u1ec3 t\u00ecm th\u1ea5y g\u00ec trong c\u1eeda h\u00e0ng tr\u1ef1c tuy\u1ebfn c\u1ee7a ch\u00fang t\u00f4i t\u1ea1i SG?<\/h2>\t\t\t\t<\/div>\n\t\t\t\t<div class=\"elementor-element elementor-element-e49b57d elementor-widget elementor-widget-text-editor\" data-id=\"e49b57d\" data-element_type=\"widget\" data-widget_type=\"text-editor.default\">\n\t\t\t\t\t\t\t\t\t<p>Trong nhi\u1ec1u n\u0103m, c\u00f4ng ty ch\u00fang t\u00f4i \u0111\u00e3 t\u1eadn t\u1ee5y mua nh\u1eefng vi\u00ean ng\u1ecdc b\u00edch jadeite qu\u00fd hi\u1ebfm v\u00e0 \u0111\u1eb7c bi\u1ec7t. Ni\u1ec1m \u0111am m\u00ea c\u1ee7a ch\u00fang t\u00f4i \u0111\u1ed1i v\u1edbi lo\u1ea1i \u0111\u00e1 qu\u00fd n\u00e0y kh\u00f4ng ch\u1ec9 d\u1eebng l\u1ea1i \u1edf vi\u1ec7c b\u00e1n h\u00e0ng; n\u00f3 th\u00fac \u0111\u1ea9y ch\u00fang t\u00f4i ti\u1ebfp t\u1ee5c theo \u0111u\u1ed5i ki\u1ebfn th\u1ee9c v\u00e0 t\u1ef1 ho\u00e0n thi\u1ec7n b\u1ea3n th\u00e2n. L\u00e0 m\u1ed9t ph\u1ea7n trong cam k\u1ebft duy tr\u00ec c\u00e1c ti\u00eau chu\u1ea9n ch\u1ea5t l\u01b0\u1ee3ng cao nh\u1ea5t, ch\u00fang t\u00f4i t\u1ec9 m\u1ec9 l\u1ef1a ch\u1ecdn t\u1eebng vi\u00ean ng\u1ecdc b\u00edch jadeite v\u1edbi quy tr\u00ecnh ki\u1ec3m so\u00e1t ch\u1ea5t l\u01b0\u1ee3ng nghi\u00eam ng\u1eb7t khi ch\u00fang \u0111\u1ebfn Singapore. B\u1ea5t k\u1ef3 s\u1ea3n ph\u1ea9m l\u1ed7i n\u00e0o c\u0169ng \u0111\u01b0\u1ee3c x\u00e1c \u0111\u1ecbnh ngay l\u1eadp t\u1ee9c v\u00e0 kh\u00f4ng \u0111\u01b0\u1ee3c b\u00e1n. S\u1ef1 t\u1eadn t\u00e2m c\u1ee7a ch\u00fang t\u00f4i trong vi\u1ec7c \u0111\u1ea3m b\u1ea3o nh\u1eefng vi\u00ean ng\u1ecdc b\u00edch jadeite t\u1ed1t nh\u1ea5t lu\u00f4n c\u00f3 s\u1eb5n trong c\u1eeda h\u00e0ng c\u1ee7a ch\u00fang t\u00f4i v\u1eabn kh\u00f4ng h\u1ec1 lay chuy\u1ec3n.<\/p>\t\t\t\t\t\t\t\t<\/div>\n\t\t\t\t<div class=\"elementor-element elementor-element-b55c7f4 elementor-widget elementor-widget-heading\" data-id=\"b55c7f4\" data-element_type=\"widget\" data-widget_type=\"heading.default\">\n\t\t\t\t\t<h2 class=\"elementor-heading-title elementor-size-default\">Kh\u00e1m ph\u00e1 M\u1eb7t d\u00e2y chuy\u1ec1n Ph\u1eadt l\u1edbn \u0111\u1ea7y m\u00ea ho\u1eb7c<\/h2>\t\t\t\t<\/div>\n\t\t\t\t<div class=\"elementor-element elementor-element-3563421 elementor-widget elementor-widget-heading\" data-id=\"3563421\" data-element_type=\"widget\" data-widget_type=\"heading.default\">\n\t\t\t\t\t<h2 class=\"elementor-heading-title elementor-size-default\">T\u00f4i c\u00f3 ch\u00fat e ng\u1ea1i khi mua Trang s\u1ee9c Jadeite tr\u1ef1c tuy\u1ebfn. B\u1ea1n c\u00f3 nh\u1eefng l\u1ef1a ch\u1ecdn n\u00e0o?<\/h2>\t\t\t\t<\/div>\n\t\t\t\t<div class=\"elementor-element elementor-element-4751220 elementor-widget elementor-widget-text-editor\" data-id=\"4751220\" data-element_type=\"widget\" data-widget_type=\"text-editor.default\">\n\t\t\t\t\t\t\t\t\t<p>Trong nhi\u1ec1u n\u0103m, ch\u00fang t\u00f4i \u0111\u00e3 ph\u1ea3i v\u1eadt l\u1ed9n tr\u00ean th\u1ecb tr\u01b0\u1eddng \u1ea3o c\u1ee7a Lazada, Shopee, Carousel, Tiktok, Facebook Online v\u00e0 Qoo10. V\u00e0 \u0111\u1ec3 t\u00f4i n\u00f3i cho b\u1ea1n bi\u1ebft, ch\u00fang t\u00f4i \u0111\u00e3 nh\u1eadn \u0111\u01b0\u1ee3c m\u1ed9t lo\u1ea1t c\u00e1c \u0111\u00e1nh gi\u00e1 c\u00e1 nh\u00e2n t\u1eeb nh\u1eefng kh\u00e1ch h\u00e0ng \u0111\u00e1ng y\u00eau c\u1ee7a m\u00ecnh t\u1ea1i Singapore. B\u00e2y gi\u1edd, h\u00e3y chu\u1ea9n b\u1ecb tinh th\u1ea7n cho \u0111i\u1ec1u n\u00e0y, v\u00ec n\u00f3 r\u1ea5t kh\u00f3 kh\u0103n! R\u00f5 r\u00e0ng l\u00e0 m\u1ed9t s\u1ed1 ng\u01b0\u1eddi ngo\u00e0i kia ngh\u0129 r\u1eb1ng h\u1ecd c\u00f3 th\u1ec3 cho c\u00e1c b\u01b0u ki\u1ec7n c\u1ee7a ch\u00fang t\u00f4i bay b\u1ea5t ch\u1ea5p tr\u1ecdng l\u1ef1c t\u1eeb m\u1ed9t t\u1ea7ng cao m\u00e0 kh\u00f4ng h\u1ec1 b\u1ecb tr\u1ea7y x\u01b0\u1edbc. V\u00e2ng, b\u1ea1n nghe \u0111\u00fang r\u1ed3i \u0111\u1ea5y! H\u1ecd \u0111\u00e3 g\u1eafn nh\u00e3n bao b\u00ec c\u1ee7a ch\u00fang t\u00f4i l\u00e0 Kiasu. \u1ed2, nh\u1eefng \u0111i\u1ec1u ch\u00fang ta h\u1ecdc \u0111\u01b0\u1ee3c!<\/p>\t\t\t\t\t\t\t\t<\/div>\n\t\t\t\t<div class=\"elementor-element elementor-element-6e6712d elementor-widget elementor-widget-video\" data-id=\"6e6712d\" data-element_type=\"widget\" data-settings=\"{&quot;video_type&quot;:&quot;hosted&quot;,&quot;mute&quot;:&quot;yes&quot;,&quot;controls&quot;:&quot;yes&quot;}\" data-widget_type=\"video.default\">\n\t\t\t\t\t\t\t<div class=\"e-hosted-video elementor-wrapper elementor-open-inline\">\n\t\t\t\t\t<video class=\"elementor-video\" src=\"https:\/\/shop.yipinqian.com\/wp-content\/uploads\/2024\/11\/parcelpackaging.mp4\" controls=\"\" preload=\"metadata\" muted=\"muted\" controlslist=\"nodownload\" poster=\"https:\/\/shop.yipinqian.com\/wp-content\/uploads\/2024\/11\/posterimage.jpg\"><\/video>\n\t\t\t\t<\/div>\n\t\t\t\t\t\t<\/div>\n\t\t\t\t<\/div>\n\t\t<div class=\"elementor-element elementor-element-b40b655 e-con-full e-flex e-con e-child\" data-id=\"b40b655\" data-element_type=\"container\">\n\t\t\t\t<div class=\"elementor-element elementor-element-9703b4d elementor-widget elementor-widget-theme-post-featured-image elementor-widget-image\" data-id=\"9703b4d\" data-element_type=\"widget\" data-widget_type=\"theme-post-featured-image.default\">\n\t\t\t\t\t\t\t\t\t\t\t\t\t\t\t<img fetchpriority=\"high\" decoding=\"async\" width=\"1080\" height=\"1080\" src=\"https:\/\/shop.yipinqian.com\/wp-content\/uploads\/2024\/11\/715d03ee04694ebaabca0918bb36e1e8_tplv-aphluv4xwc-origin-jpeg.jpg\" class=\"attachment-2048x2048 size-2048x2048 wp-image-11584\" alt=\"M\u1eb7t d\u00e2y chuy\u1ec1n ng\u1ecdc b\u00edch Milo Buddha t\u1ea1i c\u1eeda h\u00e0ng ng\u1ecdc b\u00edch Singapore\" srcset=\"https:\/\/shop.yipinqian.com\/wp-content\/uploads\/2024\/11\/715d03ee04694ebaabca0918bb36e1e8_tplv-aphluv4xwc-origin-jpeg.jpg 1080w, https:\/\/shop.yipinqian.com\/wp-content\/uploads\/2024\/11\/715d03ee04694ebaabca0918bb36e1e8_tplv-aphluv4xwc-origin-jpeg-300x300.jpg 300w, https:\/\/shop.yipinqian.com\/wp-content\/uploads\/2024\/11\/715d03ee04694ebaabca0918bb36e1e8_tplv-aphluv4xwc-origin-jpeg-1024x1024.jpg 1024w, https:\/\/shop.yipinqian.com\/wp-content\/uploads\/2024\/11\/715d03ee04694ebaabca0918bb36e1e8_tplv-aphluv4xwc-origin-jpeg-150x150.jpg 150w, https:\/\/shop.yipinqian.com\/wp-content\/uploads\/2024\/11\/715d03ee04694ebaabca0918bb36e1e8_tplv-aphluv4xwc-origin-jpeg-768x768.jpg 768w, https:\/\/shop.yipinqian.com\/wp-content\/uploads\/2024\/11\/715d03ee04694ebaabca0918bb36e1e8_tplv-aphluv4xwc-origin-jpeg-80x80.jpg 80w, https:\/\/shop.yipinqian.com\/wp-content\/uploads\/2024\/11\/715d03ee04694ebaabca0918bb36e1e8_tplv-aphluv4xwc-origin-jpeg-500x500.jpg 500w, https:\/\/shop.yipinqian.com\/wp-content\/uploads\/2024\/11\/715d03ee04694ebaabca0918bb36e1e8_tplv-aphluv4xwc-origin-jpeg-100x100.jpg 100w\" sizes=\"(max-width: 1080px) 100vw, 1080px\" \/>\t\t\t\t\t\t\t\t\t\t\t\t\t\t\t<\/div>\n\t\t\t\t<div class=\"elementor-element elementor-element-45873ca elementor-widget elementor-widget-heading\" data-id=\"45873ca\" data-element_type=\"widget\" data-widget_type=\"heading.default\">\n\t\t\t\t\t<h2 class=\"elementor-heading-title elementor-size-default\">V\u00f2ng tay ng\u1ecdc b\u00edch Icy Yellow Jadeite<\/h2>\t\t\t\t<\/div>\n\t\t\t\t<div class=\"elementor-element elementor-element-37c1914 elementor-widget elementor-widget-text-editor\" data-id=\"37c1914\" data-element_type=\"widget\" data-widget_type=\"text-editor.default\">\n\t\t\t\t\t\t\t\t\t<p><strong>Thi\u1ebft k\u1ebf tinh t\u1ebf: 27 h\u1ea1t c\u00f3 k\u00edch th\u01b0\u1edbc 7,3mm \u0111\u01b0\u1ee3c ch\u1ebf t\u00e1c tinh x\u1ea3o, t\u1ea1o n\u00ean s\u1ef1 t\u01b0\u01a1ng ph\u1ea3n tuy\u1ec7t \u0111\u1eb9p gi\u1eefa c\u00e1c h\u1ea1t m\u00e0u v\u00e0ng nh\u1ea1t v\u00e0 \u0111\u1ecf n\u1ed5i.<\/strong><\/p>\t\t\t\t\t\t\t\t<\/div>\n\t\t\t\t<div class=\"elementor-element elementor-element-b78f870 elementor-widget elementor-widget-heading\" data-id=\"b78f870\" data-element_type=\"widget\" data-widget_type=\"heading.default\">\n\t\t\t\t\t<h2 class=\"elementor-heading-title elementor-size-default\">C\u00f3 m\u1eb9o n\u00e0o khi mua Jadeite kh\u00f4ng?<\/h2>\t\t\t\t<\/div>\n\t\t\t\t<div class=\"elementor-element elementor-element-76d7d98 elementor-widget elementor-widget-text-editor\" data-id=\"76d7d98\" data-element_type=\"widget\" data-widget_type=\"text-editor.default\">\n\t\t\t\t\t\t\t\t\t<p>\u0110\u1ea7u t\u01b0 v\u00e0o \u0111\u1ed3 trang s\u1ee9c Jadeite l\u00e0 m\u1ed9t n\u1ed7 l\u1ef1c quan tr\u1ecdng v\u01b0\u1ee3t ra ngo\u00e0i s\u1edf th\u00edch \u0111\u01a1n thu\u1ea7n. \u0110i\u1ec1u quan tr\u1ecdng l\u00e0 ph\u1ea3i ti\u1ebfp c\u1eadn n\u00f3 m\u1ed9t c\u00e1ch th\u1eadn tr\u1ecdng \u0111\u1ec3 tr\u00e1nh t\u00edch l\u0169y nh\u1eefng m\u00f3n \u0111\u1ed3 v\u00f4 gi\u00e1 tr\u1ecb trong khi tin r\u1eb1ng ch\u00fang c\u00f3 gi\u00e1 tr\u1ecb ti\u1ec1m n\u0103ng trong t\u01b0\u01a1ng lai c\u00f3 th\u1ec3 \u0111\u01b0\u1ee3c truy\u1ec1n l\u1ea1i nh\u01b0 m\u1ed9t v\u1eadt gia truy\u1ec1n c\u00f3 gi\u00e1 tr\u1ecb v\u1edbi l\u1ee3i \u00edch t\u00e0i ch\u00ednh.<\/p><p>\u0110\u1ea7u t\u01b0 v\u00e0o Jadeite \u0111\u1eaft ti\u1ec1n ch\u01b0a ch\u1eafc \u0111\u00e3 \u0111\u1ea3m b\u1ea3o l\u1ee3i nhu\u1eadn t\u1ed1t nh\u1ea5t, trong khi l\u1ef1a ch\u1ecdn Jadeite r\u1ebb h\u01a1n c\u00f3 th\u1ec3 s\u1ebd kh\u00f4ng mang l\u1ea1i kho\u1ea3n \u0111\u1ea7u t\u01b0 x\u1ee9ng \u0111\u00e1ng. \u2013 Ch\u00fang t\u00f4i hy v\u1ecdng \u0111i\u1ec1u n\u00e0y s\u1ebd mang l\u1ea1i \u00e1nh s\u00e1ng cho b\u1ea5t k\u1ef3 ai \u0111\u1ecdc.<\/p>\t\t\t\t\t\t\t\t<\/div>\n\t\t\t\t<div class=\"elementor-element elementor-element-8ddd779 elementor-widget elementor-widget-heading\" data-id=\"8ddd779\" data-element_type=\"widget\" data-widget_type=\"heading.default\">\n\t\t\t\t\t<h2 class=\"elementor-heading-title elementor-size-default\">B\u1ea1n \u0111\u00e3 s\u1eb5n s\u00e0ng k\u1ebft th\u00fac b\u00e0i \u0111\u1ecdc ch\u01b0a? \u0110\u00e3 \u0111\u1ebfn l\u00fac h\u00e0nh \u0111\u1ed9ng ho\u1eb7c ch\u1ec9 c\u1ea7n nh\u1ea5n n\u00fat Enter v\u00e0 b\u01b0\u1edbc v\u00e0o c\u1eeda h\u00e0ng tuy\u1ec7t v\u1eddi c\u1ee7a ch\u00fang t\u00f4i!<\/h2>\t\t\t\t<\/div>\n\t\t\t\t<div class=\"elementor-element elementor-element-3c077d2 elementor-widget elementor-widget-heading\" data-id=\"3c077d2\" data-element_type=\"widget\" data-widget_type=\"heading.default\">\n\t\t\t\t\t<h2 class=\"elementor-heading-title elementor-size-default\">Ho\u1eb7c b\u1ea1n c\u1ea7n th\u00eam th\u00f4ng tin v\u1ec1 ng\u1ecdc b\u00edch?<\/h2>\t\t\t\t<\/div>\n\t\t\t\t<div class=\"elementor-element elementor-element-4dee7a0 elementor-widget elementor-widget-text-editor\" data-id=\"4dee7a0\" data-element_type=\"widget\" data-widget_type=\"text-editor.default\">\n\t\t\t\t\t\t\t\t\t<p>\u0110\u1eebng qu\u00ean \u0111\u00e1nh d\u1ea5u trang c\u1ee7a ch\u00fang t\u00f4i, m\u1eb7c d\u00f9 b\u1ea1n c\u00f3 th\u1ec3 d\u1ec5 d\u00e0ng t\u00ecm th\u1ea5y ch\u00fang t\u00f4i th\u00f4ng qua c\u00e1c c\u00f4ng c\u1ee5 t\u00ecm ki\u1ebfm. Nh\u01b0ng n\u00e0y, ai bi\u1ebft \u0111\u01b0\u1ee3c, b\u1ea1n c\u00f3 th\u1ec3 l\u1ea1c m\u1ea5t ch\u00fang t\u00f4i trong kh\u00f4ng gian m\u1ea1ng m\u00eanh m\u00f4ng! V\u1eady th\u00ec, th\u00e0 ph\u00f2ng c\u00f2n h\u01a1n ch\u1eefa, \u0111\u00fang kh\u00f4ng?<\/p>\t\t\t\t\t\t\t\t<\/div>\n\t\t\t\t<div class=\"elementor-element elementor-element-5ffad9a elementor-cta--skin-cover elementor-animated-content elementor-bg-transform elementor-bg-transform-zoom-in elementor-widget elementor-widget-call-to-action\" data-id=\"5ffad9a\" data-element_type=\"widget\" data-widget_type=\"call-to-action.default\">\n\t\t\t\t\t\t\t<a class=\"elementor-cta\" href=\"https:\/\/jadeite.yipinqian.com\/\" rel=\"noopener\">\n\t\t\t\t\t<div class=\"elementor-cta__bg-wrapper\">\n\t\t\t\t<div class=\"elementor-cta__bg elementor-bg\" style=\"background-image: url(https:\/\/shop.yipinqian.com\/wp-content\/uploads\/2024\/11\/cd78bbf4239a44a4860755f6e957e2b5_tplv-aphluv4xwc-origin-jpeg-1024x1024.jpg);\" role=\"img\" aria-label=\"h\u00ecnh \u1ea3nh trang th\u00f4ng tin v\u1ec1 ng\u1ecdc b\u00edch\"><\/div>\n\t\t\t\t<div class=\"elementor-cta__bg-overlay\"><\/div>\n\t\t\t<\/div>\n\t\t\t\t\t\t\t<div class=\"elementor-cta__content\">\n\t\t\t\t\n\t\t\t\t\t\t\t\t\t<h2 class=\"elementor-cta__title elementor-cta__content-item elementor-content-item elementor-animated-item--grow\">\n\t\t\t\t\t\tTh\u00eam th\u00f4ng tin v\u1ec1 \u0111\u1ed3 trang s\u1ee9c ng\u1ecdc b\u00edch Jadeite\t\t\t\t\t<\/h2>\n\t\t\t\t\n\t\t\t\t\t\t\t\t\t<div class=\"elementor-cta__description elementor-cta__content-item elementor-content-item elementor-animated-item--grow\">\n\t\t\t\t\t\tH\u00e3y tham gia c\u00f9ng ch\u00fang t\u00f4i v\u00e0 nh\u1edb \u0111\u00e1nh d\u1ea5u trang n\u00e0y\t\t\t\t\t<\/div>\n\t\t\t\t\n\t\t\t\t\t\t\t\t\t<div class=\"elementor-cta__button-wrapper elementor-cta__content-item elementor-content-item elementor-animated-item--grow\">\n\t\t\t\t\t<span class=\"elementor-cta__button elementor-button elementor-size-\">\n\t\t\t\t\t\tNh\u1ea5p v\u00e0o \u0111\u00e2y\t\t\t\t\t<\/span>\n\t\t\t\t\t<\/div>\n\t\t\t\t\t\t\t<\/div>\n\t\t\t\t\t\t<\/a>\n\t\t\t\t\t\t<\/div>\n\t\t\t\t<\/div>\n\t\t\t\t<\/div>\n\t\t\t\t<\/div>","protected":false},"excerpt":{"rendered":"<p>Jade Shop Jewellery Jadeite Singapore Discover exquisite jade jewellery at our Singapore jade shop, featuring premium jadeite pieces that elevate your style and elegance. Our Store offers a wide selection of Jadeite Jewellery, including pieces set in 18k gold and S925 Silver, encompassing jadeite pendants, bracelet bangles, rings, custom designs, and much more. Explore our [&hellip;]<\/p>","protected":false},"author":1,"featured_media":11584,"parent":0,"menu_order":0,"comment_status":"closed","ping_status":"closed","template":"","meta":{"footnotes":""},"class_list":["post-11906","page","type-page","status-publish","has-post-thumbnail","hentry"],"_links":{"self":[{"href":"https:\/\/shop.yipinqian.com\/vi\/wp-json\/wp\/v2\/pages\/11906","targetHints":{"allow":["GET"]}}],"collection":[{"href":"https:\/\/shop.yipinqian.com\/vi\/wp-json\/wp\/v2\/pages"}],"about":[{"href":"https:\/\/shop.yipinqian.com\/vi\/wp-json\/wp\/v2\/types\/page"}],"author":[{"embeddable":true,"href":"https:\/\/shop.yipinqian.com\/vi\/wp-json\/wp\/v2\/users\/1"}],"replies":[{"embeddable":true,"href":"https:\/\/shop.yipinqian.com\/vi\/wp-json\/wp\/v2\/comments?post=11906"}],"version-history":[{"count":0,"href":"https:\/\/shop.yipinqian.com\/vi\/wp-json\/wp\/v2\/pages\/11906\/revisions"}],"wp:featuredmedia":[{"embeddable":true,"href":"https:\/\/shop.yipinqian.com\/vi\/wp-json\/wp\/v2\/media\/11584"}],"wp:attachment":[{"href":"https:\/\/shop.yipinqian.com\/vi\/wp-json\/wp\/v2\/media?parent=11906"}],"curies":[{"name":"wp","href":"https:\/\/api.w.org\/{rel}","templated":true}]}}