{"id":9014,"date":"2024-10-28T20:04:40","date_gmt":"2024-10-28T12:04:40","guid":{"rendered":"https:\/\/shop.yipinqian.com\/product\/high-quality-good-translucent-light-green-hue-natural-type-a-jadeite-jade-crafted-as-bean-set-on-18k-gold-as-pendant-necklace-certificate-weighs-6-88-grams-18kp68\/"},"modified":"2025-02-24T01:17:24","modified_gmt":"2025-02-23T17:17:24","slug":"high-quality-good-translucent-light-green-hue-natural-type-a-jadeite-jade-crafted-as-bean-set-on-18k-gold-as-pendant-necklace-certificate-weighs-6-88-grams-18kp68","status":"publish","type":"product","link":"https:\/\/shop.yipinqian.com\/pt\/produto\/high-quality-good-translucent-light-green-hue-natural-type-a-jadeite-jade-crafted-as-bean-set-on-18k-gold-as-pendant-necklace-certificate-weighs-6-88-grams-18kp68\/","title":{"rendered":"Alta qualidade, boa, transl\u00facida, verde claro, natural, tipo A, jade, jade, trabalhada como feij\u00e3o, cravejada em ouro 18k, como pingente, certificado de colar, pesa 6,88 gramas (18kp68)"},"content":{"rendered":"<p>This High-Quality Natural Type A Jadeite Jade Pendant Necklace features a Good Translucent Light Green Hue, crafted in the shape of a Bean and set on 18k gold.<\/p>\n<p><\/p>\n<p>Certificate numbers: GD2204H011213<\/p>\n<p><\/p>\n<p>Measurement: 46.7 * 14.8 * 7.8 (with 18k Gold)<\/p>\n<p>Jadeite measurement: 35.7 * 13.2 * 6.5 mm<\/p>\n<p>18k Gold: 2.35 grams<\/p>\n<p>Diamonds: 19 * 0.003 = 0.057 carats<\/p>\n<p><img fetchpriority=\"high\" decoding=\"async\" src=\"https:\/\/shop.yipinqian.com\/wp-content\/uploads\/2024\/10\/481451cd830f4fe2b54c430f306c8750tplv-aphluv4xwc-origin-jpeg.jpeg?dr=15568&amp;nonce=64725&amp;refresh_token=0c672d3746f2ccd61deb1573b78d2228&amp;from=476444299&amp;idc=my&amp;ps=933b5bde&amp;shcp=9b759fb9&amp;shp=1c65f68b&amp;t=555f072d\" width=\"1080\" height=\"1080\"><\/p>\n<ul>\n<li>\n<strong>Material:<\/strong> Natural Type A Jadeite Jade, 18k gold<\/li>\n<li>\n<strong>Peso:<\/strong> 6.88 grams<\/li>\n<li>\n<strong>Certificado:<\/strong> Yes (18kp68)<\/li>\n<li>\n<strong>Tipo de Jade:<\/strong> Jade\u00edta<\/li>\n<\/ul>\n<p><img decoding=\"async\" src=\"https:\/\/shop.yipinqian.com\/wp-content\/uploads\/2024\/10\/ac2cf4f9c964498e8d5eac1a2b60137btplv-aphluv4xwc-origin-jpeg.jpeg?dr=15568&amp;nonce=60472&amp;refresh_token=203de6c7aebf0ff2c517ad8665b5ff54&amp;from=476444299&amp;idc=my&amp;ps=933b5bde&amp;shcp=9b759fb9&amp;shp=1c65f68b&amp;t=555f072d\" width=\"1080\" height=\"1080\"><\/p>\n<p>The design of this pendant necklace exudes elegance and sophistication, making it suitable for daily wear for both men and women.<\/p>\n<ul>\n<li>This piece is accompanied by a certificate of authenticity ensuring the quality of the jade. The subtle green hue adds a touch of natural beauty to any casual outfit.<\/li>\n<\/ul>\n<p data-pm-slice=\"1 1 []\">Yi Pin Qian \u2013 Um negociante de pedras preciosas e metais preciosos em Cingapura \u2013 N\u00famero de licen\u00e7a PS20190000031<\/p>\n<p>\u00a0<\/p>\n<p>*Todos os Jadeites comprados de Yi Pin Qian em Cingapura, os clientes podem reservar hor\u00e1rios para polimento ou pequenos reparos por manuseio incorreto - taxas se aplicam e somente para clientes de Yi Pin Qian em Cingapura*<\/p>\n<p>\u00a0<\/p>\n<p><strong>**Tipos de Certificados**<\/strong><\/p>\n<p>\u00a0<\/p>\n<p><strong>NGI (Nan Yang Gemol\u00f3gico)<\/strong><\/p>\n<p>ou <strong>Certificados no exterior <\/strong>(Yi Pin Qian usa apenas certificados aut\u00eanticos de laborat\u00f3rios estrangeiros e tamb\u00e9m controla a qualidade de cada um dos nossos produtos antes de coloc\u00e1-los \u00e0 venda em Cingapura)<\/p>\n<p>\u00a0<\/p>\n<p>Cada produto no TikTok ter\u00e1 o tipo de certificado fornecido indicado na descri\u00e7\u00e3o. Para qualquer cliente que deseje enviar seu pedido para a NGI Singapore, haver\u00e1 um tempo de espera para entrega do pedido estimado em torno de 4 semanas para receber seu pedido. <strong>As solicita\u00e7\u00f5es de relat\u00f3rios de pedras preciosas da NGI precisam ser feitas por mensagem.<\/strong> Obrigado, <strong><u>taxas extras se aplicam<\/u><\/strong>.<\/p>\n<p>\u00a0<\/p>\n<p><strong>A jade\u00edta natural n\u00e3o \u00e9 perfeita, apenas um lembrete gentil, nossa jade\u00edta natural, como todas as coisas bonitas da natureza, vem com suas caracter\u00edsticas e varia\u00e7\u00f5es \u00fanicas. Convidamos nossos valiosos clientes a abra\u00e7ar essas varia\u00e7\u00f5es naturais. Boas compras!<\/strong><\/p>\n<p>\u00a0<\/p>\n<p><strong><u>Nenhuma das fotos e filmagens de v\u00eddeo foram filtradas. Incentivamos nossos clientes a tamb\u00e9m assistirem aos v\u00eddeos que os acompanham para uma vis\u00e3o mais abrangente de nossos produtos<\/u><\/strong><\/p>\n<p>\u00a0<\/p>\n<ul>\n<li>Diferentes plataformas s\u00f3 podem visualizar v\u00eddeos por meio do Desktop<\/li>\n<\/ul>\n<p>\u00a0<\/p>","protected":false},"excerpt":{"rendered":"<p>This High-Quality Natural Type A Jadeite Jade Pendant Necklace features a Good Translucent Light Green Hue, crafted in the shape of a Bean and set on 18k gold. Certificate numbers: GD2204H011213 Measurement: 46.7 * 14.8 * 7.8 (with 18k Gold) Jadeite measurement: 35.7 * 13.2 * 6.5 mm 18k Gold: 2.35 grams Diamonds: 19 * [&hellip;]<\/p>","protected":false},"featured_media":9129,"comment_status":"open","ping_status":"closed","template":"","meta":[],"product_brand":[],"product_cat":[195],"product_tag":[50,52,88,53,79,65,82,56,58,73,59,60,61,62],"class_list":{"0":"post-9014","1":"product","2":"type-product","3":"status-publish","4":"has-post-thumbnail","6":"product_cat-heirloom-grade","7":"product_tag-18k-gold","8":"product_tag-certified","9":"product_tag-diamonds","10":"product_tag-fine-quality","11":"product_tag-green-hue","12":"product_tag-high-quality","13":"product_tag-light-green","14":"product_tag-limited-editions","15":"product_tag-new-arrivals","16":"product_tag-pendant","17":"product_tag-translucent","18":"product_tag-type-a-jadeite","19":"product_tag-unisex","20":"product_tag-yi-pin-qian-exclusive","22":"first","23":"instock","24":"sale","25":"shipping-taxable","26":"purchasable","27":"product-type-simple"},"_links":{"self":[{"href":"https:\/\/shop.yipinqian.com\/pt\/wp-json\/wp\/v2\/product\/9014","targetHints":{"allow":["GET"]}}],"collection":[{"href":"https:\/\/shop.yipinqian.com\/pt\/wp-json\/wp\/v2\/product"}],"about":[{"href":"https:\/\/shop.yipinqian.com\/pt\/wp-json\/wp\/v2\/types\/product"}],"replies":[{"embeddable":true,"href":"https:\/\/shop.yipinqian.com\/pt\/wp-json\/wp\/v2\/comments?post=9014"}],"version-history":[{"count":0,"href":"https:\/\/shop.yipinqian.com\/pt\/wp-json\/wp\/v2\/product\/9014\/revisions"}],"wp:featuredmedia":[{"embeddable":true,"href":"https:\/\/shop.yipinqian.com\/pt\/wp-json\/wp\/v2\/media\/9129"}],"wp:attachment":[{"href":"https:\/\/shop.yipinqian.com\/pt\/wp-json\/wp\/v2\/media?parent=9014"}],"wp:term":[{"taxonomy":"product_brand","embeddable":true,"href":"https:\/\/shop.yipinqian.com\/pt\/wp-json\/wp\/v2\/product_brand?post=9014"},{"taxonomy":"product_cat","embeddable":true,"href":"https:\/\/shop.yipinqian.com\/pt\/wp-json\/wp\/v2\/product_cat?post=9014"},{"taxonomy":"product_tag","embeddable":true,"href":"https:\/\/shop.yipinqian.com\/pt\/wp-json\/wp\/v2\/product_tag?post=9014"}],"curies":[{"name":"wp","href":"https:\/\/api.w.org\/{rel}","templated":true}]}}