{"id":9010,"date":"2024-10-28T20:04:35","date_gmt":"2024-10-28T12:04:35","guid":{"rendered":"https:\/\/shop.yipinqian.com\/product\/crafted-with-pixiu-on-fuku-melon-burmese-natural-type-a-jadeite-jade-as-pendant-qic-labs-approved-certificate-weighs-34-54-grams-measurement-47-3-22-2-16-5-mm-pendant315\/"},"modified":"2025-01-09T01:30:18","modified_gmt":"2025-01-08T17:30:18","slug":"crafted-with-pixiu-on-fuku-melon-burmese-natural-type-a-jadeite-jade-as-pendant-qic-labs-approved-certificate-weighs-34-54-grams-measurement-47-3-22-2-16-5-mm-pendant315","status":"publish","type":"product","link":"https:\/\/shop.yipinqian.com\/pt\/produto\/crafted-with-pixiu-on-fuku-melon-burmese-natural-type-a-jadeite-jade-as-pendant-qic-labs-approved-certificate-weighs-34-54-grams-measurement-47-3-22-2-16-5-mm-pendant315\/","title":{"rendered":"Feito com pingente de jade\u00edte natural birmanesa Pixiu On Fuku Melon, certificado aprovado pelos laborat\u00f3rios QIC, pesa 34,54 gramas, medindo 47,3 * 22,2 * 16,5 mm (pendant315)"},"content":{"rendered":"<p>Este pingente requintado apresenta um design Pixiu em mel\u00e3o Fuku, feito de jade\u00edta birmanesa natural tipo A.<\/p>\n<p><\/p>\n<p>N\u00fameros de certificado: LD24010300874<\/p>\n<p><img fetchpriority=\"high\" decoding=\"async\" src=\"https:\/\/shop.yipinqian.com\/wp-content\/uploads\/2024\/10\/17a589a8d8f94efcbd1bdb8fb305b938tplv-aphluv4xwc-origin-jpeg.jpeg?dr=15568&#038;nonce=64801&#038;refresh_token=2a7ff7a5ee081105b8e5abced1e6c937&#038;from=476444299&#038;idc=my&#038;ps=933b5bde&#038;shcp=9b759fb9&#038;shp=1c65f68b&#038;t=555f072d\" width=\"1080\" height=\"1080\"><\/p>\n<ul>\n<li>\n<strong>Aprovado pela QIC Labs:<\/strong> Este pingente vem com um certificado aprovado pelos laborat\u00f3rios QIC, garantindo sua autenticidade.<\/li>\n<li>\n<strong>Pesa:<\/strong> 34,54 gramas<\/li>\n<li>\n<strong>Medidas:<\/strong> 47,3 * 22,2 * 16,5 mil\u00edmetros<\/li>\n<\/ul>\n<p><img decoding=\"async\" src=\"https:\/\/shop.yipinqian.com\/wp-content\/uploads\/2024\/10\/e4c5a70f65084949ace46cc11cbaf592tplv-aphluv4xwc-origin-jpeg.jpeg?dr=15568&#038;nonce=46149&#038;refresh_token=f4af30ea4bf0baeca48ecaeac6de9629&#038;from=476444299&#038;idc=my&#038;ps=933b5bde&#038;shcp=9b759fb9&#038;shp=1c65f68b&#038;t=555f072d\" width=\"1080\" height=\"1080\"><\/p>\n<p>Adicione um toque de eleg\u00e2ncia ao seu look com esta pe\u00e7a \u00fanica que exala charme e sofistica\u00e7\u00e3o.<\/p>\n<ul>\n<li>O Com Certificado deste produto \u00e9 Sim<\/li>\n<li>O pa\u00eds de origem deste produto \u00e9 Myanmar<\/li>\n<li>O tipo de Jade deste produto \u00e9 Jade\u00edte<\/li>\n<li>O estilo do colar deste produto \u00e9 casual<\/li>\n<\/ul>\n<p><strong>A jade\u00edta natural n\u00e3o \u00e9 perfeita, apenas um lembrete gentil, nossa jade\u00edta natural, como todas as coisas bonitas da natureza, vem com suas caracter\u00edsticas e varia\u00e7\u00f5es \u00fanicas. Convidamos nossos valiosos clientes a abra\u00e7ar essas varia\u00e7\u00f5es naturais. Boas compras!<\/strong><\/p>\n<p><\/p>\n<p><strong><u>Nenhuma das fotos e filmagens de v\u00eddeo foram filtradas. Incentivamos nossos clientes a tamb\u00e9m assistirem aos v\u00eddeos que os acompanham para uma vis\u00e3o mais abrangente de nossos produtos<\/u><\/strong><\/p>\n<p><\/p>\n<ul>\n<li>Diferentes plataformas s\u00f3 podem visualizar v\u00eddeos por meio do Desktop<\/li>\n<\/ul>","protected":false},"excerpt":{"rendered":"<p>Este pingente requintado apresenta um design Pixiu em Fuku Melon, feito de jade\u00edte birmanesa natural Tipo A. N\u00fameros de certificado: LD24010300874 Aprovado pelo QIC Labs: Este pingente vem com um certificado aprovado pelo QIC Labs, garantindo sua autenticidade. Pesa: 34,54 gramas Medidas: 47,3 * 22,2 * 16,5 mm Adicione um toque de eleg\u00e2ncia \u00e0 sua roupa com [\u2026]<\/p>","protected":false},"featured_media":9092,"comment_status":"open","ping_status":"closed","template":"","meta":[],"product_brand":[],"product_cat":[83,126,48],"product_tag":[52,55,58,73,85,74,60,61],"class_list":{"0":"post-9010","1":"product","2":"type-product","3":"status-publish","4":"has-post-thumbnail","6":"product_cat-jade-necklaces-pendants","7":"product_cat-new-arrivals","8":"product_cat-pendants","9":"product_tag-certified","10":"product_tag-jadeite","11":"product_tag-new-arrivals","12":"product_tag-pendant","13":"product_tag-pixiu","14":"product_tag-qic-approved-certificate","15":"product_tag-type-a-jadeite","16":"product_tag-unisex","18":"first","19":"instock","20":"sale","21":"shipping-taxable","22":"purchasable","23":"product-type-simple"},"_links":{"self":[{"href":"https:\/\/shop.yipinqian.com\/pt\/wp-json\/wp\/v2\/product\/9010","targetHints":{"allow":["GET"]}}],"collection":[{"href":"https:\/\/shop.yipinqian.com\/pt\/wp-json\/wp\/v2\/product"}],"about":[{"href":"https:\/\/shop.yipinqian.com\/pt\/wp-json\/wp\/v2\/types\/product"}],"replies":[{"embeddable":true,"href":"https:\/\/shop.yipinqian.com\/pt\/wp-json\/wp\/v2\/comments?post=9010"}],"version-history":[{"count":0,"href":"https:\/\/shop.yipinqian.com\/pt\/wp-json\/wp\/v2\/product\/9010\/revisions"}],"wp:featuredmedia":[{"embeddable":true,"href":"https:\/\/shop.yipinqian.com\/pt\/wp-json\/wp\/v2\/media\/9092"}],"wp:attachment":[{"href":"https:\/\/shop.yipinqian.com\/pt\/wp-json\/wp\/v2\/media?parent=9010"}],"wp:term":[{"taxonomy":"product_brand","embeddable":true,"href":"https:\/\/shop.yipinqian.com\/pt\/wp-json\/wp\/v2\/product_brand?post=9010"},{"taxonomy":"product_cat","embeddable":true,"href":"https:\/\/shop.yipinqian.com\/pt\/wp-json\/wp\/v2\/product_cat?post=9010"},{"taxonomy":"product_tag","embeddable":true,"href":"https:\/\/shop.yipinqian.com\/pt\/wp-json\/wp\/v2\/product_tag?post=9010"}],"curies":[{"name":"wp","href":"https:\/\/api.w.org\/{rel}","templated":true}]}}