{"id":9001,"date":"2024-10-28T20:04:31","date_gmt":"2024-10-28T12:04:31","guid":{"rendered":"https:\/\/shop.yipinqian.com\/product\/burma-premium-quality-icy-translucent-natural-type-a-jadeite-jade-crafted-as-milo-buddha-added-18k-gold-clasp-as-pendant-certificate-weighs-4-9-grams-measurement-18-25-1-7-mm-18kp69\/"},"modified":"2025-02-24T01:17:24","modified_gmt":"2025-02-23T17:17:24","slug":"burma-premium-quality-icy-translucent-natural-type-a-jadeite-jade-crafted-as-milo-buddha-added-18k-gold-clasp-as-pendant-certificate-weighs-4-9-grams-measurement-18-25-1-7-mm-18kp69","status":"publish","type":"product","link":"https:\/\/shop.yipinqian.com\/pt\/produto\/burma-premium-quality-icy-translucent-natural-type-a-jadeite-jade-crafted-as-milo-buddha-added-18k-gold-clasp-as-pendant-certificate-weighs-4-9-grams-measurement-18-25-1-7-mm-18kp69\/","title":{"rendered":"Jade\u00edta natural transl\u00facida gelada de qualidade premium da Birm\u00e2nia, tipo A, trabalhada como Buda Milo, com fecho de ouro 18k como pingente, o certificado pesa 4,9 gramas, medindo 18 * 25,1 * 7 mm (18kp69)"},"content":{"rendered":"<p>Este pingente de jade\u00edta natural transl\u00facida gelada tipo A da Birm\u00e2nia de qualidade premium \u00e9 habilmente trabalhado no formato do Buda de Milo, real\u00e7ado por um elegante fecho de ouro 18k.<\/p>\n<p><\/p>\n<p>N\u00fameros de certificado: GD2112H009376<\/p>\n<p><img fetchpriority=\"high\" decoding=\"async\" src=\"https:\/\/shop.yipinqian.com\/wp-content\/uploads\/2024\/10\/06fe784420b44943b78406e1e5bdb485tplv-aphluv4xwc-origin-jpeg.jpeg?dr=15568&#038;nonce=1927&#038;refresh_token=b94d1869ea8b06d72179b1d2ca313e98&#038;from=476444299&#038;idc=my&#038;ps=933b5bde&#038;shcp=9b759fb9&#038;shp=1c65f68b&#038;t=555f072d\" width=\"1080\" height=\"1080\"><\/p>\n<ul>\n<li>Material: PT\/Ouro quilate: 0,3 gramas<\/li>\n<li>Peso: 4,9 gramas<\/li>\n<li>Medidas: 18 * 25,1 * 7 mm<\/li>\n<li>Tipo de Jade: Jade\u00edta<\/li>\n<li>Certificado inclu\u00eddo: Sim<\/li>\n<li>Pa\u00eds de origem: Mianmar<\/li>\n<li>Ocasi\u00e3o: Auspicioso, perfeito para uso di\u00e1rio ou ocasi\u00f5es especiais.<\/li>\n<\/ul>\n<p><img decoding=\"async\" src=\"https:\/\/shop.yipinqian.com\/wp-content\/uploads\/2024\/10\/3be0c7310746406f967a9c0873e683e9tplv-aphluv4xwc-origin-jpeg.jpeg?dr=15568&#038;nonce=26934&#038;refresh_token=78f7c54cdbabe4474b3434450f5471d8&#038;from=476444299&#038;idc=my&#038;ps=933b5bde&#038;shcp=9b759fb9&#038;shp=1c65f68b&#038;t=555f072d\" width=\"1080\" height=\"1080\"><\/p>\n<p>Este pingente exclusivo exala uma sensa\u00e7\u00e3o de eleg\u00e2ncia e espiritualidade, adequado para homens e mulheres com um design unissex. A qualidade transl\u00facida gelada do jade\u00edte adiciona um toque de sofistica\u00e7\u00e3o a qualquer roupa.<\/p>\n<ul>\n<li>Estilo do colar: casual, vers\u00e1til o suficiente para complementar v\u00e1rios estilos e roupas sem esfor\u00e7o.<\/li>\n<\/ul>\n<p>Yi Pin Qian \u2013 Um negociante de pedras preciosas e metais preciosos em Cingapura \u2013 N\u00famero de licen\u00e7a PS20190000031<\/p>\n<p><\/p>\n<p>*Todos os Jadeites comprados de Yi Pin Qian em Cingapura, os clientes podem reservar hor\u00e1rios para polimento ou pequenos reparos por manuseio incorreto - taxas se aplicam e somente para clientes de Yi Pin Qian em Cingapura*<\/p>\n<p><\/p>\n<p><strong>**Tipos de Certificados**<\/strong><\/p>\n<p><\/p>\n<p><strong>NGI (Nan Yang Gemol\u00f3gico)<\/strong><\/p>\n<p>ou <strong>Certificados no exterior <\/strong>(Yi Pin Qian usa apenas certificados aut\u00eanticos de laborat\u00f3rios estrangeiros e tamb\u00e9m controla a qualidade de cada um dos nossos produtos antes de coloc\u00e1-los \u00e0 venda em Cingapura)<\/p>\n<p><\/p>\n<p>Cada produto no TikTok ter\u00e1 o tipo de certificado fornecido indicado na descri\u00e7\u00e3o. Para qualquer cliente que deseje enviar seu pedido para a NGI Singapore, haver\u00e1 um tempo de espera para entrega do pedido estimado em torno de 4 semanas para receber seu pedido. <strong>As solicita\u00e7\u00f5es de relat\u00f3rios de pedras preciosas da NGI precisam ser feitas por mensagem.<\/strong> Obrigado, <strong><u>taxas extras se aplicam<\/u><\/strong>.<\/p>\n<p><\/p>\n<p><strong>A jade\u00edta natural n\u00e3o \u00e9 perfeita, apenas um lembrete gentil, nossa jade\u00edta natural, como todas as coisas bonitas da natureza, vem com suas caracter\u00edsticas e varia\u00e7\u00f5es \u00fanicas. Convidamos nossos valiosos clientes a abra\u00e7ar essas varia\u00e7\u00f5es naturais. Boas compras!<\/strong><\/p>\n<p><\/p>\n<p><strong><u>Nenhuma das fotos e filmagens de v\u00eddeo foram filtradas. Incentivamos nossos clientes a tamb\u00e9m assistirem aos v\u00eddeos que os acompanham para uma vis\u00e3o mais abrangente de nossos produtos<\/u><\/strong><\/p>\n<p><\/p>\n<ul>\n<li>Diferentes plataformas s\u00f3 podem visualizar v\u00eddeos por meio do Desktop<\/li>\n<\/ul>","protected":false},"excerpt":{"rendered":"<p>This Burma Premium Quality Icy Translucent Natural Type A Jadeite Jade pendant is expertly crafted in the shape of Milo Buddha, accented with an elegant 18k Gold Clasp. Certificate numbers: GD2112H009376 Material: PT\/Carat Gold: 0.3 grams Weight: 4.9 grams Measurement: 18 * 25.1 * 7 mm Jade Type: Jadeite Certificate Included: Yes Country of Origin: [&hellip;]<\/p>","protected":false},"featured_media":9027,"comment_status":"open","ping_status":"closed","template":"","meta":[],"product_brand":[],"product_cat":[195],"product_tag":[50,51,52,53,65,54,55,56,57,58,73,59,60,61,62],"class_list":{"0":"post-9001","1":"product","2":"type-product","3":"status-publish","4":"has-post-thumbnail","6":"product_cat-heirloom-grade","7":"product_tag-18k-gold","8":"product_tag-buddha","9":"product_tag-certified","10":"product_tag-fine-quality","11":"product_tag-high-quality","12":"product_tag-icy","13":"product_tag-jadeite","14":"product_tag-limited-editions","15":"product_tag-milo-buddha","16":"product_tag-new-arrivals","17":"product_tag-pendant","18":"product_tag-translucent","19":"product_tag-type-a-jadeite","20":"product_tag-unisex","21":"product_tag-yi-pin-qian-exclusive","23":"first","24":"instock","25":"sale","26":"shipping-taxable","27":"purchasable","28":"product-type-simple"},"_links":{"self":[{"href":"https:\/\/shop.yipinqian.com\/pt\/wp-json\/wp\/v2\/product\/9001","targetHints":{"allow":["GET"]}}],"collection":[{"href":"https:\/\/shop.yipinqian.com\/pt\/wp-json\/wp\/v2\/product"}],"about":[{"href":"https:\/\/shop.yipinqian.com\/pt\/wp-json\/wp\/v2\/types\/product"}],"replies":[{"embeddable":true,"href":"https:\/\/shop.yipinqian.com\/pt\/wp-json\/wp\/v2\/comments?post=9001"}],"version-history":[{"count":0,"href":"https:\/\/shop.yipinqian.com\/pt\/wp-json\/wp\/v2\/product\/9001\/revisions"}],"wp:featuredmedia":[{"embeddable":true,"href":"https:\/\/shop.yipinqian.com\/pt\/wp-json\/wp\/v2\/media\/9027"}],"wp:attachment":[{"href":"https:\/\/shop.yipinqian.com\/pt\/wp-json\/wp\/v2\/media?parent=9001"}],"wp:term":[{"taxonomy":"product_brand","embeddable":true,"href":"https:\/\/shop.yipinqian.com\/pt\/wp-json\/wp\/v2\/product_brand?post=9001"},{"taxonomy":"product_cat","embeddable":true,"href":"https:\/\/shop.yipinqian.com\/pt\/wp-json\/wp\/v2\/product_cat?post=9001"},{"taxonomy":"product_tag","embeddable":true,"href":"https:\/\/shop.yipinqian.com\/pt\/wp-json\/wp\/v2\/product_tag?post=9001"}],"curies":[{"name":"wp","href":"https:\/\/api.w.org\/{rel}","templated":true}]}}