{"id":8997,"date":"2024-10-28T20:04:28","date_gmt":"2024-10-28T12:04:28","guid":{"rendered":"https:\/\/shop.yipinqian.com\/product\/58-77-mm-light-lavender-black-wuji-peace-bangle-natural-type-a-jadeite-jade-certificate-weighs-57-84-grams-width-13-9-mm-thickness-7-5-mm-bangle15\/"},"modified":"2025-02-24T00:49:49","modified_gmt":"2025-02-23T16:49:49","slug":"58-77-mm-light-lavender-black-wuji-peace-bangle-natural-type-a-jadeite-jade-certificate-weighs-57-84-grams-width-13-9-mm-thickness-7-5-mm-bangle15","status":"publish","type":"product","link":"https:\/\/shop.yipinqian.com\/pt\/produto\/58-77-mm-light-lavender-black-wuji-peace-bangle-natural-type-a-jadeite-jade-certificate-weighs-57-84-grams-width-13-9-mm-thickness-7-5-mm-bangle15\/","title":{"rendered":"58,77 mm Lavanda clara, pulseira Wuji Peace preta, jade\u00edte natural tipo A, certificado pesa 57,84 gramas, largura: 13,9 mm, espessura: 7,5 mm (bangle15)"},"content":{"rendered":"<p>Esta pulseira requintada apresenta um design de pulseira Wuji Peace de 58,77 mm em tons de lavanda claro e preto, feita de jade natural tipo A.<\/p>\n<p>N\u00fameros de certificado: GD2011H014800<\/p>\n<ul>\n<li>\n<strong>Peso e dimens\u00f5es:<\/strong> Pesando 57,84 gramas, esta pulseira tem uma largura de 13,9 mm e uma espessura de 7,5 mm. Tamanho: 58,77 mm<\/li>\n<li><strong>Atributos do produto:<\/strong><\/li>\n<\/ul>\n<p><img fetchpriority=\"high\" decoding=\"async\" src=\"https:\/\/shop.yipinqian.com\/wp-content\/uploads\/2024\/10\/f99d368ae4584ce49eb52c476835fd82tplv-aphluv4xwc-origin-jpeg.jpeg?dr=15568&#038;nonce=81914&#038;refresh_token=6db907a672306ca530a8006442120a5c&#038;from=476444299&#038;idc=my&#038;ps=933b5bde&#038;shcp=9b759fb9&#038;shp=1c65f68b&#038;t=555f072d\" width=\"526\" height=\"362\"><br \/><img decoding=\"async\" src=\"https:\/\/shop.yipinqian.com\/wp-content\/uploads\/2024\/10\/0b100c0ce9844d98a272636a3996cfaftplv-aphluv4xwc-origin-jpeg.jpeg?dr=15568&#038;nonce=26612&#038;refresh_token=749bfbe682ce014d52e8f2b597a89cfd&#038;from=476444299&#038;idc=my&#038;ps=933b5bde&#038;shcp=9b759fb9&#038;shp=1c65f68b&#038;t=555f072d\" width=\"1080\" height=\"1080\"><br \/><img decoding=\"async\" src=\"https:\/\/shop.yipinqian.com\/wp-content\/uploads\/2024\/10\/792141f31ea645d085a2725445123d6etplv-aphluv4xwc-origin-jpeg.jpeg?dr=15568&#038;nonce=37406&#038;refresh_token=ae085c6edce881022fb5ef2cafc55aa5&#038;from=476444299&#038;idc=my&#038;ps=933b5bde&#038;shcp=9b759fb9&#038;shp=1c65f68b&#038;t=555f072d\" width=\"1080\" height=\"1080\"><\/p>\n<p>A pulseira vem com um certificado confirmando sua autenticidade. O pa\u00eds de origem desta pe\u00e7a deslumbrante \u00e9 Myanmar, adequada para uso di\u00e1rio, pois \u00e9 projetada como um acess\u00f3rio unissex sem garantia oferecida.<\/p>\n<p><\/p>\n<p><strong>A jade\u00edta natural n\u00e3o \u00e9 perfeita, apenas um lembrete gentil, nossa jade\u00edta natural, como todas as coisas bonitas da natureza, vem com suas caracter\u00edsticas e varia\u00e7\u00f5es \u00fanicas. Convidamos nossos valiosos clientes a abra\u00e7ar essas varia\u00e7\u00f5es naturais. Boas compras!<\/strong><\/p>\n<p><\/p>\n<p><strong><u>Nenhuma das fotos e filmagens de v\u00eddeo foram filtradas. Incentivamos nossos clientes a tamb\u00e9m assistirem aos v\u00eddeos que os acompanham para uma vis\u00e3o mais abrangente de nossos produtos<\/u><\/strong><\/p>\n<p><\/p>\n<ul>\n<li>Diferentes plataformas s\u00f3 podem visualizar v\u00eddeos por meio do Desktop<\/li>\n<\/ul>","protected":false},"excerpt":{"rendered":"<p>This exquisite bangle features a 58.77 mm Light Lavender and Black Wuji Peace Bangle design, crafted from Natural Type A Jadeite Jade. Certificate numbers: GD2011H014800 Weight and Dimensions: Weighing 57.84 grams, this bangle has a width of 13.9 mm and a thickness of 7.5 mm. Size: 58.77 mm Product Attributes: The bracelet comes with a [&hellip;]<\/p>","protected":false},"featured_media":9008,"comment_status":"open","ping_status":"closed","template":"","meta":[],"product_brand":[],"product_cat":[194],"product_tag":[86,140,102,52,65,55,108,58,113,75,60,61,62],"class_list":{"0":"post-8997","1":"product","2":"type-product","3":"status-publish","4":"has-post-thumbnail","6":"product_cat-value-picks","7":"product_tag-bangle","8":"product_tag-black-wuji","9":"product_tag-bracelet","10":"product_tag-certified","11":"product_tag-high-quality","12":"product_tag-jadeite","13":"product_tag-light-lavender","14":"product_tag-new-arrivals","15":"product_tag-peace-bangle","16":"product_tag-traditional","17":"product_tag-type-a-jadeite","18":"product_tag-unisex","19":"product_tag-yi-pin-qian-exclusive","21":"first","22":"instock","23":"sale","24":"shipping-taxable","25":"purchasable","26":"product-type-simple"},"_links":{"self":[{"href":"https:\/\/shop.yipinqian.com\/pt\/wp-json\/wp\/v2\/product\/8997","targetHints":{"allow":["GET"]}}],"collection":[{"href":"https:\/\/shop.yipinqian.com\/pt\/wp-json\/wp\/v2\/product"}],"about":[{"href":"https:\/\/shop.yipinqian.com\/pt\/wp-json\/wp\/v2\/types\/product"}],"replies":[{"embeddable":true,"href":"https:\/\/shop.yipinqian.com\/pt\/wp-json\/wp\/v2\/comments?post=8997"}],"version-history":[{"count":0,"href":"https:\/\/shop.yipinqian.com\/pt\/wp-json\/wp\/v2\/product\/8997\/revisions"}],"wp:featuredmedia":[{"embeddable":true,"href":"https:\/\/shop.yipinqian.com\/pt\/wp-json\/wp\/v2\/media\/9008"}],"wp:attachment":[{"href":"https:\/\/shop.yipinqian.com\/pt\/wp-json\/wp\/v2\/media?parent=8997"}],"wp:term":[{"taxonomy":"product_brand","embeddable":true,"href":"https:\/\/shop.yipinqian.com\/pt\/wp-json\/wp\/v2\/product_brand?post=8997"},{"taxonomy":"product_cat","embeddable":true,"href":"https:\/\/shop.yipinqian.com\/pt\/wp-json\/wp\/v2\/product_cat?post=8997"},{"taxonomy":"product_tag","embeddable":true,"href":"https:\/\/shop.yipinqian.com\/pt\/wp-json\/wp\/v2\/product_tag?post=8997"}],"curies":[{"name":"wp","href":"https:\/\/api.w.org\/{rel}","templated":true}]}}